{"id":3930,"date":"2024-07-01T19:30:53","date_gmt":"2024-07-01T17:30:53","guid":{"rendered":"https:\/\/jacarandajewelry.com\/politica-de-privacidad\/"},"modified":"2024-07-01T19:30:53","modified_gmt":"2024-07-01T17:30:53","slug":"politica-de-privacidad","status":"publish","type":"page","link":"https:\/\/jacarandajewelry.com\/es\/politica-de-privacidad\/","title":{"rendered":"Politica de Privacidad"},"content":{"rendered":"<p>Cuando precisemos obtener informaci\u00f3n por su parte, siempre le solicitaremos que nos la proporcione voluntariamente de forma expresa. Los datos recabados a trav\u00e9s de los formularios de recogida de datos del sitio web u otras v\u00edas ser\u00e1n incorporados a los sistemas de tratamiento de JACARANDA<\/p>\n<p>Esta entidad tratar\u00e1 los datos de forma confidencial y exclusivamente con la finalidad de ofrecer los servicios solicitados, con todas las garant\u00edas legales y de seguridad que impone el Reglamento (UE) 2016\/679 del Parlamento Europeo y del Consejo, de 27 de abril de 2016, relativo a la protecci\u00f3n de las personas f\u00edsicas en lo que respecta al tratamiento de datos personales y a la libre circulaci\u00f3n de estos datos y la Ley 34\/2002, de 11 de julio, de Servicios de la Sociedad de la Informaci\u00f3n y Comercio Electr\u00f3nico.<\/p>\n<p>  \u00bfQui\u00e9n es el responsable de tratamiento de sus datos?<\/p>\n<p>El responsable es:JIMENA CA\u00d1EDO PORTILLO<br \/>\nSu CIF es: 25193145A<br \/>\nSu domicilio est\u00e1 en: Carretera del Mediod\u00eda 34<br \/>\n28055 Madrid<br \/>\nTel: +34 616 70 87 16<br \/>\n\u00bfCon que finalidad tratamos sus datos personales?<br \/>\nEn JACARANDA tratamos la informaci\u00f3n que nos facilitan los interesados de manera leal, l\u00edcita y transparente dando cumplimiento a la normativa UE 2016\/679 de 27 de abril del Parlamento Europeo y del Consejo y Ley 3\/2018 de 5 de diciembre de Protecci\u00f3n de datos y garant\u00eda de derechos digitales.<\/p>\n<p>Si eres CLIENTE o USUARIO:<\/p>\n<p>Si eres cliente o usuario, trataremos las siguientes categor\u00edas de datos personales:<\/p>\n<p>Datos identificativos (nombre, apellidos, DNI\u2026)<br \/>\nDatos de contacto (correo electr\u00f3nico, Whatsapp\u2026)<br \/>\nDatos bancarios (n\u00famero de cuenta, tarjeta bancaria\u2026)<br \/>\nOtros datos (facilitados por el interesado en formularios abiertos o comunicaciones)<br \/>\nTratamos tus datos con la finalidad de:<\/p>\n<p>Gestionar los servicios, informaci\u00f3n y\/o productos solicitados.<br \/>\nEnviar comunicaciones de inter\u00e9s (si el interesado hubiera prestado la debida autorizaci\u00f3n)<br \/>\nCumplir las obligaciones legales aplicables al responsable.<br \/>\nSi eres EMPLEADO o SOLICITANTE DE EMPLEO:<\/p>\n<p>Si eres empleado o solicitante\/candidato, trataremos las siguientes categor\u00edas de datos personales<\/p>\n<p>Datos identificativos (nombre, apellidos, DNI\u2026)<br \/>\nDatos incluidos en el curr\u00edculum vitae (Estudios, experiencia laboral, aficiones\u2026)<br \/>\nDatos de contacto (correo electr\u00f3nico, Whatsapp\u2026)<br \/>\nDatos bancarios (n\u00famero de cuenta, titular, mandato SEPA)<br \/>\nImagen<br \/>\nOtros datos (facilitados por el interesado en formularios abiertos o comunicaciones)<br \/>\nTratamos tus datos con la finalidad de:<\/p>\n<p>Gestionar los derechos y obligaciones relativos a la relaci\u00f3n contractual.<br \/>\nSelecci\u00f3n de candidatos<br \/>\nUso, reproducci\u00f3n o publicaci\u00f3n de imagen, nombre y voz (si el interesado hubiera prestado la debida autorizaci\u00f3n)<br \/>\nCumplir las obligaciones legales de las empresas.<br \/>\nSi eres PROVEEDOR de nuestra empresa:<\/p>\n<p>Si eres proveedor, trataremos las siguientes categor\u00edas de datos personales:<\/p>\n<p>Datos identificativos (nombre, apellidos, DNI\u2026)<br \/>\nDatos de contacto (correo electr\u00f3nico, Whatsapp\u2026)<br \/>\nDatos bancarios (n\u00famero de cuenta, facturaci\u00f3n\u2026)<br \/>\nOtros datos (facilitados por el interesado en formularios abiertos o comunicaciones)<br \/>\nTratamos tus datos con la finalidad de:<\/p>\n<p>Gesti\u00f3n administrativa, contable y fiscal.<br \/>\nSeguimiento y control de la relaci\u00f3n mercantil.<br \/>\nCumplir las obligaciones legales de las empresas<br \/>\n\u00bfEstoy obligado a facilitar los datos personales?<br \/>\nJACARANDA solo solicitar\u00e1 los datos estrictamente necesarios para la realizaci\u00f3n de la finalidad para la cual son recabados, por lo que en caso de no ser facilitados no podr\u00e1 prestarse el servicio solicitado.<\/p>\n<p>\u00bfPor cu\u00e1nto tiempo conservaremos sus datos?<br \/>\nLos datos personales proporcionados y obtenidos durante la relaci\u00f3n entre el interesado y JACARANDA ser\u00e1n conservados durante un plazo m\u00e1ximo de 5 a\u00f1os a partir de la \u00faltima confirmaci\u00f3n de inter\u00e9s o mientras nos obligue una previsi\u00f3n legal, en cuyo caso ser\u00e1n conservados debidamente bloqueados y eliminados cuando no sea necesario.<\/p>\n<p>\u00bfCu\u00e1l es la legitimaci\u00f3n para el tratamiento de sus datos?<br \/>\nEn cumplimiento del art\u00edculo 6.1 del Reglamento UE 2016\/679 de 27 de abril le informamos que la legitimaci\u00f3n para el tratamiento de sus datos es la siguiente:<\/p>\n<p>El Interesado Dio Su Consentimiento Para El Tratamiento De Sus Datos Personales Para Uno O Varios Fines Espec\u00edficos Y\/O<br \/>\nEl Tratamiento Es Necesario Para El Cumplimiento De Una Obligaci\u00f3n Legal Aplicable Al Responsable Del Tratamiento Y\/O<br \/>\nEl Tratamiento Es Necesario Para La Satisfacci\u00f3n De Intereses Leg\u00edtimos Perseguidos Por El Responsable Del Tratamiento O Por Un Tercero, Siempre Que Sobre Dichos Intereses No Prevalezcan Los Intereses O Los Derechos Y Libertades Fundamentales Del Interesado Que Requieran La Protecci\u00f3n De Datos Personales, En Particular Cuando El Interesado Sea Un Ni\u00f1o.<br \/>\n\u00bfA qu\u00e9 destinatarios se comunicar\u00e1n sus datos?<br \/>\nLos datos tratados por JACARANDA podr\u00e1n ser comunicados a terceros cuando as\u00ed nos obligue una previsi\u00f3n legal.<\/p>\n<p>Asimismo JACARANDA cuenta con proveedores de servicios para los cuales es necesario realizar comunicaci\u00f3n de datos en diferentes \u00e1reas empresariales (administraci\u00f3n, contabilidad, fiscalidad, marketing, laboral\u2026). La relaci\u00f3n con estas empresas est\u00e1 regulada seg\u00fan el art\u00edculo 28 del Reglamento UE 2016\/679 de 27 de abril del Parlamento Europeo y del Consejo (RGPD). Los datos accedidos desde dichas empresas solo ser\u00e1n utilizados para el fin empresarial necesario no siendo conservados para cualquier fin ulterior.<\/p>\n<p>\u00bfCu\u00e1les son sus derechos cuando nos facilita sus datos?<br \/>\nCualquier interesado tiene derecho a obtener confirmaci\u00f3n sobre si en JACARANDA estamos tratando los datos personales que le conciernan o no.<\/p>\n<p>Las personas interesadas tienen derecho a acceder a sus datos personales, as\u00ed como solicitar la rectificaci\u00f3n de datos inexactos o, en su caso, solicitar su supresi\u00f3n cuando, entre otros motivos, los datos ya no sea necesarios para los fines para los que fueron recogidos.<\/p>\n<p>En determinadas circunstancias, los interesados podr\u00e1n solicitar la limitaci\u00f3n del tratamiento de sus datos, en cuyo caso \u00fanicamente los conservaremos para el ejercicio o la defensa de reclamaciones.  Los usuarios tambi\u00e9n podr\u00e1n oponerse al tratamiento de sus datos. JACARANDA dejar\u00e1 de tratar los datos, salvo por motivos leg\u00edtimos imperiosos, o en el ejercicio o defensa de reclamaciones.<\/p>\n<p>El usuario puede enviar un escrito a JACARANDA, al domicilio del responsable, o bien por medio de un correo electr\u00f3nico indicado en el encabezado de la presente Pol\u00edtica, adjuntando fotocopia de su documento de identidad, en cualquier momento y de manera gratuita, para:<\/p>\n<p>Revocar los consentimientos otorgados.<br \/>\nObtener confirmaci\u00f3n acerca de si se est\u00e1n tratando datos personales que conciernen al Usuario o no.<br \/>\nAcceder a sus datos personales.<br \/>\nRectificar los datos inexactos o incompletos.<br \/>\nSolicitar la supresi\u00f3n de sus datos cuando, entre otros motivos, los datos ya no sean necesarios para los fines que fueron recogidos.<br \/>\nObtener de la limitaci\u00f3n del tratamiento de los datos cuando se cumpla alguna de las condiciones previstas en la normativa de protecci\u00f3n de datos.<br \/>\nSolicitar la portabilidad de tus datos.<br \/>\nPonerse en contacto con el DPO de JACARANDA<br \/>\nInterponer una reclamaci\u00f3n en la autoridad de control (www.aepd.es) en caso de considerar vulnerados los derechos que le son reconocidos por la normativa aplicable en protecci\u00f3n de datos.<br \/>\nJACARANDA adopta los niveles de seguridad correspondientes requeridos por la citada normativa de Protecci\u00f3n de Datos de Car\u00e1cter Personal y dem\u00e1s normativa aplicable. Dichos niveles de seguridad son obligados para aquellas entidades que accedan a nuestra informaci\u00f3n en virtud de una relaci\u00f3n contractual y\/o prestaci\u00f3n de servicio, en aplicaci\u00f3n del art\u00edculo 28 del Reglamento UE 2016\/679 (RGPD).<\/p>\n<p>No obstante, no asume ninguna responsabilidad por los da\u00f1os y perjuicios derivados de alteraciones que terceros pueden causar en los sistemas inform\u00e1ticos, documentos electr\u00f3nicos o ficheros del usuario.<\/p>\n<p>Se podr\u00e1n utilizar cookies durante la prestaci\u00f3n de servicios del sitio web. Las cookies son ficheros f\u00edsicos de informaci\u00f3n personal alojados en el propio terminal del usuario. El usuario tiene la posibilidad de configurar su programa navegador de manera que se impida la creaci\u00f3n de archivos cookie o se advierta de la misma. Revise nuestra pol\u00edtica de cookies a trav\u00e9s del enlace que encontrar\u00e1 en esta web.<\/p>\n<p>Si opta a abandonar nuestro sitio web a trav\u00e9s de enlaces a sitios web no pertenecientes a nuestra entidad, JACARANDA  no se har\u00e1 responsable de las pol\u00edticas de privacidad de dichos sitios web ni de las cookies que \u00e9stos puedan almacenar en el ordenador del usuario.<\/p>\n<p>Nuestra pol\u00edtica con respecto al correo electr\u00f3nico se centra en remitir \u00fanicamente comunicaciones que usted haya solicitado recibir.<\/p>\n<p>Si prefiere no recibir estos mensajes por correo electr\u00f3nico le ofreceremos a trav\u00e9s de los mismos la posibilidad de ejercer su derecho de cancelaci\u00f3n y renuncia a la recepci\u00f3n de estos mensajes, en conformidad con lo dispuesto en el T\u00edtulo III, art\u00edculo 22 de la Ley 34\/2002 de Servicios para la Sociedad de la Informaci\u00f3n y de Comercio Electr\u00f3nico.<\/p>\n","protected":false},"excerpt":{"rendered":"<p>Cuando precisemos obtener informaci\u00f3n por su parte, siempre le solicitaremos que nos la proporcione voluntariamente de forma expresa. Los datos recabados a trav\u00e9s de los&#8230;<\/p>\n","protected":false},"author":3,"featured_media":0,"parent":0,"menu_order":0,"comment_status":"closed","ping_status":"closed","template":"","meta":{"footnotes":""},"class_list":["post-3930","page","type-page","status-publish"],"yoast_head":"<!-- This site is optimized with the Yoast SEO plugin v27.4 - https:\/\/yoast.com\/product\/yoast-seo-wordpress\/ -->\n<title>Politica de Privacidad - Jacaranda Jewelry<\/title>\n<meta name=\"robots\" content=\"index, follow, max-snippet:-1, max-image-preview:large, max-video-preview:-1\" \/>\n<link rel=\"canonical\" href=\"https:\/\/jacarandajewelry.com\/es\/politica-de-privacidad\/\" \/>\n<meta property=\"og:locale\" content=\"es_ES\" \/>\n<meta property=\"og:type\" content=\"article\" \/>\n<meta property=\"og:title\" content=\"Politica de Privacidad - Jacaranda Jewelry\" \/>\n<meta property=\"og:description\" content=\"Cuando precisemos obtener informaci\u00f3n por su parte, siempre le solicitaremos que nos la proporcione voluntariamente de forma expresa. Los datos recabados a trav\u00e9s de los...\" \/>\n<meta property=\"og:url\" content=\"https:\/\/jacarandajewelry.com\/es\/politica-de-privacidad\/\" \/>\n<meta property=\"og:site_name\" content=\"Jacaranda Jewelry\" \/>\n<meta name=\"twitter:card\" content=\"summary_large_image\" \/>\n<meta name=\"twitter:label1\" content=\"Tiempo de lectura\" \/>\n\t<meta name=\"twitter:data1\" content=\"7 minutos\" \/>\n<script type=\"application\/ld+json\" class=\"yoast-schema-graph\">{\"@context\":\"https:\\\/\\\/schema.org\",\"@graph\":[{\"@type\":\"WebPage\",\"@id\":\"https:\\\/\\\/jacarandajewelry.com\\\/es\\\/politica-de-privacidad\\\/\",\"url\":\"https:\\\/\\\/jacarandajewelry.com\\\/es\\\/politica-de-privacidad\\\/\",\"name\":\"Politica de Privacidad - Jacaranda Jewelry\",\"isPartOf\":{\"@id\":\"https:\\\/\\\/jacarandajewelry.com\\\/es\\\/#website\"},\"datePublished\":\"2024-07-01T17:30:53+00:00\",\"breadcrumb\":{\"@id\":\"https:\\\/\\\/jacarandajewelry.com\\\/es\\\/politica-de-privacidad\\\/#breadcrumb\"},\"inLanguage\":\"es\",\"potentialAction\":[{\"@type\":\"ReadAction\",\"target\":[\"https:\\\/\\\/jacarandajewelry.com\\\/es\\\/politica-de-privacidad\\\/\"]}]},{\"@type\":\"BreadcrumbList\",\"@id\":\"https:\\\/\\\/jacarandajewelry.com\\\/es\\\/politica-de-privacidad\\\/#breadcrumb\",\"itemListElement\":[{\"@type\":\"ListItem\",\"position\":1,\"name\":\"Portada\",\"item\":\"https:\\\/\\\/jacarandajewelry.com\\\/es\\\/ecommerce-creative-home-page\\\/\"},{\"@type\":\"ListItem\",\"position\":2,\"name\":\"Politica de Privacidad\"}]},{\"@type\":\"WebSite\",\"@id\":\"https:\\\/\\\/jacarandajewelry.com\\\/es\\\/#website\",\"url\":\"https:\\\/\\\/jacarandajewelry.com\\\/es\\\/\",\"name\":\"Jacaranda Jewelry\",\"description\":\"Tienda online de joyer\u00eda a medida y vintage\",\"potentialAction\":[{\"@type\":\"SearchAction\",\"target\":{\"@type\":\"EntryPoint\",\"urlTemplate\":\"https:\\\/\\\/jacarandajewelry.com\\\/es\\\/?s={search_term_string}\"},\"query-input\":{\"@type\":\"PropertyValueSpecification\",\"valueRequired\":true,\"valueName\":\"search_term_string\"}}],\"inLanguage\":\"es\"}]}<\/script>\n<!-- \/ Yoast SEO plugin. -->","yoast_head_json":{"title":"Politica de Privacidad - Jacaranda Jewelry","robots":{"index":"index","follow":"follow","max-snippet":"max-snippet:-1","max-image-preview":"max-image-preview:large","max-video-preview":"max-video-preview:-1"},"canonical":"https:\/\/jacarandajewelry.com\/es\/politica-de-privacidad\/","og_locale":"es_ES","og_type":"article","og_title":"Politica de Privacidad - Jacaranda Jewelry","og_description":"Cuando precisemos obtener informaci\u00f3n por su parte, siempre le solicitaremos que nos la proporcione voluntariamente de forma expresa. Los datos recabados a trav\u00e9s de los...","og_url":"https:\/\/jacarandajewelry.com\/es\/politica-de-privacidad\/","og_site_name":"Jacaranda Jewelry","twitter_card":"summary_large_image","twitter_misc":{"Tiempo de lectura":"7 minutos"},"schema":{"@context":"https:\/\/schema.org","@graph":[{"@type":"WebPage","@id":"https:\/\/jacarandajewelry.com\/es\/politica-de-privacidad\/","url":"https:\/\/jacarandajewelry.com\/es\/politica-de-privacidad\/","name":"Politica de Privacidad - Jacaranda Jewelry","isPartOf":{"@id":"https:\/\/jacarandajewelry.com\/es\/#website"},"datePublished":"2024-07-01T17:30:53+00:00","breadcrumb":{"@id":"https:\/\/jacarandajewelry.com\/es\/politica-de-privacidad\/#breadcrumb"},"inLanguage":"es","potentialAction":[{"@type":"ReadAction","target":["https:\/\/jacarandajewelry.com\/es\/politica-de-privacidad\/"]}]},{"@type":"BreadcrumbList","@id":"https:\/\/jacarandajewelry.com\/es\/politica-de-privacidad\/#breadcrumb","itemListElement":[{"@type":"ListItem","position":1,"name":"Portada","item":"https:\/\/jacarandajewelry.com\/es\/ecommerce-creative-home-page\/"},{"@type":"ListItem","position":2,"name":"Politica de Privacidad"}]},{"@type":"WebSite","@id":"https:\/\/jacarandajewelry.com\/es\/#website","url":"https:\/\/jacarandajewelry.com\/es\/","name":"Jacaranda Jewelry","description":"Tienda online de joyer\u00eda a medida y vintage","potentialAction":[{"@type":"SearchAction","target":{"@type":"EntryPoint","urlTemplate":"https:\/\/jacarandajewelry.com\/es\/?s={search_term_string}"},"query-input":{"@type":"PropertyValueSpecification","valueRequired":true,"valueName":"search_term_string"}}],"inLanguage":"es"}]}},"_links":{"self":[{"href":"https:\/\/jacarandajewelry.com\/es\/wp-json\/wp\/v2\/pages\/3930","targetHints":{"allow":["GET"]}}],"collection":[{"href":"https:\/\/jacarandajewelry.com\/es\/wp-json\/wp\/v2\/pages"}],"about":[{"href":"https:\/\/jacarandajewelry.com\/es\/wp-json\/wp\/v2\/types\/page"}],"author":[{"embeddable":true,"href":"https:\/\/jacarandajewelry.com\/es\/wp-json\/wp\/v2\/users\/3"}],"replies":[{"embeddable":true,"href":"https:\/\/jacarandajewelry.com\/es\/wp-json\/wp\/v2\/comments?post=3930"}],"version-history":[{"count":0,"href":"https:\/\/jacarandajewelry.com\/es\/wp-json\/wp\/v2\/pages\/3930\/revisions"}],"wp:attachment":[{"href":"https:\/\/jacarandajewelry.com\/es\/wp-json\/wp\/v2\/media?parent=3930"}],"curies":[{"name":"wp","href":"https:\/\/api.w.org\/{rel}","templated":true}]}}