{"id":3934,"date":"2024-07-03T09:55:47","date_gmt":"2024-07-03T07:55:47","guid":{"rendered":"https:\/\/jacarandajewelry.com\/envios-y-devoluciones\/"},"modified":"2024-07-03T09:55:47","modified_gmt":"2024-07-03T07:55:47","slug":"envios-y-devoluciones","status":"publish","type":"page","link":"https:\/\/jacarandajewelry.com\/es\/envios-y-devoluciones\/","title":{"rendered":"Env\u00edos y Devoluciones"},"content":{"rendered":"<p>ENV\u00cdOS<\/p>\n<p>Realizamos env\u00edos nacionales e internacionales. En ambos casos usamos o bien el servicio de correos espa\u00f1ol o DHL Express que ofrece un servicio r\u00e1pido que tarda aproximadamente entre 3 y 7 d\u00edas a cualquier parte del mundo. Con el servicio postal nacional de Correos un env\u00edo internacional suele tardar entre 5 y 14 d\u00edas dependiendo del destino, pudiendo alargarse. Independientemente del servicio de env\u00edo que elijas siempre env\u00edamos por correo certificado y con n\u00famero de seguimiento.<\/p>\n<p>A no ser que lo requieras, nuestros env\u00edos no est\u00e1n asegurados. Si el paquete se pierde no podremos asumir el costo de la pieza. Si quisieras asegurarlo por favor haznoslo saber lo antes posible, el costo del servicio son uno 20 euros m\u00e1s adem\u00e1s del env\u00edo a calcular dependiendo del valor de la pieza.<\/p>\n<p>Para art\u00edculos en stock el tiempo de env\u00edo es de 1 a 5 d\u00edas laborales despu\u00e9s de tu compra. Para art\u00edculos hechos a medida el tiempo de creaci\u00f3n se espec\u00edfica en cada pieza.<\/p>\n<p>DEVOLUCIONES<\/p>\n<p>Aceptamos devoluciones en art\u00edculos elegibles. Si tu art\u00edculo es elegible para una devoluci\u00f3n\/reembolso, comun\u00edcate con nosotros lo antes posible dentro de un m\u00e1ximo de dos d\u00edas naturales despu\u00e9s de recibirlo. Pasado este tiempo, no aceptaremos cambios ni devoluciones.<br \/>\nNo son considerados art\u00edculos elegibles aquellos que han sido alterados de alguna forma a petici\u00f3n del cliente (inclu\u00eddo la puesta a medida o en talla), las piezas hechas por encargo y todos los art\u00edculos en oferta o con alg\u00fan tipo de descuento. Para ser elegible para una devoluci\u00f3n, tu art\u00edculo debe estar sin usar y en las mismas condiciones en que lo recibiste as\u00ed como en su embalaje original. Utiliza la opci\u00f3n Cont\u00e1ctenos para ponerte en contacto con nosotros. Te responderemos con instrucciones dentro de las 24 horas siguientes.<br \/>\nSi el art\u00edculo es elegible para un reembolso y una vez que llegue en perfectas condiciones, te reembolsaremos el costo total del art\u00edculo descontando el costo del env\u00edo inicial (ten en cuenta que si usaste DHL es posible que no cubrieras el costo completo del servicio al comprar la pieza) , cualquier tarifa adicional como resultado de la devoluci\u00f3n (por ejemplo, tarifas de aduana) y una tasa de reposici\u00f3n de 5\u20ac . El servicio de env\u00edo que escojas, as\u00ed como el costo, para hacernos llegar la pieza ser\u00e1 responsabilidad tuya. Si la pieza no llegase no podremos comenzar el proceso de devoluci\u00f3n. Si tienes cualquier pregunta por favor no dudes en contactarnos.<\/p>\n","protected":false},"excerpt":{"rendered":"<p>ENV\u00cdOS Realizamos env\u00edos nacionales e internacionales. En ambos casos usamos o bien el servicio de correos espa\u00f1ol o DHL Express que ofrece un servicio r\u00e1pido&#8230;<\/p>\n","protected":false},"author":3,"featured_media":0,"parent":0,"menu_order":0,"comment_status":"closed","ping_status":"closed","template":"","meta":{"footnotes":""},"class_list":["post-3934","page","type-page","status-publish"],"yoast_head":"<!-- This site is optimized with the Yoast SEO plugin v27.4 - https:\/\/yoast.com\/product\/yoast-seo-wordpress\/ -->\n<title>Env\u00edos y Devoluciones - Jacaranda Jewelry<\/title>\n<meta name=\"robots\" content=\"index, follow, max-snippet:-1, max-image-preview:large, max-video-preview:-1\" \/>\n<link rel=\"canonical\" href=\"https:\/\/jacarandajewelry.com\/es\/envios-y-devoluciones\/\" \/>\n<meta property=\"og:locale\" content=\"es_ES\" \/>\n<meta property=\"og:type\" content=\"article\" \/>\n<meta property=\"og:title\" content=\"Env\u00edos y Devoluciones - Jacaranda Jewelry\" \/>\n<meta property=\"og:description\" content=\"ENV\u00cdOS Realizamos env\u00edos nacionales e internacionales. En ambos casos usamos o bien el servicio de correos espa\u00f1ol o DHL Express que ofrece un servicio r\u00e1pido...\" \/>\n<meta property=\"og:url\" content=\"https:\/\/jacarandajewelry.com\/es\/envios-y-devoluciones\/\" \/>\n<meta property=\"og:site_name\" content=\"Jacaranda Jewelry\" \/>\n<meta name=\"twitter:card\" content=\"summary_large_image\" \/>\n<meta name=\"twitter:label1\" content=\"Tiempo de lectura\" \/>\n\t<meta name=\"twitter:data1\" content=\"2 minutos\" \/>\n<script type=\"application\/ld+json\" class=\"yoast-schema-graph\">{\"@context\":\"https:\\\/\\\/schema.org\",\"@graph\":[{\"@type\":\"WebPage\",\"@id\":\"https:\\\/\\\/jacarandajewelry.com\\\/es\\\/envios-y-devoluciones\\\/\",\"url\":\"https:\\\/\\\/jacarandajewelry.com\\\/es\\\/envios-y-devoluciones\\\/\",\"name\":\"Env\u00edos y Devoluciones - Jacaranda Jewelry\",\"isPartOf\":{\"@id\":\"https:\\\/\\\/jacarandajewelry.com\\\/es\\\/#website\"},\"datePublished\":\"2024-07-03T07:55:47+00:00\",\"breadcrumb\":{\"@id\":\"https:\\\/\\\/jacarandajewelry.com\\\/es\\\/envios-y-devoluciones\\\/#breadcrumb\"},\"inLanguage\":\"es\",\"potentialAction\":[{\"@type\":\"ReadAction\",\"target\":[\"https:\\\/\\\/jacarandajewelry.com\\\/es\\\/envios-y-devoluciones\\\/\"]}]},{\"@type\":\"BreadcrumbList\",\"@id\":\"https:\\\/\\\/jacarandajewelry.com\\\/es\\\/envios-y-devoluciones\\\/#breadcrumb\",\"itemListElement\":[{\"@type\":\"ListItem\",\"position\":1,\"name\":\"Portada\",\"item\":\"https:\\\/\\\/jacarandajewelry.com\\\/es\\\/ecommerce-creative-home-page\\\/\"},{\"@type\":\"ListItem\",\"position\":2,\"name\":\"Env\u00edos y Devoluciones\"}]},{\"@type\":\"WebSite\",\"@id\":\"https:\\\/\\\/jacarandajewelry.com\\\/es\\\/#website\",\"url\":\"https:\\\/\\\/jacarandajewelry.com\\\/es\\\/\",\"name\":\"Jacaranda Jewelry\",\"description\":\"Tienda online de joyer\u00eda a medida y vintage\",\"potentialAction\":[{\"@type\":\"SearchAction\",\"target\":{\"@type\":\"EntryPoint\",\"urlTemplate\":\"https:\\\/\\\/jacarandajewelry.com\\\/es\\\/?s={search_term_string}\"},\"query-input\":{\"@type\":\"PropertyValueSpecification\",\"valueRequired\":true,\"valueName\":\"search_term_string\"}}],\"inLanguage\":\"es\"}]}<\/script>\n<!-- \/ Yoast SEO plugin. -->","yoast_head_json":{"title":"Env\u00edos y Devoluciones - Jacaranda Jewelry","robots":{"index":"index","follow":"follow","max-snippet":"max-snippet:-1","max-image-preview":"max-image-preview:large","max-video-preview":"max-video-preview:-1"},"canonical":"https:\/\/jacarandajewelry.com\/es\/envios-y-devoluciones\/","og_locale":"es_ES","og_type":"article","og_title":"Env\u00edos y Devoluciones - Jacaranda Jewelry","og_description":"ENV\u00cdOS Realizamos env\u00edos nacionales e internacionales. En ambos casos usamos o bien el servicio de correos espa\u00f1ol o DHL Express que ofrece un servicio r\u00e1pido...","og_url":"https:\/\/jacarandajewelry.com\/es\/envios-y-devoluciones\/","og_site_name":"Jacaranda Jewelry","twitter_card":"summary_large_image","twitter_misc":{"Tiempo de lectura":"2 minutos"},"schema":{"@context":"https:\/\/schema.org","@graph":[{"@type":"WebPage","@id":"https:\/\/jacarandajewelry.com\/es\/envios-y-devoluciones\/","url":"https:\/\/jacarandajewelry.com\/es\/envios-y-devoluciones\/","name":"Env\u00edos y Devoluciones - Jacaranda Jewelry","isPartOf":{"@id":"https:\/\/jacarandajewelry.com\/es\/#website"},"datePublished":"2024-07-03T07:55:47+00:00","breadcrumb":{"@id":"https:\/\/jacarandajewelry.com\/es\/envios-y-devoluciones\/#breadcrumb"},"inLanguage":"es","potentialAction":[{"@type":"ReadAction","target":["https:\/\/jacarandajewelry.com\/es\/envios-y-devoluciones\/"]}]},{"@type":"BreadcrumbList","@id":"https:\/\/jacarandajewelry.com\/es\/envios-y-devoluciones\/#breadcrumb","itemListElement":[{"@type":"ListItem","position":1,"name":"Portada","item":"https:\/\/jacarandajewelry.com\/es\/ecommerce-creative-home-page\/"},{"@type":"ListItem","position":2,"name":"Env\u00edos y Devoluciones"}]},{"@type":"WebSite","@id":"https:\/\/jacarandajewelry.com\/es\/#website","url":"https:\/\/jacarandajewelry.com\/es\/","name":"Jacaranda Jewelry","description":"Tienda online de joyer\u00eda a medida y vintage","potentialAction":[{"@type":"SearchAction","target":{"@type":"EntryPoint","urlTemplate":"https:\/\/jacarandajewelry.com\/es\/?s={search_term_string}"},"query-input":{"@type":"PropertyValueSpecification","valueRequired":true,"valueName":"search_term_string"}}],"inLanguage":"es"}]}},"_links":{"self":[{"href":"https:\/\/jacarandajewelry.com\/es\/wp-json\/wp\/v2\/pages\/3934","targetHints":{"allow":["GET"]}}],"collection":[{"href":"https:\/\/jacarandajewelry.com\/es\/wp-json\/wp\/v2\/pages"}],"about":[{"href":"https:\/\/jacarandajewelry.com\/es\/wp-json\/wp\/v2\/types\/page"}],"author":[{"embeddable":true,"href":"https:\/\/jacarandajewelry.com\/es\/wp-json\/wp\/v2\/users\/3"}],"replies":[{"embeddable":true,"href":"https:\/\/jacarandajewelry.com\/es\/wp-json\/wp\/v2\/comments?post=3934"}],"version-history":[{"count":1,"href":"https:\/\/jacarandajewelry.com\/es\/wp-json\/wp\/v2\/pages\/3934\/revisions"}],"predecessor-version":[{"id":4410,"href":"https:\/\/jacarandajewelry.com\/es\/wp-json\/wp\/v2\/pages\/3934\/revisions\/4410"}],"wp:attachment":[{"href":"https:\/\/jacarandajewelry.com\/es\/wp-json\/wp\/v2\/media?parent=3934"}],"curies":[{"name":"wp","href":"https:\/\/api.w.org\/{rel}","templated":true}]}}