{"id":4025,"date":"2024-07-02T11:50:20","date_gmt":"2024-07-02T09:50:20","guid":{"rendered":"https:\/\/jacarandajewelry.com\/producto\/anillo-banda-con-piedras-preciosas-naturales-hecha-en-oro-de-18k\/"},"modified":"2024-10-18T19:03:09","modified_gmt":"2024-10-18T17:03:09","slug":"anillo-banda-de-oro-de-18k-con-piedras-preciosas-naturales","status":"publish","type":"product","link":"https:\/\/jacarandajewelry.com\/es\/producto\/anillo-banda-de-oro-de-18k-con-piedras-preciosas-naturales\/","title":{"rendered":"Anillo banda de oro de 18k con piedras preciosas naturales"},"content":{"rendered":"<p>Anillo banda de oro (disponible en distintos materiales) con piedras naturales. Disponible en aguamarina, esmeralda , zafiro azul, zafiro amarillo, amatista, manzanita, rub\u00ed rosa, turmalina rosa, turmalina verde y muchos otros. Los colores tambi\u00e9n se pueden mezclar entre si, o hacer degradados con turmalinas verdes o rosas, como el de la foto.<\/p>\n<p>Puedes crear combinaciones con las piedras del mes de nacimiento de tus hijos o de tus personas especiales, o quiz\u00e1 una combinaci\u00f3n de colores que tenga significado para ti.<\/p>\n<p>Si hay alguna otra piedra de tu inter\u00e9s, pregunta sin compromiso ya que estos modelos se pueden hacer bajo pedido y de forma personalizada. Es posible realizarlo en plata, plata chapada en oro de alta calidad, 9 quilates y 18k.<\/p>\n<p>La banda tiene un peso y grosor excelentes y los colores de las piedras crean un bonito contraste con el oro amarillo. Cada anillo dispone de 5 piedras ovaladas. Los anillos quedan espectaculares combinados tambi\u00e9n.<\/p>\n<p>Es un anillo muy elegante y tiene un dise\u00f1o \u00fanico. Si te gustan las bandas de oro te encantar\u00e1 este anillo. El anillo tiene unos 4mm de ancho. D\u00e9janos saber el color de tu elecci\u00f3n en los comentarios cuando realices tus compra as\u00ed como tu talla, gracias.<\/p>\n<p>* Si la talla es grande, puede tener un ligero ajuste de precio. Al igual que ciertas piedras como la tanzanita, dependiendo de calidades y otras cosas.<\/p>\n","protected":false},"excerpt":{"rendered":"<p>Anillo banda de oro (disponible en distintos materiales) con piedras naturales. Disponible en aguamarina, esmeralda , zafiro azul, zafiro amarillo, amatista, manzanita, rub\u00ed rosa, turmalina rosa, turmalina verde y muchos otros. Los colores tambi\u00e9n se pueden mezclar entre si, o hacer degradados con turmalinas verdes o rosas, como el de la foto.<\/p>\n<p>Puedes crear combinaciones con las piedras del mes de nacimiento de tus hijos o de tus personas especiales, o quiz\u00e1 una combinaci\u00f3n de colores que tenga significado para ti.<\/p>\n<p>Si hay alguna otra piedra de tu inter\u00e9s, pregunta sin compromiso ya que estos modelos se pueden hacer bajo pedido y de forma personalizada. Es posible realizarlo en plata, plata chapada en oro de alta calidad, 9 quilates y 18k.<\/p>\n<p>&nbsp;<\/p>\n","protected":false},"featured_media":3859,"comment_status":"open","ping_status":"closed","template":"","meta":[],"product_brand":[],"product_cat":[54,56],"product_tag":[],"class_list":{"0":"post-4025","1":"product","2":"type-product","3":"status-publish","4":"has-post-thumbnail","6":"product_cat-anillos-es","7":"product_cat-anillos-jacaranda","9":"first","10":"instock","11":"shipping-taxable","12":"purchasable","13":"product-type-variable"},"yoast_head":"<!-- This site is optimized with the Yoast SEO plugin v27.4 - https:\/\/yoast.com\/product\/yoast-seo-wordpress\/ -->\n<title>Anillo banda de oro de 18k con piedras preciosas naturales - Jacaranda Jewelry<\/title>\n<meta name=\"description\" content=\"Anillo banda de oro (disponible en distintos materiales) con piedras naturales disponible en plata, oro de 9k y 18k.\" \/>\n<meta name=\"robots\" content=\"index, follow, max-snippet:-1, max-image-preview:large, max-video-preview:-1\" \/>\n<link rel=\"canonical\" href=\"https:\/\/jacarandajewelry.com\/es\/producto\/anillo-banda-de-oro-de-18k-con-piedras-preciosas-naturales\/\" \/>\n<meta property=\"og:locale\" content=\"es_ES\" \/>\n<meta property=\"og:type\" content=\"article\" \/>\n<meta property=\"og:title\" content=\"Anillo banda de oro de 18k con piedras preciosas naturales - Jacaranda Jewelry\" \/>\n<meta property=\"og:description\" content=\"Anillo banda de oro (disponible en distintos materiales) con piedras naturales disponible en plata, oro de 9k y 18k.\" \/>\n<meta property=\"og:url\" content=\"https:\/\/jacarandajewelry.com\/es\/producto\/anillo-banda-de-oro-de-18k-con-piedras-preciosas-naturales\/\" \/>\n<meta property=\"og:site_name\" content=\"Jacaranda Jewelry\" \/>\n<meta property=\"article:modified_time\" content=\"2024-10-18T17:03:09+00:00\" \/>\n<meta property=\"og:image\" content=\"https:\/\/jacarandajewelry.com\/wp-content\/uploads\/2024\/07\/il_1140xN.4755819201_eosa.webp\" \/>\n\t<meta property=\"og:image:width\" content=\"1140\" \/>\n\t<meta property=\"og:image:height\" content=\"1140\" \/>\n\t<meta property=\"og:image:type\" content=\"image\/webp\" \/>\n<meta name=\"twitter:card\" content=\"summary_large_image\" \/>\n<meta name=\"twitter:label1\" content=\"Tiempo de lectura\" \/>\n\t<meta name=\"twitter:data1\" content=\"2 minutos\" \/>\n<script type=\"application\/ld+json\" class=\"yoast-schema-graph\">{\"@context\":\"https:\\\/\\\/schema.org\",\"@graph\":[{\"@type\":\"WebPage\",\"@id\":\"https:\\\/\\\/jacarandajewelry.com\\\/es\\\/producto\\\/anillo-banda-de-oro-de-18k-con-piedras-preciosas-naturales\\\/\",\"url\":\"https:\\\/\\\/jacarandajewelry.com\\\/es\\\/producto\\\/anillo-banda-de-oro-de-18k-con-piedras-preciosas-naturales\\\/\",\"name\":\"Anillo banda de oro de 18k con piedras preciosas naturales - Jacaranda Jewelry\",\"isPartOf\":{\"@id\":\"https:\\\/\\\/jacarandajewelry.com\\\/es\\\/#website\"},\"primaryImageOfPage\":{\"@id\":\"https:\\\/\\\/jacarandajewelry.com\\\/es\\\/producto\\\/anillo-banda-de-oro-de-18k-con-piedras-preciosas-naturales\\\/#primaryimage\"},\"image\":{\"@id\":\"https:\\\/\\\/jacarandajewelry.com\\\/es\\\/producto\\\/anillo-banda-de-oro-de-18k-con-piedras-preciosas-naturales\\\/#primaryimage\"},\"thumbnailUrl\":\"https:\\\/\\\/jacarandajewelry.com\\\/wp-content\\\/uploads\\\/2024\\\/07\\\/il_1140xN.4755819201_eosa.webp\",\"datePublished\":\"2024-07-02T09:50:20+00:00\",\"dateModified\":\"2024-10-18T17:03:09+00:00\",\"description\":\"Anillo banda de oro (disponible en distintos materiales) con piedras naturales disponible en plata, oro de 9k y 18k.\",\"breadcrumb\":{\"@id\":\"https:\\\/\\\/jacarandajewelry.com\\\/es\\\/producto\\\/anillo-banda-de-oro-de-18k-con-piedras-preciosas-naturales\\\/#breadcrumb\"},\"inLanguage\":\"es\",\"potentialAction\":[{\"@type\":\"ReadAction\",\"target\":[\"https:\\\/\\\/jacarandajewelry.com\\\/es\\\/producto\\\/anillo-banda-de-oro-de-18k-con-piedras-preciosas-naturales\\\/\"]}]},{\"@type\":\"ImageObject\",\"inLanguage\":\"es\",\"@id\":\"https:\\\/\\\/jacarandajewelry.com\\\/es\\\/producto\\\/anillo-banda-de-oro-de-18k-con-piedras-preciosas-naturales\\\/#primaryimage\",\"url\":\"https:\\\/\\\/jacarandajewelry.com\\\/wp-content\\\/uploads\\\/2024\\\/07\\\/il_1140xN.4755819201_eosa.webp\",\"contentUrl\":\"https:\\\/\\\/jacarandajewelry.com\\\/wp-content\\\/uploads\\\/2024\\\/07\\\/il_1140xN.4755819201_eosa.webp\",\"width\":1140,\"height\":1140},{\"@type\":\"BreadcrumbList\",\"@id\":\"https:\\\/\\\/jacarandajewelry.com\\\/es\\\/producto\\\/anillo-banda-de-oro-de-18k-con-piedras-preciosas-naturales\\\/#breadcrumb\",\"itemListElement\":[{\"@type\":\"ListItem\",\"position\":1,\"name\":\"Portada\",\"item\":\"https:\\\/\\\/jacarandajewelry.com\\\/es\\\/ecommerce-creative-home-page\\\/\"},{\"@type\":\"ListItem\",\"position\":2,\"name\":\"Tienda\",\"item\":\"https:\\\/\\\/jacarandajewelry.com\\\/es\\\/tienda\\\/\"},{\"@type\":\"ListItem\",\"position\":3,\"name\":\"Anillo banda de oro de 18k con piedras preciosas naturales\"}]},{\"@type\":\"WebSite\",\"@id\":\"https:\\\/\\\/jacarandajewelry.com\\\/es\\\/#website\",\"url\":\"https:\\\/\\\/jacarandajewelry.com\\\/es\\\/\",\"name\":\"Jacaranda Jewelry\",\"description\":\"Tienda online de joyer\u00eda a medida y vintage\",\"potentialAction\":[{\"@type\":\"SearchAction\",\"target\":{\"@type\":\"EntryPoint\",\"urlTemplate\":\"https:\\\/\\\/jacarandajewelry.com\\\/es\\\/?s={search_term_string}\"},\"query-input\":{\"@type\":\"PropertyValueSpecification\",\"valueRequired\":true,\"valueName\":\"search_term_string\"}}],\"inLanguage\":\"es\"}]}<\/script>\n<!-- \/ Yoast SEO plugin. -->","yoast_head_json":{"title":"Anillo banda de oro de 18k con piedras preciosas naturales - Jacaranda Jewelry","description":"Anillo banda de oro (disponible en distintos materiales) con piedras naturales disponible en plata, oro de 9k y 18k.","robots":{"index":"index","follow":"follow","max-snippet":"max-snippet:-1","max-image-preview":"max-image-preview:large","max-video-preview":"max-video-preview:-1"},"canonical":"https:\/\/jacarandajewelry.com\/es\/producto\/anillo-banda-de-oro-de-18k-con-piedras-preciosas-naturales\/","og_locale":"es_ES","og_type":"article","og_title":"Anillo banda de oro de 18k con piedras preciosas naturales - Jacaranda Jewelry","og_description":"Anillo banda de oro (disponible en distintos materiales) con piedras naturales disponible en plata, oro de 9k y 18k.","og_url":"https:\/\/jacarandajewelry.com\/es\/producto\/anillo-banda-de-oro-de-18k-con-piedras-preciosas-naturales\/","og_site_name":"Jacaranda Jewelry","article_modified_time":"2024-10-18T17:03:09+00:00","og_image":[{"width":1140,"height":1140,"url":"https:\/\/jacarandajewelry.com\/wp-content\/uploads\/2024\/07\/il_1140xN.4755819201_eosa.webp","type":"image\/webp"}],"twitter_card":"summary_large_image","twitter_misc":{"Tiempo de lectura":"2 minutos"},"schema":{"@context":"https:\/\/schema.org","@graph":[{"@type":"WebPage","@id":"https:\/\/jacarandajewelry.com\/es\/producto\/anillo-banda-de-oro-de-18k-con-piedras-preciosas-naturales\/","url":"https:\/\/jacarandajewelry.com\/es\/producto\/anillo-banda-de-oro-de-18k-con-piedras-preciosas-naturales\/","name":"Anillo banda de oro de 18k con piedras preciosas naturales - Jacaranda Jewelry","isPartOf":{"@id":"https:\/\/jacarandajewelry.com\/es\/#website"},"primaryImageOfPage":{"@id":"https:\/\/jacarandajewelry.com\/es\/producto\/anillo-banda-de-oro-de-18k-con-piedras-preciosas-naturales\/#primaryimage"},"image":{"@id":"https:\/\/jacarandajewelry.com\/es\/producto\/anillo-banda-de-oro-de-18k-con-piedras-preciosas-naturales\/#primaryimage"},"thumbnailUrl":"https:\/\/jacarandajewelry.com\/wp-content\/uploads\/2024\/07\/il_1140xN.4755819201_eosa.webp","datePublished":"2024-07-02T09:50:20+00:00","dateModified":"2024-10-18T17:03:09+00:00","description":"Anillo banda de oro (disponible en distintos materiales) con piedras naturales disponible en plata, oro de 9k y 18k.","breadcrumb":{"@id":"https:\/\/jacarandajewelry.com\/es\/producto\/anillo-banda-de-oro-de-18k-con-piedras-preciosas-naturales\/#breadcrumb"},"inLanguage":"es","potentialAction":[{"@type":"ReadAction","target":["https:\/\/jacarandajewelry.com\/es\/producto\/anillo-banda-de-oro-de-18k-con-piedras-preciosas-naturales\/"]}]},{"@type":"ImageObject","inLanguage":"es","@id":"https:\/\/jacarandajewelry.com\/es\/producto\/anillo-banda-de-oro-de-18k-con-piedras-preciosas-naturales\/#primaryimage","url":"https:\/\/jacarandajewelry.com\/wp-content\/uploads\/2024\/07\/il_1140xN.4755819201_eosa.webp","contentUrl":"https:\/\/jacarandajewelry.com\/wp-content\/uploads\/2024\/07\/il_1140xN.4755819201_eosa.webp","width":1140,"height":1140},{"@type":"BreadcrumbList","@id":"https:\/\/jacarandajewelry.com\/es\/producto\/anillo-banda-de-oro-de-18k-con-piedras-preciosas-naturales\/#breadcrumb","itemListElement":[{"@type":"ListItem","position":1,"name":"Portada","item":"https:\/\/jacarandajewelry.com\/es\/ecommerce-creative-home-page\/"},{"@type":"ListItem","position":2,"name":"Tienda","item":"https:\/\/jacarandajewelry.com\/es\/tienda\/"},{"@type":"ListItem","position":3,"name":"Anillo banda de oro de 18k con piedras preciosas naturales"}]},{"@type":"WebSite","@id":"https:\/\/jacarandajewelry.com\/es\/#website","url":"https:\/\/jacarandajewelry.com\/es\/","name":"Jacaranda Jewelry","description":"Tienda online de joyer\u00eda a medida y vintage","potentialAction":[{"@type":"SearchAction","target":{"@type":"EntryPoint","urlTemplate":"https:\/\/jacarandajewelry.com\/es\/?s={search_term_string}"},"query-input":{"@type":"PropertyValueSpecification","valueRequired":true,"valueName":"search_term_string"}}],"inLanguage":"es"}]}},"_links":{"self":[{"href":"https:\/\/jacarandajewelry.com\/es\/wp-json\/wp\/v2\/product\/4025","targetHints":{"allow":["GET"]}}],"collection":[{"href":"https:\/\/jacarandajewelry.com\/es\/wp-json\/wp\/v2\/product"}],"about":[{"href":"https:\/\/jacarandajewelry.com\/es\/wp-json\/wp\/v2\/types\/product"}],"replies":[{"embeddable":true,"href":"https:\/\/jacarandajewelry.com\/es\/wp-json\/wp\/v2\/comments?post=4025"}],"wp:featuredmedia":[{"embeddable":true,"href":"https:\/\/jacarandajewelry.com\/es\/wp-json\/wp\/v2\/media\/3859"}],"wp:attachment":[{"href":"https:\/\/jacarandajewelry.com\/es\/wp-json\/wp\/v2\/media?parent=4025"}],"wp:term":[{"taxonomy":"product_brand","embeddable":true,"href":"https:\/\/jacarandajewelry.com\/es\/wp-json\/wp\/v2\/product_brand?post=4025"},{"taxonomy":"product_cat","embeddable":true,"href":"https:\/\/jacarandajewelry.com\/es\/wp-json\/wp\/v2\/product_cat?post=4025"},{"taxonomy":"product_tag","embeddable":true,"href":"https:\/\/jacarandajewelry.com\/es\/wp-json\/wp\/v2\/product_tag?post=4025"}],"curies":[{"name":"wp","href":"https:\/\/api.w.org\/{rel}","templated":true}]}}