{"id":4030,"date":"2024-07-02T11:43:46","date_gmt":"2024-07-02T09:43:46","guid":{"rendered":"https:\/\/jacarandajewelry.com\/producto\/anillo-serpiente-oro\/"},"modified":"2024-10-18T19:42:55","modified_gmt":"2024-10-18T17:42:55","slug":"anillo-serpiente-oro-inspirado-en-un-diseno-vintage-griego","status":"publish","type":"product","link":"https:\/\/jacarandajewelry.com\/es\/producto\/anillo-serpiente-oro-inspirado-en-un-diseno-vintage-griego\/","title":{"rendered":"Anillo serpiente oro inspirado en un dise\u00f1o vintage griego"},"content":{"rendered":"<p>Esta r\u00e9plica de un antiguo dise\u00f1o griego est\u00e1 realizada en oro macizo. Est\u00e1 disponible en plata, y oro de 9k y 18k. Es un precioso dise\u00f1o con gran atenci\u00f3n al detalle. El modelo proviene de un anillo griego antiguo; y aporta una excelente cobertura del dedo en el que se porta.<\/p>\n<p>El significado m\u00e1s popular de los anillos de serpiente es la eternidad. En 1840, el pr\u00edncipe Alberto dise\u00f1\u00f3 un anillo de serpiente para la reina Victoria como s\u00edmbolo del amor eterno. En la mitolog\u00eda griega, la serpiente es un s\u00edmbolo de sabidur\u00eda. Pero a menudo se lo ha representado como un s\u00edmbolo de renacimiento y redescubrimiento debido a su capacidad para cambiar de piel.<\/p>\n<p>** para tama\u00f1os m\u00e1s grandes puede haber un ajuste de precio siempre informado de antemano.<\/p>\n","protected":false},"excerpt":{"rendered":"<p>Esta r\u00e9plica de un antiguo dise\u00f1o griego est\u00e1 realizada en oro macizo. Est\u00e1 disponible en plata, y oro de 9k y 18k. Es un precioso dise\u00f1o con gran atenci\u00f3n al detalle. El modelo proviene de un anillo griego antiguo; y aporta una excelente cobertura del dedo en el que se porta.<\/p>\n","protected":false},"featured_media":3843,"comment_status":"open","ping_status":"closed","template":"","meta":[],"product_brand":[],"product_cat":[54,56],"product_tag":[],"class_list":{"0":"post-4030","1":"product","2":"type-product","3":"status-publish","4":"has-post-thumbnail","6":"product_cat-anillos-es","7":"product_cat-anillos-jacaranda","9":"first","10":"instock","11":"shipping-taxable","12":"purchasable","13":"product-type-variable"},"yoast_head":"<!-- This site is optimized with the Yoast SEO plugin v27.4 - https:\/\/yoast.com\/product\/yoast-seo-wordpress\/ -->\n<title>Anillo serpiente oro inspirado en un dise\u00f1o vintage griego - Jacaranda Jewelry<\/title>\n<meta name=\"description\" content=\"Esta r\u00e9plica de un antiguo dise\u00f1o griego est\u00e1 realizada en oro macizo. Est\u00e1 disponible en plata, y oro de 9k y 18k. Es un precioso dise\u00f1o con gran atenci\u00f3n al detalle. El modelo proviene de un anillo griego antiguo; y aporta una excelente cobertura del dedo en el que se porta.\" \/>\n<meta name=\"robots\" content=\"index, follow, max-snippet:-1, max-image-preview:large, max-video-preview:-1\" \/>\n<link rel=\"canonical\" href=\"https:\/\/jacarandajewelry.com\/es\/producto\/anillo-serpiente-oro-inspirado-en-un-diseno-vintage-griego\/\" \/>\n<meta property=\"og:locale\" content=\"es_ES\" \/>\n<meta property=\"og:type\" content=\"article\" \/>\n<meta property=\"og:title\" content=\"Anillo serpiente oro inspirado en un dise\u00f1o vintage griego - Jacaranda Jewelry\" \/>\n<meta property=\"og:description\" content=\"Esta r\u00e9plica de un antiguo dise\u00f1o griego est\u00e1 realizada en oro macizo. Est\u00e1 disponible en plata, y oro de 9k y 18k. Es un precioso dise\u00f1o con gran atenci\u00f3n al detalle. El modelo proviene de un anillo griego antiguo; y aporta una excelente cobertura del dedo en el que se porta.\" \/>\n<meta property=\"og:url\" content=\"https:\/\/jacarandajewelry.com\/es\/producto\/anillo-serpiente-oro-inspirado-en-un-diseno-vintage-griego\/\" \/>\n<meta property=\"og:site_name\" content=\"Jacaranda Jewelry\" \/>\n<meta property=\"article:modified_time\" content=\"2024-10-18T17:42:55+00:00\" \/>\n<meta property=\"og:image\" content=\"https:\/\/jacarandajewelry.com\/wp-content\/uploads\/2024\/07\/il_1140xN.4122283280_884h.webp\" \/>\n\t<meta property=\"og:image:width\" content=\"1140\" \/>\n\t<meta property=\"og:image:height\" content=\"1520\" \/>\n\t<meta property=\"og:image:type\" content=\"image\/webp\" \/>\n<meta name=\"twitter:card\" content=\"summary_large_image\" \/>\n<meta name=\"twitter:label1\" content=\"Tiempo de lectura\" \/>\n\t<meta name=\"twitter:data1\" content=\"1 minuto\" \/>\n<script type=\"application\/ld+json\" class=\"yoast-schema-graph\">{\"@context\":\"https:\\\/\\\/schema.org\",\"@graph\":[{\"@type\":\"WebPage\",\"@id\":\"https:\\\/\\\/jacarandajewelry.com\\\/es\\\/producto\\\/anillo-serpiente-oro-inspirado-en-un-diseno-vintage-griego\\\/\",\"url\":\"https:\\\/\\\/jacarandajewelry.com\\\/es\\\/producto\\\/anillo-serpiente-oro-inspirado-en-un-diseno-vintage-griego\\\/\",\"name\":\"Anillo serpiente oro inspirado en un dise\u00f1o vintage griego - Jacaranda Jewelry\",\"isPartOf\":{\"@id\":\"https:\\\/\\\/jacarandajewelry.com\\\/es\\\/#website\"},\"primaryImageOfPage\":{\"@id\":\"https:\\\/\\\/jacarandajewelry.com\\\/es\\\/producto\\\/anillo-serpiente-oro-inspirado-en-un-diseno-vintage-griego\\\/#primaryimage\"},\"image\":{\"@id\":\"https:\\\/\\\/jacarandajewelry.com\\\/es\\\/producto\\\/anillo-serpiente-oro-inspirado-en-un-diseno-vintage-griego\\\/#primaryimage\"},\"thumbnailUrl\":\"https:\\\/\\\/jacarandajewelry.com\\\/wp-content\\\/uploads\\\/2024\\\/07\\\/il_1140xN.4122283280_884h.webp\",\"datePublished\":\"2024-07-02T09:43:46+00:00\",\"dateModified\":\"2024-10-18T17:42:55+00:00\",\"description\":\"Esta r\u00e9plica de un antiguo dise\u00f1o griego est\u00e1 realizada en oro macizo. Est\u00e1 disponible en plata, y oro de 9k y 18k. Es un precioso dise\u00f1o con gran atenci\u00f3n al detalle. El modelo proviene de un anillo griego antiguo; y aporta una excelente cobertura del dedo en el que se porta.\",\"breadcrumb\":{\"@id\":\"https:\\\/\\\/jacarandajewelry.com\\\/es\\\/producto\\\/anillo-serpiente-oro-inspirado-en-un-diseno-vintage-griego\\\/#breadcrumb\"},\"inLanguage\":\"es\",\"potentialAction\":[{\"@type\":\"ReadAction\",\"target\":[\"https:\\\/\\\/jacarandajewelry.com\\\/es\\\/producto\\\/anillo-serpiente-oro-inspirado-en-un-diseno-vintage-griego\\\/\"]}]},{\"@type\":\"ImageObject\",\"inLanguage\":\"es\",\"@id\":\"https:\\\/\\\/jacarandajewelry.com\\\/es\\\/producto\\\/anillo-serpiente-oro-inspirado-en-un-diseno-vintage-griego\\\/#primaryimage\",\"url\":\"https:\\\/\\\/jacarandajewelry.com\\\/wp-content\\\/uploads\\\/2024\\\/07\\\/il_1140xN.4122283280_884h.webp\",\"contentUrl\":\"https:\\\/\\\/jacarandajewelry.com\\\/wp-content\\\/uploads\\\/2024\\\/07\\\/il_1140xN.4122283280_884h.webp\",\"width\":1140,\"height\":1520},{\"@type\":\"BreadcrumbList\",\"@id\":\"https:\\\/\\\/jacarandajewelry.com\\\/es\\\/producto\\\/anillo-serpiente-oro-inspirado-en-un-diseno-vintage-griego\\\/#breadcrumb\",\"itemListElement\":[{\"@type\":\"ListItem\",\"position\":1,\"name\":\"Portada\",\"item\":\"https:\\\/\\\/jacarandajewelry.com\\\/es\\\/ecommerce-creative-home-page\\\/\"},{\"@type\":\"ListItem\",\"position\":2,\"name\":\"Tienda\",\"item\":\"https:\\\/\\\/jacarandajewelry.com\\\/es\\\/tienda\\\/\"},{\"@type\":\"ListItem\",\"position\":3,\"name\":\"Anillo serpiente oro inspirado en un dise\u00f1o vintage griego\"}]},{\"@type\":\"WebSite\",\"@id\":\"https:\\\/\\\/jacarandajewelry.com\\\/es\\\/#website\",\"url\":\"https:\\\/\\\/jacarandajewelry.com\\\/es\\\/\",\"name\":\"Jacaranda Jewelry\",\"description\":\"Tienda online de joyer\u00eda a medida y vintage\",\"potentialAction\":[{\"@type\":\"SearchAction\",\"target\":{\"@type\":\"EntryPoint\",\"urlTemplate\":\"https:\\\/\\\/jacarandajewelry.com\\\/es\\\/?s={search_term_string}\"},\"query-input\":{\"@type\":\"PropertyValueSpecification\",\"valueRequired\":true,\"valueName\":\"search_term_string\"}}],\"inLanguage\":\"es\"}]}<\/script>\n<!-- \/ Yoast SEO plugin. -->","yoast_head_json":{"title":"Anillo serpiente oro inspirado en un dise\u00f1o vintage griego - Jacaranda Jewelry","description":"Esta r\u00e9plica de un antiguo dise\u00f1o griego est\u00e1 realizada en oro macizo. Est\u00e1 disponible en plata, y oro de 9k y 18k. Es un precioso dise\u00f1o con gran atenci\u00f3n al detalle. El modelo proviene de un anillo griego antiguo; y aporta una excelente cobertura del dedo en el que se porta.","robots":{"index":"index","follow":"follow","max-snippet":"max-snippet:-1","max-image-preview":"max-image-preview:large","max-video-preview":"max-video-preview:-1"},"canonical":"https:\/\/jacarandajewelry.com\/es\/producto\/anillo-serpiente-oro-inspirado-en-un-diseno-vintage-griego\/","og_locale":"es_ES","og_type":"article","og_title":"Anillo serpiente oro inspirado en un dise\u00f1o vintage griego - Jacaranda Jewelry","og_description":"Esta r\u00e9plica de un antiguo dise\u00f1o griego est\u00e1 realizada en oro macizo. Est\u00e1 disponible en plata, y oro de 9k y 18k. Es un precioso dise\u00f1o con gran atenci\u00f3n al detalle. El modelo proviene de un anillo griego antiguo; y aporta una excelente cobertura del dedo en el que se porta.","og_url":"https:\/\/jacarandajewelry.com\/es\/producto\/anillo-serpiente-oro-inspirado-en-un-diseno-vintage-griego\/","og_site_name":"Jacaranda Jewelry","article_modified_time":"2024-10-18T17:42:55+00:00","og_image":[{"width":1140,"height":1520,"url":"https:\/\/jacarandajewelry.com\/wp-content\/uploads\/2024\/07\/il_1140xN.4122283280_884h.webp","type":"image\/webp"}],"twitter_card":"summary_large_image","twitter_misc":{"Tiempo de lectura":"1 minuto"},"schema":{"@context":"https:\/\/schema.org","@graph":[{"@type":"WebPage","@id":"https:\/\/jacarandajewelry.com\/es\/producto\/anillo-serpiente-oro-inspirado-en-un-diseno-vintage-griego\/","url":"https:\/\/jacarandajewelry.com\/es\/producto\/anillo-serpiente-oro-inspirado-en-un-diseno-vintage-griego\/","name":"Anillo serpiente oro inspirado en un dise\u00f1o vintage griego - Jacaranda Jewelry","isPartOf":{"@id":"https:\/\/jacarandajewelry.com\/es\/#website"},"primaryImageOfPage":{"@id":"https:\/\/jacarandajewelry.com\/es\/producto\/anillo-serpiente-oro-inspirado-en-un-diseno-vintage-griego\/#primaryimage"},"image":{"@id":"https:\/\/jacarandajewelry.com\/es\/producto\/anillo-serpiente-oro-inspirado-en-un-diseno-vintage-griego\/#primaryimage"},"thumbnailUrl":"https:\/\/jacarandajewelry.com\/wp-content\/uploads\/2024\/07\/il_1140xN.4122283280_884h.webp","datePublished":"2024-07-02T09:43:46+00:00","dateModified":"2024-10-18T17:42:55+00:00","description":"Esta r\u00e9plica de un antiguo dise\u00f1o griego est\u00e1 realizada en oro macizo. Est\u00e1 disponible en plata, y oro de 9k y 18k. Es un precioso dise\u00f1o con gran atenci\u00f3n al detalle. El modelo proviene de un anillo griego antiguo; y aporta una excelente cobertura del dedo en el que se porta.","breadcrumb":{"@id":"https:\/\/jacarandajewelry.com\/es\/producto\/anillo-serpiente-oro-inspirado-en-un-diseno-vintage-griego\/#breadcrumb"},"inLanguage":"es","potentialAction":[{"@type":"ReadAction","target":["https:\/\/jacarandajewelry.com\/es\/producto\/anillo-serpiente-oro-inspirado-en-un-diseno-vintage-griego\/"]}]},{"@type":"ImageObject","inLanguage":"es","@id":"https:\/\/jacarandajewelry.com\/es\/producto\/anillo-serpiente-oro-inspirado-en-un-diseno-vintage-griego\/#primaryimage","url":"https:\/\/jacarandajewelry.com\/wp-content\/uploads\/2024\/07\/il_1140xN.4122283280_884h.webp","contentUrl":"https:\/\/jacarandajewelry.com\/wp-content\/uploads\/2024\/07\/il_1140xN.4122283280_884h.webp","width":1140,"height":1520},{"@type":"BreadcrumbList","@id":"https:\/\/jacarandajewelry.com\/es\/producto\/anillo-serpiente-oro-inspirado-en-un-diseno-vintage-griego\/#breadcrumb","itemListElement":[{"@type":"ListItem","position":1,"name":"Portada","item":"https:\/\/jacarandajewelry.com\/es\/ecommerce-creative-home-page\/"},{"@type":"ListItem","position":2,"name":"Tienda","item":"https:\/\/jacarandajewelry.com\/es\/tienda\/"},{"@type":"ListItem","position":3,"name":"Anillo serpiente oro inspirado en un dise\u00f1o vintage griego"}]},{"@type":"WebSite","@id":"https:\/\/jacarandajewelry.com\/es\/#website","url":"https:\/\/jacarandajewelry.com\/es\/","name":"Jacaranda Jewelry","description":"Tienda online de joyer\u00eda a medida y vintage","potentialAction":[{"@type":"SearchAction","target":{"@type":"EntryPoint","urlTemplate":"https:\/\/jacarandajewelry.com\/es\/?s={search_term_string}"},"query-input":{"@type":"PropertyValueSpecification","valueRequired":true,"valueName":"search_term_string"}}],"inLanguage":"es"}]}},"_links":{"self":[{"href":"https:\/\/jacarandajewelry.com\/es\/wp-json\/wp\/v2\/product\/4030","targetHints":{"allow":["GET"]}}],"collection":[{"href":"https:\/\/jacarandajewelry.com\/es\/wp-json\/wp\/v2\/product"}],"about":[{"href":"https:\/\/jacarandajewelry.com\/es\/wp-json\/wp\/v2\/types\/product"}],"replies":[{"embeddable":true,"href":"https:\/\/jacarandajewelry.com\/es\/wp-json\/wp\/v2\/comments?post=4030"}],"wp:featuredmedia":[{"embeddable":true,"href":"https:\/\/jacarandajewelry.com\/es\/wp-json\/wp\/v2\/media\/3843"}],"wp:attachment":[{"href":"https:\/\/jacarandajewelry.com\/es\/wp-json\/wp\/v2\/media?parent=4030"}],"wp:term":[{"taxonomy":"product_brand","embeddable":true,"href":"https:\/\/jacarandajewelry.com\/es\/wp-json\/wp\/v2\/product_brand?post=4030"},{"taxonomy":"product_cat","embeddable":true,"href":"https:\/\/jacarandajewelry.com\/es\/wp-json\/wp\/v2\/product_cat?post=4030"},{"taxonomy":"product_tag","embeddable":true,"href":"https:\/\/jacarandajewelry.com\/es\/wp-json\/wp\/v2\/product_tag?post=4030"}],"curies":[{"name":"wp","href":"https:\/\/api.w.org\/{rel}","templated":true}]}}