{"id":4033,"date":"2024-07-02T11:38:14","date_gmt":"2024-07-02T09:38:14","guid":{"rendered":"https:\/\/jacarandajewelry.com\/producto\/hermoso-colgante-de-pascua-ruso-vintage-tallado-a-mano-en-jade-con-cabeza-de-elefante\/"},"modified":"2026-02-18T12:11:44","modified_gmt":"2026-02-18T11:11:44","slug":"hand-carved-russian-jade-elephant-head-pendant","status":"publish","type":"product","link":"https:\/\/jacarandajewelry.com\/es\/producto\/hand-carved-russian-jade-elephant-head-pendant\/","title":{"rendered":"Hermoso colgante vintage ruso de Pascua tallado a mano en jade con cabeza de elefante"},"content":{"rendered":"<p data-start=\"790\" data-end=\"1036\">Hermoso y lleno de detalles colgante de cabeza de elefante de jade tallado a mano ruso.<\/p>\n<p>El huevo est\u00e1 hecho de piedra de jade tallada a mano y adornado con una figura de plata dorada de 88 quilates en forma de cabeza de elefante, grabada con patrones detallados. Est\u00e1 marcado con un sello de plata est\u00e1ndar y otras marcas cir\u00edlicas y de ensayo en el lazo, como se puede ver en una de las im\u00e1genes.<\/p>\n<p>Peso total 6,7 g.<br \/>\nDimensiones: L. 25 ml.<\/p>\n<p>Es un hermoso ejemplo de joyer\u00eda coleccionable de plata rusa y piedras naturales.<\/p>\n<p>En general, buen estado de conservaci\u00f3n. Signos de antig\u00fcedad y desgaste. Consulta las fotograf\u00edas. Se vende en el estado en que se encuentra.<br \/>\nTodas las medidas son aproximadas.<\/p>\n","protected":false},"excerpt":{"rendered":"<p>Hermoso y lleno de detalles colgante de cabeza de elefante de jade tallado a mano ruso.<\/p>\n","protected":false},"featured_media":3841,"comment_status":"open","ping_status":"closed","template":"","meta":[],"product_brand":[],"product_cat":[52,68],"product_tag":[90,91,92,93],"class_list":{"0":"post-4033","1":"product","2":"type-product","3":"status-publish","4":"has-post-thumbnail","6":"product_cat-colgantes-y-conectores-es","7":"product_cat-colgantes-y-conectores-vintage","8":"product_tag-elephant-pendant","9":"product_tag-pendant","10":"product_tag-russian-egg","11":"product_tag-vintage-pendant","13":"first","14":"instock","15":"shipping-taxable","16":"purchasable","17":"product-type-simple"},"yoast_head":"<!-- This site is optimized with the Yoast SEO plugin v27.4 - https:\/\/yoast.com\/product\/yoast-seo-wordpress\/ -->\n<title>Hermoso colgante vintage ruso de Pascua tallado a mano en jade con cabeza de elefante - Jacaranda Jewelry<\/title>\n<meta name=\"robots\" content=\"index, follow, max-snippet:-1, max-image-preview:large, max-video-preview:-1\" \/>\n<link rel=\"canonical\" href=\"https:\/\/jacarandajewelry.com\/es\/producto\/hand-carved-russian-jade-elephant-head-pendant\/\" \/>\n<meta property=\"og:locale\" content=\"es_ES\" \/>\n<meta property=\"og:type\" content=\"article\" \/>\n<meta property=\"og:title\" content=\"Hermoso colgante vintage ruso de Pascua tallado a mano en jade con cabeza de elefante - Jacaranda Jewelry\" \/>\n<meta property=\"og:description\" content=\"Hermoso y lleno de detalles colgante de cabeza de elefante de jade tallado a mano ruso.\" \/>\n<meta property=\"og:url\" content=\"https:\/\/jacarandajewelry.com\/es\/producto\/hand-carved-russian-jade-elephant-head-pendant\/\" \/>\n<meta property=\"og:site_name\" content=\"Jacaranda Jewelry\" \/>\n<meta property=\"article:modified_time\" content=\"2026-02-18T11:11:44+00:00\" \/>\n<meta property=\"og:image\" content=\"https:\/\/jacarandajewelry.com\/wp-content\/uploads\/2024\/07\/il_1140xN.5998615809_fnno.webp\" \/>\n\t<meta property=\"og:image:width\" content=\"1140\" \/>\n\t<meta property=\"og:image:height\" content=\"2036\" \/>\n\t<meta property=\"og:image:type\" content=\"image\/webp\" \/>\n<meta name=\"twitter:card\" content=\"summary_large_image\" \/>\n<meta name=\"twitter:label1\" content=\"Tiempo de lectura\" \/>\n\t<meta name=\"twitter:data1\" content=\"1 minuto\" \/>\n<script type=\"application\/ld+json\" class=\"yoast-schema-graph\">{\"@context\":\"https:\\\/\\\/schema.org\",\"@graph\":[{\"@type\":\"WebPage\",\"@id\":\"https:\\\/\\\/jacarandajewelry.com\\\/es\\\/producto\\\/hand-carved-russian-jade-elephant-head-pendant\\\/\",\"url\":\"https:\\\/\\\/jacarandajewelry.com\\\/es\\\/producto\\\/hand-carved-russian-jade-elephant-head-pendant\\\/\",\"name\":\"Hermoso colgante vintage ruso de Pascua tallado a mano en jade con cabeza de elefante - Jacaranda Jewelry\",\"isPartOf\":{\"@id\":\"https:\\\/\\\/jacarandajewelry.com\\\/es\\\/#website\"},\"primaryImageOfPage\":{\"@id\":\"https:\\\/\\\/jacarandajewelry.com\\\/es\\\/producto\\\/hand-carved-russian-jade-elephant-head-pendant\\\/#primaryimage\"},\"image\":{\"@id\":\"https:\\\/\\\/jacarandajewelry.com\\\/es\\\/producto\\\/hand-carved-russian-jade-elephant-head-pendant\\\/#primaryimage\"},\"thumbnailUrl\":\"https:\\\/\\\/jacarandajewelry.com\\\/wp-content\\\/uploads\\\/2024\\\/07\\\/il_1140xN.5998615809_fnno.webp\",\"datePublished\":\"2024-07-02T09:38:14+00:00\",\"dateModified\":\"2026-02-18T11:11:44+00:00\",\"breadcrumb\":{\"@id\":\"https:\\\/\\\/jacarandajewelry.com\\\/es\\\/producto\\\/hand-carved-russian-jade-elephant-head-pendant\\\/#breadcrumb\"},\"inLanguage\":\"es\",\"potentialAction\":[{\"@type\":\"ReadAction\",\"target\":[\"https:\\\/\\\/jacarandajewelry.com\\\/es\\\/producto\\\/hand-carved-russian-jade-elephant-head-pendant\\\/\"]}]},{\"@type\":\"ImageObject\",\"inLanguage\":\"es\",\"@id\":\"https:\\\/\\\/jacarandajewelry.com\\\/es\\\/producto\\\/hand-carved-russian-jade-elephant-head-pendant\\\/#primaryimage\",\"url\":\"https:\\\/\\\/jacarandajewelry.com\\\/wp-content\\\/uploads\\\/2024\\\/07\\\/il_1140xN.5998615809_fnno.webp\",\"contentUrl\":\"https:\\\/\\\/jacarandajewelry.com\\\/wp-content\\\/uploads\\\/2024\\\/07\\\/il_1140xN.5998615809_fnno.webp\",\"width\":1140,\"height\":2036},{\"@type\":\"BreadcrumbList\",\"@id\":\"https:\\\/\\\/jacarandajewelry.com\\\/es\\\/producto\\\/hand-carved-russian-jade-elephant-head-pendant\\\/#breadcrumb\",\"itemListElement\":[{\"@type\":\"ListItem\",\"position\":1,\"name\":\"Portada\",\"item\":\"https:\\\/\\\/jacarandajewelry.com\\\/es\\\/ecommerce-creative-home-page\\\/\"},{\"@type\":\"ListItem\",\"position\":2,\"name\":\"Tienda\",\"item\":\"https:\\\/\\\/jacarandajewelry.com\\\/es\\\/tienda\\\/\"},{\"@type\":\"ListItem\",\"position\":3,\"name\":\"Hermoso colgante vintage ruso de Pascua tallado a mano en jade con cabeza de elefante\"}]},{\"@type\":\"WebSite\",\"@id\":\"https:\\\/\\\/jacarandajewelry.com\\\/es\\\/#website\",\"url\":\"https:\\\/\\\/jacarandajewelry.com\\\/es\\\/\",\"name\":\"Jacaranda Jewelry\",\"description\":\"Tienda online de joyer\u00eda a medida y vintage\",\"potentialAction\":[{\"@type\":\"SearchAction\",\"target\":{\"@type\":\"EntryPoint\",\"urlTemplate\":\"https:\\\/\\\/jacarandajewelry.com\\\/es\\\/?s={search_term_string}\"},\"query-input\":{\"@type\":\"PropertyValueSpecification\",\"valueRequired\":true,\"valueName\":\"search_term_string\"}}],\"inLanguage\":\"es\"}]}<\/script>\n<!-- \/ Yoast SEO plugin. -->","yoast_head_json":{"title":"Hermoso colgante vintage ruso de Pascua tallado a mano en jade con cabeza de elefante - Jacaranda Jewelry","robots":{"index":"index","follow":"follow","max-snippet":"max-snippet:-1","max-image-preview":"max-image-preview:large","max-video-preview":"max-video-preview:-1"},"canonical":"https:\/\/jacarandajewelry.com\/es\/producto\/hand-carved-russian-jade-elephant-head-pendant\/","og_locale":"es_ES","og_type":"article","og_title":"Hermoso colgante vintage ruso de Pascua tallado a mano en jade con cabeza de elefante - Jacaranda Jewelry","og_description":"Hermoso y lleno de detalles colgante de cabeza de elefante de jade tallado a mano ruso.","og_url":"https:\/\/jacarandajewelry.com\/es\/producto\/hand-carved-russian-jade-elephant-head-pendant\/","og_site_name":"Jacaranda Jewelry","article_modified_time":"2026-02-18T11:11:44+00:00","og_image":[{"width":1140,"height":2036,"url":"https:\/\/jacarandajewelry.com\/wp-content\/uploads\/2024\/07\/il_1140xN.5998615809_fnno.webp","type":"image\/webp"}],"twitter_card":"summary_large_image","twitter_misc":{"Tiempo de lectura":"1 minuto"},"schema":{"@context":"https:\/\/schema.org","@graph":[{"@type":"WebPage","@id":"https:\/\/jacarandajewelry.com\/es\/producto\/hand-carved-russian-jade-elephant-head-pendant\/","url":"https:\/\/jacarandajewelry.com\/es\/producto\/hand-carved-russian-jade-elephant-head-pendant\/","name":"Hermoso colgante vintage ruso de Pascua tallado a mano en jade con cabeza de elefante - Jacaranda Jewelry","isPartOf":{"@id":"https:\/\/jacarandajewelry.com\/es\/#website"},"primaryImageOfPage":{"@id":"https:\/\/jacarandajewelry.com\/es\/producto\/hand-carved-russian-jade-elephant-head-pendant\/#primaryimage"},"image":{"@id":"https:\/\/jacarandajewelry.com\/es\/producto\/hand-carved-russian-jade-elephant-head-pendant\/#primaryimage"},"thumbnailUrl":"https:\/\/jacarandajewelry.com\/wp-content\/uploads\/2024\/07\/il_1140xN.5998615809_fnno.webp","datePublished":"2024-07-02T09:38:14+00:00","dateModified":"2026-02-18T11:11:44+00:00","breadcrumb":{"@id":"https:\/\/jacarandajewelry.com\/es\/producto\/hand-carved-russian-jade-elephant-head-pendant\/#breadcrumb"},"inLanguage":"es","potentialAction":[{"@type":"ReadAction","target":["https:\/\/jacarandajewelry.com\/es\/producto\/hand-carved-russian-jade-elephant-head-pendant\/"]}]},{"@type":"ImageObject","inLanguage":"es","@id":"https:\/\/jacarandajewelry.com\/es\/producto\/hand-carved-russian-jade-elephant-head-pendant\/#primaryimage","url":"https:\/\/jacarandajewelry.com\/wp-content\/uploads\/2024\/07\/il_1140xN.5998615809_fnno.webp","contentUrl":"https:\/\/jacarandajewelry.com\/wp-content\/uploads\/2024\/07\/il_1140xN.5998615809_fnno.webp","width":1140,"height":2036},{"@type":"BreadcrumbList","@id":"https:\/\/jacarandajewelry.com\/es\/producto\/hand-carved-russian-jade-elephant-head-pendant\/#breadcrumb","itemListElement":[{"@type":"ListItem","position":1,"name":"Portada","item":"https:\/\/jacarandajewelry.com\/es\/ecommerce-creative-home-page\/"},{"@type":"ListItem","position":2,"name":"Tienda","item":"https:\/\/jacarandajewelry.com\/es\/tienda\/"},{"@type":"ListItem","position":3,"name":"Hermoso colgante vintage ruso de Pascua tallado a mano en jade con cabeza de elefante"}]},{"@type":"WebSite","@id":"https:\/\/jacarandajewelry.com\/es\/#website","url":"https:\/\/jacarandajewelry.com\/es\/","name":"Jacaranda Jewelry","description":"Tienda online de joyer\u00eda a medida y vintage","potentialAction":[{"@type":"SearchAction","target":{"@type":"EntryPoint","urlTemplate":"https:\/\/jacarandajewelry.com\/es\/?s={search_term_string}"},"query-input":{"@type":"PropertyValueSpecification","valueRequired":true,"valueName":"search_term_string"}}],"inLanguage":"es"}]}},"_links":{"self":[{"href":"https:\/\/jacarandajewelry.com\/es\/wp-json\/wp\/v2\/product\/4033","targetHints":{"allow":["GET"]}}],"collection":[{"href":"https:\/\/jacarandajewelry.com\/es\/wp-json\/wp\/v2\/product"}],"about":[{"href":"https:\/\/jacarandajewelry.com\/es\/wp-json\/wp\/v2\/types\/product"}],"replies":[{"embeddable":true,"href":"https:\/\/jacarandajewelry.com\/es\/wp-json\/wp\/v2\/comments?post=4033"}],"wp:featuredmedia":[{"embeddable":true,"href":"https:\/\/jacarandajewelry.com\/es\/wp-json\/wp\/v2\/media\/3841"}],"wp:attachment":[{"href":"https:\/\/jacarandajewelry.com\/es\/wp-json\/wp\/v2\/media?parent=4033"}],"wp:term":[{"taxonomy":"product_brand","embeddable":true,"href":"https:\/\/jacarandajewelry.com\/es\/wp-json\/wp\/v2\/product_brand?post=4033"},{"taxonomy":"product_cat","embeddable":true,"href":"https:\/\/jacarandajewelry.com\/es\/wp-json\/wp\/v2\/product_cat?post=4033"},{"taxonomy":"product_tag","embeddable":true,"href":"https:\/\/jacarandajewelry.com\/es\/wp-json\/wp\/v2\/product_tag?post=4033"}],"curies":[{"name":"wp","href":"https:\/\/api.w.org\/{rel}","templated":true}]}}