{"id":4035,"date":"2024-07-02T11:30:59","date_gmt":"2024-07-02T09:30:59","guid":{"rendered":"https:\/\/jacarandajewelry.com\/producto\/anillo-corazon-celestial-piedra-preciosa-corazon-topacio-azul-con-diamantes-estrella-realizado-en-oro-de-18k\/"},"modified":"2026-02-18T12:08:09","modified_gmt":"2026-02-18T11:08:09","slug":"anillo-celestial-heart-en-oro-de-18k-piedra-preciosa-de-topacio-azul-con-estrellas-de-diamante","status":"publish","type":"product","link":"https:\/\/jacarandajewelry.com\/es\/producto\/anillo-celestial-heart-en-oro-de-18k-piedra-preciosa-de-topacio-azul-con-estrellas-de-diamante\/","title":{"rendered":"Anillo Celestial Heart en Oro de 18K \u2013 Piedra Preciosa de Topacio Azul con Estrellas de Diamante"},"content":{"rendered":"<h3 data-path-to-node=\"0\">Impresionante Anillo Celestial Heart en Oro Amarillo de 18K<\/h3>\n<p data-path-to-node=\"1\">Experimenta la belleza de este exquisito anillo de coraz\u00f3n celestial, elaborado en lujoso oro amarillo de 18 quilates. La pieza central es un radiante topacio azul cielo natural en forma de coraz\u00f3n, flanqueado por dos diamantes tallados en forma de estrella, que simbolizan la gu\u00eda y la inspiraci\u00f3n. Esta pieza delicada y \u00fanica es una talla 6 US \/ 12 Espa\u00f1a, lo que la convierte en una adici\u00f3n perfecta para tu colecci\u00f3n de joyas.<\/p>\n<p data-path-to-node=\"2\"><b data-path-to-node=\"2\" data-index-in-node=\"0\">Personalizaci\u00f3n disponible:<\/b> El anillo celestial heart tambi\u00e9n se puede fabricar por encargo con cualquier piedra de tu elecci\u00f3n.<\/p>\n","protected":false},"excerpt":{"rendered":"<p data-path-to-node=\"1\">Experimenta la belleza de este exquisito anillo de coraz\u00f3n celestial, elaborado en lujoso oro amarillo de 18 quilates. La pieza central es un radiante topacio azul cielo natural en forma de coraz\u00f3n, flanqueado por dos diamantes tallados en forma de estrella, que simbolizan la gu\u00eda y la inspiraci\u00f3n. Esta pieza delicada y \u00fanica es una talla 6 US \/ 12 Espa\u00f1a, lo que la convierte en una adici\u00f3n perfecta para tu colecci\u00f3n de joyas.<\/p>\n<p data-path-to-node=\"2\"><b data-path-to-node=\"2\" data-index-in-node=\"0\">Personalizaci\u00f3n disponible:<\/b> El anillo celestial heart tambi\u00e9n se puede fabricar por encargo con cualquier piedra de tu elecci\u00f3n.<\/p>\n","protected":false},"featured_media":3824,"comment_status":"open","ping_status":"closed","template":"","meta":[],"product_brand":[],"product_cat":[54,56],"product_tag":[],"class_list":{"0":"post-4035","1":"product","2":"type-product","3":"status-publish","4":"has-post-thumbnail","6":"product_cat-anillos-es","7":"product_cat-anillos-jacaranda","9":"first","10":"instock","11":"shipping-taxable","12":"purchasable","13":"product-type-simple"},"yoast_head":"<!-- This site is optimized with the Yoast SEO plugin v27.3 - https:\/\/yoast.com\/product\/yoast-seo-wordpress\/ -->\n<title>Anillo Celestial Heart en Oro de 18K \u2013 Piedra Preciosa de Topacio Azul con Estrellas de Diamante - Jacaranda Jewelry<\/title>\n<meta name=\"robots\" content=\"index, follow, max-snippet:-1, max-image-preview:large, max-video-preview:-1\" \/>\n<link rel=\"canonical\" href=\"https:\/\/jacarandajewelry.com\/es\/producto\/anillo-celestial-heart-en-oro-de-18k-piedra-preciosa-de-topacio-azul-con-estrellas-de-diamante\/\" \/>\n<meta property=\"og:locale\" content=\"es_ES\" \/>\n<meta property=\"og:type\" content=\"article\" \/>\n<meta property=\"og:title\" content=\"Anillo Celestial Heart en Oro de 18K \u2013 Piedra Preciosa de Topacio Azul con Estrellas de Diamante - Jacaranda Jewelry\" \/>\n<meta property=\"og:description\" content=\"Experimenta la belleza de este exquisito anillo de coraz\u00f3n celestial, elaborado en lujoso oro amarillo de 18 quilates. La pieza central es un radiante topacio azul cielo natural en forma de coraz\u00f3n, flanqueado por dos diamantes tallados en forma de estrella, que simbolizan la gu\u00eda y la inspiraci\u00f3n. Esta pieza delicada y \u00fanica es una talla 6 US \/ 12 Espa\u00f1a, lo que la convierte en una adici\u00f3n perfecta para tu colecci\u00f3n de joyas. Personalizaci\u00f3n disponible: El anillo celestial heart tambi\u00e9n se puede fabricar por encargo con cualquier piedra de tu elecci\u00f3n.\" \/>\n<meta property=\"og:url\" content=\"https:\/\/jacarandajewelry.com\/es\/producto\/anillo-celestial-heart-en-oro-de-18k-piedra-preciosa-de-topacio-azul-con-estrellas-de-diamante\/\" \/>\n<meta property=\"og:site_name\" content=\"Jacaranda Jewelry\" \/>\n<meta property=\"article:modified_time\" content=\"2026-02-18T11:08:09+00:00\" \/>\n<meta property=\"og:image\" content=\"https:\/\/jacarandajewelry.com\/wp-content\/uploads\/2024\/07\/il_1140xN.5202905490_cczw.webp\" \/>\n\t<meta property=\"og:image:width\" content=\"1140\" \/>\n\t<meta property=\"og:image:height\" content=\"760\" \/>\n\t<meta property=\"og:image:type\" content=\"image\/webp\" \/>\n<meta name=\"twitter:card\" content=\"summary_large_image\" \/>\n<meta name=\"twitter:label1\" content=\"Tiempo de lectura\" \/>\n\t<meta name=\"twitter:data1\" content=\"1 minuto\" \/>\n<script type=\"application\/ld+json\" class=\"yoast-schema-graph\">{\"@context\":\"https:\\\/\\\/schema.org\",\"@graph\":[{\"@type\":\"WebPage\",\"@id\":\"https:\\\/\\\/jacarandajewelry.com\\\/es\\\/producto\\\/anillo-celestial-heart-en-oro-de-18k-piedra-preciosa-de-topacio-azul-con-estrellas-de-diamante\\\/\",\"url\":\"https:\\\/\\\/jacarandajewelry.com\\\/es\\\/producto\\\/anillo-celestial-heart-en-oro-de-18k-piedra-preciosa-de-topacio-azul-con-estrellas-de-diamante\\\/\",\"name\":\"Anillo Celestial Heart en Oro de 18K \u2013 Piedra Preciosa de Topacio Azul con Estrellas de Diamante - Jacaranda Jewelry\",\"isPartOf\":{\"@id\":\"https:\\\/\\\/jacarandajewelry.com\\\/es\\\/#website\"},\"primaryImageOfPage\":{\"@id\":\"https:\\\/\\\/jacarandajewelry.com\\\/es\\\/producto\\\/anillo-celestial-heart-en-oro-de-18k-piedra-preciosa-de-topacio-azul-con-estrellas-de-diamante\\\/#primaryimage\"},\"image\":{\"@id\":\"https:\\\/\\\/jacarandajewelry.com\\\/es\\\/producto\\\/anillo-celestial-heart-en-oro-de-18k-piedra-preciosa-de-topacio-azul-con-estrellas-de-diamante\\\/#primaryimage\"},\"thumbnailUrl\":\"https:\\\/\\\/jacarandajewelry.com\\\/wp-content\\\/uploads\\\/2024\\\/07\\\/il_1140xN.5202905490_cczw.webp\",\"datePublished\":\"2024-07-02T09:30:59+00:00\",\"dateModified\":\"2026-02-18T11:08:09+00:00\",\"breadcrumb\":{\"@id\":\"https:\\\/\\\/jacarandajewelry.com\\\/es\\\/producto\\\/anillo-celestial-heart-en-oro-de-18k-piedra-preciosa-de-topacio-azul-con-estrellas-de-diamante\\\/#breadcrumb\"},\"inLanguage\":\"es\",\"potentialAction\":[{\"@type\":\"ReadAction\",\"target\":[\"https:\\\/\\\/jacarandajewelry.com\\\/es\\\/producto\\\/anillo-celestial-heart-en-oro-de-18k-piedra-preciosa-de-topacio-azul-con-estrellas-de-diamante\\\/\"]}]},{\"@type\":\"ImageObject\",\"inLanguage\":\"es\",\"@id\":\"https:\\\/\\\/jacarandajewelry.com\\\/es\\\/producto\\\/anillo-celestial-heart-en-oro-de-18k-piedra-preciosa-de-topacio-azul-con-estrellas-de-diamante\\\/#primaryimage\",\"url\":\"https:\\\/\\\/jacarandajewelry.com\\\/wp-content\\\/uploads\\\/2024\\\/07\\\/il_1140xN.5202905490_cczw.webp\",\"contentUrl\":\"https:\\\/\\\/jacarandajewelry.com\\\/wp-content\\\/uploads\\\/2024\\\/07\\\/il_1140xN.5202905490_cczw.webp\",\"width\":1140,\"height\":760},{\"@type\":\"BreadcrumbList\",\"@id\":\"https:\\\/\\\/jacarandajewelry.com\\\/es\\\/producto\\\/anillo-celestial-heart-en-oro-de-18k-piedra-preciosa-de-topacio-azul-con-estrellas-de-diamante\\\/#breadcrumb\",\"itemListElement\":[{\"@type\":\"ListItem\",\"position\":1,\"name\":\"Portada\",\"item\":\"https:\\\/\\\/jacarandajewelry.com\\\/es\\\/ecommerce-creative-home-page\\\/\"},{\"@type\":\"ListItem\",\"position\":2,\"name\":\"Tienda\",\"item\":\"https:\\\/\\\/jacarandajewelry.com\\\/es\\\/tienda\\\/\"},{\"@type\":\"ListItem\",\"position\":3,\"name\":\"Anillo Celestial Heart en Oro de 18K \u2013 Piedra Preciosa de Topacio Azul con Estrellas de Diamante\"}]},{\"@type\":\"WebSite\",\"@id\":\"https:\\\/\\\/jacarandajewelry.com\\\/es\\\/#website\",\"url\":\"https:\\\/\\\/jacarandajewelry.com\\\/es\\\/\",\"name\":\"Jacaranda Jewelry\",\"description\":\"Tienda online de joyer\u00eda a medida y vintage\",\"potentialAction\":[{\"@type\":\"SearchAction\",\"target\":{\"@type\":\"EntryPoint\",\"urlTemplate\":\"https:\\\/\\\/jacarandajewelry.com\\\/es\\\/?s={search_term_string}\"},\"query-input\":{\"@type\":\"PropertyValueSpecification\",\"valueRequired\":true,\"valueName\":\"search_term_string\"}}],\"inLanguage\":\"es\"}]}<\/script>\n<!-- \/ Yoast SEO plugin. -->","yoast_head_json":{"title":"Anillo Celestial Heart en Oro de 18K \u2013 Piedra Preciosa de Topacio Azul con Estrellas de Diamante - Jacaranda Jewelry","robots":{"index":"index","follow":"follow","max-snippet":"max-snippet:-1","max-image-preview":"max-image-preview:large","max-video-preview":"max-video-preview:-1"},"canonical":"https:\/\/jacarandajewelry.com\/es\/producto\/anillo-celestial-heart-en-oro-de-18k-piedra-preciosa-de-topacio-azul-con-estrellas-de-diamante\/","og_locale":"es_ES","og_type":"article","og_title":"Anillo Celestial Heart en Oro de 18K \u2013 Piedra Preciosa de Topacio Azul con Estrellas de Diamante - Jacaranda Jewelry","og_description":"Experimenta la belleza de este exquisito anillo de coraz\u00f3n celestial, elaborado en lujoso oro amarillo de 18 quilates. La pieza central es un radiante topacio azul cielo natural en forma de coraz\u00f3n, flanqueado por dos diamantes tallados en forma de estrella, que simbolizan la gu\u00eda y la inspiraci\u00f3n. Esta pieza delicada y \u00fanica es una talla 6 US \/ 12 Espa\u00f1a, lo que la convierte en una adici\u00f3n perfecta para tu colecci\u00f3n de joyas. Personalizaci\u00f3n disponible: El anillo celestial heart tambi\u00e9n se puede fabricar por encargo con cualquier piedra de tu elecci\u00f3n.","og_url":"https:\/\/jacarandajewelry.com\/es\/producto\/anillo-celestial-heart-en-oro-de-18k-piedra-preciosa-de-topacio-azul-con-estrellas-de-diamante\/","og_site_name":"Jacaranda Jewelry","article_modified_time":"2026-02-18T11:08:09+00:00","og_image":[{"width":1140,"height":760,"url":"https:\/\/jacarandajewelry.com\/wp-content\/uploads\/2024\/07\/il_1140xN.5202905490_cczw.webp","type":"image\/webp"}],"twitter_card":"summary_large_image","twitter_misc":{"Tiempo de lectura":"1 minuto"},"schema":{"@context":"https:\/\/schema.org","@graph":[{"@type":"WebPage","@id":"https:\/\/jacarandajewelry.com\/es\/producto\/anillo-celestial-heart-en-oro-de-18k-piedra-preciosa-de-topacio-azul-con-estrellas-de-diamante\/","url":"https:\/\/jacarandajewelry.com\/es\/producto\/anillo-celestial-heart-en-oro-de-18k-piedra-preciosa-de-topacio-azul-con-estrellas-de-diamante\/","name":"Anillo Celestial Heart en Oro de 18K \u2013 Piedra Preciosa de Topacio Azul con Estrellas de Diamante - Jacaranda Jewelry","isPartOf":{"@id":"https:\/\/jacarandajewelry.com\/es\/#website"},"primaryImageOfPage":{"@id":"https:\/\/jacarandajewelry.com\/es\/producto\/anillo-celestial-heart-en-oro-de-18k-piedra-preciosa-de-topacio-azul-con-estrellas-de-diamante\/#primaryimage"},"image":{"@id":"https:\/\/jacarandajewelry.com\/es\/producto\/anillo-celestial-heart-en-oro-de-18k-piedra-preciosa-de-topacio-azul-con-estrellas-de-diamante\/#primaryimage"},"thumbnailUrl":"https:\/\/jacarandajewelry.com\/wp-content\/uploads\/2024\/07\/il_1140xN.5202905490_cczw.webp","datePublished":"2024-07-02T09:30:59+00:00","dateModified":"2026-02-18T11:08:09+00:00","breadcrumb":{"@id":"https:\/\/jacarandajewelry.com\/es\/producto\/anillo-celestial-heart-en-oro-de-18k-piedra-preciosa-de-topacio-azul-con-estrellas-de-diamante\/#breadcrumb"},"inLanguage":"es","potentialAction":[{"@type":"ReadAction","target":["https:\/\/jacarandajewelry.com\/es\/producto\/anillo-celestial-heart-en-oro-de-18k-piedra-preciosa-de-topacio-azul-con-estrellas-de-diamante\/"]}]},{"@type":"ImageObject","inLanguage":"es","@id":"https:\/\/jacarandajewelry.com\/es\/producto\/anillo-celestial-heart-en-oro-de-18k-piedra-preciosa-de-topacio-azul-con-estrellas-de-diamante\/#primaryimage","url":"https:\/\/jacarandajewelry.com\/wp-content\/uploads\/2024\/07\/il_1140xN.5202905490_cczw.webp","contentUrl":"https:\/\/jacarandajewelry.com\/wp-content\/uploads\/2024\/07\/il_1140xN.5202905490_cczw.webp","width":1140,"height":760},{"@type":"BreadcrumbList","@id":"https:\/\/jacarandajewelry.com\/es\/producto\/anillo-celestial-heart-en-oro-de-18k-piedra-preciosa-de-topacio-azul-con-estrellas-de-diamante\/#breadcrumb","itemListElement":[{"@type":"ListItem","position":1,"name":"Portada","item":"https:\/\/jacarandajewelry.com\/es\/ecommerce-creative-home-page\/"},{"@type":"ListItem","position":2,"name":"Tienda","item":"https:\/\/jacarandajewelry.com\/es\/tienda\/"},{"@type":"ListItem","position":3,"name":"Anillo Celestial Heart en Oro de 18K \u2013 Piedra Preciosa de Topacio Azul con Estrellas de Diamante"}]},{"@type":"WebSite","@id":"https:\/\/jacarandajewelry.com\/es\/#website","url":"https:\/\/jacarandajewelry.com\/es\/","name":"Jacaranda Jewelry","description":"Tienda online de joyer\u00eda a medida y vintage","potentialAction":[{"@type":"SearchAction","target":{"@type":"EntryPoint","urlTemplate":"https:\/\/jacarandajewelry.com\/es\/?s={search_term_string}"},"query-input":{"@type":"PropertyValueSpecification","valueRequired":true,"valueName":"search_term_string"}}],"inLanguage":"es"}]}},"_links":{"self":[{"href":"https:\/\/jacarandajewelry.com\/es\/wp-json\/wp\/v2\/product\/4035","targetHints":{"allow":["GET"]}}],"collection":[{"href":"https:\/\/jacarandajewelry.com\/es\/wp-json\/wp\/v2\/product"}],"about":[{"href":"https:\/\/jacarandajewelry.com\/es\/wp-json\/wp\/v2\/types\/product"}],"replies":[{"embeddable":true,"href":"https:\/\/jacarandajewelry.com\/es\/wp-json\/wp\/v2\/comments?post=4035"}],"wp:featuredmedia":[{"embeddable":true,"href":"https:\/\/jacarandajewelry.com\/es\/wp-json\/wp\/v2\/media\/3824"}],"wp:attachment":[{"href":"https:\/\/jacarandajewelry.com\/es\/wp-json\/wp\/v2\/media?parent=4035"}],"wp:term":[{"taxonomy":"product_brand","embeddable":true,"href":"https:\/\/jacarandajewelry.com\/es\/wp-json\/wp\/v2\/product_brand?post=4035"},{"taxonomy":"product_cat","embeddable":true,"href":"https:\/\/jacarandajewelry.com\/es\/wp-json\/wp\/v2\/product_cat?post=4035"},{"taxonomy":"product_tag","embeddable":true,"href":"https:\/\/jacarandajewelry.com\/es\/wp-json\/wp\/v2\/product_tag?post=4035"}],"curies":[{"name":"wp","href":"https:\/\/api.w.org\/{rel}","templated":true}]}}