{"id":4043,"date":"2024-07-02T11:11:49","date_gmt":"2024-07-02T09:11:49","guid":{"rendered":"https:\/\/jacarandajewelry.com\/producto\/solitario-amatista-corazon-en-oro-de-18k-disponible-tambien-en-onix-y-amatista-rose-de-francia\/"},"modified":"2026-02-18T12:08:45","modified_gmt":"2026-02-18T11:08:45","slug":"elegant-18k-gold-solitaire-heart-ring-with-amethyst","status":"publish","type":"product","link":"https:\/\/jacarandajewelry.com\/es\/producto\/elegant-18k-gold-solitaire-heart-ring-with-amethyst\/","title":{"rendered":"Elegante Anillo Solitario de Coraz\u00f3n en Oro de 18K con Amatista \u2013 Tambi\u00e9n Disponible en \u00d3nice Negro y Amatista Rose de France"},"content":{"rendered":"[vc_row type=\u00bbin_container\u00bb full_screen_row_position=\u00bbmiddle\u00bb column_margin=\u00bbdefault\u00bb column_direction=\u00bbdefault\u00bb column_direction_tablet=\u00bbdefault\u00bb column_direction_phone=\u00bbdefault\u00bb scene_position=\u00bbcenter\u00bb text_color=\u00bbdark\u00bb text_align=\u00bbleft\u00bb row_border_radius=\u00bbnone\u00bb row_border_radius_applies=\u00bbbg\u00bb overflow=\u00bbvisible\u00bb overlay_strength=\u00bb0.3&#8243; gradient_direction=\u00bbleft_to_right\u00bb shape_divider_position=\u00bbbottom\u00bb bg_image_animation=\u00bbnone\u00bb][vc_column column_padding=\u00bbno-extra-padding\u00bb column_padding_tablet=\u00bbinherit\u00bb column_padding_phone=\u00bbinherit\u00bb column_padding_position=\u00bball\u00bb column_element_direction_desktop=\u00bbdefault\u00bb column_element_spacing=\u00bbdefault\u00bb desktop_text_alignment=\u00bbdefault\u00bb tablet_text_alignment=\u00bbdefault\u00bb phone_text_alignment=\u00bbdefault\u00bb background_color_opacity=\u00bb1&#8243; background_hover_color_opacity=\u00bb1&#8243; column_backdrop_filter=\u00bbnone\u00bb column_shadow=\u00bbnone\u00bb column_border_radius=\u00bbnone\u00bb column_link_target=\u00bb_self\u00bb column_position=\u00bbdefault\u00bb gradient_direction=\u00bbleft_to_right\u00bb overlay_strength=\u00bb0.3&#8243; width=\u00bb1\/1&#8243; tablet_width_inherit=\u00bbdefault\u00bb animation_type=\u00bbdefault\u00bb bg_image_animation=\u00bbnone\u00bb border_type=\u00bbsimple\u00bb column_border_width=\u00bbnone\u00bb column_border_style=\u00bbsolid\u00bb][vc_column_text]<strong>Stunning Amethyst Heart Solitaire Ring in 18K Yellow Gold<\/strong><\/p>\n<p>Elevate your style with this gorgeous solitaire ring featuring a captivating heart-shaped amethyst, beautifully set in an 18K yellow gold band, or the material of your choice. The amethyst showcases a rich, vibrant purple hue, while the Rose de France option offers a softer, romantic tone. If you prefer there is also black onyx available.<\/p>\n<p>Expertly cut, this stone reflects light brilliantly, creating a mesmerizing sparkle. Crafted with care, this ring is both delicate and durable, ensuring it stands the test of time. It\u2019s an excellent choice for an engagement ring, making a striking statement worn alone or as a stunning accent for everyday wear.<\/p>\n<p>Available Colors: Choose from a deep purple natural amethyst, a lovely Rose de France amethyst, or classic black onyx. We also offer various synthetic color options to suit your personal style.[\/vc_column_text][\/vc_column][\/vc_row][vc_row type=\u00bbfull_width_content\u00bb full_screen_row_position=\u00bbmiddle\u00bb column_margin=\u00bbdefault\u00bb column_direction=\u00bbdefault\u00bb column_direction_tablet=\u00bbdefault\u00bb column_direction_phone=\u00bbdefault\u00bb scene_position=\u00bbcenter\u00bb top_padding=\u00bb5%\u00bb constrain_group_1=\u00bbyes\u00bb bottom_padding=\u00bb5%\u00bb text_color=\u00bbdark\u00bb text_align=\u00bbleft\u00bb row_border_radius=\u00bbnone\u00bb row_border_radius_applies=\u00bbbg\u00bb overflow=\u00bbvisible\u00bb overlay_strength=\u00bb0.3&#8243; gradient_direction=\u00bbleft_to_right\u00bb shape_divider_position=\u00bbbottom\u00bb bg_image_animation=\u00bbnone\u00bb gradient_type=\u00bbdefault\u00bb shape_type=\u00bb\u00bb][vc_column column_padding=\u00bbno-extra-padding\u00bb column_padding_tablet=\u00bbinherit\u00bb column_padding_phone=\u00bbinherit\u00bb column_padding_position=\u00bball\u00bb column_element_direction_desktop=\u00bbdefault\u00bb column_element_spacing=\u00bb0px\u00bb desktop_text_alignment=\u00bbdefault\u00bb tablet_text_alignment=\u00bbdefault\u00bb phone_text_alignment=\u00bbdefault\u00bb background_color_opacity=\u00bb1&#8243; background_hover_color_opacity=\u00bb1&#8243; column_backdrop_filter=\u00bbnone\u00bb column_shadow=\u00bbnone\u00bb column_border_radius=\u00bbnone\u00bb column_link_target=\u00bb_self\u00bb column_position=\u00bbdefault\u00bb gradient_direction=\u00bbleft_to_right\u00bb overlay_strength=\u00bb0.3&#8243; width=\u00bb1\/1&#8243; tablet_width_inherit=\u00bbdefault\u00bb animation_type=\u00bbdefault\u00bb bg_image_animation=\u00bbnone\u00bb border_type=\u00bbsimple\u00bb column_border_width=\u00bbnone\u00bb column_border_style=\u00bbsolid\u00bb column_padding_type=\u00bbdefault\u00bb gradient_type=\u00bbdefault\u00bb][testimonial_slider style=\u00bbmultiple_visible\u00bb color=\u00bbaccent-color-dark\u00bb slider_controls=\u00bbnext_prev_arrows\u00bb flickity_border_radius=\u00bb20px\u00bb enable_shadow=\u00bbtrue\u00bb custom_width_desktop=\u00bb40%\u00bb font_size_desktop=\u00bb1.3vw\u00bb font_line_height=\u00bb1.7&#8243; shadow=\u00bbhorizontal:22,vertical:20,blur:60,spread:0,opacity:0.575&#8243; custom_box_shadow=\u00bbhorizontal:40,vertical:60,blur:60,spread:-20,opacity:0.175&#8243; font_size_tablet=\u00bb16&#8243;][testimonial star_rating=\u00bbnone\u00bb title=\u00bbTestimonial\u00bb id=\u00bb1659387611525-8&#8243; name=\u00bbNicola Prescott\u00bb quote=\u00bbBeautiful ring &#8211; amazing service<\/p>\n<p>\u00bb tab_id=\u00bb1659387611525-4&#8243;][testimonial star_rating=\u00bbnone\u00bb title=\u00bbTestimonial\u00bb id=\u00bb1659387611525-8&#8243; name=\u00bbCASTRO\u00bb quote=\u00bbBague magnifique et vendeuse tr\u00e8s sympathique, tr\u00e8s a l&#8217;\u00e9coute. On sent qu&#8217;il y a un joli travaille de fait sur les bijoux. Je suis ravie de mon achat \ud83d\ude0a<br \/>\n\u00bb tab_id=\u00bb1659387611525-4&#8243;][testimonial image=\u00bb4547&#8243; star_rating=\u00bbnone\u00bb title=\u00bbTestimonial\u00bb id=\u00bb1659387611525-8&#8243; name=\u00bbVirni Liza Del Rosario\u00bb quote=\u00bbAmazing ring! Thank you so much for my beautiful ring!<br \/>\n\u00bb tab_id=\u00bb1659387611525-4&#8243;][\/testimonial_slider][\/vc_column][\/vc_row]\n","protected":false},"excerpt":{"rendered":"<p>Eleva tu estilo con este magn\u00edfico anillo solitario que presenta una cautivadora amatista en forma de coraz\u00f3n, bellamente engastada en una banda de oro amarillo de 18K, o el material de tu elecci\u00f3n. La amatista luce un tono p\u00farpura intenso y vibrante, mientras que la opci\u00f3n Rose de France ofrece un tono m\u00e1s suave y rom\u00e1ntico. Si lo prefieres, tambi\u00e9n est\u00e1 disponible en \u00f3nice negro.<\/p>\n","protected":false},"featured_media":3799,"comment_status":"open","ping_status":"closed","template":"","meta":[],"product_brand":[],"product_cat":[54,56],"product_tag":[],"class_list":{"0":"post-4043","1":"product","2":"type-product","3":"status-publish","4":"has-post-thumbnail","6":"product_cat-anillos-es","7":"product_cat-anillos-jacaranda","9":"first","10":"instock","11":"shipping-taxable","12":"purchasable","13":"product-type-variable"},"yoast_head":"<!-- This site is optimized with the Yoast SEO plugin v27.4 - https:\/\/yoast.com\/product\/yoast-seo-wordpress\/ -->\n<title>Elegante Anillo Solitario de Coraz\u00f3n en Oro de 18K con Amatista \u2013 Tambi\u00e9n Disponible en \u00d3nice Negro y Amatista Rose de France - Jacaranda Jewelry<\/title>\n<meta name=\"description\" content=\"Eleva tu estilo con este magn\u00edfico anillo solitario que presenta una cautivadora amatista en forma de coraz\u00f3n, bellamente engastada en una banda de oro amarillo de 18K o el material de tu elecci\u00f3n. La amatista luce un tono p\u00farpura intenso y vibrante, mientras que la opci\u00f3n Rose de France ofrece un tono m\u00e1s suave y rom\u00e1ntico. Si lo prefieres, tambi\u00e9n est\u00e1 disponible en \u00f3nice negro.\" \/>\n<meta name=\"robots\" content=\"index, follow, max-snippet:-1, max-image-preview:large, max-video-preview:-1\" \/>\n<link rel=\"canonical\" href=\"https:\/\/jacarandajewelry.com\/es\/producto\/elegant-18k-gold-solitaire-heart-ring-with-amethyst\/\" \/>\n<meta property=\"og:locale\" content=\"es_ES\" \/>\n<meta property=\"og:type\" content=\"article\" \/>\n<meta property=\"og:title\" content=\"Elegante Anillo Solitario de Coraz\u00f3n en Oro de 18K con Amatista \u2013 Tambi\u00e9n Disponible en \u00d3nice Negro y Amatista Rose de France - Jacaranda Jewelry\" \/>\n<meta property=\"og:description\" content=\"Eleva tu estilo con este magn\u00edfico anillo solitario que presenta una cautivadora amatista en forma de coraz\u00f3n, bellamente engastada en una banda de oro amarillo de 18K o el material de tu elecci\u00f3n. La amatista luce un tono p\u00farpura intenso y vibrante, mientras que la opci\u00f3n Rose de France ofrece un tono m\u00e1s suave y rom\u00e1ntico. Si lo prefieres, tambi\u00e9n est\u00e1 disponible en \u00f3nice negro.\" \/>\n<meta property=\"og:url\" content=\"https:\/\/jacarandajewelry.com\/es\/producto\/elegant-18k-gold-solitaire-heart-ring-with-amethyst\/\" \/>\n<meta property=\"og:site_name\" content=\"Jacaranda Jewelry\" \/>\n<meta property=\"article:modified_time\" content=\"2026-02-18T11:08:45+00:00\" \/>\n<meta property=\"og:image\" content=\"https:\/\/jacarandajewelry.com\/wp-content\/uploads\/2024\/07\/il_1140xN.4952464414_9l29.webp\" \/>\n\t<meta property=\"og:image:width\" content=\"1140\" \/>\n\t<meta property=\"og:image:height\" content=\"1520\" \/>\n\t<meta property=\"og:image:type\" content=\"image\/webp\" \/>\n<meta name=\"twitter:card\" content=\"summary_large_image\" \/>\n<meta name=\"twitter:label1\" content=\"Tiempo de lectura\" \/>\n\t<meta name=\"twitter:data1\" content=\"2 minutos\" \/>\n<script type=\"application\/ld+json\" class=\"yoast-schema-graph\">{\"@context\":\"https:\\\/\\\/schema.org\",\"@graph\":[{\"@type\":\"WebPage\",\"@id\":\"https:\\\/\\\/jacarandajewelry.com\\\/es\\\/producto\\\/elegant-18k-gold-solitaire-heart-ring-with-amethyst\\\/\",\"url\":\"https:\\\/\\\/jacarandajewelry.com\\\/es\\\/producto\\\/elegant-18k-gold-solitaire-heart-ring-with-amethyst\\\/\",\"name\":\"Elegante Anillo Solitario de Coraz\u00f3n en Oro de 18K con Amatista \u2013 Tambi\u00e9n Disponible en \u00d3nice Negro y Amatista Rose de France - Jacaranda Jewelry\",\"isPartOf\":{\"@id\":\"https:\\\/\\\/jacarandajewelry.com\\\/es\\\/#website\"},\"primaryImageOfPage\":{\"@id\":\"https:\\\/\\\/jacarandajewelry.com\\\/es\\\/producto\\\/elegant-18k-gold-solitaire-heart-ring-with-amethyst\\\/#primaryimage\"},\"image\":{\"@id\":\"https:\\\/\\\/jacarandajewelry.com\\\/es\\\/producto\\\/elegant-18k-gold-solitaire-heart-ring-with-amethyst\\\/#primaryimage\"},\"thumbnailUrl\":\"https:\\\/\\\/jacarandajewelry.com\\\/wp-content\\\/uploads\\\/2024\\\/07\\\/il_1140xN.4952464414_9l29.webp\",\"datePublished\":\"2024-07-02T09:11:49+00:00\",\"dateModified\":\"2026-02-18T11:08:45+00:00\",\"description\":\"Eleva tu estilo con este magn\u00edfico anillo solitario que presenta una cautivadora amatista en forma de coraz\u00f3n, bellamente engastada en una banda de oro amarillo de 18K o el material de tu elecci\u00f3n. La amatista luce un tono p\u00farpura intenso y vibrante, mientras que la opci\u00f3n Rose de France ofrece un tono m\u00e1s suave y rom\u00e1ntico. Si lo prefieres, tambi\u00e9n est\u00e1 disponible en \u00f3nice negro.\",\"breadcrumb\":{\"@id\":\"https:\\\/\\\/jacarandajewelry.com\\\/es\\\/producto\\\/elegant-18k-gold-solitaire-heart-ring-with-amethyst\\\/#breadcrumb\"},\"inLanguage\":\"es\",\"potentialAction\":[{\"@type\":\"ReadAction\",\"target\":[\"https:\\\/\\\/jacarandajewelry.com\\\/es\\\/producto\\\/elegant-18k-gold-solitaire-heart-ring-with-amethyst\\\/\"]}]},{\"@type\":\"ImageObject\",\"inLanguage\":\"es\",\"@id\":\"https:\\\/\\\/jacarandajewelry.com\\\/es\\\/producto\\\/elegant-18k-gold-solitaire-heart-ring-with-amethyst\\\/#primaryimage\",\"url\":\"https:\\\/\\\/jacarandajewelry.com\\\/wp-content\\\/uploads\\\/2024\\\/07\\\/il_1140xN.4952464414_9l29.webp\",\"contentUrl\":\"https:\\\/\\\/jacarandajewelry.com\\\/wp-content\\\/uploads\\\/2024\\\/07\\\/il_1140xN.4952464414_9l29.webp\",\"width\":1140,\"height\":1520},{\"@type\":\"BreadcrumbList\",\"@id\":\"https:\\\/\\\/jacarandajewelry.com\\\/es\\\/producto\\\/elegant-18k-gold-solitaire-heart-ring-with-amethyst\\\/#breadcrumb\",\"itemListElement\":[{\"@type\":\"ListItem\",\"position\":1,\"name\":\"Portada\",\"item\":\"https:\\\/\\\/jacarandajewelry.com\\\/es\\\/ecommerce-creative-home-page\\\/\"},{\"@type\":\"ListItem\",\"position\":2,\"name\":\"Tienda\",\"item\":\"https:\\\/\\\/jacarandajewelry.com\\\/es\\\/tienda\\\/\"},{\"@type\":\"ListItem\",\"position\":3,\"name\":\"Elegante Anillo Solitario de Coraz\u00f3n en Oro de 18K con Amatista \u2013 Tambi\u00e9n Disponible en \u00d3nice Negro y Amatista Rose de France\"}]},{\"@type\":\"WebSite\",\"@id\":\"https:\\\/\\\/jacarandajewelry.com\\\/es\\\/#website\",\"url\":\"https:\\\/\\\/jacarandajewelry.com\\\/es\\\/\",\"name\":\"Jacaranda Jewelry\",\"description\":\"Tienda online de joyer\u00eda a medida y vintage\",\"potentialAction\":[{\"@type\":\"SearchAction\",\"target\":{\"@type\":\"EntryPoint\",\"urlTemplate\":\"https:\\\/\\\/jacarandajewelry.com\\\/es\\\/?s={search_term_string}\"},\"query-input\":{\"@type\":\"PropertyValueSpecification\",\"valueRequired\":true,\"valueName\":\"search_term_string\"}}],\"inLanguage\":\"es\"}]}<\/script>\n<!-- \/ Yoast SEO plugin. -->","yoast_head_json":{"title":"Elegante Anillo Solitario de Coraz\u00f3n en Oro de 18K con Amatista \u2013 Tambi\u00e9n Disponible en \u00d3nice Negro y Amatista Rose de France - Jacaranda Jewelry","description":"Eleva tu estilo con este magn\u00edfico anillo solitario que presenta una cautivadora amatista en forma de coraz\u00f3n, bellamente engastada en una banda de oro amarillo de 18K o el material de tu elecci\u00f3n. La amatista luce un tono p\u00farpura intenso y vibrante, mientras que la opci\u00f3n Rose de France ofrece un tono m\u00e1s suave y rom\u00e1ntico. Si lo prefieres, tambi\u00e9n est\u00e1 disponible en \u00f3nice negro.","robots":{"index":"index","follow":"follow","max-snippet":"max-snippet:-1","max-image-preview":"max-image-preview:large","max-video-preview":"max-video-preview:-1"},"canonical":"https:\/\/jacarandajewelry.com\/es\/producto\/elegant-18k-gold-solitaire-heart-ring-with-amethyst\/","og_locale":"es_ES","og_type":"article","og_title":"Elegante Anillo Solitario de Coraz\u00f3n en Oro de 18K con Amatista \u2013 Tambi\u00e9n Disponible en \u00d3nice Negro y Amatista Rose de France - Jacaranda Jewelry","og_description":"Eleva tu estilo con este magn\u00edfico anillo solitario que presenta una cautivadora amatista en forma de coraz\u00f3n, bellamente engastada en una banda de oro amarillo de 18K o el material de tu elecci\u00f3n. La amatista luce un tono p\u00farpura intenso y vibrante, mientras que la opci\u00f3n Rose de France ofrece un tono m\u00e1s suave y rom\u00e1ntico. Si lo prefieres, tambi\u00e9n est\u00e1 disponible en \u00f3nice negro.","og_url":"https:\/\/jacarandajewelry.com\/es\/producto\/elegant-18k-gold-solitaire-heart-ring-with-amethyst\/","og_site_name":"Jacaranda Jewelry","article_modified_time":"2026-02-18T11:08:45+00:00","og_image":[{"width":1140,"height":1520,"url":"https:\/\/jacarandajewelry.com\/wp-content\/uploads\/2024\/07\/il_1140xN.4952464414_9l29.webp","type":"image\/webp"}],"twitter_card":"summary_large_image","twitter_misc":{"Tiempo de lectura":"2 minutos"},"schema":{"@context":"https:\/\/schema.org","@graph":[{"@type":"WebPage","@id":"https:\/\/jacarandajewelry.com\/es\/producto\/elegant-18k-gold-solitaire-heart-ring-with-amethyst\/","url":"https:\/\/jacarandajewelry.com\/es\/producto\/elegant-18k-gold-solitaire-heart-ring-with-amethyst\/","name":"Elegante Anillo Solitario de Coraz\u00f3n en Oro de 18K con Amatista \u2013 Tambi\u00e9n Disponible en \u00d3nice Negro y Amatista Rose de France - Jacaranda Jewelry","isPartOf":{"@id":"https:\/\/jacarandajewelry.com\/es\/#website"},"primaryImageOfPage":{"@id":"https:\/\/jacarandajewelry.com\/es\/producto\/elegant-18k-gold-solitaire-heart-ring-with-amethyst\/#primaryimage"},"image":{"@id":"https:\/\/jacarandajewelry.com\/es\/producto\/elegant-18k-gold-solitaire-heart-ring-with-amethyst\/#primaryimage"},"thumbnailUrl":"https:\/\/jacarandajewelry.com\/wp-content\/uploads\/2024\/07\/il_1140xN.4952464414_9l29.webp","datePublished":"2024-07-02T09:11:49+00:00","dateModified":"2026-02-18T11:08:45+00:00","description":"Eleva tu estilo con este magn\u00edfico anillo solitario que presenta una cautivadora amatista en forma de coraz\u00f3n, bellamente engastada en una banda de oro amarillo de 18K o el material de tu elecci\u00f3n. La amatista luce un tono p\u00farpura intenso y vibrante, mientras que la opci\u00f3n Rose de France ofrece un tono m\u00e1s suave y rom\u00e1ntico. Si lo prefieres, tambi\u00e9n est\u00e1 disponible en \u00f3nice negro.","breadcrumb":{"@id":"https:\/\/jacarandajewelry.com\/es\/producto\/elegant-18k-gold-solitaire-heart-ring-with-amethyst\/#breadcrumb"},"inLanguage":"es","potentialAction":[{"@type":"ReadAction","target":["https:\/\/jacarandajewelry.com\/es\/producto\/elegant-18k-gold-solitaire-heart-ring-with-amethyst\/"]}]},{"@type":"ImageObject","inLanguage":"es","@id":"https:\/\/jacarandajewelry.com\/es\/producto\/elegant-18k-gold-solitaire-heart-ring-with-amethyst\/#primaryimage","url":"https:\/\/jacarandajewelry.com\/wp-content\/uploads\/2024\/07\/il_1140xN.4952464414_9l29.webp","contentUrl":"https:\/\/jacarandajewelry.com\/wp-content\/uploads\/2024\/07\/il_1140xN.4952464414_9l29.webp","width":1140,"height":1520},{"@type":"BreadcrumbList","@id":"https:\/\/jacarandajewelry.com\/es\/producto\/elegant-18k-gold-solitaire-heart-ring-with-amethyst\/#breadcrumb","itemListElement":[{"@type":"ListItem","position":1,"name":"Portada","item":"https:\/\/jacarandajewelry.com\/es\/ecommerce-creative-home-page\/"},{"@type":"ListItem","position":2,"name":"Tienda","item":"https:\/\/jacarandajewelry.com\/es\/tienda\/"},{"@type":"ListItem","position":3,"name":"Elegante Anillo Solitario de Coraz\u00f3n en Oro de 18K con Amatista \u2013 Tambi\u00e9n Disponible en \u00d3nice Negro y Amatista Rose de France"}]},{"@type":"WebSite","@id":"https:\/\/jacarandajewelry.com\/es\/#website","url":"https:\/\/jacarandajewelry.com\/es\/","name":"Jacaranda Jewelry","description":"Tienda online de joyer\u00eda a medida y vintage","potentialAction":[{"@type":"SearchAction","target":{"@type":"EntryPoint","urlTemplate":"https:\/\/jacarandajewelry.com\/es\/?s={search_term_string}"},"query-input":{"@type":"PropertyValueSpecification","valueRequired":true,"valueName":"search_term_string"}}],"inLanguage":"es"}]}},"_links":{"self":[{"href":"https:\/\/jacarandajewelry.com\/es\/wp-json\/wp\/v2\/product\/4043","targetHints":{"allow":["GET"]}}],"collection":[{"href":"https:\/\/jacarandajewelry.com\/es\/wp-json\/wp\/v2\/product"}],"about":[{"href":"https:\/\/jacarandajewelry.com\/es\/wp-json\/wp\/v2\/types\/product"}],"replies":[{"embeddable":true,"href":"https:\/\/jacarandajewelry.com\/es\/wp-json\/wp\/v2\/comments?post=4043"}],"wp:featuredmedia":[{"embeddable":true,"href":"https:\/\/jacarandajewelry.com\/es\/wp-json\/wp\/v2\/media\/3799"}],"wp:attachment":[{"href":"https:\/\/jacarandajewelry.com\/es\/wp-json\/wp\/v2\/media?parent=4043"}],"wp:term":[{"taxonomy":"product_brand","embeddable":true,"href":"https:\/\/jacarandajewelry.com\/es\/wp-json\/wp\/v2\/product_brand?post=4043"},{"taxonomy":"product_cat","embeddable":true,"href":"https:\/\/jacarandajewelry.com\/es\/wp-json\/wp\/v2\/product_cat?post=4043"},{"taxonomy":"product_tag","embeddable":true,"href":"https:\/\/jacarandajewelry.com\/es\/wp-json\/wp\/v2\/product_tag?post=4043"}],"curies":[{"name":"wp","href":"https:\/\/api.w.org\/{rel}","templated":true}]}}