{"id":4054,"date":"2024-07-02T10:55:15","date_gmt":"2024-07-02T08:55:15","guid":{"rendered":"https:\/\/jacarandajewelry.com\/producto\/conector-de-corazon-oro-corazon-pequeno-en-oro-de-18-kilates-y-plata\/"},"modified":"2026-02-18T12:03:57","modified_gmt":"2026-02-18T11:03:57","slug":"small-gold-heart-connector-or-jewelry-clicker-available-in-9k-18k-gold-and-silver","status":"publish","type":"product","link":"https:\/\/jacarandajewelry.com\/es\/producto\/small-gold-heart-connector-or-jewelry-clicker-available-in-9k-18k-gold-and-silver\/","title":{"rendered":"Conector de coraz\u00f3n peque\u00f1o en oro o clicker de joyer\u00eda disponible en oro de 9k, 18k y plata."},"content":{"rendered":"[vc_row type=\u00bbin_container\u00bb full_screen_row_position=\u00bbmiddle\u00bb column_margin=\u00bbdefault\u00bb column_direction=\u00bbdefault\u00bb column_direction_tablet=\u00bbdefault\u00bb column_direction_phone=\u00bbdefault\u00bb scene_position=\u00bbcenter\u00bb text_color=\u00bbdark\u00bb text_align=\u00bbleft\u00bb row_border_radius=\u00bbnone\u00bb row_border_radius_applies=\u00bbbg\u00bb overflow=\u00bbvisible\u00bb overlay_strength=\u00bb0.3&#8243; gradient_direction=\u00bbleft_to_right\u00bb shape_divider_position=\u00bbbottom\u00bb bg_image_animation=\u00bbnone\u00bb][vc_column column_padding=\u00bbno-extra-padding\u00bb column_padding_tablet=\u00bbinherit\u00bb column_padding_phone=\u00bbinherit\u00bb column_padding_position=\u00bball\u00bb column_element_direction_desktop=\u00bbdefault\u00bb column_element_spacing=\u00bbdefault\u00bb desktop_text_alignment=\u00bbdefault\u00bb tablet_text_alignment=\u00bbdefault\u00bb phone_text_alignment=\u00bbdefault\u00bb background_color_opacity=\u00bb1&#8243; background_hover_color_opacity=\u00bb1&#8243; column_backdrop_filter=\u00bbnone\u00bb column_shadow=\u00bbnone\u00bb column_border_radius=\u00bbnone\u00bb column_link_target=\u00bb_self\u00bb column_position=\u00bbdefault\u00bb gradient_direction=\u00bbleft_to_right\u00bb overlay_strength=\u00bb0.3&#8243; width=\u00bb1\/1&#8243; tablet_width_inherit=\u00bbdefault\u00bb animation_type=\u00bbdefault\u00bb bg_image_animation=\u00bbnone\u00bb border_type=\u00bbsimple\u00bb column_border_width=\u00bbnone\u00bb column_border_style=\u00bbsolid\u00bb][vc_column_text]\u00a1Presentamos nuestro adorable mini conector de coraz\u00f3n, la personificaci\u00f3n de la versatilidad y el encanto! Fabricada en tu elecci\u00f3n de oro de 9k o 18k y plata, esta encantadora pieza es perfecta para una gran variedad de aplicaciones. \u00dasalo como un portadijes resistente, ideal para colgar en cadenas o asegurar amuletos en una pulsera.<\/p>\n<p>Adem\u00e1s, puede servir como un sustituto elegante para un cierre en cadenas que no lo tengan, a la vez que se adapta perfectamente a los cierres de aquellas que s\u00ed lo tienen\u2014\u00a1lo que lo convierte en un accesorio ideal para cualquier pieza de joyer\u00eda! Adem\u00e1s, incluso puede transformarse en un pendiente \u00fanico.<\/p>\n<p>Con unas medidas aproximadas de 11 mm de altura y 1 mm de grosor, este mini conector de coraz\u00f3n es a la vez compacto y duradero, lo que lo convierte en una pieza imprescindible para tu colecci\u00f3n.<\/p>\n<p><em>\u00bfBuscas algo m\u00e1s grande? Tambi\u00e9n ofrecemos un conector de coraz\u00f3n de mayor tama\u00f1o en plata o en opciones ba\u00f1adas en oro. \u00a1No dudes en preguntarnos por \u00e9l! <\/em>[\/vc_column_text][\/vc_column][\/vc_row][vc_row type=\u00bbfull_width_content\u00bb full_screen_row_position=\u00bbmiddle\u00bb column_margin=\u00bbdefault\u00bb column_direction=\u00bbdefault\u00bb column_direction_tablet=\u00bbdefault\u00bb column_direction_phone=\u00bbdefault\u00bb scene_position=\u00bbcenter\u00bb top_padding=\u00bb5%\u00bb constrain_group_1=\u00bbyes\u00bb bottom_padding=\u00bb5%\u00bb text_color=\u00bbdark\u00bb text_align=\u00bbleft\u00bb row_border_radius=\u00bbnone\u00bb row_border_radius_applies=\u00bbbg\u00bb overflow=\u00bbvisible\u00bb overlay_strength=\u00bb0.3&#8243; gradient_direction=\u00bbleft_to_right\u00bb shape_divider_position=\u00bbbottom\u00bb bg_image_animation=\u00bbnone\u00bb gradient_type=\u00bbdefault\u00bb shape_type=\u00bb\u00bb][vc_column column_padding=\u00bbno-extra-padding\u00bb column_padding_tablet=\u00bbinherit\u00bb column_padding_phone=\u00bbinherit\u00bb column_padding_position=\u00bball\u00bb column_element_direction_desktop=\u00bbdefault\u00bb column_element_spacing=\u00bb0px\u00bb desktop_text_alignment=\u00bbdefault\u00bb tablet_text_alignment=\u00bbdefault\u00bb phone_text_alignment=\u00bbdefault\u00bb background_color_opacity=\u00bb1&#8243; background_hover_color_opacity=\u00bb1&#8243; column_backdrop_filter=\u00bbnone\u00bb column_shadow=\u00bbnone\u00bb column_border_radius=\u00bbnone\u00bb column_link_target=\u00bb_self\u00bb column_position=\u00bbdefault\u00bb gradient_direction=\u00bbleft_to_right\u00bb overlay_strength=\u00bb0.3&#8243; width=\u00bb1\/1&#8243; tablet_width_inherit=\u00bbdefault\u00bb animation_type=\u00bbdefault\u00bb bg_image_animation=\u00bbnone\u00bb border_type=\u00bbsimple\u00bb column_border_width=\u00bbnone\u00bb column_border_style=\u00bbsolid\u00bb column_padding_type=\u00bbdefault\u00bb gradient_type=\u00bbdefault\u00bb][testimonial_slider style=\u00bbmultiple_visible\u00bb color=\u00bbaccent-color-dark\u00bb slider_controls=\u00bbnext_prev_arrows\u00bb flickity_border_radius=\u00bb20px\u00bb enable_shadow=\u00bbtrue\u00bb custom_width_desktop=\u00bb40%\u00bb font_size_desktop=\u00bb1.3vw\u00bb font_line_height=\u00bb1.7&#8243; shadow=\u00bbhorizontal:22,vertical:20,blur:60,spread:0,opacity:0.575&#8243; custom_box_shadow=\u00bbhorizontal:40,vertical:60,blur:60,spread:-20,opacity:0.175&#8243; font_size_tablet=\u00bb16&#8243;][testimonial star_rating=\u00bbnone\u00bb title=\u00bbTestimonial\u00bb id=\u00bb1659387611525-8&#8243; name=\u00bbMichelle Price\u00bb quote=\u00bb\u00a1Es el conector de coraz\u00f3n PERFECTO! Bien hecho, asequible y de gran tama\u00f1o \ud83d\udc4d\ud83c\udffb<\/p>\n<p>\u00bb tab_id=\u00bb1659387611525-4&#8243;][testimonial star_rating=\u00bbnone\u00bb title=\u00bbTestimonial\u00bb id=\u00bb1659387611525-8&#8243; name=\u00bbstephanie Degioanni-Maymat\u00bb quote=\u00bbArt\u00edculo muy bonito. Alta calidad y env\u00edo r\u00e1pido. Gracias.<\/p>\n<p>\u00bb tab_id=\u00bb1659387611525-4&#8243;][testimonial star_rating=\u00bbnone\u00bb title=\u00bbTestimonial\u00bb id=\u00bb1659387611525-8&#8243; name=\u00bbCamilla Groth\u00bb quote=\u00bbPrecioso conector de oro macizo, bellamente empaquetado y con una excelente atenci\u00f3n al cliente. \u00a1Muy feliz!<br \/>\n\u00bb tab_id=\u00bb1659387611525-4&#8243;][testimonial image=\u00bb4541&#8243; star_rating=\u00bbnone\u00bb title=\u00bbTestimonial\u00bb id=\u00bb1659387611525-8&#8243; name=\u00bbSawsen Mahres\u00bb quote=\u00bbHermoso conector. Recomiendo esta tienda.<br \/>\n\u00bb tab_id=\u00bb1659387611525-4&#8243;][testimonial star_rating=\u00bbnone\u00bb title=\u00bbTestimonial\u00bb id=\u00bb1659387611525-8&#8243; name=\u00bbJen Chappellaz\u00bb quote=\u00bbMe encanta mi conector de coraz\u00f3n, \u00a1muchas gracias! \u2764\ufe0f \u00a1El empaquetado tambi\u00e9n es de lo m\u00e1s dulce!<br \/>\n\u00bb tab_id=\u00bb1659387611525-4&#8243;][testimonial star_rating=\u00bbnone\u00bb title=\u00bbTestimonial\u00bb id=\u00bb1659387611525-8&#8243; name=\u00bbAmanda Brooks\u00bb quote=\u00bb\u00a1Precioso conector peque\u00f1o! El cierre tambi\u00e9n parece muy resistente.<br \/>\n\u00bb tab_id=\u00bb1659387611525-4&#8243;][\/testimonial_slider][\/vc_column][\/vc_row]\n","protected":false},"excerpt":{"rendered":"<p>\u00a1Presentamos nuestro adorable miniconector de coraz\u00f3n, la personificaci\u00f3n de la versatilidad y el encanto! Fabricada en tu elecci\u00f3n de oro de 9k o 18k y plata, esta encantadora pieza es perfecta para una gran variedad de aplicaciones. \u00dasalo como un portadijes resistente, ideal para colgar en cadenas o para asegurar amuletos en una pulsera.<\/p>\n<p>Adem\u00e1s, puede servir como un sustituto elegante para un cierre en cadenas que no lo tengan, a la vez que se adapta perfectamente a los cierres de aquellas que s\u00ed lo tienen\u2014\u00a1lo que lo convierte en un accesorio ideal para cualquier pieza de joyer\u00eda! Adem\u00e1s, incluso se puede transformar en un pendiente \u00fanico.<\/p>\n","protected":false},"featured_media":3782,"comment_status":"open","ping_status":"closed","template":"","meta":[],"product_brand":[],"product_cat":[52,67],"product_tag":[],"class_list":{"0":"post-4054","1":"product","2":"type-product","3":"status-publish","4":"has-post-thumbnail","6":"product_cat-colgantes-y-conectores-es","7":"product_cat-colgantes-y-conectores-jacaranda","9":"first","10":"instock","11":"shipping-taxable","12":"purchasable","13":"product-type-variable"},"yoast_head":"<!-- This site is optimized with the Yoast SEO plugin v27.6 - https:\/\/yoast.com\/product\/yoast-seo-wordpress\/ -->\n<title>Conector de coraz\u00f3n peque\u00f1o en oro o clicker de joyer\u00eda disponible en oro de 9k, 18k y plata. - Jacaranda Jewelry<\/title>\n<meta name=\"description\" content=\"\u00a1Presentamos nuestro adorable miniconector de coraz\u00f3n, la personificaci\u00f3n de la versatilidad y el encanto! Fabricada en tu elecci\u00f3n de oro de 9k o 18k y plata, esta encantadora pieza es perfecta para una gran variedad de aplicaciones.\" \/>\n<meta name=\"robots\" content=\"index, follow, max-snippet:-1, max-image-preview:large, max-video-preview:-1\" \/>\n<link rel=\"canonical\" href=\"https:\/\/jacarandajewelry.com\/es\/producto\/small-gold-heart-connector-or-jewelry-clicker-available-in-9k-18k-gold-and-silver\/\" \/>\n<meta property=\"og:locale\" content=\"es_ES\" \/>\n<meta property=\"og:type\" content=\"article\" \/>\n<meta property=\"og:title\" content=\"Conector de coraz\u00f3n peque\u00f1o en oro o clicker de joyer\u00eda disponible en oro de 9k, 18k y plata. - Jacaranda Jewelry\" \/>\n<meta property=\"og:description\" content=\"\u00a1Presentamos nuestro adorable miniconector de coraz\u00f3n, la personificaci\u00f3n de la versatilidad y el encanto! Fabricada en tu elecci\u00f3n de oro de 9k o 18k y plata, esta encantadora pieza es perfecta para una gran variedad de aplicaciones.\" \/>\n<meta property=\"og:url\" content=\"https:\/\/jacarandajewelry.com\/es\/producto\/small-gold-heart-connector-or-jewelry-clicker-available-in-9k-18k-gold-and-silver\/\" \/>\n<meta property=\"og:site_name\" content=\"Jacaranda Jewelry\" \/>\n<meta property=\"article:modified_time\" content=\"2026-02-18T11:03:57+00:00\" \/>\n<meta property=\"og:image\" content=\"https:\/\/jacarandajewelry.com\/wp-content\/uploads\/2024\/07\/il_680x540.4539139916_98qj-e1751977279282.webp\" \/>\n\t<meta property=\"og:image:width\" content=\"680\" \/>\n\t<meta property=\"og:image:height\" content=\"540\" \/>\n\t<meta property=\"og:image:type\" content=\"image\/webp\" \/>\n<meta name=\"twitter:card\" content=\"summary_large_image\" \/>\n<meta name=\"twitter:label1\" content=\"Tiempo de lectura\" \/>\n\t<meta name=\"twitter:data1\" content=\"2 minutos\" \/>\n<script type=\"application\/ld+json\" class=\"yoast-schema-graph\">{\"@context\":\"https:\\\/\\\/schema.org\",\"@graph\":[{\"@type\":\"WebPage\",\"@id\":\"https:\\\/\\\/jacarandajewelry.com\\\/es\\\/producto\\\/small-gold-heart-connector-or-jewelry-clicker-available-in-9k-18k-gold-and-silver\\\/\",\"url\":\"https:\\\/\\\/jacarandajewelry.com\\\/es\\\/producto\\\/small-gold-heart-connector-or-jewelry-clicker-available-in-9k-18k-gold-and-silver\\\/\",\"name\":\"Conector de coraz\u00f3n peque\u00f1o en oro o clicker de joyer\u00eda disponible en oro de 9k, 18k y plata. - Jacaranda Jewelry\",\"isPartOf\":{\"@id\":\"https:\\\/\\\/jacarandajewelry.com\\\/es\\\/#website\"},\"primaryImageOfPage\":{\"@id\":\"https:\\\/\\\/jacarandajewelry.com\\\/es\\\/producto\\\/small-gold-heart-connector-or-jewelry-clicker-available-in-9k-18k-gold-and-silver\\\/#primaryimage\"},\"image\":{\"@id\":\"https:\\\/\\\/jacarandajewelry.com\\\/es\\\/producto\\\/small-gold-heart-connector-or-jewelry-clicker-available-in-9k-18k-gold-and-silver\\\/#primaryimage\"},\"thumbnailUrl\":\"https:\\\/\\\/jacarandajewelry.com\\\/wp-content\\\/uploads\\\/2024\\\/07\\\/il_680x540.4539139916_98qj-e1751977279282.webp\",\"datePublished\":\"2024-07-02T08:55:15+00:00\",\"dateModified\":\"2026-02-18T11:03:57+00:00\",\"description\":\"\u00a1Presentamos nuestro adorable miniconector de coraz\u00f3n, la personificaci\u00f3n de la versatilidad y el encanto! Fabricada en tu elecci\u00f3n de oro de 9k o 18k y plata, esta encantadora pieza es perfecta para una gran variedad de aplicaciones.\",\"breadcrumb\":{\"@id\":\"https:\\\/\\\/jacarandajewelry.com\\\/es\\\/producto\\\/small-gold-heart-connector-or-jewelry-clicker-available-in-9k-18k-gold-and-silver\\\/#breadcrumb\"},\"inLanguage\":\"es\",\"potentialAction\":[{\"@type\":\"ReadAction\",\"target\":[\"https:\\\/\\\/jacarandajewelry.com\\\/es\\\/producto\\\/small-gold-heart-connector-or-jewelry-clicker-available-in-9k-18k-gold-and-silver\\\/\"]}]},{\"@type\":\"ImageObject\",\"inLanguage\":\"es\",\"@id\":\"https:\\\/\\\/jacarandajewelry.com\\\/es\\\/producto\\\/small-gold-heart-connector-or-jewelry-clicker-available-in-9k-18k-gold-and-silver\\\/#primaryimage\",\"url\":\"https:\\\/\\\/jacarandajewelry.com\\\/wp-content\\\/uploads\\\/2024\\\/07\\\/il_680x540.4539139916_98qj-e1751977279282.webp\",\"contentUrl\":\"https:\\\/\\\/jacarandajewelry.com\\\/wp-content\\\/uploads\\\/2024\\\/07\\\/il_680x540.4539139916_98qj-e1751977279282.webp\",\"width\":680,\"height\":540},{\"@type\":\"BreadcrumbList\",\"@id\":\"https:\\\/\\\/jacarandajewelry.com\\\/es\\\/producto\\\/small-gold-heart-connector-or-jewelry-clicker-available-in-9k-18k-gold-and-silver\\\/#breadcrumb\",\"itemListElement\":[{\"@type\":\"ListItem\",\"position\":1,\"name\":\"Portada\",\"item\":\"https:\\\/\\\/jacarandajewelry.com\\\/es\\\/ecommerce-creative-home-page\\\/\"},{\"@type\":\"ListItem\",\"position\":2,\"name\":\"Tienda\",\"item\":\"https:\\\/\\\/jacarandajewelry.com\\\/es\\\/tienda\\\/\"},{\"@type\":\"ListItem\",\"position\":3,\"name\":\"Conector de coraz\u00f3n peque\u00f1o en oro o clicker de joyer\u00eda disponible en oro de 9k, 18k y plata.\"}]},{\"@type\":\"WebSite\",\"@id\":\"https:\\\/\\\/jacarandajewelry.com\\\/es\\\/#website\",\"url\":\"https:\\\/\\\/jacarandajewelry.com\\\/es\\\/\",\"name\":\"Jacaranda Jewelry\",\"description\":\"Tienda online de joyer\u00eda a medida y vintage\",\"potentialAction\":[{\"@type\":\"SearchAction\",\"target\":{\"@type\":\"EntryPoint\",\"urlTemplate\":\"https:\\\/\\\/jacarandajewelry.com\\\/es\\\/?s={search_term_string}\"},\"query-input\":{\"@type\":\"PropertyValueSpecification\",\"valueRequired\":true,\"valueName\":\"search_term_string\"}}],\"inLanguage\":\"es\"}]}<\/script>\n<!-- \/ Yoast SEO plugin. -->","yoast_head_json":{"title":"Conector de coraz\u00f3n peque\u00f1o en oro o clicker de joyer\u00eda disponible en oro de 9k, 18k y plata. - Jacaranda Jewelry","description":"\u00a1Presentamos nuestro adorable miniconector de coraz\u00f3n, la personificaci\u00f3n de la versatilidad y el encanto! Fabricada en tu elecci\u00f3n de oro de 9k o 18k y plata, esta encantadora pieza es perfecta para una gran variedad de aplicaciones.","robots":{"index":"index","follow":"follow","max-snippet":"max-snippet:-1","max-image-preview":"max-image-preview:large","max-video-preview":"max-video-preview:-1"},"canonical":"https:\/\/jacarandajewelry.com\/es\/producto\/small-gold-heart-connector-or-jewelry-clicker-available-in-9k-18k-gold-and-silver\/","og_locale":"es_ES","og_type":"article","og_title":"Conector de coraz\u00f3n peque\u00f1o en oro o clicker de joyer\u00eda disponible en oro de 9k, 18k y plata. - Jacaranda Jewelry","og_description":"\u00a1Presentamos nuestro adorable miniconector de coraz\u00f3n, la personificaci\u00f3n de la versatilidad y el encanto! Fabricada en tu elecci\u00f3n de oro de 9k o 18k y plata, esta encantadora pieza es perfecta para una gran variedad de aplicaciones.","og_url":"https:\/\/jacarandajewelry.com\/es\/producto\/small-gold-heart-connector-or-jewelry-clicker-available-in-9k-18k-gold-and-silver\/","og_site_name":"Jacaranda Jewelry","article_modified_time":"2026-02-18T11:03:57+00:00","og_image":[{"width":680,"height":540,"url":"https:\/\/jacarandajewelry.com\/wp-content\/uploads\/2024\/07\/il_680x540.4539139916_98qj-e1751977279282.webp","type":"image\/webp"}],"twitter_card":"summary_large_image","twitter_misc":{"Tiempo de lectura":"2 minutos"},"schema":{"@context":"https:\/\/schema.org","@graph":[{"@type":"WebPage","@id":"https:\/\/jacarandajewelry.com\/es\/producto\/small-gold-heart-connector-or-jewelry-clicker-available-in-9k-18k-gold-and-silver\/","url":"https:\/\/jacarandajewelry.com\/es\/producto\/small-gold-heart-connector-or-jewelry-clicker-available-in-9k-18k-gold-and-silver\/","name":"Conector de coraz\u00f3n peque\u00f1o en oro o clicker de joyer\u00eda disponible en oro de 9k, 18k y plata. - Jacaranda Jewelry","isPartOf":{"@id":"https:\/\/jacarandajewelry.com\/es\/#website"},"primaryImageOfPage":{"@id":"https:\/\/jacarandajewelry.com\/es\/producto\/small-gold-heart-connector-or-jewelry-clicker-available-in-9k-18k-gold-and-silver\/#primaryimage"},"image":{"@id":"https:\/\/jacarandajewelry.com\/es\/producto\/small-gold-heart-connector-or-jewelry-clicker-available-in-9k-18k-gold-and-silver\/#primaryimage"},"thumbnailUrl":"https:\/\/jacarandajewelry.com\/wp-content\/uploads\/2024\/07\/il_680x540.4539139916_98qj-e1751977279282.webp","datePublished":"2024-07-02T08:55:15+00:00","dateModified":"2026-02-18T11:03:57+00:00","description":"\u00a1Presentamos nuestro adorable miniconector de coraz\u00f3n, la personificaci\u00f3n de la versatilidad y el encanto! Fabricada en tu elecci\u00f3n de oro de 9k o 18k y plata, esta encantadora pieza es perfecta para una gran variedad de aplicaciones.","breadcrumb":{"@id":"https:\/\/jacarandajewelry.com\/es\/producto\/small-gold-heart-connector-or-jewelry-clicker-available-in-9k-18k-gold-and-silver\/#breadcrumb"},"inLanguage":"es","potentialAction":[{"@type":"ReadAction","target":["https:\/\/jacarandajewelry.com\/es\/producto\/small-gold-heart-connector-or-jewelry-clicker-available-in-9k-18k-gold-and-silver\/"]}]},{"@type":"ImageObject","inLanguage":"es","@id":"https:\/\/jacarandajewelry.com\/es\/producto\/small-gold-heart-connector-or-jewelry-clicker-available-in-9k-18k-gold-and-silver\/#primaryimage","url":"https:\/\/jacarandajewelry.com\/wp-content\/uploads\/2024\/07\/il_680x540.4539139916_98qj-e1751977279282.webp","contentUrl":"https:\/\/jacarandajewelry.com\/wp-content\/uploads\/2024\/07\/il_680x540.4539139916_98qj-e1751977279282.webp","width":680,"height":540},{"@type":"BreadcrumbList","@id":"https:\/\/jacarandajewelry.com\/es\/producto\/small-gold-heart-connector-or-jewelry-clicker-available-in-9k-18k-gold-and-silver\/#breadcrumb","itemListElement":[{"@type":"ListItem","position":1,"name":"Portada","item":"https:\/\/jacarandajewelry.com\/es\/ecommerce-creative-home-page\/"},{"@type":"ListItem","position":2,"name":"Tienda","item":"https:\/\/jacarandajewelry.com\/es\/tienda\/"},{"@type":"ListItem","position":3,"name":"Conector de coraz\u00f3n peque\u00f1o en oro o clicker de joyer\u00eda disponible en oro de 9k, 18k y plata."}]},{"@type":"WebSite","@id":"https:\/\/jacarandajewelry.com\/es\/#website","url":"https:\/\/jacarandajewelry.com\/es\/","name":"Jacaranda Jewelry","description":"Tienda online de joyer\u00eda a medida y vintage","potentialAction":[{"@type":"SearchAction","target":{"@type":"EntryPoint","urlTemplate":"https:\/\/jacarandajewelry.com\/es\/?s={search_term_string}"},"query-input":{"@type":"PropertyValueSpecification","valueRequired":true,"valueName":"search_term_string"}}],"inLanguage":"es"}]}},"_links":{"self":[{"href":"https:\/\/jacarandajewelry.com\/es\/wp-json\/wp\/v2\/product\/4054","targetHints":{"allow":["GET"]}}],"collection":[{"href":"https:\/\/jacarandajewelry.com\/es\/wp-json\/wp\/v2\/product"}],"about":[{"href":"https:\/\/jacarandajewelry.com\/es\/wp-json\/wp\/v2\/types\/product"}],"replies":[{"embeddable":true,"href":"https:\/\/jacarandajewelry.com\/es\/wp-json\/wp\/v2\/comments?post=4054"}],"wp:featuredmedia":[{"embeddable":true,"href":"https:\/\/jacarandajewelry.com\/es\/wp-json\/wp\/v2\/media\/3782"}],"wp:attachment":[{"href":"https:\/\/jacarandajewelry.com\/es\/wp-json\/wp\/v2\/media?parent=4054"}],"wp:term":[{"taxonomy":"product_brand","embeddable":true,"href":"https:\/\/jacarandajewelry.com\/es\/wp-json\/wp\/v2\/product_brand?post=4054"},{"taxonomy":"product_cat","embeddable":true,"href":"https:\/\/jacarandajewelry.com\/es\/wp-json\/wp\/v2\/product_cat?post=4054"},{"taxonomy":"product_tag","embeddable":true,"href":"https:\/\/jacarandajewelry.com\/es\/wp-json\/wp\/v2\/product_tag?post=4054"}],"curies":[{"name":"wp","href":"https:\/\/api.w.org\/{rel}","templated":true}]}}