{"id":4058,"date":"2024-07-02T10:47:08","date_gmt":"2024-07-02T08:47:08","guid":{"rendered":"https:\/\/jacarandajewelry.com\/producto\/anillo-corazon-esmaltado-en-colores-en-dos-tamanos\/"},"modified":"2026-02-16T16:55:39","modified_gmt":"2026-02-16T15:55:39","slug":"enameled-silver-and-gold-plated-heart-ring-regular-chunky-sizes-available-in-various-colors","status":"publish","type":"product","link":"https:\/\/jacarandajewelry.com\/es\/producto\/enameled-silver-and-gold-plated-heart-ring-regular-chunky-sizes-available-in-various-colors\/","title":{"rendered":"Anillo de Coraz\u00f3n en Plata Esmaltada y Ba\u00f1o de Oro \u2013 Tama\u00f1os Regular y Chunky Disponibles en Varios Colores"},"content":{"rendered":"<p>El dise\u00f1o original de estos alegres anillos fue creado mediante el m\u00e9todo tradicional de joyer\u00eda: el tallado en cera a mano. Existen miles de combinaciones diferentes para elegir entre las piedras y los colores del esmalte; \u00a1aqu\u00ed ver\u00e1s nuestras propias propuestas! Tienes la opci\u00f3n de darles un ba\u00f1o de oro de 22 quilates de alta calidad.  <\/p>\n<p>El esmaltado se realiza mediante un proceso individual para cada anillo, hecho totalmente a mano, por lo que cada pieza es \u00fanica y tiene sus propias caracter\u00edsticas.<\/p>\n<p>Aunque la mayor\u00eda de las veces enviamos nuestras joyas antes de lo previsto, te pedimos que tengas en cuenta el trabajo artesanal que conllevan y que permitas un plazo de 2 a 4 semanas para su creaci\u00f3n.<\/p>\n<p>Puedes indicarnos tu combinaci\u00f3n de colores favorita y tu talla en los comentarios una vez que hayas realizado tu compra. <\/p>\n<p>Este anillo vers\u00e1til, original y c\u00f3modo es perfecto para iluminar tu verano o a\u00f1adir un toque de color a tu armario de invierno.<\/p>\n","protected":false},"excerpt":{"rendered":"<p>Descubre nuestros anillos de coraz\u00f3n en plata esmaltada y ba\u00f1o de oro, disponibles en tama\u00f1os regular y chunky. Con infinitas combinaciones de colores y un dise\u00f1o \u00fanico, cada pieza se fabrica por encargo, garantizando un accesorio exclusivo y perfecto para cualquier estaci\u00f3n. <\/p>\n<p>El esmaltado se realiza mediante un proceso individual para cada anillo, hecho totalmente a mano, por lo que cada pieza es \u00fanica y tiene sus propias caracter\u00edsticas.<\/p>\n<p>Existen miles de combinaciones diferentes para elegir entre las piedras y los colores del esmalte; \u00a1aqu\u00ed ver\u00e1s nuestras propias propuestas! Tienes la opci\u00f3n de solicitar un ba\u00f1o de oro de 22 quilates de alta calidad. <\/p>\n","protected":false},"featured_media":3771,"comment_status":"open","ping_status":"closed","template":"","meta":[],"product_brand":[],"product_cat":[54,56],"product_tag":[],"class_list":{"0":"post-4058","1":"product","2":"type-product","3":"status-publish","4":"has-post-thumbnail","6":"product_cat-anillos-es","7":"product_cat-anillos-jacaranda","9":"first","10":"instock","11":"shipping-taxable","12":"purchasable","13":"product-type-variable"},"yoast_head":"<!-- This site is optimized with the Yoast SEO plugin v27.4 - https:\/\/yoast.com\/product\/yoast-seo-wordpress\/ -->\n<title>Anillo de Coraz\u00f3n en Plata Esmaltada y Ba\u00f1o de Oro \u2013 Tama\u00f1os Regular y Chunky Disponibles en Varios Colores - Jacaranda Jewelry<\/title>\n<meta name=\"description\" content=\"Descubre nuestro anillo de coraz\u00f3n en plata esmaltada y ba\u00f1o de oro, hecho a mano y disponible en tama\u00f1os regular y chunky. Con infinitas combinaciones de colores y un dise\u00f1o \u00fanico, cada pieza se fabrica por encargo, garantizando un accesorio exclusivo perfecto para cualquier temporada.\" \/>\n<meta name=\"robots\" content=\"index, follow, max-snippet:-1, max-image-preview:large, max-video-preview:-1\" \/>\n<link rel=\"canonical\" href=\"https:\/\/jacarandajewelry.com\/es\/producto\/enameled-silver-and-gold-plated-heart-ring-regular-chunky-sizes-available-in-various-colors\/\" \/>\n<meta property=\"og:locale\" content=\"es_ES\" \/>\n<meta property=\"og:type\" content=\"article\" \/>\n<meta property=\"og:title\" content=\"Anillo de Coraz\u00f3n en Plata Esmaltada y Ba\u00f1o de Oro \u2013 Tama\u00f1os Regular y Chunky Disponibles en Varios Colores - Jacaranda Jewelry\" \/>\n<meta property=\"og:description\" content=\"Descubre nuestro anillo de coraz\u00f3n en plata esmaltada y ba\u00f1o de oro, hecho a mano y disponible en tama\u00f1os regular y chunky. Con infinitas combinaciones de colores y un dise\u00f1o \u00fanico, cada pieza se fabrica por encargo, garantizando un accesorio exclusivo perfecto para cualquier temporada.\" \/>\n<meta property=\"og:url\" content=\"https:\/\/jacarandajewelry.com\/es\/producto\/enameled-silver-and-gold-plated-heart-ring-regular-chunky-sizes-available-in-various-colors\/\" \/>\n<meta property=\"og:site_name\" content=\"Jacaranda Jewelry\" \/>\n<meta property=\"article:modified_time\" content=\"2026-02-16T15:55:39+00:00\" \/>\n<meta property=\"og:image\" content=\"https:\/\/jacarandajewelry.com\/wp-content\/uploads\/2024\/07\/il_1140xN.4969815527_rl7g.webp\" \/>\n\t<meta property=\"og:image:width\" content=\"1140\" \/>\n\t<meta property=\"og:image:height\" content=\"1520\" \/>\n\t<meta property=\"og:image:type\" content=\"image\/webp\" \/>\n<meta name=\"twitter:card\" content=\"summary_large_image\" \/>\n<meta name=\"twitter:label1\" content=\"Tiempo de lectura\" \/>\n\t<meta name=\"twitter:data1\" content=\"1 minuto\" \/>\n<script type=\"application\/ld+json\" class=\"yoast-schema-graph\">{\"@context\":\"https:\\\/\\\/schema.org\",\"@graph\":[{\"@type\":\"WebPage\",\"@id\":\"https:\\\/\\\/jacarandajewelry.com\\\/es\\\/producto\\\/enameled-silver-and-gold-plated-heart-ring-regular-chunky-sizes-available-in-various-colors\\\/\",\"url\":\"https:\\\/\\\/jacarandajewelry.com\\\/es\\\/producto\\\/enameled-silver-and-gold-plated-heart-ring-regular-chunky-sizes-available-in-various-colors\\\/\",\"name\":\"Anillo de Coraz\u00f3n en Plata Esmaltada y Ba\u00f1o de Oro \u2013 Tama\u00f1os Regular y Chunky Disponibles en Varios Colores - Jacaranda Jewelry\",\"isPartOf\":{\"@id\":\"https:\\\/\\\/jacarandajewelry.com\\\/es\\\/#website\"},\"primaryImageOfPage\":{\"@id\":\"https:\\\/\\\/jacarandajewelry.com\\\/es\\\/producto\\\/enameled-silver-and-gold-plated-heart-ring-regular-chunky-sizes-available-in-various-colors\\\/#primaryimage\"},\"image\":{\"@id\":\"https:\\\/\\\/jacarandajewelry.com\\\/es\\\/producto\\\/enameled-silver-and-gold-plated-heart-ring-regular-chunky-sizes-available-in-various-colors\\\/#primaryimage\"},\"thumbnailUrl\":\"https:\\\/\\\/jacarandajewelry.com\\\/wp-content\\\/uploads\\\/2024\\\/07\\\/il_1140xN.4969815527_rl7g.webp\",\"datePublished\":\"2024-07-02T08:47:08+00:00\",\"dateModified\":\"2026-02-16T15:55:39+00:00\",\"description\":\"Descubre nuestro anillo de coraz\u00f3n en plata esmaltada y ba\u00f1o de oro, hecho a mano y disponible en tama\u00f1os regular y chunky. Con infinitas combinaciones de colores y un dise\u00f1o \u00fanico, cada pieza se fabrica por encargo, garantizando un accesorio exclusivo perfecto para cualquier temporada.\",\"breadcrumb\":{\"@id\":\"https:\\\/\\\/jacarandajewelry.com\\\/es\\\/producto\\\/enameled-silver-and-gold-plated-heart-ring-regular-chunky-sizes-available-in-various-colors\\\/#breadcrumb\"},\"inLanguage\":\"es\",\"potentialAction\":[{\"@type\":\"ReadAction\",\"target\":[\"https:\\\/\\\/jacarandajewelry.com\\\/es\\\/producto\\\/enameled-silver-and-gold-plated-heart-ring-regular-chunky-sizes-available-in-various-colors\\\/\"]}]},{\"@type\":\"ImageObject\",\"inLanguage\":\"es\",\"@id\":\"https:\\\/\\\/jacarandajewelry.com\\\/es\\\/producto\\\/enameled-silver-and-gold-plated-heart-ring-regular-chunky-sizes-available-in-various-colors\\\/#primaryimage\",\"url\":\"https:\\\/\\\/jacarandajewelry.com\\\/wp-content\\\/uploads\\\/2024\\\/07\\\/il_1140xN.4969815527_rl7g.webp\",\"contentUrl\":\"https:\\\/\\\/jacarandajewelry.com\\\/wp-content\\\/uploads\\\/2024\\\/07\\\/il_1140xN.4969815527_rl7g.webp\",\"width\":1140,\"height\":1520},{\"@type\":\"BreadcrumbList\",\"@id\":\"https:\\\/\\\/jacarandajewelry.com\\\/es\\\/producto\\\/enameled-silver-and-gold-plated-heart-ring-regular-chunky-sizes-available-in-various-colors\\\/#breadcrumb\",\"itemListElement\":[{\"@type\":\"ListItem\",\"position\":1,\"name\":\"Portada\",\"item\":\"https:\\\/\\\/jacarandajewelry.com\\\/es\\\/ecommerce-creative-home-page\\\/\"},{\"@type\":\"ListItem\",\"position\":2,\"name\":\"Tienda\",\"item\":\"https:\\\/\\\/jacarandajewelry.com\\\/es\\\/tienda\\\/\"},{\"@type\":\"ListItem\",\"position\":3,\"name\":\"Anillo de Coraz\u00f3n en Plata Esmaltada y Ba\u00f1o de Oro \u2013 Tama\u00f1os Regular y Chunky Disponibles en Varios Colores\"}]},{\"@type\":\"WebSite\",\"@id\":\"https:\\\/\\\/jacarandajewelry.com\\\/es\\\/#website\",\"url\":\"https:\\\/\\\/jacarandajewelry.com\\\/es\\\/\",\"name\":\"Jacaranda Jewelry\",\"description\":\"Tienda online de joyer\u00eda a medida y vintage\",\"potentialAction\":[{\"@type\":\"SearchAction\",\"target\":{\"@type\":\"EntryPoint\",\"urlTemplate\":\"https:\\\/\\\/jacarandajewelry.com\\\/es\\\/?s={search_term_string}\"},\"query-input\":{\"@type\":\"PropertyValueSpecification\",\"valueRequired\":true,\"valueName\":\"search_term_string\"}}],\"inLanguage\":\"es\"}]}<\/script>\n<!-- \/ Yoast SEO plugin. -->","yoast_head_json":{"title":"Anillo de Coraz\u00f3n en Plata Esmaltada y Ba\u00f1o de Oro \u2013 Tama\u00f1os Regular y Chunky Disponibles en Varios Colores - Jacaranda Jewelry","description":"Descubre nuestro anillo de coraz\u00f3n en plata esmaltada y ba\u00f1o de oro, hecho a mano y disponible en tama\u00f1os regular y chunky. Con infinitas combinaciones de colores y un dise\u00f1o \u00fanico, cada pieza se fabrica por encargo, garantizando un accesorio exclusivo perfecto para cualquier temporada.","robots":{"index":"index","follow":"follow","max-snippet":"max-snippet:-1","max-image-preview":"max-image-preview:large","max-video-preview":"max-video-preview:-1"},"canonical":"https:\/\/jacarandajewelry.com\/es\/producto\/enameled-silver-and-gold-plated-heart-ring-regular-chunky-sizes-available-in-various-colors\/","og_locale":"es_ES","og_type":"article","og_title":"Anillo de Coraz\u00f3n en Plata Esmaltada y Ba\u00f1o de Oro \u2013 Tama\u00f1os Regular y Chunky Disponibles en Varios Colores - Jacaranda Jewelry","og_description":"Descubre nuestro anillo de coraz\u00f3n en plata esmaltada y ba\u00f1o de oro, hecho a mano y disponible en tama\u00f1os regular y chunky. Con infinitas combinaciones de colores y un dise\u00f1o \u00fanico, cada pieza se fabrica por encargo, garantizando un accesorio exclusivo perfecto para cualquier temporada.","og_url":"https:\/\/jacarandajewelry.com\/es\/producto\/enameled-silver-and-gold-plated-heart-ring-regular-chunky-sizes-available-in-various-colors\/","og_site_name":"Jacaranda Jewelry","article_modified_time":"2026-02-16T15:55:39+00:00","og_image":[{"width":1140,"height":1520,"url":"https:\/\/jacarandajewelry.com\/wp-content\/uploads\/2024\/07\/il_1140xN.4969815527_rl7g.webp","type":"image\/webp"}],"twitter_card":"summary_large_image","twitter_misc":{"Tiempo de lectura":"1 minuto"},"schema":{"@context":"https:\/\/schema.org","@graph":[{"@type":"WebPage","@id":"https:\/\/jacarandajewelry.com\/es\/producto\/enameled-silver-and-gold-plated-heart-ring-regular-chunky-sizes-available-in-various-colors\/","url":"https:\/\/jacarandajewelry.com\/es\/producto\/enameled-silver-and-gold-plated-heart-ring-regular-chunky-sizes-available-in-various-colors\/","name":"Anillo de Coraz\u00f3n en Plata Esmaltada y Ba\u00f1o de Oro \u2013 Tama\u00f1os Regular y Chunky Disponibles en Varios Colores - Jacaranda Jewelry","isPartOf":{"@id":"https:\/\/jacarandajewelry.com\/es\/#website"},"primaryImageOfPage":{"@id":"https:\/\/jacarandajewelry.com\/es\/producto\/enameled-silver-and-gold-plated-heart-ring-regular-chunky-sizes-available-in-various-colors\/#primaryimage"},"image":{"@id":"https:\/\/jacarandajewelry.com\/es\/producto\/enameled-silver-and-gold-plated-heart-ring-regular-chunky-sizes-available-in-various-colors\/#primaryimage"},"thumbnailUrl":"https:\/\/jacarandajewelry.com\/wp-content\/uploads\/2024\/07\/il_1140xN.4969815527_rl7g.webp","datePublished":"2024-07-02T08:47:08+00:00","dateModified":"2026-02-16T15:55:39+00:00","description":"Descubre nuestro anillo de coraz\u00f3n en plata esmaltada y ba\u00f1o de oro, hecho a mano y disponible en tama\u00f1os regular y chunky. Con infinitas combinaciones de colores y un dise\u00f1o \u00fanico, cada pieza se fabrica por encargo, garantizando un accesorio exclusivo perfecto para cualquier temporada.","breadcrumb":{"@id":"https:\/\/jacarandajewelry.com\/es\/producto\/enameled-silver-and-gold-plated-heart-ring-regular-chunky-sizes-available-in-various-colors\/#breadcrumb"},"inLanguage":"es","potentialAction":[{"@type":"ReadAction","target":["https:\/\/jacarandajewelry.com\/es\/producto\/enameled-silver-and-gold-plated-heart-ring-regular-chunky-sizes-available-in-various-colors\/"]}]},{"@type":"ImageObject","inLanguage":"es","@id":"https:\/\/jacarandajewelry.com\/es\/producto\/enameled-silver-and-gold-plated-heart-ring-regular-chunky-sizes-available-in-various-colors\/#primaryimage","url":"https:\/\/jacarandajewelry.com\/wp-content\/uploads\/2024\/07\/il_1140xN.4969815527_rl7g.webp","contentUrl":"https:\/\/jacarandajewelry.com\/wp-content\/uploads\/2024\/07\/il_1140xN.4969815527_rl7g.webp","width":1140,"height":1520},{"@type":"BreadcrumbList","@id":"https:\/\/jacarandajewelry.com\/es\/producto\/enameled-silver-and-gold-plated-heart-ring-regular-chunky-sizes-available-in-various-colors\/#breadcrumb","itemListElement":[{"@type":"ListItem","position":1,"name":"Portada","item":"https:\/\/jacarandajewelry.com\/es\/ecommerce-creative-home-page\/"},{"@type":"ListItem","position":2,"name":"Tienda","item":"https:\/\/jacarandajewelry.com\/es\/tienda\/"},{"@type":"ListItem","position":3,"name":"Anillo de Coraz\u00f3n en Plata Esmaltada y Ba\u00f1o de Oro \u2013 Tama\u00f1os Regular y Chunky Disponibles en Varios Colores"}]},{"@type":"WebSite","@id":"https:\/\/jacarandajewelry.com\/es\/#website","url":"https:\/\/jacarandajewelry.com\/es\/","name":"Jacaranda Jewelry","description":"Tienda online de joyer\u00eda a medida y vintage","potentialAction":[{"@type":"SearchAction","target":{"@type":"EntryPoint","urlTemplate":"https:\/\/jacarandajewelry.com\/es\/?s={search_term_string}"},"query-input":{"@type":"PropertyValueSpecification","valueRequired":true,"valueName":"search_term_string"}}],"inLanguage":"es"}]}},"_links":{"self":[{"href":"https:\/\/jacarandajewelry.com\/es\/wp-json\/wp\/v2\/product\/4058","targetHints":{"allow":["GET"]}}],"collection":[{"href":"https:\/\/jacarandajewelry.com\/es\/wp-json\/wp\/v2\/product"}],"about":[{"href":"https:\/\/jacarandajewelry.com\/es\/wp-json\/wp\/v2\/types\/product"}],"replies":[{"embeddable":true,"href":"https:\/\/jacarandajewelry.com\/es\/wp-json\/wp\/v2\/comments?post=4058"}],"wp:featuredmedia":[{"embeddable":true,"href":"https:\/\/jacarandajewelry.com\/es\/wp-json\/wp\/v2\/media\/3771"}],"wp:attachment":[{"href":"https:\/\/jacarandajewelry.com\/es\/wp-json\/wp\/v2\/media?parent=4058"}],"wp:term":[{"taxonomy":"product_brand","embeddable":true,"href":"https:\/\/jacarandajewelry.com\/es\/wp-json\/wp\/v2\/product_brand?post=4058"},{"taxonomy":"product_cat","embeddable":true,"href":"https:\/\/jacarandajewelry.com\/es\/wp-json\/wp\/v2\/product_cat?post=4058"},{"taxonomy":"product_tag","embeddable":true,"href":"https:\/\/jacarandajewelry.com\/es\/wp-json\/wp\/v2\/product_tag?post=4058"}],"curies":[{"name":"wp","href":"https:\/\/api.w.org\/{rel}","templated":true}]}}