{"id":4063,"date":"2024-07-02T10:37:37","date_gmt":"2024-07-02T08:37:37","guid":{"rendered":"https:\/\/jacarandajewelry.com\/producto\/joyeria-de-animales-anillo-de-leon-disponible-en-plata-oro-de-18k-y-chapado-en-oro-de-alta-calidad\/"},"modified":"2026-02-16T17:04:13","modified_gmt":"2026-02-16T16:04:13","slug":"lion-ring-animal-jewelry-available-in-sterling-silver-18k-gold-and-high-quality-gold-plating","status":"publish","type":"product","link":"https:\/\/jacarandajewelry.com\/es\/producto\/lion-ring-animal-jewelry-available-in-sterling-silver-18k-gold-and-high-quality-gold-plating\/","title":{"rendered":"Anillo de Le\u00f3n \u2013 Joyer\u00eda Animal disponible en Plata de Ley, Oro de 18k y Ba\u00f1o de Oro de Alta Calidad"},"content":{"rendered":"<p>Presentamos nuestro anillo de le\u00f3n de cobertura total, disponible en plata de ley, oro de 18k y ba\u00f1o de oro de alta calidad. Esta impresionante pieza destaca por su presencia y luce espectacular tanto si se usa sola como combinada con otros anillos para crear un estilo \u00fanico. Su dise\u00f1o de inspiraci\u00f3n vintage presume de un detalle exquisito.  <\/p>\n<p>El anillo es macizo, con un peso aproximado de 11 gramos en plata, y un peso superior en oro.<\/p>\n<p>Simb\u00f3licamente, los leones representan majestuosidad, coraje, poder, fuerza, protecci\u00f3n, familia y sabidur\u00eda, lo que convierte a este anillo en el accesorio de poder definitivo.<\/p>\n<p>Por favor, ind\u00edcanos tu talla al finalizar la compra. Ten en cuenta que las tallas m\u00e1s grandes pueden tener un coste adicional. \u00a1Gracias!  <\/p>\n","protected":false},"excerpt":{"rendered":"<p>Presentamos nuestro anillo de le\u00f3n de cobertura total, disponible en plata de ley, oro de 18k y ba\u00f1o de oro de alta calidad. Esta impresionante pieza destaca por su presencia y luce espectacular tanto si se usa sola como combinada con otros anillos para crear un estilo \u00fanico. Su dise\u00f1o de inspiraci\u00f3n vintage presume de un detalle exquisito.  <\/p>\n<p>Simb\u00f3licamente, los leones representan majestuosidad, coraje, poder, fuerza, protecci\u00f3n, familia y sabidur\u00eda, lo que convierte a este anillo en el accesorio de poder definitivo.<\/p>\n","protected":false},"featured_media":3757,"comment_status":"open","ping_status":"closed","template":"","meta":[],"product_brand":[],"product_cat":[54,56],"product_tag":[],"class_list":{"0":"post-4063","1":"product","2":"type-product","3":"status-publish","4":"has-post-thumbnail","6":"product_cat-anillos-es","7":"product_cat-anillos-jacaranda","9":"first","10":"instock","11":"shipping-taxable","12":"purchasable","13":"product-type-variable"},"yoast_head":"<!-- This site is optimized with the Yoast SEO plugin v27.4 - https:\/\/yoast.com\/product\/yoast-seo-wordpress\/ -->\n<title>Anillo de Le\u00f3n \u2013 Joyer\u00eda Animal disponible en Plata de Ley, Oro de 18k y Ba\u00f1o de Oro de Alta Calidad - Jacaranda Jewelry<\/title>\n<meta name=\"description\" content=\"Presentamos nuestro anillo de le\u00f3n de cobertura total, disponible en plata de ley, oro de 18k y ba\u00f1o de oro de alta calidad. Esta impresionante pieza destaca por su presencia y luce espectacular tanto si se usa sola como combinada con otros anillos para crear un estilo \u00fanico. Su dise\u00f1o de inspiraci\u00f3n vintage presume de un detalle exquisito.\" \/>\n<meta name=\"robots\" content=\"index, follow, max-snippet:-1, max-image-preview:large, max-video-preview:-1\" \/>\n<link rel=\"canonical\" href=\"https:\/\/jacarandajewelry.com\/es\/producto\/lion-ring-animal-jewelry-available-in-sterling-silver-18k-gold-and-high-quality-gold-plating\/\" \/>\n<meta property=\"og:locale\" content=\"es_ES\" \/>\n<meta property=\"og:type\" content=\"article\" \/>\n<meta property=\"og:title\" content=\"Anillo de Le\u00f3n \u2013 Joyer\u00eda Animal disponible en Plata de Ley, Oro de 18k y Ba\u00f1o de Oro de Alta Calidad - Jacaranda Jewelry\" \/>\n<meta property=\"og:description\" content=\"Presentamos nuestro anillo de le\u00f3n de cobertura total, disponible en plata de ley, oro de 18k y ba\u00f1o de oro de alta calidad. Esta impresionante pieza destaca por su presencia y luce espectacular tanto si se usa sola como combinada con otros anillos para crear un estilo \u00fanico. Su dise\u00f1o de inspiraci\u00f3n vintage presume de un detalle exquisito.\" \/>\n<meta property=\"og:url\" content=\"https:\/\/jacarandajewelry.com\/es\/producto\/lion-ring-animal-jewelry-available-in-sterling-silver-18k-gold-and-high-quality-gold-plating\/\" \/>\n<meta property=\"og:site_name\" content=\"Jacaranda Jewelry\" \/>\n<meta property=\"article:modified_time\" content=\"2026-02-16T16:04:13+00:00\" \/>\n<meta property=\"og:image\" content=\"https:\/\/jacarandajewelry.com\/wp-content\/uploads\/2024\/07\/il_1140xN.4623407681_1f9y.webp\" \/>\n\t<meta property=\"og:image:width\" content=\"1140\" \/>\n\t<meta property=\"og:image:height\" content=\"760\" \/>\n\t<meta property=\"og:image:type\" content=\"image\/webp\" \/>\n<meta name=\"twitter:card\" content=\"summary_large_image\" \/>\n<meta name=\"twitter:label1\" content=\"Tiempo de lectura\" \/>\n\t<meta name=\"twitter:data1\" content=\"1 minuto\" \/>\n<script type=\"application\/ld+json\" class=\"yoast-schema-graph\">{\"@context\":\"https:\\\/\\\/schema.org\",\"@graph\":[{\"@type\":\"WebPage\",\"@id\":\"https:\\\/\\\/jacarandajewelry.com\\\/es\\\/producto\\\/lion-ring-animal-jewelry-available-in-sterling-silver-18k-gold-and-high-quality-gold-plating\\\/\",\"url\":\"https:\\\/\\\/jacarandajewelry.com\\\/es\\\/producto\\\/lion-ring-animal-jewelry-available-in-sterling-silver-18k-gold-and-high-quality-gold-plating\\\/\",\"name\":\"Anillo de Le\u00f3n \u2013 Joyer\u00eda Animal disponible en Plata de Ley, Oro de 18k y Ba\u00f1o de Oro de Alta Calidad - Jacaranda Jewelry\",\"isPartOf\":{\"@id\":\"https:\\\/\\\/jacarandajewelry.com\\\/es\\\/#website\"},\"primaryImageOfPage\":{\"@id\":\"https:\\\/\\\/jacarandajewelry.com\\\/es\\\/producto\\\/lion-ring-animal-jewelry-available-in-sterling-silver-18k-gold-and-high-quality-gold-plating\\\/#primaryimage\"},\"image\":{\"@id\":\"https:\\\/\\\/jacarandajewelry.com\\\/es\\\/producto\\\/lion-ring-animal-jewelry-available-in-sterling-silver-18k-gold-and-high-quality-gold-plating\\\/#primaryimage\"},\"thumbnailUrl\":\"https:\\\/\\\/jacarandajewelry.com\\\/wp-content\\\/uploads\\\/2024\\\/07\\\/il_1140xN.4623407681_1f9y.webp\",\"datePublished\":\"2024-07-02T08:37:37+00:00\",\"dateModified\":\"2026-02-16T16:04:13+00:00\",\"description\":\"Presentamos nuestro anillo de le\u00f3n de cobertura total, disponible en plata de ley, oro de 18k y ba\u00f1o de oro de alta calidad. Esta impresionante pieza destaca por su presencia y luce espectacular tanto si se usa sola como combinada con otros anillos para crear un estilo \u00fanico. Su dise\u00f1o de inspiraci\u00f3n vintage presume de un detalle exquisito.\",\"breadcrumb\":{\"@id\":\"https:\\\/\\\/jacarandajewelry.com\\\/es\\\/producto\\\/lion-ring-animal-jewelry-available-in-sterling-silver-18k-gold-and-high-quality-gold-plating\\\/#breadcrumb\"},\"inLanguage\":\"es\",\"potentialAction\":[{\"@type\":\"ReadAction\",\"target\":[\"https:\\\/\\\/jacarandajewelry.com\\\/es\\\/producto\\\/lion-ring-animal-jewelry-available-in-sterling-silver-18k-gold-and-high-quality-gold-plating\\\/\"]}]},{\"@type\":\"ImageObject\",\"inLanguage\":\"es\",\"@id\":\"https:\\\/\\\/jacarandajewelry.com\\\/es\\\/producto\\\/lion-ring-animal-jewelry-available-in-sterling-silver-18k-gold-and-high-quality-gold-plating\\\/#primaryimage\",\"url\":\"https:\\\/\\\/jacarandajewelry.com\\\/wp-content\\\/uploads\\\/2024\\\/07\\\/il_1140xN.4623407681_1f9y.webp\",\"contentUrl\":\"https:\\\/\\\/jacarandajewelry.com\\\/wp-content\\\/uploads\\\/2024\\\/07\\\/il_1140xN.4623407681_1f9y.webp\",\"width\":1140,\"height\":760},{\"@type\":\"BreadcrumbList\",\"@id\":\"https:\\\/\\\/jacarandajewelry.com\\\/es\\\/producto\\\/lion-ring-animal-jewelry-available-in-sterling-silver-18k-gold-and-high-quality-gold-plating\\\/#breadcrumb\",\"itemListElement\":[{\"@type\":\"ListItem\",\"position\":1,\"name\":\"Portada\",\"item\":\"https:\\\/\\\/jacarandajewelry.com\\\/es\\\/ecommerce-creative-home-page\\\/\"},{\"@type\":\"ListItem\",\"position\":2,\"name\":\"Tienda\",\"item\":\"https:\\\/\\\/jacarandajewelry.com\\\/es\\\/tienda\\\/\"},{\"@type\":\"ListItem\",\"position\":3,\"name\":\"Anillo de Le\u00f3n \u2013 Joyer\u00eda Animal disponible en Plata de Ley, Oro de 18k y Ba\u00f1o de Oro de Alta Calidad\"}]},{\"@type\":\"WebSite\",\"@id\":\"https:\\\/\\\/jacarandajewelry.com\\\/es\\\/#website\",\"url\":\"https:\\\/\\\/jacarandajewelry.com\\\/es\\\/\",\"name\":\"Jacaranda Jewelry\",\"description\":\"Tienda online de joyer\u00eda a medida y vintage\",\"potentialAction\":[{\"@type\":\"SearchAction\",\"target\":{\"@type\":\"EntryPoint\",\"urlTemplate\":\"https:\\\/\\\/jacarandajewelry.com\\\/es\\\/?s={search_term_string}\"},\"query-input\":{\"@type\":\"PropertyValueSpecification\",\"valueRequired\":true,\"valueName\":\"search_term_string\"}}],\"inLanguage\":\"es\"}]}<\/script>\n<!-- \/ Yoast SEO plugin. -->","yoast_head_json":{"title":"Anillo de Le\u00f3n \u2013 Joyer\u00eda Animal disponible en Plata de Ley, Oro de 18k y Ba\u00f1o de Oro de Alta Calidad - Jacaranda Jewelry","description":"Presentamos nuestro anillo de le\u00f3n de cobertura total, disponible en plata de ley, oro de 18k y ba\u00f1o de oro de alta calidad. Esta impresionante pieza destaca por su presencia y luce espectacular tanto si se usa sola como combinada con otros anillos para crear un estilo \u00fanico. Su dise\u00f1o de inspiraci\u00f3n vintage presume de un detalle exquisito.","robots":{"index":"index","follow":"follow","max-snippet":"max-snippet:-1","max-image-preview":"max-image-preview:large","max-video-preview":"max-video-preview:-1"},"canonical":"https:\/\/jacarandajewelry.com\/es\/producto\/lion-ring-animal-jewelry-available-in-sterling-silver-18k-gold-and-high-quality-gold-plating\/","og_locale":"es_ES","og_type":"article","og_title":"Anillo de Le\u00f3n \u2013 Joyer\u00eda Animal disponible en Plata de Ley, Oro de 18k y Ba\u00f1o de Oro de Alta Calidad - Jacaranda Jewelry","og_description":"Presentamos nuestro anillo de le\u00f3n de cobertura total, disponible en plata de ley, oro de 18k y ba\u00f1o de oro de alta calidad. Esta impresionante pieza destaca por su presencia y luce espectacular tanto si se usa sola como combinada con otros anillos para crear un estilo \u00fanico. Su dise\u00f1o de inspiraci\u00f3n vintage presume de un detalle exquisito.","og_url":"https:\/\/jacarandajewelry.com\/es\/producto\/lion-ring-animal-jewelry-available-in-sterling-silver-18k-gold-and-high-quality-gold-plating\/","og_site_name":"Jacaranda Jewelry","article_modified_time":"2026-02-16T16:04:13+00:00","og_image":[{"width":1140,"height":760,"url":"https:\/\/jacarandajewelry.com\/wp-content\/uploads\/2024\/07\/il_1140xN.4623407681_1f9y.webp","type":"image\/webp"}],"twitter_card":"summary_large_image","twitter_misc":{"Tiempo de lectura":"1 minuto"},"schema":{"@context":"https:\/\/schema.org","@graph":[{"@type":"WebPage","@id":"https:\/\/jacarandajewelry.com\/es\/producto\/lion-ring-animal-jewelry-available-in-sterling-silver-18k-gold-and-high-quality-gold-plating\/","url":"https:\/\/jacarandajewelry.com\/es\/producto\/lion-ring-animal-jewelry-available-in-sterling-silver-18k-gold-and-high-quality-gold-plating\/","name":"Anillo de Le\u00f3n \u2013 Joyer\u00eda Animal disponible en Plata de Ley, Oro de 18k y Ba\u00f1o de Oro de Alta Calidad - Jacaranda Jewelry","isPartOf":{"@id":"https:\/\/jacarandajewelry.com\/es\/#website"},"primaryImageOfPage":{"@id":"https:\/\/jacarandajewelry.com\/es\/producto\/lion-ring-animal-jewelry-available-in-sterling-silver-18k-gold-and-high-quality-gold-plating\/#primaryimage"},"image":{"@id":"https:\/\/jacarandajewelry.com\/es\/producto\/lion-ring-animal-jewelry-available-in-sterling-silver-18k-gold-and-high-quality-gold-plating\/#primaryimage"},"thumbnailUrl":"https:\/\/jacarandajewelry.com\/wp-content\/uploads\/2024\/07\/il_1140xN.4623407681_1f9y.webp","datePublished":"2024-07-02T08:37:37+00:00","dateModified":"2026-02-16T16:04:13+00:00","description":"Presentamos nuestro anillo de le\u00f3n de cobertura total, disponible en plata de ley, oro de 18k y ba\u00f1o de oro de alta calidad. Esta impresionante pieza destaca por su presencia y luce espectacular tanto si se usa sola como combinada con otros anillos para crear un estilo \u00fanico. Su dise\u00f1o de inspiraci\u00f3n vintage presume de un detalle exquisito.","breadcrumb":{"@id":"https:\/\/jacarandajewelry.com\/es\/producto\/lion-ring-animal-jewelry-available-in-sterling-silver-18k-gold-and-high-quality-gold-plating\/#breadcrumb"},"inLanguage":"es","potentialAction":[{"@type":"ReadAction","target":["https:\/\/jacarandajewelry.com\/es\/producto\/lion-ring-animal-jewelry-available-in-sterling-silver-18k-gold-and-high-quality-gold-plating\/"]}]},{"@type":"ImageObject","inLanguage":"es","@id":"https:\/\/jacarandajewelry.com\/es\/producto\/lion-ring-animal-jewelry-available-in-sterling-silver-18k-gold-and-high-quality-gold-plating\/#primaryimage","url":"https:\/\/jacarandajewelry.com\/wp-content\/uploads\/2024\/07\/il_1140xN.4623407681_1f9y.webp","contentUrl":"https:\/\/jacarandajewelry.com\/wp-content\/uploads\/2024\/07\/il_1140xN.4623407681_1f9y.webp","width":1140,"height":760},{"@type":"BreadcrumbList","@id":"https:\/\/jacarandajewelry.com\/es\/producto\/lion-ring-animal-jewelry-available-in-sterling-silver-18k-gold-and-high-quality-gold-plating\/#breadcrumb","itemListElement":[{"@type":"ListItem","position":1,"name":"Portada","item":"https:\/\/jacarandajewelry.com\/es\/ecommerce-creative-home-page\/"},{"@type":"ListItem","position":2,"name":"Tienda","item":"https:\/\/jacarandajewelry.com\/es\/tienda\/"},{"@type":"ListItem","position":3,"name":"Anillo de Le\u00f3n \u2013 Joyer\u00eda Animal disponible en Plata de Ley, Oro de 18k y Ba\u00f1o de Oro de Alta Calidad"}]},{"@type":"WebSite","@id":"https:\/\/jacarandajewelry.com\/es\/#website","url":"https:\/\/jacarandajewelry.com\/es\/","name":"Jacaranda Jewelry","description":"Tienda online de joyer\u00eda a medida y vintage","potentialAction":[{"@type":"SearchAction","target":{"@type":"EntryPoint","urlTemplate":"https:\/\/jacarandajewelry.com\/es\/?s={search_term_string}"},"query-input":{"@type":"PropertyValueSpecification","valueRequired":true,"valueName":"search_term_string"}}],"inLanguage":"es"}]}},"_links":{"self":[{"href":"https:\/\/jacarandajewelry.com\/es\/wp-json\/wp\/v2\/product\/4063","targetHints":{"allow":["GET"]}}],"collection":[{"href":"https:\/\/jacarandajewelry.com\/es\/wp-json\/wp\/v2\/product"}],"about":[{"href":"https:\/\/jacarandajewelry.com\/es\/wp-json\/wp\/v2\/types\/product"}],"replies":[{"embeddable":true,"href":"https:\/\/jacarandajewelry.com\/es\/wp-json\/wp\/v2\/comments?post=4063"}],"wp:featuredmedia":[{"embeddable":true,"href":"https:\/\/jacarandajewelry.com\/es\/wp-json\/wp\/v2\/media\/3757"}],"wp:attachment":[{"href":"https:\/\/jacarandajewelry.com\/es\/wp-json\/wp\/v2\/media?parent=4063"}],"wp:term":[{"taxonomy":"product_brand","embeddable":true,"href":"https:\/\/jacarandajewelry.com\/es\/wp-json\/wp\/v2\/product_brand?post=4063"},{"taxonomy":"product_cat","embeddable":true,"href":"https:\/\/jacarandajewelry.com\/es\/wp-json\/wp\/v2\/product_cat?post=4063"},{"taxonomy":"product_tag","embeddable":true,"href":"https:\/\/jacarandajewelry.com\/es\/wp-json\/wp\/v2\/product_tag?post=4063"}],"curies":[{"name":"wp","href":"https:\/\/api.w.org\/{rel}","templated":true}]}}