{"id":4068,"date":"2024-07-02T10:04:31","date_gmt":"2024-07-02T08:04:31","guid":{"rendered":"https:\/\/jacarandajewelry.com\/producto\/anillo-inspiracion-vintage-solitario-hecho-en-oro-de-18k-y-plata\/"},"modified":"2026-02-18T12:08:19","modified_gmt":"2026-02-18T11:08:19","slug":"vintage-inspired-solitaire-ring-with-mixed-metal-design","status":"publish","type":"product","link":"https:\/\/jacarandajewelry.com\/es\/producto\/vintage-inspired-solitaire-ring-with-mixed-metal-design\/","title":{"rendered":"Anillo Solitario de Estilo Vintage con Dise\u00f1o de Metales Combinados"},"content":{"rendered":"<p data-path-to-node=\"0\">Este impresionante anillo solitario est\u00e1 elaborado con oro amarillo de 18k en la parte superior y plata rodeando tu dedo, presentando un dise\u00f1o de inspiraci\u00f3n vintage que emana elegancia y distinci\u00f3n.<\/p>\n<p data-path-to-node=\"1\">La combinaci\u00f3n \u00fanica de metales crea un aspecto distintivo que contrasta bellamente con la piedra de circ\u00f3n redonda. El engaste protege la piedra, manteni\u00e9ndola brillante y asegurando su durabilidad.<\/p>\n<p data-path-to-node=\"2\">Por favor, ind\u00edcanos tu talla y cualquier comentario al finalizar la compra.<\/p>\n<ul data-path-to-node=\"3\">\n<li>\n<p data-path-to-node=\"3,0,0\">Es tambi\u00e9n una opci\u00f3n magn\u00edfica como anillo de compromiso. Si prefieres utilizar oro blanco en lugar de plata, h\u00e1znoslo saber.<\/p>\n<\/li>\n<li>\n<p data-path-to-node=\"3,1,0\">Ten en cuenta que solo la parte de oro pesa alrededor de <b data-path-to-node=\"3,1,0\" data-index-in-node=\"57\">5.7 &#8211; 5.9 gramos<\/b>, lo que representa una cantidad generosa de oro utilizada en el anillo.<\/p>\n<\/li>\n<\/ul>\n","protected":false},"excerpt":{"rendered":"<p>Este impresionante anillo solitario est\u00e1 elaborado con oro amarillo de 18k en la parte superior y plata rodeando tu dedo, presentando un dise\u00f1o de inspiraci\u00f3n vintage que emana elegancia y distinci\u00f3n.<\/p>\n","protected":false},"featured_media":3737,"comment_status":"open","ping_status":"closed","template":"","meta":[],"product_brand":[],"product_cat":[54,56],"product_tag":[],"class_list":{"0":"post-4068","1":"product","2":"type-product","3":"status-publish","4":"has-post-thumbnail","6":"product_cat-anillos-es","7":"product_cat-anillos-jacaranda","9":"first","10":"instock","11":"shipping-taxable","12":"purchasable","13":"product-type-variable"},"yoast_head":"<!-- This site is optimized with the Yoast SEO plugin v27.4 - https:\/\/yoast.com\/product\/yoast-seo-wordpress\/ -->\n<title>Anillo Solitario de Estilo Vintage con Dise\u00f1o de Metales Combinados - Jacaranda Jewelry<\/title>\n<meta name=\"description\" content=\"Este impresionante anillo solitario est\u00e1 elaborado con oro amarillo de 18k en la parte superior y plata rodeando tu dedo, presentando un dise\u00f1o de inspiraci\u00f3n vintage que emana elegancia y distinci\u00f3n.\" \/>\n<meta name=\"robots\" content=\"index, follow, max-snippet:-1, max-image-preview:large, max-video-preview:-1\" \/>\n<link rel=\"canonical\" href=\"https:\/\/jacarandajewelry.com\/es\/producto\/vintage-inspired-solitaire-ring-with-mixed-metal-design\/\" \/>\n<meta property=\"og:locale\" content=\"es_ES\" \/>\n<meta property=\"og:type\" content=\"article\" \/>\n<meta property=\"og:title\" content=\"Anillo Solitario de Estilo Vintage con Dise\u00f1o de Metales Combinados - Jacaranda Jewelry\" \/>\n<meta property=\"og:description\" content=\"Este impresionante anillo solitario est\u00e1 elaborado con oro amarillo de 18k en la parte superior y plata rodeando tu dedo, presentando un dise\u00f1o de inspiraci\u00f3n vintage que emana elegancia y distinci\u00f3n.\" \/>\n<meta property=\"og:url\" content=\"https:\/\/jacarandajewelry.com\/es\/producto\/vintage-inspired-solitaire-ring-with-mixed-metal-design\/\" \/>\n<meta property=\"og:site_name\" content=\"Jacaranda Jewelry\" \/>\n<meta property=\"article:modified_time\" content=\"2026-02-18T11:08:19+00:00\" \/>\n<meta property=\"og:image\" content=\"https:\/\/jacarandajewelry.com\/wp-content\/uploads\/2024\/07\/il_1140xN.4690920035_m1x7.jpg\" \/>\n\t<meta property=\"og:image:width\" content=\"1140\" \/>\n\t<meta property=\"og:image:height\" content=\"1520\" \/>\n\t<meta property=\"og:image:type\" content=\"image\/jpeg\" \/>\n<meta name=\"twitter:card\" content=\"summary_large_image\" \/>\n<meta name=\"twitter:label1\" content=\"Tiempo de lectura\" \/>\n\t<meta name=\"twitter:data1\" content=\"1 minuto\" \/>\n<script type=\"application\/ld+json\" class=\"yoast-schema-graph\">{\"@context\":\"https:\\\/\\\/schema.org\",\"@graph\":[{\"@type\":\"WebPage\",\"@id\":\"https:\\\/\\\/jacarandajewelry.com\\\/es\\\/producto\\\/vintage-inspired-solitaire-ring-with-mixed-metal-design\\\/\",\"url\":\"https:\\\/\\\/jacarandajewelry.com\\\/es\\\/producto\\\/vintage-inspired-solitaire-ring-with-mixed-metal-design\\\/\",\"name\":\"Anillo Solitario de Estilo Vintage con Dise\u00f1o de Metales Combinados - Jacaranda Jewelry\",\"isPartOf\":{\"@id\":\"https:\\\/\\\/jacarandajewelry.com\\\/es\\\/#website\"},\"primaryImageOfPage\":{\"@id\":\"https:\\\/\\\/jacarandajewelry.com\\\/es\\\/producto\\\/vintage-inspired-solitaire-ring-with-mixed-metal-design\\\/#primaryimage\"},\"image\":{\"@id\":\"https:\\\/\\\/jacarandajewelry.com\\\/es\\\/producto\\\/vintage-inspired-solitaire-ring-with-mixed-metal-design\\\/#primaryimage\"},\"thumbnailUrl\":\"https:\\\/\\\/jacarandajewelry.com\\\/wp-content\\\/uploads\\\/2024\\\/07\\\/il_1140xN.4690920035_m1x7.jpg\",\"datePublished\":\"2024-07-02T08:04:31+00:00\",\"dateModified\":\"2026-02-18T11:08:19+00:00\",\"description\":\"Este impresionante anillo solitario est\u00e1 elaborado con oro amarillo de 18k en la parte superior y plata rodeando tu dedo, presentando un dise\u00f1o de inspiraci\u00f3n vintage que emana elegancia y distinci\u00f3n.\",\"breadcrumb\":{\"@id\":\"https:\\\/\\\/jacarandajewelry.com\\\/es\\\/producto\\\/vintage-inspired-solitaire-ring-with-mixed-metal-design\\\/#breadcrumb\"},\"inLanguage\":\"es\",\"potentialAction\":[{\"@type\":\"ReadAction\",\"target\":[\"https:\\\/\\\/jacarandajewelry.com\\\/es\\\/producto\\\/vintage-inspired-solitaire-ring-with-mixed-metal-design\\\/\"]}]},{\"@type\":\"ImageObject\",\"inLanguage\":\"es\",\"@id\":\"https:\\\/\\\/jacarandajewelry.com\\\/es\\\/producto\\\/vintage-inspired-solitaire-ring-with-mixed-metal-design\\\/#primaryimage\",\"url\":\"https:\\\/\\\/jacarandajewelry.com\\\/wp-content\\\/uploads\\\/2024\\\/07\\\/il_1140xN.4690920035_m1x7.jpg\",\"contentUrl\":\"https:\\\/\\\/jacarandajewelry.com\\\/wp-content\\\/uploads\\\/2024\\\/07\\\/il_1140xN.4690920035_m1x7.jpg\",\"width\":1140,\"height\":1520},{\"@type\":\"BreadcrumbList\",\"@id\":\"https:\\\/\\\/jacarandajewelry.com\\\/es\\\/producto\\\/vintage-inspired-solitaire-ring-with-mixed-metal-design\\\/#breadcrumb\",\"itemListElement\":[{\"@type\":\"ListItem\",\"position\":1,\"name\":\"Portada\",\"item\":\"https:\\\/\\\/jacarandajewelry.com\\\/es\\\/ecommerce-creative-home-page\\\/\"},{\"@type\":\"ListItem\",\"position\":2,\"name\":\"Tienda\",\"item\":\"https:\\\/\\\/jacarandajewelry.com\\\/es\\\/tienda\\\/\"},{\"@type\":\"ListItem\",\"position\":3,\"name\":\"Anillo Solitario de Estilo Vintage con Dise\u00f1o de Metales Combinados\"}]},{\"@type\":\"WebSite\",\"@id\":\"https:\\\/\\\/jacarandajewelry.com\\\/es\\\/#website\",\"url\":\"https:\\\/\\\/jacarandajewelry.com\\\/es\\\/\",\"name\":\"Jacaranda Jewelry\",\"description\":\"Tienda online de joyer\u00eda a medida y vintage\",\"potentialAction\":[{\"@type\":\"SearchAction\",\"target\":{\"@type\":\"EntryPoint\",\"urlTemplate\":\"https:\\\/\\\/jacarandajewelry.com\\\/es\\\/?s={search_term_string}\"},\"query-input\":{\"@type\":\"PropertyValueSpecification\",\"valueRequired\":true,\"valueName\":\"search_term_string\"}}],\"inLanguage\":\"es\"}]}<\/script>\n<!-- \/ Yoast SEO plugin. -->","yoast_head_json":{"title":"Anillo Solitario de Estilo Vintage con Dise\u00f1o de Metales Combinados - Jacaranda Jewelry","description":"Este impresionante anillo solitario est\u00e1 elaborado con oro amarillo de 18k en la parte superior y plata rodeando tu dedo, presentando un dise\u00f1o de inspiraci\u00f3n vintage que emana elegancia y distinci\u00f3n.","robots":{"index":"index","follow":"follow","max-snippet":"max-snippet:-1","max-image-preview":"max-image-preview:large","max-video-preview":"max-video-preview:-1"},"canonical":"https:\/\/jacarandajewelry.com\/es\/producto\/vintage-inspired-solitaire-ring-with-mixed-metal-design\/","og_locale":"es_ES","og_type":"article","og_title":"Anillo Solitario de Estilo Vintage con Dise\u00f1o de Metales Combinados - Jacaranda Jewelry","og_description":"Este impresionante anillo solitario est\u00e1 elaborado con oro amarillo de 18k en la parte superior y plata rodeando tu dedo, presentando un dise\u00f1o de inspiraci\u00f3n vintage que emana elegancia y distinci\u00f3n.","og_url":"https:\/\/jacarandajewelry.com\/es\/producto\/vintage-inspired-solitaire-ring-with-mixed-metal-design\/","og_site_name":"Jacaranda Jewelry","article_modified_time":"2026-02-18T11:08:19+00:00","og_image":[{"width":1140,"height":1520,"url":"https:\/\/jacarandajewelry.com\/wp-content\/uploads\/2024\/07\/il_1140xN.4690920035_m1x7.jpg","type":"image\/jpeg"}],"twitter_card":"summary_large_image","twitter_misc":{"Tiempo de lectura":"1 minuto"},"schema":{"@context":"https:\/\/schema.org","@graph":[{"@type":"WebPage","@id":"https:\/\/jacarandajewelry.com\/es\/producto\/vintage-inspired-solitaire-ring-with-mixed-metal-design\/","url":"https:\/\/jacarandajewelry.com\/es\/producto\/vintage-inspired-solitaire-ring-with-mixed-metal-design\/","name":"Anillo Solitario de Estilo Vintage con Dise\u00f1o de Metales Combinados - Jacaranda Jewelry","isPartOf":{"@id":"https:\/\/jacarandajewelry.com\/es\/#website"},"primaryImageOfPage":{"@id":"https:\/\/jacarandajewelry.com\/es\/producto\/vintage-inspired-solitaire-ring-with-mixed-metal-design\/#primaryimage"},"image":{"@id":"https:\/\/jacarandajewelry.com\/es\/producto\/vintage-inspired-solitaire-ring-with-mixed-metal-design\/#primaryimage"},"thumbnailUrl":"https:\/\/jacarandajewelry.com\/wp-content\/uploads\/2024\/07\/il_1140xN.4690920035_m1x7.jpg","datePublished":"2024-07-02T08:04:31+00:00","dateModified":"2026-02-18T11:08:19+00:00","description":"Este impresionante anillo solitario est\u00e1 elaborado con oro amarillo de 18k en la parte superior y plata rodeando tu dedo, presentando un dise\u00f1o de inspiraci\u00f3n vintage que emana elegancia y distinci\u00f3n.","breadcrumb":{"@id":"https:\/\/jacarandajewelry.com\/es\/producto\/vintage-inspired-solitaire-ring-with-mixed-metal-design\/#breadcrumb"},"inLanguage":"es","potentialAction":[{"@type":"ReadAction","target":["https:\/\/jacarandajewelry.com\/es\/producto\/vintage-inspired-solitaire-ring-with-mixed-metal-design\/"]}]},{"@type":"ImageObject","inLanguage":"es","@id":"https:\/\/jacarandajewelry.com\/es\/producto\/vintage-inspired-solitaire-ring-with-mixed-metal-design\/#primaryimage","url":"https:\/\/jacarandajewelry.com\/wp-content\/uploads\/2024\/07\/il_1140xN.4690920035_m1x7.jpg","contentUrl":"https:\/\/jacarandajewelry.com\/wp-content\/uploads\/2024\/07\/il_1140xN.4690920035_m1x7.jpg","width":1140,"height":1520},{"@type":"BreadcrumbList","@id":"https:\/\/jacarandajewelry.com\/es\/producto\/vintage-inspired-solitaire-ring-with-mixed-metal-design\/#breadcrumb","itemListElement":[{"@type":"ListItem","position":1,"name":"Portada","item":"https:\/\/jacarandajewelry.com\/es\/ecommerce-creative-home-page\/"},{"@type":"ListItem","position":2,"name":"Tienda","item":"https:\/\/jacarandajewelry.com\/es\/tienda\/"},{"@type":"ListItem","position":3,"name":"Anillo Solitario de Estilo Vintage con Dise\u00f1o de Metales Combinados"}]},{"@type":"WebSite","@id":"https:\/\/jacarandajewelry.com\/es\/#website","url":"https:\/\/jacarandajewelry.com\/es\/","name":"Jacaranda Jewelry","description":"Tienda online de joyer\u00eda a medida y vintage","potentialAction":[{"@type":"SearchAction","target":{"@type":"EntryPoint","urlTemplate":"https:\/\/jacarandajewelry.com\/es\/?s={search_term_string}"},"query-input":{"@type":"PropertyValueSpecification","valueRequired":true,"valueName":"search_term_string"}}],"inLanguage":"es"}]}},"_links":{"self":[{"href":"https:\/\/jacarandajewelry.com\/es\/wp-json\/wp\/v2\/product\/4068","targetHints":{"allow":["GET"]}}],"collection":[{"href":"https:\/\/jacarandajewelry.com\/es\/wp-json\/wp\/v2\/product"}],"about":[{"href":"https:\/\/jacarandajewelry.com\/es\/wp-json\/wp\/v2\/types\/product"}],"replies":[{"embeddable":true,"href":"https:\/\/jacarandajewelry.com\/es\/wp-json\/wp\/v2\/comments?post=4068"}],"wp:featuredmedia":[{"embeddable":true,"href":"https:\/\/jacarandajewelry.com\/es\/wp-json\/wp\/v2\/media\/3737"}],"wp:attachment":[{"href":"https:\/\/jacarandajewelry.com\/es\/wp-json\/wp\/v2\/media?parent=4068"}],"wp:term":[{"taxonomy":"product_brand","embeddable":true,"href":"https:\/\/jacarandajewelry.com\/es\/wp-json\/wp\/v2\/product_brand?post=4068"},{"taxonomy":"product_cat","embeddable":true,"href":"https:\/\/jacarandajewelry.com\/es\/wp-json\/wp\/v2\/product_cat?post=4068"},{"taxonomy":"product_tag","embeddable":true,"href":"https:\/\/jacarandajewelry.com\/es\/wp-json\/wp\/v2\/product_tag?post=4068"}],"curies":[{"name":"wp","href":"https:\/\/api.w.org\/{rel}","templated":true}]}}