{"id":4072,"date":"2024-07-01T19:09:06","date_gmt":"2024-07-01T17:09:06","guid":{"rendered":"https:\/\/jacarandajewelry.com\/producto\/precioso-anillo-de-corazon-de-oro-macizo-o-plata-con-piedra-de-su-eleccion\/"},"modified":"2026-02-16T15:11:42","modified_gmt":"2026-02-16T14:11:42","slug":"precioso-anillo-de-corazon-en-oro-macizo-o-plata-con-la-piedra-que-elijas","status":"publish","type":"product","link":"https:\/\/jacarandajewelry.com\/es\/producto\/precioso-anillo-de-corazon-en-oro-macizo-o-plata-con-la-piedra-que-elijas\/","title":{"rendered":"Precioso anillo de coraz\u00f3n en oro macizo o plata con la piedra que elijas"},"content":{"rendered":"[vc_row type=\u00bbin_container\u00bb full_screen_row_position=\u00bbmiddle\u00bb column_margin=\u00bbdefault\u00bb column_direction=\u00bbdefault\u00bb column_direction_tablet=\u00bbdefault\u00bb column_direction_phone=\u00bbdefault\u00bb scene_position=\u00bbcenter\u00bb text_color=\u00bbdark\u00bb text_align=\u00bbleft\u00bb row_border_radius=\u00bbnone\u00bb row_border_radius_applies=\u00bbbg\u00bb overflow=\u00bbvisible\u00bb overlay_strength=\u00bb0.3&#8243; gradient_direction=\u00bbleft_to_right\u00bb shape_divider_position=\u00bbbottom\u00bb bg_image_animation=\u00bbnone\u00bb][vc_column column_padding=\u00bbno-extra-padding\u00bb column_padding_tablet=\u00bbinherit\u00bb column_padding_phone=\u00bbinherit\u00bb column_padding_position=\u00bball\u00bb column_element_direction_desktop=\u00bbdefault\u00bb column_element_spacing=\u00bbdefault\u00bb desktop_text_alignment=\u00bbdefault\u00bb tablet_text_alignment=\u00bbdefault\u00bb phone_text_alignment=\u00bbdefault\u00bb background_color_opacity=\u00bb1&#8243; background_hover_color_opacity=\u00bb1&#8243; column_backdrop_filter=\u00bbnone\u00bb column_shadow=\u00bbnone\u00bb column_border_radius=\u00bbnone\u00bb column_link_target=\u00bb_self\u00bb column_position=\u00bbdefault\u00bb gradient_direction=\u00bbleft_to_right\u00bb overlay_strength=\u00bb0.3&#8243; width=\u00bb1\/1&#8243; tablet_width_inherit=\u00bbdefault\u00bb animation_type=\u00bbdefault\u00bb bg_image_animation=\u00bbnone\u00bb border_type=\u00bbsimple\u00bb column_border_width=\u00bbnone\u00bb column_border_style=\u00bbsolid\u00bb][vc_column_text css=\u00bb\u00bb text_direction=\u00bbdefault\u00bb]\n<p data-path-to-node=\"2\">Descubre nuestro impresionante anillo de coraz\u00f3n de oro, disponible en oro macizo de 9k o 18k, plata, o plata ba\u00f1ada en oro. \u00a1Elige tu color de piedra preciosa favorito para hacerlo \u00fanicamente tuyo! Ofrecemos una amplia selecci\u00f3n de piedras preciosas tanto naturales como cultivadas en laboratorio en una variedad de colores. Si\u00e9ntete libre de preguntar sobre tus preferencias.<\/p>\n<p data-path-to-node=\"3\">Nuestras piedras cultivadas en laboratorio de alta calidad est\u00e1n disponibles en casi cualquier color, mientras que nuestras ofertas de piedras preciosas naturales incluyen peridoto, topacio azul, topacio london blue, amatista, aguamarina, \u00f3palo, citrino, granate rojo, turmalina y muchas m\u00e1s. Para realizar tu pedido, por favor especifica el color de piedra deseado y la talla de anillo en los comentarios al pagar, o cont\u00e1ctanos v\u00eda mensaje para asistencia.<\/p>\n<p data-path-to-node=\"4\"><b data-path-to-node=\"4\" data-index-in-node=\"0\">Notas Importantes:<\/b><\/p>\n<ul data-path-to-node=\"5\">\n<li>\n<p data-path-to-node=\"5,0,0\">Ciertas piedras preciosas, como la esmeralda y la aguamarina, pueden incurrir en un incremento de precio.<\/p>\n<\/li>\n<li>\n<p data-path-to-node=\"5,1,0\">Para tallas 8 y superiores, por favor ten en cuenta que un ajuste en el precio ser\u00e1 necesario.<\/p>\n<\/li>\n<li>\n<p data-path-to-node=\"5,2,0\">Tambi\u00e9n ofrecemos la opci\u00f3n de grabar estrellas de diamante talladas a mano en los lados por un adicional de 120 \u20ac. Puedes ver un ejemplo en el anillo de coraz\u00f3n de \u00f3palo en las im\u00e1genes.<\/p>\n<\/li>\n<\/ul>\n<p data-path-to-node=\"6\">Este hermoso anillo presenta un dise\u00f1o \u00fanico elaborado con materiales de alta calidad, haci\u00e9ndolo una pieza atemporal que puedes apreciar y transmitir por generaciones. \u00a1Se ve fant\u00e1stico en cualquier dedo!<\/p>\n<p data-path-to-node=\"7\">Para muchas m\u00e1s fotos y v\u00eddeos, s\u00edguenos en Instagram @jacarandajewelrybyjimena. \u00a1Gracias por considerar nuestra joyer\u00eda!<\/p>\n[\/vc_column_text][\/vc_column][\/vc_row]\n","protected":false},"excerpt":{"rendered":"<p data-path-to-node=\"1\"><b data-path-to-node=\"1\" data-index-in-node=\"0\">Descubre nuestro impresionante anillo de coraz\u00f3n de oro, disponible en oro macizo de 9k o 18k, plata, o plata ba\u00f1ada en oro. \u00a1Elige tu color de piedra preciosa favorito para hacerlo \u00fanicamente tuyo! Ofrecemos una amplia selecci\u00f3n de piedras preciosas tanto naturales como cultivadas en laboratorio en una variedad de colores. Si\u00e9ntete libre de preguntar sobre tus preferencias.<\/b><\/p>\n","protected":false},"featured_media":3714,"comment_status":"open","ping_status":"closed","template":"","meta":[],"product_brand":[],"product_cat":[54,56],"product_tag":[],"class_list":{"0":"post-4072","1":"product","2":"type-product","3":"status-publish","4":"has-post-thumbnail","6":"product_cat-anillos-es","7":"product_cat-anillos-jacaranda","9":"first","10":"instock","11":"shipping-taxable","12":"purchasable","13":"product-type-variable"},"yoast_head":"<!-- This site is optimized with the Yoast SEO plugin v27.4 - https:\/\/yoast.com\/product\/yoast-seo-wordpress\/ -->\n<title>Precioso anillo de coraz\u00f3n en oro macizo o plata con la piedra que elijas - Jacaranda Jewelry<\/title>\n<meta name=\"description\" content=\"Precioso anillo de coraz\u00f3n en oro macizo o plata con la piedra que elijas\" \/>\n<meta name=\"robots\" content=\"index, follow, max-snippet:-1, max-image-preview:large, max-video-preview:-1\" \/>\n<link rel=\"canonical\" href=\"https:\/\/jacarandajewelry.com\/es\/producto\/precioso-anillo-de-corazon-en-oro-macizo-o-plata-con-la-piedra-que-elijas\/\" \/>\n<meta property=\"og:locale\" content=\"es_ES\" \/>\n<meta property=\"og:type\" content=\"article\" \/>\n<meta property=\"og:title\" content=\"Precioso anillo de coraz\u00f3n en oro macizo o plata con la piedra que elijas - Jacaranda Jewelry\" \/>\n<meta property=\"og:description\" content=\"Precioso anillo de coraz\u00f3n en oro macizo o plata con la piedra que elijas\" \/>\n<meta property=\"og:url\" content=\"https:\/\/jacarandajewelry.com\/es\/producto\/precioso-anillo-de-corazon-en-oro-macizo-o-plata-con-la-piedra-que-elijas\/\" \/>\n<meta property=\"og:site_name\" content=\"Jacaranda Jewelry\" \/>\n<meta property=\"article:modified_time\" content=\"2026-02-16T14:11:42+00:00\" \/>\n<meta property=\"og:image\" content=\"https:\/\/jacarandajewelry.com\/wp-content\/uploads\/2024\/07\/il_1140xN.4642689588_3yvg-e1751533623810.jpg\" \/>\n\t<meta property=\"og:image:width\" content=\"1140\" \/>\n\t<meta property=\"og:image:height\" content=\"1520\" \/>\n\t<meta property=\"og:image:type\" content=\"image\/jpeg\" \/>\n<meta name=\"twitter:card\" content=\"summary_large_image\" \/>\n<meta name=\"twitter:label1\" content=\"Tiempo de lectura\" \/>\n\t<meta name=\"twitter:data1\" content=\"2 minutos\" \/>\n<script type=\"application\/ld+json\" class=\"yoast-schema-graph\">{\"@context\":\"https:\\\/\\\/schema.org\",\"@graph\":[{\"@type\":\"WebPage\",\"@id\":\"https:\\\/\\\/jacarandajewelry.com\\\/es\\\/producto\\\/precioso-anillo-de-corazon-en-oro-macizo-o-plata-con-la-piedra-que-elijas\\\/\",\"url\":\"https:\\\/\\\/jacarandajewelry.com\\\/es\\\/producto\\\/precioso-anillo-de-corazon-en-oro-macizo-o-plata-con-la-piedra-que-elijas\\\/\",\"name\":\"Precioso anillo de coraz\u00f3n en oro macizo o plata con la piedra que elijas - Jacaranda Jewelry\",\"isPartOf\":{\"@id\":\"https:\\\/\\\/jacarandajewelry.com\\\/es\\\/#website\"},\"primaryImageOfPage\":{\"@id\":\"https:\\\/\\\/jacarandajewelry.com\\\/es\\\/producto\\\/precioso-anillo-de-corazon-en-oro-macizo-o-plata-con-la-piedra-que-elijas\\\/#primaryimage\"},\"image\":{\"@id\":\"https:\\\/\\\/jacarandajewelry.com\\\/es\\\/producto\\\/precioso-anillo-de-corazon-en-oro-macizo-o-plata-con-la-piedra-que-elijas\\\/#primaryimage\"},\"thumbnailUrl\":\"https:\\\/\\\/jacarandajewelry.com\\\/wp-content\\\/uploads\\\/2024\\\/07\\\/il_1140xN.4642689588_3yvg-e1751533623810.jpg\",\"datePublished\":\"2024-07-01T17:09:06+00:00\",\"dateModified\":\"2026-02-16T14:11:42+00:00\",\"description\":\"Precioso anillo de coraz\u00f3n en oro macizo o plata con la piedra que elijas\",\"breadcrumb\":{\"@id\":\"https:\\\/\\\/jacarandajewelry.com\\\/es\\\/producto\\\/precioso-anillo-de-corazon-en-oro-macizo-o-plata-con-la-piedra-que-elijas\\\/#breadcrumb\"},\"inLanguage\":\"es\",\"potentialAction\":[{\"@type\":\"ReadAction\",\"target\":[\"https:\\\/\\\/jacarandajewelry.com\\\/es\\\/producto\\\/precioso-anillo-de-corazon-en-oro-macizo-o-plata-con-la-piedra-que-elijas\\\/\"]}]},{\"@type\":\"ImageObject\",\"inLanguage\":\"es\",\"@id\":\"https:\\\/\\\/jacarandajewelry.com\\\/es\\\/producto\\\/precioso-anillo-de-corazon-en-oro-macizo-o-plata-con-la-piedra-que-elijas\\\/#primaryimage\",\"url\":\"https:\\\/\\\/jacarandajewelry.com\\\/wp-content\\\/uploads\\\/2024\\\/07\\\/il_1140xN.4642689588_3yvg-e1751533623810.jpg\",\"contentUrl\":\"https:\\\/\\\/jacarandajewelry.com\\\/wp-content\\\/uploads\\\/2024\\\/07\\\/il_1140xN.4642689588_3yvg-e1751533623810.jpg\",\"width\":1140,\"height\":1520},{\"@type\":\"BreadcrumbList\",\"@id\":\"https:\\\/\\\/jacarandajewelry.com\\\/es\\\/producto\\\/precioso-anillo-de-corazon-en-oro-macizo-o-plata-con-la-piedra-que-elijas\\\/#breadcrumb\",\"itemListElement\":[{\"@type\":\"ListItem\",\"position\":1,\"name\":\"Portada\",\"item\":\"https:\\\/\\\/jacarandajewelry.com\\\/es\\\/ecommerce-creative-home-page\\\/\"},{\"@type\":\"ListItem\",\"position\":2,\"name\":\"Tienda\",\"item\":\"https:\\\/\\\/jacarandajewelry.com\\\/es\\\/tienda\\\/\"},{\"@type\":\"ListItem\",\"position\":3,\"name\":\"Precioso anillo de coraz\u00f3n en oro macizo o plata con la piedra que elijas\"}]},{\"@type\":\"WebSite\",\"@id\":\"https:\\\/\\\/jacarandajewelry.com\\\/es\\\/#website\",\"url\":\"https:\\\/\\\/jacarandajewelry.com\\\/es\\\/\",\"name\":\"Jacaranda Jewelry\",\"description\":\"Tienda online de joyer\u00eda a medida y vintage\",\"potentialAction\":[{\"@type\":\"SearchAction\",\"target\":{\"@type\":\"EntryPoint\",\"urlTemplate\":\"https:\\\/\\\/jacarandajewelry.com\\\/es\\\/?s={search_term_string}\"},\"query-input\":{\"@type\":\"PropertyValueSpecification\",\"valueRequired\":true,\"valueName\":\"search_term_string\"}}],\"inLanguage\":\"es\"}]}<\/script>\n<!-- \/ Yoast SEO plugin. -->","yoast_head_json":{"title":"Precioso anillo de coraz\u00f3n en oro macizo o plata con la piedra que elijas - Jacaranda Jewelry","description":"Precioso anillo de coraz\u00f3n en oro macizo o plata con la piedra que elijas","robots":{"index":"index","follow":"follow","max-snippet":"max-snippet:-1","max-image-preview":"max-image-preview:large","max-video-preview":"max-video-preview:-1"},"canonical":"https:\/\/jacarandajewelry.com\/es\/producto\/precioso-anillo-de-corazon-en-oro-macizo-o-plata-con-la-piedra-que-elijas\/","og_locale":"es_ES","og_type":"article","og_title":"Precioso anillo de coraz\u00f3n en oro macizo o plata con la piedra que elijas - Jacaranda Jewelry","og_description":"Precioso anillo de coraz\u00f3n en oro macizo o plata con la piedra que elijas","og_url":"https:\/\/jacarandajewelry.com\/es\/producto\/precioso-anillo-de-corazon-en-oro-macizo-o-plata-con-la-piedra-que-elijas\/","og_site_name":"Jacaranda Jewelry","article_modified_time":"2026-02-16T14:11:42+00:00","og_image":[{"width":1140,"height":1520,"url":"https:\/\/jacarandajewelry.com\/wp-content\/uploads\/2024\/07\/il_1140xN.4642689588_3yvg-e1751533623810.jpg","type":"image\/jpeg"}],"twitter_card":"summary_large_image","twitter_misc":{"Tiempo de lectura":"2 minutos"},"schema":{"@context":"https:\/\/schema.org","@graph":[{"@type":"WebPage","@id":"https:\/\/jacarandajewelry.com\/es\/producto\/precioso-anillo-de-corazon-en-oro-macizo-o-plata-con-la-piedra-que-elijas\/","url":"https:\/\/jacarandajewelry.com\/es\/producto\/precioso-anillo-de-corazon-en-oro-macizo-o-plata-con-la-piedra-que-elijas\/","name":"Precioso anillo de coraz\u00f3n en oro macizo o plata con la piedra que elijas - Jacaranda Jewelry","isPartOf":{"@id":"https:\/\/jacarandajewelry.com\/es\/#website"},"primaryImageOfPage":{"@id":"https:\/\/jacarandajewelry.com\/es\/producto\/precioso-anillo-de-corazon-en-oro-macizo-o-plata-con-la-piedra-que-elijas\/#primaryimage"},"image":{"@id":"https:\/\/jacarandajewelry.com\/es\/producto\/precioso-anillo-de-corazon-en-oro-macizo-o-plata-con-la-piedra-que-elijas\/#primaryimage"},"thumbnailUrl":"https:\/\/jacarandajewelry.com\/wp-content\/uploads\/2024\/07\/il_1140xN.4642689588_3yvg-e1751533623810.jpg","datePublished":"2024-07-01T17:09:06+00:00","dateModified":"2026-02-16T14:11:42+00:00","description":"Precioso anillo de coraz\u00f3n en oro macizo o plata con la piedra que elijas","breadcrumb":{"@id":"https:\/\/jacarandajewelry.com\/es\/producto\/precioso-anillo-de-corazon-en-oro-macizo-o-plata-con-la-piedra-que-elijas\/#breadcrumb"},"inLanguage":"es","potentialAction":[{"@type":"ReadAction","target":["https:\/\/jacarandajewelry.com\/es\/producto\/precioso-anillo-de-corazon-en-oro-macizo-o-plata-con-la-piedra-que-elijas\/"]}]},{"@type":"ImageObject","inLanguage":"es","@id":"https:\/\/jacarandajewelry.com\/es\/producto\/precioso-anillo-de-corazon-en-oro-macizo-o-plata-con-la-piedra-que-elijas\/#primaryimage","url":"https:\/\/jacarandajewelry.com\/wp-content\/uploads\/2024\/07\/il_1140xN.4642689588_3yvg-e1751533623810.jpg","contentUrl":"https:\/\/jacarandajewelry.com\/wp-content\/uploads\/2024\/07\/il_1140xN.4642689588_3yvg-e1751533623810.jpg","width":1140,"height":1520},{"@type":"BreadcrumbList","@id":"https:\/\/jacarandajewelry.com\/es\/producto\/precioso-anillo-de-corazon-en-oro-macizo-o-plata-con-la-piedra-que-elijas\/#breadcrumb","itemListElement":[{"@type":"ListItem","position":1,"name":"Portada","item":"https:\/\/jacarandajewelry.com\/es\/ecommerce-creative-home-page\/"},{"@type":"ListItem","position":2,"name":"Tienda","item":"https:\/\/jacarandajewelry.com\/es\/tienda\/"},{"@type":"ListItem","position":3,"name":"Precioso anillo de coraz\u00f3n en oro macizo o plata con la piedra que elijas"}]},{"@type":"WebSite","@id":"https:\/\/jacarandajewelry.com\/es\/#website","url":"https:\/\/jacarandajewelry.com\/es\/","name":"Jacaranda Jewelry","description":"Tienda online de joyer\u00eda a medida y vintage","potentialAction":[{"@type":"SearchAction","target":{"@type":"EntryPoint","urlTemplate":"https:\/\/jacarandajewelry.com\/es\/?s={search_term_string}"},"query-input":{"@type":"PropertyValueSpecification","valueRequired":true,"valueName":"search_term_string"}}],"inLanguage":"es"}]}},"_links":{"self":[{"href":"https:\/\/jacarandajewelry.com\/es\/wp-json\/wp\/v2\/product\/4072","targetHints":{"allow":["GET"]}}],"collection":[{"href":"https:\/\/jacarandajewelry.com\/es\/wp-json\/wp\/v2\/product"}],"about":[{"href":"https:\/\/jacarandajewelry.com\/es\/wp-json\/wp\/v2\/types\/product"}],"replies":[{"embeddable":true,"href":"https:\/\/jacarandajewelry.com\/es\/wp-json\/wp\/v2\/comments?post=4072"}],"wp:featuredmedia":[{"embeddable":true,"href":"https:\/\/jacarandajewelry.com\/es\/wp-json\/wp\/v2\/media\/3714"}],"wp:attachment":[{"href":"https:\/\/jacarandajewelry.com\/es\/wp-json\/wp\/v2\/media?parent=4072"}],"wp:term":[{"taxonomy":"product_brand","embeddable":true,"href":"https:\/\/jacarandajewelry.com\/es\/wp-json\/wp\/v2\/product_brand?post=4072"},{"taxonomy":"product_cat","embeddable":true,"href":"https:\/\/jacarandajewelry.com\/es\/wp-json\/wp\/v2\/product_cat?post=4072"},{"taxonomy":"product_tag","embeddable":true,"href":"https:\/\/jacarandajewelry.com\/es\/wp-json\/wp\/v2\/product_tag?post=4072"}],"curies":[{"name":"wp","href":"https:\/\/api.w.org\/{rel}","templated":true}]}}