{"id":4080,"date":"2024-07-01T18:35:29","date_gmt":"2024-07-01T16:35:29","guid":{"rendered":"https:\/\/jacarandajewelry.com\/producto\/anillo-bombe-dome-con-piedras-preciosas-diamantes-esmeraldas-rubies-y-zafiros-con-engaste-de-estrella\/"},"modified":"2026-02-18T12:08:31","modified_gmt":"2026-02-18T11:08:31","slug":"bombe-dome-ring-with-star-setting-diamonds-emeralds-rubies-and-sapphires","status":"publish","type":"product","link":"https:\/\/jacarandajewelry.com\/es\/producto\/bombe-dome-ring-with-star-setting-diamonds-emeralds-rubies-and-sapphires\/","title":{"rendered":"Anillo tipo Bombe Dome con engaste de estrella en diamantes, esmeraldas, rub\u00edes y zafiros."},"content":{"rendered":"[vc_row type=\u00bbin_container\u00bb full_screen_row_position=\u00bbmiddle\u00bb column_margin=\u00bbdefault\u00bb column_direction=\u00bbdefault\u00bb column_direction_tablet=\u00bbdefault\u00bb column_direction_phone=\u00bbdefault\u00bb scene_position=\u00bbcenter\u00bb text_color=\u00bbdark\u00bb text_align=\u00bbleft\u00bb row_border_radius=\u00bbnone\u00bb row_border_radius_applies=\u00bbbg\u00bb overflow=\u00bbvisible\u00bb overlay_strength=\u00bb0.3&#8243; gradient_direction=\u00bbleft_to_right\u00bb shape_divider_position=\u00bbbottom\u00bb bg_image_animation=\u00bbnone\u00bb][vc_column column_padding=\u00bbno-extra-padding\u00bb column_padding_tablet=\u00bbinherit\u00bb column_padding_phone=\u00bbinherit\u00bb column_padding_position=\u00bball\u00bb column_element_direction_desktop=\u00bbdefault\u00bb column_element_spacing=\u00bbdefault\u00bb desktop_text_alignment=\u00bbdefault\u00bb tablet_text_alignment=\u00bbdefault\u00bb phone_text_alignment=\u00bbdefault\u00bb background_color_opacity=\u00bb1&#8243; background_hover_color_opacity=\u00bb1&#8243; column_backdrop_filter=\u00bbnone\u00bb column_shadow=\u00bbnone\u00bb column_border_radius=\u00bbnone\u00bb column_link_target=\u00bb_self\u00bb column_position=\u00bbdefault\u00bb gradient_direction=\u00bbleft_to_right\u00bb overlay_strength=\u00bb0.3&#8243; width=\u00bb1\/1&#8243; tablet_width_inherit=\u00bbdefault\u00bb animation_type=\u00bbdefault\u00bb bg_image_animation=\u00bbnone\u00bb border_type=\u00bbsimple\u00bb column_border_width=\u00bbnone\u00bb column_border_style=\u00bbsolid\u00bb][vc_column_text]Este precioso anillo se inspira en un cielo estrellado y en la elegancia atemporal de los anillos antiguos tipo bombe dome.<\/p>\n<p>Con un impresionante engaste en estrella, el anillo luce gemas naturales que incluyen diamantes, esmeraldas, zafiros azules y rub\u00edes. Si deseas personalizar el dise\u00f1o o prefieres optar por una sola gema, no dudes en solicitarnos un presupuesto.<\/p>\n<p>Las piedras preciosas tienen un tama\u00f1o generoso y sus colores vibrantes contrastan de maravilla con la c\u00fapula dorada.<\/p>\n<p>Adem\u00e1s, el reverso del anillo est\u00e1 adornado con tres estrellas minuciosamente talladas, lo que lo convierte en una pieza impresionante desde cualquier \u00e1ngulo.<\/p>\n<p>Este anillo est\u00e1 disponible en plata, oro amarillo de 9k o 18k, o plata de ley con un chapado de 22k.[\/vc_column_text][\/vc_column][\/vc_row][vc_row type=\u00bbfull_width_content\u00bb full_screen_row_position=\u00bbmiddle\u00bb column_margin=\u00bbdefault\u00bb column_direction=\u00bbdefault\u00bb column_direction_tablet=\u00bbdefault\u00bb column_direction_phone=\u00bbdefault\u00bb scene_position=\u00bbcenter\u00bb top_padding=\u00bb5%\u00bb constrain_group_1=\u00bbyes\u00bb bottom_padding=\u00bb5%\u00bb text_color=\u00bbdark\u00bb text_align=\u00bbleft\u00bb row_border_radius=\u00bbnone\u00bb row_border_radius_applies=\u00bbbg\u00bb overflow=\u00bbvisible\u00bb overlay_strength=\u00bb0.3&#8243; gradient_direction=\u00bbleft_to_right\u00bb shape_divider_position=\u00bbbottom\u00bb bg_image_animation=\u00bbnone\u00bb gradient_type=\u00bbdefault\u00bb shape_type=\u00bb\u00bb][vc_column column_padding=\u00bbno-extra-padding\u00bb column_padding_tablet=\u00bbinherit\u00bb column_padding_phone=\u00bbinherit\u00bb column_padding_position=\u00bball\u00bb column_element_direction_desktop=\u00bbdefault\u00bb column_element_spacing=\u00bb0px\u00bb desktop_text_alignment=\u00bbdefault\u00bb tablet_text_alignment=\u00bbdefault\u00bb phone_text_alignment=\u00bbdefault\u00bb background_color_opacity=\u00bb1&#8243; background_hover_color_opacity=\u00bb1&#8243; column_backdrop_filter=\u00bbnone\u00bb column_shadow=\u00bbnone\u00bb column_border_radius=\u00bbnone\u00bb column_link_target=\u00bb_self\u00bb column_position=\u00bbdefault\u00bb gradient_direction=\u00bbleft_to_right\u00bb overlay_strength=\u00bb0.3&#8243; width=\u00bb1\/1&#8243; tablet_width_inherit=\u00bbdefault\u00bb animation_type=\u00bbdefault\u00bb bg_image_animation=\u00bbnone\u00bb border_type=\u00bbsimple\u00bb column_border_width=\u00bbnone\u00bb column_border_style=\u00bbsolid\u00bb column_padding_type=\u00bbdefault\u00bb gradient_type=\u00bbdefault\u00bb][testimonial_slider style=\u00bbmultiple_visible\u00bb color=\u00bbaccent-color-dark\u00bb slider_controls=\u00bbnext_prev_arrows\u00bb flickity_border_radius=\u00bb20px\u00bb enable_shadow=\u00bbtrue\u00bb custom_width_desktop=\u00bb40%\u00bb font_size_desktop=\u00bb1.3vw\u00bb font_line_height=\u00bb1.7&#8243; shadow=\u00bbhorizontal:22,vertical:20,blur:60,spread:0,opacity:0.575&#8243; custom_box_shadow=\u00bbhorizontal:40,vertical:60,blur:60,spread:-20,opacity:0.175&#8243; font_size_tablet=\u00bb16&#8243;][testimonial star_rating=\u00bbnone\u00bb title=\u00bbTestimonial\u00bb id=\u00bb1659387611525-8&#8243; name=\u00bbsuzanf123&#8243; quote=\u00bbMe encanta mi nuevo anillo, es exactamente igual al de la foto y tiene una calidad excelente. Muy recomendado. \u2b50\ufe0f\u2b50\ufe0f\u2b50\ufe0f\u2b50\ufe0f\u2b50\ufe0f<br \/>\n\u00bb tab_id=\u00bb1659387611525-4&#8243;][\/testimonial_slider][\/vc_column][\/vc_row]\n","protected":false},"excerpt":{"rendered":"<p>Este precioso anillo se inspira en un cielo estrellado y en la elegancia atemporal de los anillos antiguos tipo bombe dome.<\/p>\n<p>Con un impresionante engaste en estrella, el anillo luce gemas naturales que incluyen diamantes, esmeraldas, zafiros azules y rub\u00edes. Para a\u00f1adir a\u00fan m\u00e1s encanto, el reverso del anillo est\u00e1 adornado con tres estrellas minuciosamente talladas, convirti\u00e9ndolo en una pieza impresionante desde cualquier \u00e1ngulo.<\/p>\n","protected":false},"featured_media":3699,"comment_status":"open","ping_status":"closed","template":"","meta":[],"product_brand":[],"product_cat":[54,56],"product_tag":[],"class_list":{"0":"post-4080","1":"product","2":"type-product","3":"status-publish","4":"has-post-thumbnail","6":"product_cat-anillos-es","7":"product_cat-anillos-jacaranda","9":"first","10":"instock","11":"shipping-taxable","12":"purchasable","13":"product-type-variable"},"yoast_head":"<!-- This site is optimized with the Yoast SEO plugin v27.4 - https:\/\/yoast.com\/product\/yoast-seo-wordpress\/ -->\n<title>Anillo tipo Bombe Dome con engaste de estrella en diamantes, esmeraldas, rub\u00edes y zafiros. - Jacaranda Jewelry<\/title>\n<meta name=\"description\" content=\"Este precioso anillo se inspira en un cielo estrellado y en la elegancia atemporal de los anillos antiguos tipo bombe dome. Con un impresionante engaste en estrella, el anillo luce gemas naturales que incluyen diamantes, esmeraldas, zafiros azules y rub\u00edes.\" \/>\n<meta name=\"robots\" content=\"index, follow, max-snippet:-1, max-image-preview:large, max-video-preview:-1\" \/>\n<link rel=\"canonical\" href=\"https:\/\/jacarandajewelry.com\/es\/producto\/bombe-dome-ring-with-star-setting-diamonds-emeralds-rubies-and-sapphires\/\" \/>\n<meta property=\"og:locale\" content=\"es_ES\" \/>\n<meta property=\"og:type\" content=\"article\" \/>\n<meta property=\"og:title\" content=\"Anillo tipo Bombe Dome con engaste de estrella en diamantes, esmeraldas, rub\u00edes y zafiros. - Jacaranda Jewelry\" \/>\n<meta property=\"og:description\" content=\"Este precioso anillo se inspira en un cielo estrellado y en la elegancia atemporal de los anillos antiguos tipo bombe dome. Con un impresionante engaste en estrella, el anillo luce gemas naturales que incluyen diamantes, esmeraldas, zafiros azules y rub\u00edes.\" \/>\n<meta property=\"og:url\" content=\"https:\/\/jacarandajewelry.com\/es\/producto\/bombe-dome-ring-with-star-setting-diamonds-emeralds-rubies-and-sapphires\/\" \/>\n<meta property=\"og:site_name\" content=\"Jacaranda Jewelry\" \/>\n<meta property=\"article:modified_time\" content=\"2026-02-18T11:08:31+00:00\" \/>\n<meta property=\"og:image\" content=\"https:\/\/jacarandajewelry.com\/wp-content\/uploads\/2024\/07\/il_1140xN.4800243440_h7cr.webp\" \/>\n\t<meta property=\"og:image:width\" content=\"1140\" \/>\n\t<meta property=\"og:image:height\" content=\"760\" \/>\n\t<meta property=\"og:image:type\" content=\"image\/webp\" \/>\n<meta name=\"twitter:card\" content=\"summary_large_image\" \/>\n<meta name=\"twitter:label1\" content=\"Tiempo de lectura\" \/>\n\t<meta name=\"twitter:data1\" content=\"1 minuto\" \/>\n<script type=\"application\/ld+json\" class=\"yoast-schema-graph\">{\"@context\":\"https:\\\/\\\/schema.org\",\"@graph\":[{\"@type\":\"WebPage\",\"@id\":\"https:\\\/\\\/jacarandajewelry.com\\\/es\\\/producto\\\/bombe-dome-ring-with-star-setting-diamonds-emeralds-rubies-and-sapphires\\\/\",\"url\":\"https:\\\/\\\/jacarandajewelry.com\\\/es\\\/producto\\\/bombe-dome-ring-with-star-setting-diamonds-emeralds-rubies-and-sapphires\\\/\",\"name\":\"Anillo tipo Bombe Dome con engaste de estrella en diamantes, esmeraldas, rub\u00edes y zafiros. - Jacaranda Jewelry\",\"isPartOf\":{\"@id\":\"https:\\\/\\\/jacarandajewelry.com\\\/es\\\/#website\"},\"primaryImageOfPage\":{\"@id\":\"https:\\\/\\\/jacarandajewelry.com\\\/es\\\/producto\\\/bombe-dome-ring-with-star-setting-diamonds-emeralds-rubies-and-sapphires\\\/#primaryimage\"},\"image\":{\"@id\":\"https:\\\/\\\/jacarandajewelry.com\\\/es\\\/producto\\\/bombe-dome-ring-with-star-setting-diamonds-emeralds-rubies-and-sapphires\\\/#primaryimage\"},\"thumbnailUrl\":\"https:\\\/\\\/jacarandajewelry.com\\\/wp-content\\\/uploads\\\/2024\\\/07\\\/il_1140xN.4800243440_h7cr.webp\",\"datePublished\":\"2024-07-01T16:35:29+00:00\",\"dateModified\":\"2026-02-18T11:08:31+00:00\",\"description\":\"Este precioso anillo se inspira en un cielo estrellado y en la elegancia atemporal de los anillos antiguos tipo bombe dome. Con un impresionante engaste en estrella, el anillo luce gemas naturales que incluyen diamantes, esmeraldas, zafiros azules y rub\u00edes.\",\"breadcrumb\":{\"@id\":\"https:\\\/\\\/jacarandajewelry.com\\\/es\\\/producto\\\/bombe-dome-ring-with-star-setting-diamonds-emeralds-rubies-and-sapphires\\\/#breadcrumb\"},\"inLanguage\":\"es\",\"potentialAction\":[{\"@type\":\"ReadAction\",\"target\":[\"https:\\\/\\\/jacarandajewelry.com\\\/es\\\/producto\\\/bombe-dome-ring-with-star-setting-diamonds-emeralds-rubies-and-sapphires\\\/\"]}]},{\"@type\":\"ImageObject\",\"inLanguage\":\"es\",\"@id\":\"https:\\\/\\\/jacarandajewelry.com\\\/es\\\/producto\\\/bombe-dome-ring-with-star-setting-diamonds-emeralds-rubies-and-sapphires\\\/#primaryimage\",\"url\":\"https:\\\/\\\/jacarandajewelry.com\\\/wp-content\\\/uploads\\\/2024\\\/07\\\/il_1140xN.4800243440_h7cr.webp\",\"contentUrl\":\"https:\\\/\\\/jacarandajewelry.com\\\/wp-content\\\/uploads\\\/2024\\\/07\\\/il_1140xN.4800243440_h7cr.webp\",\"width\":1140,\"height\":760},{\"@type\":\"BreadcrumbList\",\"@id\":\"https:\\\/\\\/jacarandajewelry.com\\\/es\\\/producto\\\/bombe-dome-ring-with-star-setting-diamonds-emeralds-rubies-and-sapphires\\\/#breadcrumb\",\"itemListElement\":[{\"@type\":\"ListItem\",\"position\":1,\"name\":\"Portada\",\"item\":\"https:\\\/\\\/jacarandajewelry.com\\\/es\\\/ecommerce-creative-home-page\\\/\"},{\"@type\":\"ListItem\",\"position\":2,\"name\":\"Tienda\",\"item\":\"https:\\\/\\\/jacarandajewelry.com\\\/es\\\/tienda\\\/\"},{\"@type\":\"ListItem\",\"position\":3,\"name\":\"Anillo tipo Bombe Dome con engaste de estrella en diamantes, esmeraldas, rub\u00edes y zafiros.\"}]},{\"@type\":\"WebSite\",\"@id\":\"https:\\\/\\\/jacarandajewelry.com\\\/es\\\/#website\",\"url\":\"https:\\\/\\\/jacarandajewelry.com\\\/es\\\/\",\"name\":\"Jacaranda Jewelry\",\"description\":\"Tienda online de joyer\u00eda a medida y vintage\",\"potentialAction\":[{\"@type\":\"SearchAction\",\"target\":{\"@type\":\"EntryPoint\",\"urlTemplate\":\"https:\\\/\\\/jacarandajewelry.com\\\/es\\\/?s={search_term_string}\"},\"query-input\":{\"@type\":\"PropertyValueSpecification\",\"valueRequired\":true,\"valueName\":\"search_term_string\"}}],\"inLanguage\":\"es\"}]}<\/script>\n<!-- \/ Yoast SEO plugin. -->","yoast_head_json":{"title":"Anillo tipo Bombe Dome con engaste de estrella en diamantes, esmeraldas, rub\u00edes y zafiros. - Jacaranda Jewelry","description":"Este precioso anillo se inspira en un cielo estrellado y en la elegancia atemporal de los anillos antiguos tipo bombe dome. Con un impresionante engaste en estrella, el anillo luce gemas naturales que incluyen diamantes, esmeraldas, zafiros azules y rub\u00edes.","robots":{"index":"index","follow":"follow","max-snippet":"max-snippet:-1","max-image-preview":"max-image-preview:large","max-video-preview":"max-video-preview:-1"},"canonical":"https:\/\/jacarandajewelry.com\/es\/producto\/bombe-dome-ring-with-star-setting-diamonds-emeralds-rubies-and-sapphires\/","og_locale":"es_ES","og_type":"article","og_title":"Anillo tipo Bombe Dome con engaste de estrella en diamantes, esmeraldas, rub\u00edes y zafiros. - Jacaranda Jewelry","og_description":"Este precioso anillo se inspira en un cielo estrellado y en la elegancia atemporal de los anillos antiguos tipo bombe dome. Con un impresionante engaste en estrella, el anillo luce gemas naturales que incluyen diamantes, esmeraldas, zafiros azules y rub\u00edes.","og_url":"https:\/\/jacarandajewelry.com\/es\/producto\/bombe-dome-ring-with-star-setting-diamonds-emeralds-rubies-and-sapphires\/","og_site_name":"Jacaranda Jewelry","article_modified_time":"2026-02-18T11:08:31+00:00","og_image":[{"width":1140,"height":760,"url":"https:\/\/jacarandajewelry.com\/wp-content\/uploads\/2024\/07\/il_1140xN.4800243440_h7cr.webp","type":"image\/webp"}],"twitter_card":"summary_large_image","twitter_misc":{"Tiempo de lectura":"1 minuto"},"schema":{"@context":"https:\/\/schema.org","@graph":[{"@type":"WebPage","@id":"https:\/\/jacarandajewelry.com\/es\/producto\/bombe-dome-ring-with-star-setting-diamonds-emeralds-rubies-and-sapphires\/","url":"https:\/\/jacarandajewelry.com\/es\/producto\/bombe-dome-ring-with-star-setting-diamonds-emeralds-rubies-and-sapphires\/","name":"Anillo tipo Bombe Dome con engaste de estrella en diamantes, esmeraldas, rub\u00edes y zafiros. - Jacaranda Jewelry","isPartOf":{"@id":"https:\/\/jacarandajewelry.com\/es\/#website"},"primaryImageOfPage":{"@id":"https:\/\/jacarandajewelry.com\/es\/producto\/bombe-dome-ring-with-star-setting-diamonds-emeralds-rubies-and-sapphires\/#primaryimage"},"image":{"@id":"https:\/\/jacarandajewelry.com\/es\/producto\/bombe-dome-ring-with-star-setting-diamonds-emeralds-rubies-and-sapphires\/#primaryimage"},"thumbnailUrl":"https:\/\/jacarandajewelry.com\/wp-content\/uploads\/2024\/07\/il_1140xN.4800243440_h7cr.webp","datePublished":"2024-07-01T16:35:29+00:00","dateModified":"2026-02-18T11:08:31+00:00","description":"Este precioso anillo se inspira en un cielo estrellado y en la elegancia atemporal de los anillos antiguos tipo bombe dome. Con un impresionante engaste en estrella, el anillo luce gemas naturales que incluyen diamantes, esmeraldas, zafiros azules y rub\u00edes.","breadcrumb":{"@id":"https:\/\/jacarandajewelry.com\/es\/producto\/bombe-dome-ring-with-star-setting-diamonds-emeralds-rubies-and-sapphires\/#breadcrumb"},"inLanguage":"es","potentialAction":[{"@type":"ReadAction","target":["https:\/\/jacarandajewelry.com\/es\/producto\/bombe-dome-ring-with-star-setting-diamonds-emeralds-rubies-and-sapphires\/"]}]},{"@type":"ImageObject","inLanguage":"es","@id":"https:\/\/jacarandajewelry.com\/es\/producto\/bombe-dome-ring-with-star-setting-diamonds-emeralds-rubies-and-sapphires\/#primaryimage","url":"https:\/\/jacarandajewelry.com\/wp-content\/uploads\/2024\/07\/il_1140xN.4800243440_h7cr.webp","contentUrl":"https:\/\/jacarandajewelry.com\/wp-content\/uploads\/2024\/07\/il_1140xN.4800243440_h7cr.webp","width":1140,"height":760},{"@type":"BreadcrumbList","@id":"https:\/\/jacarandajewelry.com\/es\/producto\/bombe-dome-ring-with-star-setting-diamonds-emeralds-rubies-and-sapphires\/#breadcrumb","itemListElement":[{"@type":"ListItem","position":1,"name":"Portada","item":"https:\/\/jacarandajewelry.com\/es\/ecommerce-creative-home-page\/"},{"@type":"ListItem","position":2,"name":"Tienda","item":"https:\/\/jacarandajewelry.com\/es\/tienda\/"},{"@type":"ListItem","position":3,"name":"Anillo tipo Bombe Dome con engaste de estrella en diamantes, esmeraldas, rub\u00edes y zafiros."}]},{"@type":"WebSite","@id":"https:\/\/jacarandajewelry.com\/es\/#website","url":"https:\/\/jacarandajewelry.com\/es\/","name":"Jacaranda Jewelry","description":"Tienda online de joyer\u00eda a medida y vintage","potentialAction":[{"@type":"SearchAction","target":{"@type":"EntryPoint","urlTemplate":"https:\/\/jacarandajewelry.com\/es\/?s={search_term_string}"},"query-input":{"@type":"PropertyValueSpecification","valueRequired":true,"valueName":"search_term_string"}}],"inLanguage":"es"}]}},"_links":{"self":[{"href":"https:\/\/jacarandajewelry.com\/es\/wp-json\/wp\/v2\/product\/4080","targetHints":{"allow":["GET"]}}],"collection":[{"href":"https:\/\/jacarandajewelry.com\/es\/wp-json\/wp\/v2\/product"}],"about":[{"href":"https:\/\/jacarandajewelry.com\/es\/wp-json\/wp\/v2\/types\/product"}],"replies":[{"embeddable":true,"href":"https:\/\/jacarandajewelry.com\/es\/wp-json\/wp\/v2\/comments?post=4080"}],"wp:featuredmedia":[{"embeddable":true,"href":"https:\/\/jacarandajewelry.com\/es\/wp-json\/wp\/v2\/media\/3699"}],"wp:attachment":[{"href":"https:\/\/jacarandajewelry.com\/es\/wp-json\/wp\/v2\/media?parent=4080"}],"wp:term":[{"taxonomy":"product_brand","embeddable":true,"href":"https:\/\/jacarandajewelry.com\/es\/wp-json\/wp\/v2\/product_brand?post=4080"},{"taxonomy":"product_cat","embeddable":true,"href":"https:\/\/jacarandajewelry.com\/es\/wp-json\/wp\/v2\/product_cat?post=4080"},{"taxonomy":"product_tag","embeddable":true,"href":"https:\/\/jacarandajewelry.com\/es\/wp-json\/wp\/v2\/product_tag?post=4080"}],"curies":[{"name":"wp","href":"https:\/\/api.w.org\/{rel}","templated":true}]}}