{"id":5255,"date":"2025-06-24T16:07:14","date_gmt":"2025-06-24T14:07:14","guid":{"rendered":"https:\/\/jacarandajewelry.com\/?post_type=product&#038;p=5255"},"modified":"2026-02-16T11:28:01","modified_gmt":"2026-02-16T10:28:01","slug":"the-pez-pendant-nostalgia-reimagined","status":"publish","type":"product","link":"https:\/\/jacarandajewelry.com\/es\/producto\/the-pez-pendant-nostalgia-reimagined\/","title":{"rendered":"El colgante PEZ: La nostalgia reinventada."},"content":{"rendered":"<p>Un dulce recuerdo hecho tesoro.<\/p>\n<p>Inspirado en los ic\u00f3nicos caramelos con los que crecimos, este colgante reinventa un cl\u00e1sico de la infancia en metal macizo. Fundida con esmero y fabricada a mano en peque\u00f1as series, cada pieza es un tributo a la alegr\u00eda, al juego y a los detalles que nos formaron. <\/p>\n<p>Disponible en plata de ley, y oro de 9k, 14k y 18k \u2014 para que puedas elegir tu \u00absabor\u00bb favorito. Tambi\u00e9n est\u00e1 disponible con diamantes u otras piedras preciosas (\u00a1no dudes en contactarnos y preguntar!).<br \/>\nMinimalista. Coleccionable. Inesperadamente nost\u00e1lgico.  <\/p>\n<p>Ll\u00e9valo solo o ap\u00edlalo como si fueran caramelos.<br \/>Porque algunos iconos merecen ser lucidos.<\/p>\n<p>&nbsp;<\/p>\n","protected":false},"excerpt":{"rendered":"<p>Aqu\u00ed tienes la traducci\u00f3n de estos fragmentos, manteniendo ese tono emocional y sofisticado:<br \/>Un dulce recuerdo hecho tesoro.<br \/>Inspirado en los ic\u00f3nicos caramelos con los que crecimos, este colgante reinventa un cl\u00e1sico de la infancia en metal macizo.<br \/>Disponible en plata de ley y oro de 9k, 14k y 18k \u2014 para que puedas elegir tu \u00absabor\u00bb.<br \/>Ll\u00e9valo solo o ap\u00edlalo como si fueran caramelos. Porque algunos iconos merecen ser lucidos.<\/p>\n","protected":false},"featured_media":5285,"comment_status":"open","ping_status":"closed","template":"","meta":[],"product_brand":[],"product_cat":[52,67],"product_tag":[],"class_list":{"0":"post-5255","1":"product","2":"type-product","3":"status-publish","4":"has-post-thumbnail","6":"product_cat-colgantes-y-conectores-es","7":"product_cat-colgantes-y-conectores-jacaranda","9":"first","10":"instock","11":"shipping-taxable","12":"purchasable","13":"product-type-variable"},"yoast_head":"<!-- This site is optimized with the Yoast SEO plugin v27.4 - https:\/\/yoast.com\/product\/yoast-seo-wordpress\/ -->\n<title>El colgante PEZ: La nostalgia reinventada. - Jacaranda Jewelry<\/title>\n<meta name=\"robots\" content=\"index, follow, max-snippet:-1, max-image-preview:large, max-video-preview:-1\" \/>\n<link rel=\"canonical\" href=\"https:\/\/jacarandajewelry.com\/es\/producto\/the-pez-pendant-nostalgia-reimagined\/\" \/>\n<meta property=\"og:locale\" content=\"es_ES\" \/>\n<meta property=\"og:type\" content=\"article\" \/>\n<meta property=\"og:title\" content=\"El colgante PEZ: La nostalgia reinventada. - Jacaranda Jewelry\" \/>\n<meta property=\"og:description\" content=\"Aqu\u00ed tienes la traducci\u00f3n de estos fragmentos, manteniendo ese tono emocional y sofisticado:Un dulce recuerdo hecho tesoro.Inspirado en los ic\u00f3nicos caramelos con los que crecimos, este colgante reinventa un cl\u00e1sico de la infancia en metal macizo.Disponible en plata de ley y oro de 9k, 14k y 18k \u2014 para que puedas elegir tu &quot;sabor&quot;.Ll\u00e9valo solo o ap\u00edlalo como si fueran caramelos. Porque algunos iconos merecen ser lucidos.\" \/>\n<meta property=\"og:url\" content=\"https:\/\/jacarandajewelry.com\/es\/producto\/the-pez-pendant-nostalgia-reimagined\/\" \/>\n<meta property=\"og:site_name\" content=\"Jacaranda Jewelry\" \/>\n<meta property=\"article:modified_time\" content=\"2026-02-16T10:28:01+00:00\" \/>\n<meta property=\"og:image\" content=\"https:\/\/jacarandajewelry.com\/wp-content\/uploads\/2025\/05\/IMG_2780.jpg\" \/>\n\t<meta property=\"og:image:width\" content=\"1230\" \/>\n\t<meta property=\"og:image:height\" content=\"1974\" \/>\n\t<meta property=\"og:image:type\" content=\"image\/jpeg\" \/>\n<meta name=\"twitter:card\" content=\"summary_large_image\" \/>\n<meta name=\"twitter:label1\" content=\"Tiempo de lectura\" \/>\n\t<meta name=\"twitter:data1\" content=\"1 minuto\" \/>\n<script type=\"application\/ld+json\" class=\"yoast-schema-graph\">{\"@context\":\"https:\\\/\\\/schema.org\",\"@graph\":[{\"@type\":\"WebPage\",\"@id\":\"https:\\\/\\\/jacarandajewelry.com\\\/es\\\/producto\\\/the-pez-pendant-nostalgia-reimagined\\\/\",\"url\":\"https:\\\/\\\/jacarandajewelry.com\\\/es\\\/producto\\\/the-pez-pendant-nostalgia-reimagined\\\/\",\"name\":\"El colgante PEZ: La nostalgia reinventada. - Jacaranda Jewelry\",\"isPartOf\":{\"@id\":\"https:\\\/\\\/jacarandajewelry.com\\\/es\\\/#website\"},\"primaryImageOfPage\":{\"@id\":\"https:\\\/\\\/jacarandajewelry.com\\\/es\\\/producto\\\/the-pez-pendant-nostalgia-reimagined\\\/#primaryimage\"},\"image\":{\"@id\":\"https:\\\/\\\/jacarandajewelry.com\\\/es\\\/producto\\\/the-pez-pendant-nostalgia-reimagined\\\/#primaryimage\"},\"thumbnailUrl\":\"https:\\\/\\\/jacarandajewelry.com\\\/wp-content\\\/uploads\\\/2025\\\/05\\\/IMG_2780.jpg\",\"datePublished\":\"2025-06-24T14:07:14+00:00\",\"dateModified\":\"2026-02-16T10:28:01+00:00\",\"breadcrumb\":{\"@id\":\"https:\\\/\\\/jacarandajewelry.com\\\/es\\\/producto\\\/the-pez-pendant-nostalgia-reimagined\\\/#breadcrumb\"},\"inLanguage\":\"es\",\"potentialAction\":[{\"@type\":\"ReadAction\",\"target\":[\"https:\\\/\\\/jacarandajewelry.com\\\/es\\\/producto\\\/the-pez-pendant-nostalgia-reimagined\\\/\"]}]},{\"@type\":\"ImageObject\",\"inLanguage\":\"es\",\"@id\":\"https:\\\/\\\/jacarandajewelry.com\\\/es\\\/producto\\\/the-pez-pendant-nostalgia-reimagined\\\/#primaryimage\",\"url\":\"https:\\\/\\\/jacarandajewelry.com\\\/wp-content\\\/uploads\\\/2025\\\/05\\\/IMG_2780.jpg\",\"contentUrl\":\"https:\\\/\\\/jacarandajewelry.com\\\/wp-content\\\/uploads\\\/2025\\\/05\\\/IMG_2780.jpg\",\"width\":1230,\"height\":1974},{\"@type\":\"BreadcrumbList\",\"@id\":\"https:\\\/\\\/jacarandajewelry.com\\\/es\\\/producto\\\/the-pez-pendant-nostalgia-reimagined\\\/#breadcrumb\",\"itemListElement\":[{\"@type\":\"ListItem\",\"position\":1,\"name\":\"Portada\",\"item\":\"https:\\\/\\\/jacarandajewelry.com\\\/es\\\/ecommerce-creative-home-page\\\/\"},{\"@type\":\"ListItem\",\"position\":2,\"name\":\"Tienda\",\"item\":\"https:\\\/\\\/jacarandajewelry.com\\\/es\\\/tienda\\\/\"},{\"@type\":\"ListItem\",\"position\":3,\"name\":\"El colgante PEZ: La nostalgia reinventada.\"}]},{\"@type\":\"WebSite\",\"@id\":\"https:\\\/\\\/jacarandajewelry.com\\\/es\\\/#website\",\"url\":\"https:\\\/\\\/jacarandajewelry.com\\\/es\\\/\",\"name\":\"Jacaranda Jewelry\",\"description\":\"Tienda online de joyer\u00eda a medida y vintage\",\"potentialAction\":[{\"@type\":\"SearchAction\",\"target\":{\"@type\":\"EntryPoint\",\"urlTemplate\":\"https:\\\/\\\/jacarandajewelry.com\\\/es\\\/?s={search_term_string}\"},\"query-input\":{\"@type\":\"PropertyValueSpecification\",\"valueRequired\":true,\"valueName\":\"search_term_string\"}}],\"inLanguage\":\"es\"}]}<\/script>\n<!-- \/ Yoast SEO plugin. -->","yoast_head_json":{"title":"El colgante PEZ: La nostalgia reinventada. - Jacaranda Jewelry","robots":{"index":"index","follow":"follow","max-snippet":"max-snippet:-1","max-image-preview":"max-image-preview:large","max-video-preview":"max-video-preview:-1"},"canonical":"https:\/\/jacarandajewelry.com\/es\/producto\/the-pez-pendant-nostalgia-reimagined\/","og_locale":"es_ES","og_type":"article","og_title":"El colgante PEZ: La nostalgia reinventada. - Jacaranda Jewelry","og_description":"Aqu\u00ed tienes la traducci\u00f3n de estos fragmentos, manteniendo ese tono emocional y sofisticado:Un dulce recuerdo hecho tesoro.Inspirado en los ic\u00f3nicos caramelos con los que crecimos, este colgante reinventa un cl\u00e1sico de la infancia en metal macizo.Disponible en plata de ley y oro de 9k, 14k y 18k \u2014 para que puedas elegir tu \"sabor\".Ll\u00e9valo solo o ap\u00edlalo como si fueran caramelos. Porque algunos iconos merecen ser lucidos.","og_url":"https:\/\/jacarandajewelry.com\/es\/producto\/the-pez-pendant-nostalgia-reimagined\/","og_site_name":"Jacaranda Jewelry","article_modified_time":"2026-02-16T10:28:01+00:00","og_image":[{"width":1230,"height":1974,"url":"https:\/\/jacarandajewelry.com\/wp-content\/uploads\/2025\/05\/IMG_2780.jpg","type":"image\/jpeg"}],"twitter_card":"summary_large_image","twitter_misc":{"Tiempo de lectura":"1 minuto"},"schema":{"@context":"https:\/\/schema.org","@graph":[{"@type":"WebPage","@id":"https:\/\/jacarandajewelry.com\/es\/producto\/the-pez-pendant-nostalgia-reimagined\/","url":"https:\/\/jacarandajewelry.com\/es\/producto\/the-pez-pendant-nostalgia-reimagined\/","name":"El colgante PEZ: La nostalgia reinventada. - Jacaranda Jewelry","isPartOf":{"@id":"https:\/\/jacarandajewelry.com\/es\/#website"},"primaryImageOfPage":{"@id":"https:\/\/jacarandajewelry.com\/es\/producto\/the-pez-pendant-nostalgia-reimagined\/#primaryimage"},"image":{"@id":"https:\/\/jacarandajewelry.com\/es\/producto\/the-pez-pendant-nostalgia-reimagined\/#primaryimage"},"thumbnailUrl":"https:\/\/jacarandajewelry.com\/wp-content\/uploads\/2025\/05\/IMG_2780.jpg","datePublished":"2025-06-24T14:07:14+00:00","dateModified":"2026-02-16T10:28:01+00:00","breadcrumb":{"@id":"https:\/\/jacarandajewelry.com\/es\/producto\/the-pez-pendant-nostalgia-reimagined\/#breadcrumb"},"inLanguage":"es","potentialAction":[{"@type":"ReadAction","target":["https:\/\/jacarandajewelry.com\/es\/producto\/the-pez-pendant-nostalgia-reimagined\/"]}]},{"@type":"ImageObject","inLanguage":"es","@id":"https:\/\/jacarandajewelry.com\/es\/producto\/the-pez-pendant-nostalgia-reimagined\/#primaryimage","url":"https:\/\/jacarandajewelry.com\/wp-content\/uploads\/2025\/05\/IMG_2780.jpg","contentUrl":"https:\/\/jacarandajewelry.com\/wp-content\/uploads\/2025\/05\/IMG_2780.jpg","width":1230,"height":1974},{"@type":"BreadcrumbList","@id":"https:\/\/jacarandajewelry.com\/es\/producto\/the-pez-pendant-nostalgia-reimagined\/#breadcrumb","itemListElement":[{"@type":"ListItem","position":1,"name":"Portada","item":"https:\/\/jacarandajewelry.com\/es\/ecommerce-creative-home-page\/"},{"@type":"ListItem","position":2,"name":"Tienda","item":"https:\/\/jacarandajewelry.com\/es\/tienda\/"},{"@type":"ListItem","position":3,"name":"El colgante PEZ: La nostalgia reinventada."}]},{"@type":"WebSite","@id":"https:\/\/jacarandajewelry.com\/es\/#website","url":"https:\/\/jacarandajewelry.com\/es\/","name":"Jacaranda Jewelry","description":"Tienda online de joyer\u00eda a medida y vintage","potentialAction":[{"@type":"SearchAction","target":{"@type":"EntryPoint","urlTemplate":"https:\/\/jacarandajewelry.com\/es\/?s={search_term_string}"},"query-input":{"@type":"PropertyValueSpecification","valueRequired":true,"valueName":"search_term_string"}}],"inLanguage":"es"}]}},"_links":{"self":[{"href":"https:\/\/jacarandajewelry.com\/es\/wp-json\/wp\/v2\/product\/5255","targetHints":{"allow":["GET"]}}],"collection":[{"href":"https:\/\/jacarandajewelry.com\/es\/wp-json\/wp\/v2\/product"}],"about":[{"href":"https:\/\/jacarandajewelry.com\/es\/wp-json\/wp\/v2\/types\/product"}],"replies":[{"embeddable":true,"href":"https:\/\/jacarandajewelry.com\/es\/wp-json\/wp\/v2\/comments?post=5255"}],"wp:featuredmedia":[{"embeddable":true,"href":"https:\/\/jacarandajewelry.com\/es\/wp-json\/wp\/v2\/media\/5285"}],"wp:attachment":[{"href":"https:\/\/jacarandajewelry.com\/es\/wp-json\/wp\/v2\/media?parent=5255"}],"wp:term":[{"taxonomy":"product_brand","embeddable":true,"href":"https:\/\/jacarandajewelry.com\/es\/wp-json\/wp\/v2\/product_brand?post=5255"},{"taxonomy":"product_cat","embeddable":true,"href":"https:\/\/jacarandajewelry.com\/es\/wp-json\/wp\/v2\/product_cat?post=5255"},{"taxonomy":"product_tag","embeddable":true,"href":"https:\/\/jacarandajewelry.com\/es\/wp-json\/wp\/v2\/product_tag?post=5255"}],"curies":[{"name":"wp","href":"https:\/\/api.w.org\/{rel}","templated":true}]}}