{"id":5361,"date":"2025-05-05T09:11:29","date_gmt":"2025-05-05T07:11:29","guid":{"rendered":"https:\/\/jacarandajewelry.com\/producto\/silver-skull-cufflinks-with-sapphires\/"},"modified":"2026-02-18T12:14:55","modified_gmt":"2026-02-18T11:14:55","slug":"gemelos-calavera-hechos-a-mano-en-plata-de-ley-con-ojos-de-zafiro-azul-natural","status":"publish","type":"product","link":"https:\/\/jacarandajewelry.com\/es\/producto\/gemelos-calavera-hechos-a-mano-en-plata-de-ley-con-ojos-de-zafiro-azul-natural\/","title":{"rendered":"Gemelos calavera hechos a mano en plata de ley con ojos de zafiro azul natural."},"content":{"rendered":"<p>Estos gemelos \u00fanicos est\u00e1n fabricados en plata de ley pulida, pero para quienes prefieren un toque vintage, tambi\u00e9n est\u00e1 disponible un acabado en plata envejecida bajo pedido. Cada gemelo est\u00e1 hecho a mano cuidando cada detalle.<\/p>\n<p>Cada calavera mide aproximadamente 11 mm de alto. \u00a1Marca la diferencia con una declaraci\u00f3n que refleje tu personalidad con estos accesorios tan llamativos!<\/p>\n","protected":false},"excerpt":{"rendered":"<p>&nbsp;<\/p>\n<p>&nbsp;<\/p>\n<p>&nbsp;<\/p>\n","protected":false},"featured_media":5363,"comment_status":"open","ping_status":"closed","template":"","meta":[],"product_brand":[],"product_cat":[67,71],"product_tag":[],"class_list":{"0":"post-5361","1":"product","2":"type-product","3":"status-publish","4":"has-post-thumbnail","6":"product_cat-colgantes-y-conectores-jacaranda","7":"product_cat-sin-categorizar-es","9":"first","10":"instock","11":"shipping-taxable","12":"purchasable","13":"product-type-simple"},"yoast_head":"<!-- This site is optimized with the Yoast SEO plugin v27.4 - https:\/\/yoast.com\/product\/yoast-seo-wordpress\/ -->\n<title>Gemelos calavera hechos a mano en plata de ley con ojos de zafiro azul natural. - Jacaranda Jewelry<\/title>\n<meta name=\"robots\" content=\"index, follow, max-snippet:-1, max-image-preview:large, max-video-preview:-1\" \/>\n<link rel=\"canonical\" href=\"https:\/\/jacarandajewelry.com\/es\/producto\/gemelos-calavera-hechos-a-mano-en-plata-de-ley-con-ojos-de-zafiro-azul-natural\/\" \/>\n<meta property=\"og:locale\" content=\"es_ES\" \/>\n<meta property=\"og:type\" content=\"article\" \/>\n<meta property=\"og:title\" content=\"Gemelos calavera hechos a mano en plata de ley con ojos de zafiro azul natural. - Jacaranda Jewelry\" \/>\n<meta property=\"og:description\" content=\"&nbsp;  &nbsp;  &nbsp;\" \/>\n<meta property=\"og:url\" content=\"https:\/\/jacarandajewelry.com\/es\/producto\/gemelos-calavera-hechos-a-mano-en-plata-de-ley-con-ojos-de-zafiro-azul-natural\/\" \/>\n<meta property=\"og:site_name\" content=\"Jacaranda Jewelry\" \/>\n<meta property=\"article:modified_time\" content=\"2026-02-18T11:14:55+00:00\" \/>\n<meta property=\"og:image\" content=\"https:\/\/jacarandajewelry.com\/wp-content\/uploads\/2025\/05\/IMG_1802.jpg\" \/>\n\t<meta property=\"og:image:width\" content=\"1344\" \/>\n\t<meta property=\"og:image:height\" content=\"2400\" \/>\n\t<meta property=\"og:image:type\" content=\"image\/jpeg\" \/>\n<meta name=\"twitter:card\" content=\"summary_large_image\" \/>\n<meta name=\"twitter:label1\" content=\"Tiempo de lectura\" \/>\n\t<meta name=\"twitter:data1\" content=\"1 minuto\" \/>\n<script type=\"application\/ld+json\" class=\"yoast-schema-graph\">{\"@context\":\"https:\\\/\\\/schema.org\",\"@graph\":[{\"@type\":\"WebPage\",\"@id\":\"https:\\\/\\\/jacarandajewelry.com\\\/es\\\/producto\\\/gemelos-calavera-hechos-a-mano-en-plata-de-ley-con-ojos-de-zafiro-azul-natural\\\/\",\"url\":\"https:\\\/\\\/jacarandajewelry.com\\\/es\\\/producto\\\/gemelos-calavera-hechos-a-mano-en-plata-de-ley-con-ojos-de-zafiro-azul-natural\\\/\",\"name\":\"Gemelos calavera hechos a mano en plata de ley con ojos de zafiro azul natural. - Jacaranda Jewelry\",\"isPartOf\":{\"@id\":\"https:\\\/\\\/jacarandajewelry.com\\\/es\\\/#website\"},\"primaryImageOfPage\":{\"@id\":\"https:\\\/\\\/jacarandajewelry.com\\\/es\\\/producto\\\/gemelos-calavera-hechos-a-mano-en-plata-de-ley-con-ojos-de-zafiro-azul-natural\\\/#primaryimage\"},\"image\":{\"@id\":\"https:\\\/\\\/jacarandajewelry.com\\\/es\\\/producto\\\/gemelos-calavera-hechos-a-mano-en-plata-de-ley-con-ojos-de-zafiro-azul-natural\\\/#primaryimage\"},\"thumbnailUrl\":\"https:\\\/\\\/jacarandajewelry.com\\\/wp-content\\\/uploads\\\/2025\\\/05\\\/IMG_1802.jpg\",\"datePublished\":\"2025-05-05T07:11:29+00:00\",\"dateModified\":\"2026-02-18T11:14:55+00:00\",\"breadcrumb\":{\"@id\":\"https:\\\/\\\/jacarandajewelry.com\\\/es\\\/producto\\\/gemelos-calavera-hechos-a-mano-en-plata-de-ley-con-ojos-de-zafiro-azul-natural\\\/#breadcrumb\"},\"inLanguage\":\"es\",\"potentialAction\":[{\"@type\":\"ReadAction\",\"target\":[\"https:\\\/\\\/jacarandajewelry.com\\\/es\\\/producto\\\/gemelos-calavera-hechos-a-mano-en-plata-de-ley-con-ojos-de-zafiro-azul-natural\\\/\"]}]},{\"@type\":\"ImageObject\",\"inLanguage\":\"es\",\"@id\":\"https:\\\/\\\/jacarandajewelry.com\\\/es\\\/producto\\\/gemelos-calavera-hechos-a-mano-en-plata-de-ley-con-ojos-de-zafiro-azul-natural\\\/#primaryimage\",\"url\":\"https:\\\/\\\/jacarandajewelry.com\\\/wp-content\\\/uploads\\\/2025\\\/05\\\/IMG_1802.jpg\",\"contentUrl\":\"https:\\\/\\\/jacarandajewelry.com\\\/wp-content\\\/uploads\\\/2025\\\/05\\\/IMG_1802.jpg\",\"width\":1344,\"height\":2400},{\"@type\":\"BreadcrumbList\",\"@id\":\"https:\\\/\\\/jacarandajewelry.com\\\/es\\\/producto\\\/gemelos-calavera-hechos-a-mano-en-plata-de-ley-con-ojos-de-zafiro-azul-natural\\\/#breadcrumb\",\"itemListElement\":[{\"@type\":\"ListItem\",\"position\":1,\"name\":\"Portada\",\"item\":\"https:\\\/\\\/jacarandajewelry.com\\\/es\\\/ecommerce-creative-home-page\\\/\"},{\"@type\":\"ListItem\",\"position\":2,\"name\":\"Tienda\",\"item\":\"https:\\\/\\\/jacarandajewelry.com\\\/es\\\/tienda\\\/\"},{\"@type\":\"ListItem\",\"position\":3,\"name\":\"Gemelos calavera hechos a mano en plata de ley con ojos de zafiro azul natural.\"}]},{\"@type\":\"WebSite\",\"@id\":\"https:\\\/\\\/jacarandajewelry.com\\\/es\\\/#website\",\"url\":\"https:\\\/\\\/jacarandajewelry.com\\\/es\\\/\",\"name\":\"Jacaranda Jewelry\",\"description\":\"Tienda online de joyer\u00eda a medida y vintage\",\"potentialAction\":[{\"@type\":\"SearchAction\",\"target\":{\"@type\":\"EntryPoint\",\"urlTemplate\":\"https:\\\/\\\/jacarandajewelry.com\\\/es\\\/?s={search_term_string}\"},\"query-input\":{\"@type\":\"PropertyValueSpecification\",\"valueRequired\":true,\"valueName\":\"search_term_string\"}}],\"inLanguage\":\"es\"}]}<\/script>\n<!-- \/ Yoast SEO plugin. -->","yoast_head_json":{"title":"Gemelos calavera hechos a mano en plata de ley con ojos de zafiro azul natural. - Jacaranda Jewelry","robots":{"index":"index","follow":"follow","max-snippet":"max-snippet:-1","max-image-preview":"max-image-preview:large","max-video-preview":"max-video-preview:-1"},"canonical":"https:\/\/jacarandajewelry.com\/es\/producto\/gemelos-calavera-hechos-a-mano-en-plata-de-ley-con-ojos-de-zafiro-azul-natural\/","og_locale":"es_ES","og_type":"article","og_title":"Gemelos calavera hechos a mano en plata de ley con ojos de zafiro azul natural. - Jacaranda Jewelry","og_description":"&nbsp;  &nbsp;  &nbsp;","og_url":"https:\/\/jacarandajewelry.com\/es\/producto\/gemelos-calavera-hechos-a-mano-en-plata-de-ley-con-ojos-de-zafiro-azul-natural\/","og_site_name":"Jacaranda Jewelry","article_modified_time":"2026-02-18T11:14:55+00:00","og_image":[{"width":1344,"height":2400,"url":"https:\/\/jacarandajewelry.com\/wp-content\/uploads\/2025\/05\/IMG_1802.jpg","type":"image\/jpeg"}],"twitter_card":"summary_large_image","twitter_misc":{"Tiempo de lectura":"1 minuto"},"schema":{"@context":"https:\/\/schema.org","@graph":[{"@type":"WebPage","@id":"https:\/\/jacarandajewelry.com\/es\/producto\/gemelos-calavera-hechos-a-mano-en-plata-de-ley-con-ojos-de-zafiro-azul-natural\/","url":"https:\/\/jacarandajewelry.com\/es\/producto\/gemelos-calavera-hechos-a-mano-en-plata-de-ley-con-ojos-de-zafiro-azul-natural\/","name":"Gemelos calavera hechos a mano en plata de ley con ojos de zafiro azul natural. - Jacaranda Jewelry","isPartOf":{"@id":"https:\/\/jacarandajewelry.com\/es\/#website"},"primaryImageOfPage":{"@id":"https:\/\/jacarandajewelry.com\/es\/producto\/gemelos-calavera-hechos-a-mano-en-plata-de-ley-con-ojos-de-zafiro-azul-natural\/#primaryimage"},"image":{"@id":"https:\/\/jacarandajewelry.com\/es\/producto\/gemelos-calavera-hechos-a-mano-en-plata-de-ley-con-ojos-de-zafiro-azul-natural\/#primaryimage"},"thumbnailUrl":"https:\/\/jacarandajewelry.com\/wp-content\/uploads\/2025\/05\/IMG_1802.jpg","datePublished":"2025-05-05T07:11:29+00:00","dateModified":"2026-02-18T11:14:55+00:00","breadcrumb":{"@id":"https:\/\/jacarandajewelry.com\/es\/producto\/gemelos-calavera-hechos-a-mano-en-plata-de-ley-con-ojos-de-zafiro-azul-natural\/#breadcrumb"},"inLanguage":"es","potentialAction":[{"@type":"ReadAction","target":["https:\/\/jacarandajewelry.com\/es\/producto\/gemelos-calavera-hechos-a-mano-en-plata-de-ley-con-ojos-de-zafiro-azul-natural\/"]}]},{"@type":"ImageObject","inLanguage":"es","@id":"https:\/\/jacarandajewelry.com\/es\/producto\/gemelos-calavera-hechos-a-mano-en-plata-de-ley-con-ojos-de-zafiro-azul-natural\/#primaryimage","url":"https:\/\/jacarandajewelry.com\/wp-content\/uploads\/2025\/05\/IMG_1802.jpg","contentUrl":"https:\/\/jacarandajewelry.com\/wp-content\/uploads\/2025\/05\/IMG_1802.jpg","width":1344,"height":2400},{"@type":"BreadcrumbList","@id":"https:\/\/jacarandajewelry.com\/es\/producto\/gemelos-calavera-hechos-a-mano-en-plata-de-ley-con-ojos-de-zafiro-azul-natural\/#breadcrumb","itemListElement":[{"@type":"ListItem","position":1,"name":"Portada","item":"https:\/\/jacarandajewelry.com\/es\/ecommerce-creative-home-page\/"},{"@type":"ListItem","position":2,"name":"Tienda","item":"https:\/\/jacarandajewelry.com\/es\/tienda\/"},{"@type":"ListItem","position":3,"name":"Gemelos calavera hechos a mano en plata de ley con ojos de zafiro azul natural."}]},{"@type":"WebSite","@id":"https:\/\/jacarandajewelry.com\/es\/#website","url":"https:\/\/jacarandajewelry.com\/es\/","name":"Jacaranda Jewelry","description":"Tienda online de joyer\u00eda a medida y vintage","potentialAction":[{"@type":"SearchAction","target":{"@type":"EntryPoint","urlTemplate":"https:\/\/jacarandajewelry.com\/es\/?s={search_term_string}"},"query-input":{"@type":"PropertyValueSpecification","valueRequired":true,"valueName":"search_term_string"}}],"inLanguage":"es"}]}},"_links":{"self":[{"href":"https:\/\/jacarandajewelry.com\/es\/wp-json\/wp\/v2\/product\/5361","targetHints":{"allow":["GET"]}}],"collection":[{"href":"https:\/\/jacarandajewelry.com\/es\/wp-json\/wp\/v2\/product"}],"about":[{"href":"https:\/\/jacarandajewelry.com\/es\/wp-json\/wp\/v2\/types\/product"}],"replies":[{"embeddable":true,"href":"https:\/\/jacarandajewelry.com\/es\/wp-json\/wp\/v2\/comments?post=5361"}],"wp:featuredmedia":[{"embeddable":true,"href":"https:\/\/jacarandajewelry.com\/es\/wp-json\/wp\/v2\/media\/5363"}],"wp:attachment":[{"href":"https:\/\/jacarandajewelry.com\/es\/wp-json\/wp\/v2\/media?parent=5361"}],"wp:term":[{"taxonomy":"product_brand","embeddable":true,"href":"https:\/\/jacarandajewelry.com\/es\/wp-json\/wp\/v2\/product_brand?post=5361"},{"taxonomy":"product_cat","embeddable":true,"href":"https:\/\/jacarandajewelry.com\/es\/wp-json\/wp\/v2\/product_cat?post=5361"},{"taxonomy":"product_tag","embeddable":true,"href":"https:\/\/jacarandajewelry.com\/es\/wp-json\/wp\/v2\/product_tag?post=5361"}],"curies":[{"name":"wp","href":"https:\/\/api.w.org\/{rel}","templated":true}]}}