{"id":6297,"date":"2026-02-03T16:11:45","date_gmt":"2026-02-03T15:11:45","guid":{"rendered":"https:\/\/jacarandajewelry.com\/?post_type=product&#038;p=6297"},"modified":"2026-02-18T12:13:32","modified_gmt":"2026-02-18T11:13:32","slug":"medalla-unica-vintage-augis-mas-que-ayer-menos-que-manana-en-su-version-italiana-rodeada-de-rubies","status":"publish","type":"product","link":"https:\/\/jacarandajewelry.com\/es\/producto\/medalla-unica-vintage-augis-mas-que-ayer-menos-que-manana-en-su-version-italiana-rodeada-de-rubies\/","title":{"rendered":"Medalla \u00fanica vintage Augis \u00abmas que ayer, menos que ma\u00f1ana\u00bb en su versi\u00f3n italiana rodeada de rubies"},"content":{"rendered":"<p>Esta es una aut\u00e9ntica medalla de amor vintage creada por Alphonse Augis, el reconocido joyero franc\u00e9s de Lyon. Conocida como la c\u00e9lebre \u201cM\u00e9daille d\u2019Amour\u201d, esta pieza de colecci\u00f3n se inspira en un poema de amor escrito en 1899 por Rosemonde G\u00e9rard a su marido Edmond Rostand (autor de Cyrano de Bergerac). Uno de sus versos dice:<br \/>\n\u00abCar, vois-tu, chaque jour je t\u2019aime davantage,<br \/>\nAujourd\u2019hui plus qu\u2019hier et bien moins que demain.\u00bb<br \/>\n(\u201cPorque, \u00bfves?, cada d\u00eda te quiero m\u00e1s; hoy m\u00e1s que ayer y menos que ma\u00f1ana.\u201d)<\/p>\n<p>Augis inmortaliz\u00f3 este sentimiento en una serie de medallas de amor que se han convertido en aut\u00e9nticos iconos. Esta pieza en particular es la versi\u00f3n italiana (+ di ieri, &#8211; di domani), con el verso grabado en ese idioma.<\/p>\n<p>Detalles &amp; Caracter\u00edsticas:<br \/>\nAnverso: El signo menos est\u00e1 formado por tres rub\u00edes calibrados, mientras que el signo m\u00e1s lleva un diamante natural, un detalle caracter\u00edstico de Augis. La medalla est\u00e1 rodeada por un elegante halo de rub\u00edes que aporta color y sofisticaci\u00f3n.<br \/>\nMaterial: Oro amarillo macizo de 18 quilates.<br \/>\nPeso: 4,70 gramos.<br \/>\nMedidas: 20 mm de di\u00e1metro (sin contar la anilla).<br \/>\nEstado: El anverso est\u00e1 en excelente estado vintage, con rub\u00edes brillantes y superficie impecable. El reverso muestra algunas se\u00f1ales de uso, propias de la edad, pero se conserva en muy buen estado.<\/p>\n<p>Sellos &amp; Marcas:<br \/>\nAnilla Unoaerre \u2013 prestigiosa firma italiana.<br \/>\nDep A.A \u2013 marca de fabricante de Alphonse Augis.<br \/>\n750 \u2013 confirmando 18k de oro.<br \/>\nContraste de oro italiano.<\/p>\n<p>Se trata de una pieza rara y muy buscada, especialmente por su excelente estado de conservaci\u00f3n. Un s\u00edmbolo eterno de amor, lleno de historia, significado y elegancia: el regalo perfecto para un ser querido o un tesoro personal con encanto vintage.<\/p>\n","protected":false},"excerpt":{"rendered":"<p>Esta es una aut\u00e9ntica medalla de amor vintage creada por Alphonse Augis, el reconocido joyero franc\u00e9s de Lyon. Conocida como la c\u00e9lebre \u201cM\u00e9daille d\u2019Amour\u201d, esta pieza de colecci\u00f3n se inspira en un poema de amor escrito en 1899 por Rosemonde G\u00e9rard a su marido Edmond Rostand (autor de Cyrano de Bergerac). Uno de sus versos dice:<\/p>\n","protected":false},"featured_media":6316,"comment_status":"open","ping_status":"closed","template":"","meta":[],"product_brand":[],"product_cat":[52,68],"product_tag":[],"class_list":{"0":"post-6297","1":"product","2":"type-product","3":"status-publish","4":"has-post-thumbnail","6":"product_cat-colgantes-y-conectores-es","7":"product_cat-colgantes-y-conectores-vintage","9":"first","10":"instock","11":"sale","12":"shipping-taxable","13":"purchasable","14":"product-type-simple"},"yoast_head":"<!-- This site is optimized with the Yoast SEO plugin v27.6 - https:\/\/yoast.com\/product\/yoast-seo-wordpress\/ -->\n<title>Medalla \u00fanica vintage Augis &quot;mas que ayer, menos que ma\u00f1ana&quot; en su versi\u00f3n italiana rodeada de rubies - Jacaranda Jewelry<\/title>\n<meta name=\"robots\" content=\"index, follow, max-snippet:-1, max-image-preview:large, max-video-preview:-1\" \/>\n<link rel=\"canonical\" href=\"https:\/\/jacarandajewelry.com\/es\/producto\/medalla-unica-vintage-augis-mas-que-ayer-menos-que-manana-en-su-version-italiana-rodeada-de-rubies\/\" \/>\n<meta property=\"og:locale\" content=\"es_ES\" \/>\n<meta property=\"og:type\" content=\"article\" \/>\n<meta property=\"og:title\" content=\"Medalla \u00fanica vintage Augis &quot;mas que ayer, menos que ma\u00f1ana&quot; en su versi\u00f3n italiana rodeada de rubies - Jacaranda Jewelry\" \/>\n<meta property=\"og:description\" content=\"Esta es una aut\u00e9ntica medalla de amor vintage creada por Alphonse Augis, el reconocido joyero franc\u00e9s de Lyon. Conocida como la c\u00e9lebre \u201cM\u00e9daille d\u2019Amour\u201d, esta pieza de colecci\u00f3n se inspira en un poema de amor escrito en 1899 por Rosemonde G\u00e9rard a su marido Edmond Rostand (autor de Cyrano de Bergerac). Uno de sus versos dice:\" \/>\n<meta property=\"og:url\" content=\"https:\/\/jacarandajewelry.com\/es\/producto\/medalla-unica-vintage-augis-mas-que-ayer-menos-que-manana-en-su-version-italiana-rodeada-de-rubies\/\" \/>\n<meta property=\"og:site_name\" content=\"Jacaranda Jewelry\" \/>\n<meta property=\"article:modified_time\" content=\"2026-02-18T11:13:32+00:00\" \/>\n<meta property=\"og:image\" content=\"https:\/\/jacarandajewelry.com\/wp-content\/uploads\/2026\/02\/imgi_225_il_fullxfull.7451316909_rhpw-scaled.jpg\" \/>\n\t<meta property=\"og:image:width\" content=\"1920\" \/>\n\t<meta property=\"og:image:height\" content=\"2560\" \/>\n\t<meta property=\"og:image:type\" content=\"image\/jpeg\" \/>\n<meta name=\"twitter:card\" content=\"summary_large_image\" \/>\n<meta name=\"twitter:label1\" content=\"Tiempo de lectura\" \/>\n\t<meta name=\"twitter:data1\" content=\"2 minutos\" \/>\n<script type=\"application\/ld+json\" class=\"yoast-schema-graph\">{\"@context\":\"https:\\\/\\\/schema.org\",\"@graph\":[{\"@type\":\"WebPage\",\"@id\":\"https:\\\/\\\/jacarandajewelry.com\\\/es\\\/producto\\\/medalla-unica-vintage-augis-mas-que-ayer-menos-que-manana-en-su-version-italiana-rodeada-de-rubies\\\/\",\"url\":\"https:\\\/\\\/jacarandajewelry.com\\\/es\\\/producto\\\/medalla-unica-vintage-augis-mas-que-ayer-menos-que-manana-en-su-version-italiana-rodeada-de-rubies\\\/\",\"name\":\"Medalla \u00fanica vintage Augis \\\"mas que ayer, menos que ma\u00f1ana\\\" en su versi\u00f3n italiana rodeada de rubies - Jacaranda Jewelry\",\"isPartOf\":{\"@id\":\"https:\\\/\\\/jacarandajewelry.com\\\/es\\\/#website\"},\"primaryImageOfPage\":{\"@id\":\"https:\\\/\\\/jacarandajewelry.com\\\/es\\\/producto\\\/medalla-unica-vintage-augis-mas-que-ayer-menos-que-manana-en-su-version-italiana-rodeada-de-rubies\\\/#primaryimage\"},\"image\":{\"@id\":\"https:\\\/\\\/jacarandajewelry.com\\\/es\\\/producto\\\/medalla-unica-vintage-augis-mas-que-ayer-menos-que-manana-en-su-version-italiana-rodeada-de-rubies\\\/#primaryimage\"},\"thumbnailUrl\":\"https:\\\/\\\/jacarandajewelry.com\\\/wp-content\\\/uploads\\\/2026\\\/02\\\/imgi_225_il_fullxfull.7451316909_rhpw-scaled.jpg\",\"datePublished\":\"2026-02-03T15:11:45+00:00\",\"dateModified\":\"2026-02-18T11:13:32+00:00\",\"breadcrumb\":{\"@id\":\"https:\\\/\\\/jacarandajewelry.com\\\/es\\\/producto\\\/medalla-unica-vintage-augis-mas-que-ayer-menos-que-manana-en-su-version-italiana-rodeada-de-rubies\\\/#breadcrumb\"},\"inLanguage\":\"es\",\"potentialAction\":[{\"@type\":\"ReadAction\",\"target\":[\"https:\\\/\\\/jacarandajewelry.com\\\/es\\\/producto\\\/medalla-unica-vintage-augis-mas-que-ayer-menos-que-manana-en-su-version-italiana-rodeada-de-rubies\\\/\"]}]},{\"@type\":\"ImageObject\",\"inLanguage\":\"es\",\"@id\":\"https:\\\/\\\/jacarandajewelry.com\\\/es\\\/producto\\\/medalla-unica-vintage-augis-mas-que-ayer-menos-que-manana-en-su-version-italiana-rodeada-de-rubies\\\/#primaryimage\",\"url\":\"https:\\\/\\\/jacarandajewelry.com\\\/wp-content\\\/uploads\\\/2026\\\/02\\\/imgi_225_il_fullxfull.7451316909_rhpw-scaled.jpg\",\"contentUrl\":\"https:\\\/\\\/jacarandajewelry.com\\\/wp-content\\\/uploads\\\/2026\\\/02\\\/imgi_225_il_fullxfull.7451316909_rhpw-scaled.jpg\",\"width\":1920,\"height\":2560},{\"@type\":\"BreadcrumbList\",\"@id\":\"https:\\\/\\\/jacarandajewelry.com\\\/es\\\/producto\\\/medalla-unica-vintage-augis-mas-que-ayer-menos-que-manana-en-su-version-italiana-rodeada-de-rubies\\\/#breadcrumb\",\"itemListElement\":[{\"@type\":\"ListItem\",\"position\":1,\"name\":\"Portada\",\"item\":\"https:\\\/\\\/jacarandajewelry.com\\\/es\\\/ecommerce-creative-home-page\\\/\"},{\"@type\":\"ListItem\",\"position\":2,\"name\":\"Tienda\",\"item\":\"https:\\\/\\\/jacarandajewelry.com\\\/es\\\/tienda\\\/\"},{\"@type\":\"ListItem\",\"position\":3,\"name\":\"Medalla \u00fanica vintage Augis &#8220;mas que ayer, menos que ma\u00f1ana&#8221; en su versi\u00f3n italiana rodeada de rubies\"}]},{\"@type\":\"WebSite\",\"@id\":\"https:\\\/\\\/jacarandajewelry.com\\\/es\\\/#website\",\"url\":\"https:\\\/\\\/jacarandajewelry.com\\\/es\\\/\",\"name\":\"Jacaranda Jewelry\",\"description\":\"Tienda online de joyer\u00eda a medida y vintage\",\"potentialAction\":[{\"@type\":\"SearchAction\",\"target\":{\"@type\":\"EntryPoint\",\"urlTemplate\":\"https:\\\/\\\/jacarandajewelry.com\\\/es\\\/?s={search_term_string}\"},\"query-input\":{\"@type\":\"PropertyValueSpecification\",\"valueRequired\":true,\"valueName\":\"search_term_string\"}}],\"inLanguage\":\"es\"}]}<\/script>\n<!-- \/ Yoast SEO plugin. -->","yoast_head_json":{"title":"Medalla \u00fanica vintage Augis \"mas que ayer, menos que ma\u00f1ana\" en su versi\u00f3n italiana rodeada de rubies - Jacaranda Jewelry","robots":{"index":"index","follow":"follow","max-snippet":"max-snippet:-1","max-image-preview":"max-image-preview:large","max-video-preview":"max-video-preview:-1"},"canonical":"https:\/\/jacarandajewelry.com\/es\/producto\/medalla-unica-vintage-augis-mas-que-ayer-menos-que-manana-en-su-version-italiana-rodeada-de-rubies\/","og_locale":"es_ES","og_type":"article","og_title":"Medalla \u00fanica vintage Augis \"mas que ayer, menos que ma\u00f1ana\" en su versi\u00f3n italiana rodeada de rubies - Jacaranda Jewelry","og_description":"Esta es una aut\u00e9ntica medalla de amor vintage creada por Alphonse Augis, el reconocido joyero franc\u00e9s de Lyon. Conocida como la c\u00e9lebre \u201cM\u00e9daille d\u2019Amour\u201d, esta pieza de colecci\u00f3n se inspira en un poema de amor escrito en 1899 por Rosemonde G\u00e9rard a su marido Edmond Rostand (autor de Cyrano de Bergerac). Uno de sus versos dice:","og_url":"https:\/\/jacarandajewelry.com\/es\/producto\/medalla-unica-vintage-augis-mas-que-ayer-menos-que-manana-en-su-version-italiana-rodeada-de-rubies\/","og_site_name":"Jacaranda Jewelry","article_modified_time":"2026-02-18T11:13:32+00:00","og_image":[{"width":1920,"height":2560,"url":"https:\/\/jacarandajewelry.com\/wp-content\/uploads\/2026\/02\/imgi_225_il_fullxfull.7451316909_rhpw-scaled.jpg","type":"image\/jpeg"}],"twitter_card":"summary_large_image","twitter_misc":{"Tiempo de lectura":"2 minutos"},"schema":{"@context":"https:\/\/schema.org","@graph":[{"@type":"WebPage","@id":"https:\/\/jacarandajewelry.com\/es\/producto\/medalla-unica-vintage-augis-mas-que-ayer-menos-que-manana-en-su-version-italiana-rodeada-de-rubies\/","url":"https:\/\/jacarandajewelry.com\/es\/producto\/medalla-unica-vintage-augis-mas-que-ayer-menos-que-manana-en-su-version-italiana-rodeada-de-rubies\/","name":"Medalla \u00fanica vintage Augis \"mas que ayer, menos que ma\u00f1ana\" en su versi\u00f3n italiana rodeada de rubies - Jacaranda Jewelry","isPartOf":{"@id":"https:\/\/jacarandajewelry.com\/es\/#website"},"primaryImageOfPage":{"@id":"https:\/\/jacarandajewelry.com\/es\/producto\/medalla-unica-vintage-augis-mas-que-ayer-menos-que-manana-en-su-version-italiana-rodeada-de-rubies\/#primaryimage"},"image":{"@id":"https:\/\/jacarandajewelry.com\/es\/producto\/medalla-unica-vintage-augis-mas-que-ayer-menos-que-manana-en-su-version-italiana-rodeada-de-rubies\/#primaryimage"},"thumbnailUrl":"https:\/\/jacarandajewelry.com\/wp-content\/uploads\/2026\/02\/imgi_225_il_fullxfull.7451316909_rhpw-scaled.jpg","datePublished":"2026-02-03T15:11:45+00:00","dateModified":"2026-02-18T11:13:32+00:00","breadcrumb":{"@id":"https:\/\/jacarandajewelry.com\/es\/producto\/medalla-unica-vintage-augis-mas-que-ayer-menos-que-manana-en-su-version-italiana-rodeada-de-rubies\/#breadcrumb"},"inLanguage":"es","potentialAction":[{"@type":"ReadAction","target":["https:\/\/jacarandajewelry.com\/es\/producto\/medalla-unica-vintage-augis-mas-que-ayer-menos-que-manana-en-su-version-italiana-rodeada-de-rubies\/"]}]},{"@type":"ImageObject","inLanguage":"es","@id":"https:\/\/jacarandajewelry.com\/es\/producto\/medalla-unica-vintage-augis-mas-que-ayer-menos-que-manana-en-su-version-italiana-rodeada-de-rubies\/#primaryimage","url":"https:\/\/jacarandajewelry.com\/wp-content\/uploads\/2026\/02\/imgi_225_il_fullxfull.7451316909_rhpw-scaled.jpg","contentUrl":"https:\/\/jacarandajewelry.com\/wp-content\/uploads\/2026\/02\/imgi_225_il_fullxfull.7451316909_rhpw-scaled.jpg","width":1920,"height":2560},{"@type":"BreadcrumbList","@id":"https:\/\/jacarandajewelry.com\/es\/producto\/medalla-unica-vintage-augis-mas-que-ayer-menos-que-manana-en-su-version-italiana-rodeada-de-rubies\/#breadcrumb","itemListElement":[{"@type":"ListItem","position":1,"name":"Portada","item":"https:\/\/jacarandajewelry.com\/es\/ecommerce-creative-home-page\/"},{"@type":"ListItem","position":2,"name":"Tienda","item":"https:\/\/jacarandajewelry.com\/es\/tienda\/"},{"@type":"ListItem","position":3,"name":"Medalla \u00fanica vintage Augis &#8220;mas que ayer, menos que ma\u00f1ana&#8221; en su versi\u00f3n italiana rodeada de rubies"}]},{"@type":"WebSite","@id":"https:\/\/jacarandajewelry.com\/es\/#website","url":"https:\/\/jacarandajewelry.com\/es\/","name":"Jacaranda Jewelry","description":"Tienda online de joyer\u00eda a medida y vintage","potentialAction":[{"@type":"SearchAction","target":{"@type":"EntryPoint","urlTemplate":"https:\/\/jacarandajewelry.com\/es\/?s={search_term_string}"},"query-input":{"@type":"PropertyValueSpecification","valueRequired":true,"valueName":"search_term_string"}}],"inLanguage":"es"}]}},"_links":{"self":[{"href":"https:\/\/jacarandajewelry.com\/es\/wp-json\/wp\/v2\/product\/6297","targetHints":{"allow":["GET"]}}],"collection":[{"href":"https:\/\/jacarandajewelry.com\/es\/wp-json\/wp\/v2\/product"}],"about":[{"href":"https:\/\/jacarandajewelry.com\/es\/wp-json\/wp\/v2\/types\/product"}],"replies":[{"embeddable":true,"href":"https:\/\/jacarandajewelry.com\/es\/wp-json\/wp\/v2\/comments?post=6297"}],"wp:featuredmedia":[{"embeddable":true,"href":"https:\/\/jacarandajewelry.com\/es\/wp-json\/wp\/v2\/media\/6316"}],"wp:attachment":[{"href":"https:\/\/jacarandajewelry.com\/es\/wp-json\/wp\/v2\/media?parent=6297"}],"wp:term":[{"taxonomy":"product_brand","embeddable":true,"href":"https:\/\/jacarandajewelry.com\/es\/wp-json\/wp\/v2\/product_brand?post=6297"},{"taxonomy":"product_cat","embeddable":true,"href":"https:\/\/jacarandajewelry.com\/es\/wp-json\/wp\/v2\/product_cat?post=6297"},{"taxonomy":"product_tag","embeddable":true,"href":"https:\/\/jacarandajewelry.com\/es\/wp-json\/wp\/v2\/product_tag?post=6297"}],"curies":[{"name":"wp","href":"https:\/\/api.w.org\/{rel}","templated":true}]}}