{"id":6333,"date":"2026-02-03T17:12:43","date_gmt":"2026-02-03T16:12:43","guid":{"rendered":"https:\/\/jacarandajewelry.com\/?post_type=product&#038;p=6333"},"modified":"2026-02-10T15:06:02","modified_gmt":"2026-02-10T14:06:02","slug":"anillo-vintage-en-oro-amarillo-de-18k-con-diamantes-con-preciosos-grabados-a-mano","status":"publish","type":"product","link":"https:\/\/jacarandajewelry.com\/es\/producto\/anillo-vintage-en-oro-amarillo-de-18k-con-diamantes-con-preciosos-grabados-a-mano\/","title":{"rendered":"Anillo vintage en oro amarillo de 18k con diamantes con preciosos grabados a mano"},"content":{"rendered":"<p>Una rara y exquisita pieza vintage, elaborada en oro amarillo macizo de 18 quilates, con un deslumbrante conjunto de 21 diamantes naturales blancos.<br \/>\nCada p\u00e9talo y hoja ha sido grabado a mano, creando un delicado motivo floral que refleja el arte y la maestr\u00eda de la joyer\u00eda tradicional.<br \/>\nEl contraste entre el brillo c\u00e1lido del oro y el destello de los diamantes confiere a esta joya un encanto atemporal y rom\u00e1ntico \u2014 perfecta tanto para coleccionistas como para quienes buscan una joya heredable con significado.<br \/>\n\u2022 Metal: Oro amarillo macizo de 18k<br \/>\n\u2022 Diamantes: Naturales, aprox. 0,66 ct en total<br \/>\n\u2022 Dise\u00f1o: Grabado floral a mano<br \/>\n\u2022 Estado: Excelente condici\u00f3n vintage<br \/>\n\u2022 Talla: 7.25 US<br \/>\n\u2022 Peso: 15,7 gramos<br \/>\nUna pieza verdaderamente \u00fanica \u2014 elegante, femenina y llena del refinamiento propio de la joyer\u00eda de otra \u00e9poca. Perfecta como regalo de aniversario, anillo de compromiso o simplemente para celebrar tu amor por la joyer\u00eda vintage de alta calidad<\/p>\n","protected":false},"excerpt":{"rendered":"<p>Una rara y exquisita pieza vintage, elaborada en oro amarillo macizo de 18 quilates, con un deslumbrante conjunto de 21 diamantes naturales blancos.<\/p>\n","protected":false},"featured_media":6277,"comment_status":"open","ping_status":"closed","template":"","meta":[],"product_brand":[],"product_cat":[54,66],"product_tag":[],"class_list":{"0":"post-6333","1":"product","2":"type-product","3":"status-publish","4":"has-post-thumbnail","6":"product_cat-anillos-es","7":"product_cat-anillos-vintage","9":"first","10":"instock","11":"shipping-taxable","12":"purchasable","13":"product-type-simple"},"yoast_head":"<!-- This site is optimized with the Yoast SEO plugin v27.6 - https:\/\/yoast.com\/product\/yoast-seo-wordpress\/ -->\n<title>Anillo vintage en oro amarillo de 18k con diamantes con preciosos grabados a mano - Jacaranda Jewelry<\/title>\n<meta name=\"robots\" content=\"index, follow, max-snippet:-1, max-image-preview:large, max-video-preview:-1\" \/>\n<link rel=\"canonical\" href=\"https:\/\/jacarandajewelry.com\/es\/producto\/anillo-vintage-en-oro-amarillo-de-18k-con-diamantes-con-preciosos-grabados-a-mano\/\" \/>\n<meta property=\"og:locale\" content=\"es_ES\" \/>\n<meta property=\"og:type\" content=\"article\" \/>\n<meta property=\"og:title\" content=\"Anillo vintage en oro amarillo de 18k con diamantes con preciosos grabados a mano - Jacaranda Jewelry\" \/>\n<meta property=\"og:description\" content=\"Una rara y exquisita pieza vintage, elaborada en oro amarillo macizo de 18 quilates, con un deslumbrante conjunto de 21 diamantes naturales blancos.\" \/>\n<meta property=\"og:url\" content=\"https:\/\/jacarandajewelry.com\/es\/producto\/anillo-vintage-en-oro-amarillo-de-18k-con-diamantes-con-preciosos-grabados-a-mano\/\" \/>\n<meta property=\"og:site_name\" content=\"Jacaranda Jewelry\" \/>\n<meta property=\"article:modified_time\" content=\"2026-02-10T14:06:02+00:00\" \/>\n<meta property=\"og:image\" content=\"https:\/\/jacarandajewelry.com\/wp-content\/uploads\/2026\/02\/imgi_97_il_1588xN.7340600653_srrr-scaled.jpg\" \/>\n\t<meta property=\"og:image:width\" content=\"1433\" \/>\n\t<meta property=\"og:image:height\" content=\"2560\" \/>\n\t<meta property=\"og:image:type\" content=\"image\/jpeg\" \/>\n<meta name=\"twitter:card\" content=\"summary_large_image\" \/>\n<meta name=\"twitter:label1\" content=\"Tiempo de lectura\" \/>\n\t<meta name=\"twitter:data1\" content=\"1 minuto\" \/>\n<script type=\"application\/ld+json\" class=\"yoast-schema-graph\">{\"@context\":\"https:\\\/\\\/schema.org\",\"@graph\":[{\"@type\":\"WebPage\",\"@id\":\"https:\\\/\\\/jacarandajewelry.com\\\/es\\\/producto\\\/anillo-vintage-en-oro-amarillo-de-18k-con-diamantes-con-preciosos-grabados-a-mano\\\/\",\"url\":\"https:\\\/\\\/jacarandajewelry.com\\\/es\\\/producto\\\/anillo-vintage-en-oro-amarillo-de-18k-con-diamantes-con-preciosos-grabados-a-mano\\\/\",\"name\":\"Anillo vintage en oro amarillo de 18k con diamantes con preciosos grabados a mano - Jacaranda Jewelry\",\"isPartOf\":{\"@id\":\"https:\\\/\\\/jacarandajewelry.com\\\/es\\\/#website\"},\"primaryImageOfPage\":{\"@id\":\"https:\\\/\\\/jacarandajewelry.com\\\/es\\\/producto\\\/anillo-vintage-en-oro-amarillo-de-18k-con-diamantes-con-preciosos-grabados-a-mano\\\/#primaryimage\"},\"image\":{\"@id\":\"https:\\\/\\\/jacarandajewelry.com\\\/es\\\/producto\\\/anillo-vintage-en-oro-amarillo-de-18k-con-diamantes-con-preciosos-grabados-a-mano\\\/#primaryimage\"},\"thumbnailUrl\":\"https:\\\/\\\/jacarandajewelry.com\\\/wp-content\\\/uploads\\\/2026\\\/02\\\/imgi_97_il_1588xN.7340600653_srrr-scaled.jpg\",\"datePublished\":\"2026-02-03T16:12:43+00:00\",\"dateModified\":\"2026-02-10T14:06:02+00:00\",\"breadcrumb\":{\"@id\":\"https:\\\/\\\/jacarandajewelry.com\\\/es\\\/producto\\\/anillo-vintage-en-oro-amarillo-de-18k-con-diamantes-con-preciosos-grabados-a-mano\\\/#breadcrumb\"},\"inLanguage\":\"es\",\"potentialAction\":[{\"@type\":\"ReadAction\",\"target\":[\"https:\\\/\\\/jacarandajewelry.com\\\/es\\\/producto\\\/anillo-vintage-en-oro-amarillo-de-18k-con-diamantes-con-preciosos-grabados-a-mano\\\/\"]}]},{\"@type\":\"ImageObject\",\"inLanguage\":\"es\",\"@id\":\"https:\\\/\\\/jacarandajewelry.com\\\/es\\\/producto\\\/anillo-vintage-en-oro-amarillo-de-18k-con-diamantes-con-preciosos-grabados-a-mano\\\/#primaryimage\",\"url\":\"https:\\\/\\\/jacarandajewelry.com\\\/wp-content\\\/uploads\\\/2026\\\/02\\\/imgi_97_il_1588xN.7340600653_srrr-scaled.jpg\",\"contentUrl\":\"https:\\\/\\\/jacarandajewelry.com\\\/wp-content\\\/uploads\\\/2026\\\/02\\\/imgi_97_il_1588xN.7340600653_srrr-scaled.jpg\",\"width\":1433,\"height\":2560},{\"@type\":\"BreadcrumbList\",\"@id\":\"https:\\\/\\\/jacarandajewelry.com\\\/es\\\/producto\\\/anillo-vintage-en-oro-amarillo-de-18k-con-diamantes-con-preciosos-grabados-a-mano\\\/#breadcrumb\",\"itemListElement\":[{\"@type\":\"ListItem\",\"position\":1,\"name\":\"Portada\",\"item\":\"https:\\\/\\\/jacarandajewelry.com\\\/es\\\/ecommerce-creative-home-page\\\/\"},{\"@type\":\"ListItem\",\"position\":2,\"name\":\"Tienda\",\"item\":\"https:\\\/\\\/jacarandajewelry.com\\\/es\\\/tienda\\\/\"},{\"@type\":\"ListItem\",\"position\":3,\"name\":\"Anillo vintage en oro amarillo de 18k con diamantes con preciosos grabados a mano\"}]},{\"@type\":\"WebSite\",\"@id\":\"https:\\\/\\\/jacarandajewelry.com\\\/es\\\/#website\",\"url\":\"https:\\\/\\\/jacarandajewelry.com\\\/es\\\/\",\"name\":\"Jacaranda Jewelry\",\"description\":\"Tienda online de joyer\u00eda a medida y vintage\",\"potentialAction\":[{\"@type\":\"SearchAction\",\"target\":{\"@type\":\"EntryPoint\",\"urlTemplate\":\"https:\\\/\\\/jacarandajewelry.com\\\/es\\\/?s={search_term_string}\"},\"query-input\":{\"@type\":\"PropertyValueSpecification\",\"valueRequired\":true,\"valueName\":\"search_term_string\"}}],\"inLanguage\":\"es\"}]}<\/script>\n<!-- \/ Yoast SEO plugin. -->","yoast_head_json":{"title":"Anillo vintage en oro amarillo de 18k con diamantes con preciosos grabados a mano - Jacaranda Jewelry","robots":{"index":"index","follow":"follow","max-snippet":"max-snippet:-1","max-image-preview":"max-image-preview:large","max-video-preview":"max-video-preview:-1"},"canonical":"https:\/\/jacarandajewelry.com\/es\/producto\/anillo-vintage-en-oro-amarillo-de-18k-con-diamantes-con-preciosos-grabados-a-mano\/","og_locale":"es_ES","og_type":"article","og_title":"Anillo vintage en oro amarillo de 18k con diamantes con preciosos grabados a mano - Jacaranda Jewelry","og_description":"Una rara y exquisita pieza vintage, elaborada en oro amarillo macizo de 18 quilates, con un deslumbrante conjunto de 21 diamantes naturales blancos.","og_url":"https:\/\/jacarandajewelry.com\/es\/producto\/anillo-vintage-en-oro-amarillo-de-18k-con-diamantes-con-preciosos-grabados-a-mano\/","og_site_name":"Jacaranda Jewelry","article_modified_time":"2026-02-10T14:06:02+00:00","og_image":[{"width":1433,"height":2560,"url":"https:\/\/jacarandajewelry.com\/wp-content\/uploads\/2026\/02\/imgi_97_il_1588xN.7340600653_srrr-scaled.jpg","type":"image\/jpeg"}],"twitter_card":"summary_large_image","twitter_misc":{"Tiempo de lectura":"1 minuto"},"schema":{"@context":"https:\/\/schema.org","@graph":[{"@type":"WebPage","@id":"https:\/\/jacarandajewelry.com\/es\/producto\/anillo-vintage-en-oro-amarillo-de-18k-con-diamantes-con-preciosos-grabados-a-mano\/","url":"https:\/\/jacarandajewelry.com\/es\/producto\/anillo-vintage-en-oro-amarillo-de-18k-con-diamantes-con-preciosos-grabados-a-mano\/","name":"Anillo vintage en oro amarillo de 18k con diamantes con preciosos grabados a mano - Jacaranda Jewelry","isPartOf":{"@id":"https:\/\/jacarandajewelry.com\/es\/#website"},"primaryImageOfPage":{"@id":"https:\/\/jacarandajewelry.com\/es\/producto\/anillo-vintage-en-oro-amarillo-de-18k-con-diamantes-con-preciosos-grabados-a-mano\/#primaryimage"},"image":{"@id":"https:\/\/jacarandajewelry.com\/es\/producto\/anillo-vintage-en-oro-amarillo-de-18k-con-diamantes-con-preciosos-grabados-a-mano\/#primaryimage"},"thumbnailUrl":"https:\/\/jacarandajewelry.com\/wp-content\/uploads\/2026\/02\/imgi_97_il_1588xN.7340600653_srrr-scaled.jpg","datePublished":"2026-02-03T16:12:43+00:00","dateModified":"2026-02-10T14:06:02+00:00","breadcrumb":{"@id":"https:\/\/jacarandajewelry.com\/es\/producto\/anillo-vintage-en-oro-amarillo-de-18k-con-diamantes-con-preciosos-grabados-a-mano\/#breadcrumb"},"inLanguage":"es","potentialAction":[{"@type":"ReadAction","target":["https:\/\/jacarandajewelry.com\/es\/producto\/anillo-vintage-en-oro-amarillo-de-18k-con-diamantes-con-preciosos-grabados-a-mano\/"]}]},{"@type":"ImageObject","inLanguage":"es","@id":"https:\/\/jacarandajewelry.com\/es\/producto\/anillo-vintage-en-oro-amarillo-de-18k-con-diamantes-con-preciosos-grabados-a-mano\/#primaryimage","url":"https:\/\/jacarandajewelry.com\/wp-content\/uploads\/2026\/02\/imgi_97_il_1588xN.7340600653_srrr-scaled.jpg","contentUrl":"https:\/\/jacarandajewelry.com\/wp-content\/uploads\/2026\/02\/imgi_97_il_1588xN.7340600653_srrr-scaled.jpg","width":1433,"height":2560},{"@type":"BreadcrumbList","@id":"https:\/\/jacarandajewelry.com\/es\/producto\/anillo-vintage-en-oro-amarillo-de-18k-con-diamantes-con-preciosos-grabados-a-mano\/#breadcrumb","itemListElement":[{"@type":"ListItem","position":1,"name":"Portada","item":"https:\/\/jacarandajewelry.com\/es\/ecommerce-creative-home-page\/"},{"@type":"ListItem","position":2,"name":"Tienda","item":"https:\/\/jacarandajewelry.com\/es\/tienda\/"},{"@type":"ListItem","position":3,"name":"Anillo vintage en oro amarillo de 18k con diamantes con preciosos grabados a mano"}]},{"@type":"WebSite","@id":"https:\/\/jacarandajewelry.com\/es\/#website","url":"https:\/\/jacarandajewelry.com\/es\/","name":"Jacaranda Jewelry","description":"Tienda online de joyer\u00eda a medida y vintage","potentialAction":[{"@type":"SearchAction","target":{"@type":"EntryPoint","urlTemplate":"https:\/\/jacarandajewelry.com\/es\/?s={search_term_string}"},"query-input":{"@type":"PropertyValueSpecification","valueRequired":true,"valueName":"search_term_string"}}],"inLanguage":"es"}]}},"_links":{"self":[{"href":"https:\/\/jacarandajewelry.com\/es\/wp-json\/wp\/v2\/product\/6333","targetHints":{"allow":["GET"]}}],"collection":[{"href":"https:\/\/jacarandajewelry.com\/es\/wp-json\/wp\/v2\/product"}],"about":[{"href":"https:\/\/jacarandajewelry.com\/es\/wp-json\/wp\/v2\/types\/product"}],"replies":[{"embeddable":true,"href":"https:\/\/jacarandajewelry.com\/es\/wp-json\/wp\/v2\/comments?post=6333"}],"wp:featuredmedia":[{"embeddable":true,"href":"https:\/\/jacarandajewelry.com\/es\/wp-json\/wp\/v2\/media\/6277"}],"wp:attachment":[{"href":"https:\/\/jacarandajewelry.com\/es\/wp-json\/wp\/v2\/media?parent=6333"}],"wp:term":[{"taxonomy":"product_brand","embeddable":true,"href":"https:\/\/jacarandajewelry.com\/es\/wp-json\/wp\/v2\/product_brand?post=6333"},{"taxonomy":"product_cat","embeddable":true,"href":"https:\/\/jacarandajewelry.com\/es\/wp-json\/wp\/v2\/product_cat?post=6333"},{"taxonomy":"product_tag","embeddable":true,"href":"https:\/\/jacarandajewelry.com\/es\/wp-json\/wp\/v2\/product_tag?post=6333"}],"curies":[{"name":"wp","href":"https:\/\/api.w.org\/{rel}","templated":true}]}}