{"id":6354,"date":"2026-02-04T13:02:04","date_gmt":"2026-02-04T12:02:04","guid":{"rendered":"https:\/\/jacarandajewelry.com\/?post_type=product&#038;p=6354"},"modified":"2026-02-13T16:53:19","modified_gmt":"2026-02-13T15:53:19","slug":"colgante-life-saver","status":"publish","type":"product","link":"https:\/\/jacarandajewelry.com\/es\/producto\/colgante-life-saver\/","title":{"rendered":"Colgante Life Saver"},"content":{"rendered":"<p>Una pieza \u00fanica que convierte un recuerdo de infancia en una joya para toda la vida. Un gui\u00f1o al ic\u00f3nico caramelo, reinventado en metales preciosos. Este colgante captura el esp\u00edritu divertido del dulce original \u2014con su forma inconfundible y su caracter\u00edstico agujero central\u2014 y lo transforma en una joya atemporal.<\/p>\n<p>El Life Saver est\u00e1 cuidadosamente elaborado a mano en tu elecci\u00f3n de oro amarillo de 9k, 14k o 18k para un look elegante y atemporal. Para un estilo m\u00e1s desenfadado, tambi\u00e9n est\u00e1 disponible en plata de ley.<\/p>\n<p>Mide 15 mm y puede realizarse en acabado pulido o mate, aunque cada pieza se entrega de forma natural con una delicada mezcla de ambos para un aspecto \u00fanico.<\/p>\n<p>En este otro anuncio los encontrar\u00e1s en una versi\u00f3n s\u00faper divertida y colorida, ya que les hemos a\u00f1adido esmalte para un toque extra de alegr\u00eda \ud83d\udc49 Parte de nuestra Candy Collection, el Life Saver se elabora artesanalmente en peque\u00f1as series.<\/p>\n","protected":false},"excerpt":{"rendered":"<p>Una pieza \u00fanica que convierte un recuerdo de infancia en una joya para toda la vida. Un gui\u00f1o al ic\u00f3nico caramelo, reinventado en metales preciosos. Este colgante captura el esp\u00edritu divertido del dulce original \u2014con su forma inconfundible y su caracter\u00edstico agujero central\u2014 y lo transforma en una joya atemporal.<\/p>\n","protected":false},"featured_media":6359,"comment_status":"open","ping_status":"closed","template":"","meta":[],"product_brand":[],"product_cat":[52,67],"product_tag":[],"class_list":{"0":"post-6354","1":"product","2":"type-product","3":"status-publish","4":"has-post-thumbnail","6":"product_cat-colgantes-y-conectores-es","7":"product_cat-colgantes-y-conectores-jacaranda","9":"first","10":"instock","11":"shipping-taxable","12":"purchasable","13":"product-type-variable"},"yoast_head":"<!-- This site is optimized with the Yoast SEO plugin v27.6 - https:\/\/yoast.com\/product\/yoast-seo-wordpress\/ -->\n<title>Colgante Life Saver - Jacaranda Jewelry<\/title>\n<meta name=\"robots\" content=\"index, follow, max-snippet:-1, max-image-preview:large, max-video-preview:-1\" \/>\n<link rel=\"canonical\" href=\"https:\/\/jacarandajewelry.com\/es\/producto\/colgante-life-saver\/\" \/>\n<meta property=\"og:locale\" content=\"es_ES\" \/>\n<meta property=\"og:type\" content=\"article\" \/>\n<meta property=\"og:title\" content=\"Colgante Life Saver - Jacaranda Jewelry\" \/>\n<meta property=\"og:description\" content=\"Una pieza \u00fanica que convierte un recuerdo de infancia en una joya para toda la vida. Un gui\u00f1o al ic\u00f3nico caramelo, reinventado en metales preciosos. Este colgante captura el esp\u00edritu divertido del dulce original \u2014con su forma inconfundible y su caracter\u00edstico agujero central\u2014 y lo transforma en una joya atemporal.\" \/>\n<meta property=\"og:url\" content=\"https:\/\/jacarandajewelry.com\/es\/producto\/colgante-life-saver\/\" \/>\n<meta property=\"og:site_name\" content=\"Jacaranda Jewelry\" \/>\n<meta property=\"article:modified_time\" content=\"2026-02-13T15:53:19+00:00\" \/>\n<meta property=\"og:image\" content=\"https:\/\/jacarandajewelry.com\/wp-content\/uploads\/2026\/02\/imgi_54_il_1588xN.6968155209_tpxl-scaled.jpg\" \/>\n\t<meta property=\"og:image:width\" content=\"1433\" \/>\n\t<meta property=\"og:image:height\" content=\"2560\" \/>\n\t<meta property=\"og:image:type\" content=\"image\/jpeg\" \/>\n<meta name=\"twitter:card\" content=\"summary_large_image\" \/>\n<meta name=\"twitter:label1\" content=\"Tiempo de lectura\" \/>\n\t<meta name=\"twitter:data1\" content=\"1 minuto\" \/>\n<script type=\"application\/ld+json\" class=\"yoast-schema-graph\">{\"@context\":\"https:\\\/\\\/schema.org\",\"@graph\":[{\"@type\":\"WebPage\",\"@id\":\"https:\\\/\\\/jacarandajewelry.com\\\/es\\\/producto\\\/colgante-life-saver\\\/\",\"url\":\"https:\\\/\\\/jacarandajewelry.com\\\/es\\\/producto\\\/colgante-life-saver\\\/\",\"name\":\"Colgante Life Saver - Jacaranda Jewelry\",\"isPartOf\":{\"@id\":\"https:\\\/\\\/jacarandajewelry.com\\\/es\\\/#website\"},\"primaryImageOfPage\":{\"@id\":\"https:\\\/\\\/jacarandajewelry.com\\\/es\\\/producto\\\/colgante-life-saver\\\/#primaryimage\"},\"image\":{\"@id\":\"https:\\\/\\\/jacarandajewelry.com\\\/es\\\/producto\\\/colgante-life-saver\\\/#primaryimage\"},\"thumbnailUrl\":\"https:\\\/\\\/jacarandajewelry.com\\\/wp-content\\\/uploads\\\/2026\\\/02\\\/imgi_54_il_1588xN.6968155209_tpxl-scaled.jpg\",\"datePublished\":\"2026-02-04T12:02:04+00:00\",\"dateModified\":\"2026-02-13T15:53:19+00:00\",\"breadcrumb\":{\"@id\":\"https:\\\/\\\/jacarandajewelry.com\\\/es\\\/producto\\\/colgante-life-saver\\\/#breadcrumb\"},\"inLanguage\":\"es\",\"potentialAction\":[{\"@type\":\"ReadAction\",\"target\":[\"https:\\\/\\\/jacarandajewelry.com\\\/es\\\/producto\\\/colgante-life-saver\\\/\"]}]},{\"@type\":\"ImageObject\",\"inLanguage\":\"es\",\"@id\":\"https:\\\/\\\/jacarandajewelry.com\\\/es\\\/producto\\\/colgante-life-saver\\\/#primaryimage\",\"url\":\"https:\\\/\\\/jacarandajewelry.com\\\/wp-content\\\/uploads\\\/2026\\\/02\\\/imgi_54_il_1588xN.6968155209_tpxl-scaled.jpg\",\"contentUrl\":\"https:\\\/\\\/jacarandajewelry.com\\\/wp-content\\\/uploads\\\/2026\\\/02\\\/imgi_54_il_1588xN.6968155209_tpxl-scaled.jpg\",\"width\":1433,\"height\":2560},{\"@type\":\"BreadcrumbList\",\"@id\":\"https:\\\/\\\/jacarandajewelry.com\\\/es\\\/producto\\\/colgante-life-saver\\\/#breadcrumb\",\"itemListElement\":[{\"@type\":\"ListItem\",\"position\":1,\"name\":\"Portada\",\"item\":\"https:\\\/\\\/jacarandajewelry.com\\\/es\\\/ecommerce-creative-home-page\\\/\"},{\"@type\":\"ListItem\",\"position\":2,\"name\":\"Tienda\",\"item\":\"https:\\\/\\\/jacarandajewelry.com\\\/es\\\/tienda\\\/\"},{\"@type\":\"ListItem\",\"position\":3,\"name\":\"Colgante Life Saver\"}]},{\"@type\":\"WebSite\",\"@id\":\"https:\\\/\\\/jacarandajewelry.com\\\/es\\\/#website\",\"url\":\"https:\\\/\\\/jacarandajewelry.com\\\/es\\\/\",\"name\":\"Jacaranda Jewelry\",\"description\":\"Tienda online de joyer\u00eda a medida y vintage\",\"potentialAction\":[{\"@type\":\"SearchAction\",\"target\":{\"@type\":\"EntryPoint\",\"urlTemplate\":\"https:\\\/\\\/jacarandajewelry.com\\\/es\\\/?s={search_term_string}\"},\"query-input\":{\"@type\":\"PropertyValueSpecification\",\"valueRequired\":true,\"valueName\":\"search_term_string\"}}],\"inLanguage\":\"es\"}]}<\/script>\n<!-- \/ Yoast SEO plugin. -->","yoast_head_json":{"title":"Colgante Life Saver - Jacaranda Jewelry","robots":{"index":"index","follow":"follow","max-snippet":"max-snippet:-1","max-image-preview":"max-image-preview:large","max-video-preview":"max-video-preview:-1"},"canonical":"https:\/\/jacarandajewelry.com\/es\/producto\/colgante-life-saver\/","og_locale":"es_ES","og_type":"article","og_title":"Colgante Life Saver - Jacaranda Jewelry","og_description":"Una pieza \u00fanica que convierte un recuerdo de infancia en una joya para toda la vida. Un gui\u00f1o al ic\u00f3nico caramelo, reinventado en metales preciosos. Este colgante captura el esp\u00edritu divertido del dulce original \u2014con su forma inconfundible y su caracter\u00edstico agujero central\u2014 y lo transforma en una joya atemporal.","og_url":"https:\/\/jacarandajewelry.com\/es\/producto\/colgante-life-saver\/","og_site_name":"Jacaranda Jewelry","article_modified_time":"2026-02-13T15:53:19+00:00","og_image":[{"width":1433,"height":2560,"url":"https:\/\/jacarandajewelry.com\/wp-content\/uploads\/2026\/02\/imgi_54_il_1588xN.6968155209_tpxl-scaled.jpg","type":"image\/jpeg"}],"twitter_card":"summary_large_image","twitter_misc":{"Tiempo de lectura":"1 minuto"},"schema":{"@context":"https:\/\/schema.org","@graph":[{"@type":"WebPage","@id":"https:\/\/jacarandajewelry.com\/es\/producto\/colgante-life-saver\/","url":"https:\/\/jacarandajewelry.com\/es\/producto\/colgante-life-saver\/","name":"Colgante Life Saver - Jacaranda Jewelry","isPartOf":{"@id":"https:\/\/jacarandajewelry.com\/es\/#website"},"primaryImageOfPage":{"@id":"https:\/\/jacarandajewelry.com\/es\/producto\/colgante-life-saver\/#primaryimage"},"image":{"@id":"https:\/\/jacarandajewelry.com\/es\/producto\/colgante-life-saver\/#primaryimage"},"thumbnailUrl":"https:\/\/jacarandajewelry.com\/wp-content\/uploads\/2026\/02\/imgi_54_il_1588xN.6968155209_tpxl-scaled.jpg","datePublished":"2026-02-04T12:02:04+00:00","dateModified":"2026-02-13T15:53:19+00:00","breadcrumb":{"@id":"https:\/\/jacarandajewelry.com\/es\/producto\/colgante-life-saver\/#breadcrumb"},"inLanguage":"es","potentialAction":[{"@type":"ReadAction","target":["https:\/\/jacarandajewelry.com\/es\/producto\/colgante-life-saver\/"]}]},{"@type":"ImageObject","inLanguage":"es","@id":"https:\/\/jacarandajewelry.com\/es\/producto\/colgante-life-saver\/#primaryimage","url":"https:\/\/jacarandajewelry.com\/wp-content\/uploads\/2026\/02\/imgi_54_il_1588xN.6968155209_tpxl-scaled.jpg","contentUrl":"https:\/\/jacarandajewelry.com\/wp-content\/uploads\/2026\/02\/imgi_54_il_1588xN.6968155209_tpxl-scaled.jpg","width":1433,"height":2560},{"@type":"BreadcrumbList","@id":"https:\/\/jacarandajewelry.com\/es\/producto\/colgante-life-saver\/#breadcrumb","itemListElement":[{"@type":"ListItem","position":1,"name":"Portada","item":"https:\/\/jacarandajewelry.com\/es\/ecommerce-creative-home-page\/"},{"@type":"ListItem","position":2,"name":"Tienda","item":"https:\/\/jacarandajewelry.com\/es\/tienda\/"},{"@type":"ListItem","position":3,"name":"Colgante Life Saver"}]},{"@type":"WebSite","@id":"https:\/\/jacarandajewelry.com\/es\/#website","url":"https:\/\/jacarandajewelry.com\/es\/","name":"Jacaranda Jewelry","description":"Tienda online de joyer\u00eda a medida y vintage","potentialAction":[{"@type":"SearchAction","target":{"@type":"EntryPoint","urlTemplate":"https:\/\/jacarandajewelry.com\/es\/?s={search_term_string}"},"query-input":{"@type":"PropertyValueSpecification","valueRequired":true,"valueName":"search_term_string"}}],"inLanguage":"es"}]}},"_links":{"self":[{"href":"https:\/\/jacarandajewelry.com\/es\/wp-json\/wp\/v2\/product\/6354","targetHints":{"allow":["GET"]}}],"collection":[{"href":"https:\/\/jacarandajewelry.com\/es\/wp-json\/wp\/v2\/product"}],"about":[{"href":"https:\/\/jacarandajewelry.com\/es\/wp-json\/wp\/v2\/types\/product"}],"replies":[{"embeddable":true,"href":"https:\/\/jacarandajewelry.com\/es\/wp-json\/wp\/v2\/comments?post=6354"}],"wp:featuredmedia":[{"embeddable":true,"href":"https:\/\/jacarandajewelry.com\/es\/wp-json\/wp\/v2\/media\/6359"}],"wp:attachment":[{"href":"https:\/\/jacarandajewelry.com\/es\/wp-json\/wp\/v2\/media?parent=6354"}],"wp:term":[{"taxonomy":"product_brand","embeddable":true,"href":"https:\/\/jacarandajewelry.com\/es\/wp-json\/wp\/v2\/product_brand?post=6354"},{"taxonomy":"product_cat","embeddable":true,"href":"https:\/\/jacarandajewelry.com\/es\/wp-json\/wp\/v2\/product_cat?post=6354"},{"taxonomy":"product_tag","embeddable":true,"href":"https:\/\/jacarandajewelry.com\/es\/wp-json\/wp\/v2\/product_tag?post=6354"}],"curies":[{"name":"wp","href":"https:\/\/api.w.org\/{rel}","templated":true}]}}