{"id":6399,"date":"2026-02-04T13:41:30","date_gmt":"2026-02-04T12:41:30","guid":{"rendered":"https:\/\/jacarandajewelry.com\/?post_type=product&#038;p=6399"},"modified":"2026-02-18T12:13:20","modified_gmt":"2026-02-18T11:13:20","slug":"precioso-anillo-con-zafiros-azules-hecho-en-oro-blanco-de-14-quilates","status":"publish","type":"product","link":"https:\/\/jacarandajewelry.com\/es\/producto\/precioso-anillo-con-zafiros-azules-hecho-en-oro-blanco-de-14-quilates\/","title":{"rendered":"Precioso anillo con zafiros azules hecho en oro blanco de 14 quilates"},"content":{"rendered":"<div id=\"content-toggle-product-details-read-more\" class=\"wt-content-toggle__body wt-content-toggle__body--truncated wt-content-toggle__body--truncated-02\" aria-hidden=\"false\">\n<p class=\"wt-text-body-01 wt-break-word\" data-product-details-description-text-content=\"\">Este elegante anillo est\u00e1 hecho de oro blanco de 14k y zafiros azules naturales. Los zafiros presentan un precioso tono azul brillante y profundo que muestra la calidad y brillo de las piedras.<\/p>\n<p>El anillo est\u00e1 fabricado en oro blanco y cuenta con un delicado labrado en el interior, lo que demuestra que esta pieza est\u00e1 cuidada al m\u00e1ximo detalle por dentro y por fuera haci\u00e9ndola especial. El peso total de los zafiros suma 1.05 ct.<\/p>\n<p>La talla es 7.25 US (talla 14 espa\u00f1ola).<\/p>\n<\/div>\n","protected":false},"excerpt":{"rendered":"<p>Este elegante anillo est\u00e1 hecho de oro blanco de 14k y zafiros azules naturales. Los zafiros presentan un precioso tono azul brillante y profundo que muestra la calidad y brillo de las piedras.<\/p>\n","protected":false},"featured_media":6400,"comment_status":"open","ping_status":"closed","template":"","meta":[],"product_brand":[],"product_cat":[54,66],"product_tag":[],"class_list":{"0":"post-6399","1":"product","2":"type-product","3":"status-publish","4":"has-post-thumbnail","6":"product_cat-anillos-es","7":"product_cat-anillos-vintage","9":"first","10":"instock","11":"shipping-taxable","12":"purchasable","13":"product-type-simple"},"yoast_head":"<!-- This site is optimized with the Yoast SEO plugin v27.3 - https:\/\/yoast.com\/product\/yoast-seo-wordpress\/ -->\n<title>Precioso anillo con zafiros azules hecho en oro blanco de 14 quilates - Jacaranda Jewelry<\/title>\n<meta name=\"robots\" content=\"index, follow, max-snippet:-1, max-image-preview:large, max-video-preview:-1\" \/>\n<link rel=\"canonical\" href=\"https:\/\/jacarandajewelry.com\/es\/producto\/precioso-anillo-con-zafiros-azules-hecho-en-oro-blanco-de-14-quilates\/\" \/>\n<meta property=\"og:locale\" content=\"es_ES\" \/>\n<meta property=\"og:type\" content=\"article\" \/>\n<meta property=\"og:title\" content=\"Precioso anillo con zafiros azules hecho en oro blanco de 14 quilates - Jacaranda Jewelry\" \/>\n<meta property=\"og:description\" content=\"Este elegante anillo est\u00e1 hecho de oro blanco de 14k y zafiros azules naturales. Los zafiros presentan un precioso tono azul brillante y profundo que muestra la calidad y brillo de las piedras.\" \/>\n<meta property=\"og:url\" content=\"https:\/\/jacarandajewelry.com\/es\/producto\/precioso-anillo-con-zafiros-azules-hecho-en-oro-blanco-de-14-quilates\/\" \/>\n<meta property=\"og:site_name\" content=\"Jacaranda Jewelry\" \/>\n<meta property=\"article:modified_time\" content=\"2026-02-18T11:13:20+00:00\" \/>\n<meta property=\"og:image\" content=\"https:\/\/jacarandajewelry.com\/wp-content\/uploads\/2026\/02\/imgi_42_il_1588xN.6805146454_4hlv.jpg\" \/>\n\t<meta property=\"og:image:width\" content=\"1588\" \/>\n\t<meta property=\"og:image:height\" content=\"2179\" \/>\n\t<meta property=\"og:image:type\" content=\"image\/jpeg\" \/>\n<meta name=\"twitter:card\" content=\"summary_large_image\" \/>\n<meta name=\"twitter:label1\" content=\"Tiempo de lectura\" \/>\n\t<meta name=\"twitter:data1\" content=\"1 minuto\" \/>\n<script type=\"application\/ld+json\" class=\"yoast-schema-graph\">{\"@context\":\"https:\\\/\\\/schema.org\",\"@graph\":[{\"@type\":\"WebPage\",\"@id\":\"https:\\\/\\\/jacarandajewelry.com\\\/es\\\/producto\\\/precioso-anillo-con-zafiros-azules-hecho-en-oro-blanco-de-14-quilates\\\/\",\"url\":\"https:\\\/\\\/jacarandajewelry.com\\\/es\\\/producto\\\/precioso-anillo-con-zafiros-azules-hecho-en-oro-blanco-de-14-quilates\\\/\",\"name\":\"Precioso anillo con zafiros azules hecho en oro blanco de 14 quilates - Jacaranda Jewelry\",\"isPartOf\":{\"@id\":\"https:\\\/\\\/jacarandajewelry.com\\\/es\\\/#website\"},\"primaryImageOfPage\":{\"@id\":\"https:\\\/\\\/jacarandajewelry.com\\\/es\\\/producto\\\/precioso-anillo-con-zafiros-azules-hecho-en-oro-blanco-de-14-quilates\\\/#primaryimage\"},\"image\":{\"@id\":\"https:\\\/\\\/jacarandajewelry.com\\\/es\\\/producto\\\/precioso-anillo-con-zafiros-azules-hecho-en-oro-blanco-de-14-quilates\\\/#primaryimage\"},\"thumbnailUrl\":\"https:\\\/\\\/jacarandajewelry.com\\\/wp-content\\\/uploads\\\/2026\\\/02\\\/imgi_42_il_1588xN.6805146454_4hlv.jpg\",\"datePublished\":\"2026-02-04T12:41:30+00:00\",\"dateModified\":\"2026-02-18T11:13:20+00:00\",\"breadcrumb\":{\"@id\":\"https:\\\/\\\/jacarandajewelry.com\\\/es\\\/producto\\\/precioso-anillo-con-zafiros-azules-hecho-en-oro-blanco-de-14-quilates\\\/#breadcrumb\"},\"inLanguage\":\"es\",\"potentialAction\":[{\"@type\":\"ReadAction\",\"target\":[\"https:\\\/\\\/jacarandajewelry.com\\\/es\\\/producto\\\/precioso-anillo-con-zafiros-azules-hecho-en-oro-blanco-de-14-quilates\\\/\"]}]},{\"@type\":\"ImageObject\",\"inLanguage\":\"es\",\"@id\":\"https:\\\/\\\/jacarandajewelry.com\\\/es\\\/producto\\\/precioso-anillo-con-zafiros-azules-hecho-en-oro-blanco-de-14-quilates\\\/#primaryimage\",\"url\":\"https:\\\/\\\/jacarandajewelry.com\\\/wp-content\\\/uploads\\\/2026\\\/02\\\/imgi_42_il_1588xN.6805146454_4hlv.jpg\",\"contentUrl\":\"https:\\\/\\\/jacarandajewelry.com\\\/wp-content\\\/uploads\\\/2026\\\/02\\\/imgi_42_il_1588xN.6805146454_4hlv.jpg\",\"width\":1588,\"height\":2179},{\"@type\":\"BreadcrumbList\",\"@id\":\"https:\\\/\\\/jacarandajewelry.com\\\/es\\\/producto\\\/precioso-anillo-con-zafiros-azules-hecho-en-oro-blanco-de-14-quilates\\\/#breadcrumb\",\"itemListElement\":[{\"@type\":\"ListItem\",\"position\":1,\"name\":\"Portada\",\"item\":\"https:\\\/\\\/jacarandajewelry.com\\\/es\\\/ecommerce-creative-home-page\\\/\"},{\"@type\":\"ListItem\",\"position\":2,\"name\":\"Tienda\",\"item\":\"https:\\\/\\\/jacarandajewelry.com\\\/es\\\/tienda\\\/\"},{\"@type\":\"ListItem\",\"position\":3,\"name\":\"Precioso anillo con zafiros azules hecho en oro blanco de 14 quilates\"}]},{\"@type\":\"WebSite\",\"@id\":\"https:\\\/\\\/jacarandajewelry.com\\\/es\\\/#website\",\"url\":\"https:\\\/\\\/jacarandajewelry.com\\\/es\\\/\",\"name\":\"Jacaranda Jewelry\",\"description\":\"Tienda online de joyer\u00eda a medida y vintage\",\"potentialAction\":[{\"@type\":\"SearchAction\",\"target\":{\"@type\":\"EntryPoint\",\"urlTemplate\":\"https:\\\/\\\/jacarandajewelry.com\\\/es\\\/?s={search_term_string}\"},\"query-input\":{\"@type\":\"PropertyValueSpecification\",\"valueRequired\":true,\"valueName\":\"search_term_string\"}}],\"inLanguage\":\"es\"}]}<\/script>\n<!-- \/ Yoast SEO plugin. -->","yoast_head_json":{"title":"Precioso anillo con zafiros azules hecho en oro blanco de 14 quilates - Jacaranda Jewelry","robots":{"index":"index","follow":"follow","max-snippet":"max-snippet:-1","max-image-preview":"max-image-preview:large","max-video-preview":"max-video-preview:-1"},"canonical":"https:\/\/jacarandajewelry.com\/es\/producto\/precioso-anillo-con-zafiros-azules-hecho-en-oro-blanco-de-14-quilates\/","og_locale":"es_ES","og_type":"article","og_title":"Precioso anillo con zafiros azules hecho en oro blanco de 14 quilates - Jacaranda Jewelry","og_description":"Este elegante anillo est\u00e1 hecho de oro blanco de 14k y zafiros azules naturales. Los zafiros presentan un precioso tono azul brillante y profundo que muestra la calidad y brillo de las piedras.","og_url":"https:\/\/jacarandajewelry.com\/es\/producto\/precioso-anillo-con-zafiros-azules-hecho-en-oro-blanco-de-14-quilates\/","og_site_name":"Jacaranda Jewelry","article_modified_time":"2026-02-18T11:13:20+00:00","og_image":[{"width":1588,"height":2179,"url":"https:\/\/jacarandajewelry.com\/wp-content\/uploads\/2026\/02\/imgi_42_il_1588xN.6805146454_4hlv.jpg","type":"image\/jpeg"}],"twitter_card":"summary_large_image","twitter_misc":{"Tiempo de lectura":"1 minuto"},"schema":{"@context":"https:\/\/schema.org","@graph":[{"@type":"WebPage","@id":"https:\/\/jacarandajewelry.com\/es\/producto\/precioso-anillo-con-zafiros-azules-hecho-en-oro-blanco-de-14-quilates\/","url":"https:\/\/jacarandajewelry.com\/es\/producto\/precioso-anillo-con-zafiros-azules-hecho-en-oro-blanco-de-14-quilates\/","name":"Precioso anillo con zafiros azules hecho en oro blanco de 14 quilates - Jacaranda Jewelry","isPartOf":{"@id":"https:\/\/jacarandajewelry.com\/es\/#website"},"primaryImageOfPage":{"@id":"https:\/\/jacarandajewelry.com\/es\/producto\/precioso-anillo-con-zafiros-azules-hecho-en-oro-blanco-de-14-quilates\/#primaryimage"},"image":{"@id":"https:\/\/jacarandajewelry.com\/es\/producto\/precioso-anillo-con-zafiros-azules-hecho-en-oro-blanco-de-14-quilates\/#primaryimage"},"thumbnailUrl":"https:\/\/jacarandajewelry.com\/wp-content\/uploads\/2026\/02\/imgi_42_il_1588xN.6805146454_4hlv.jpg","datePublished":"2026-02-04T12:41:30+00:00","dateModified":"2026-02-18T11:13:20+00:00","breadcrumb":{"@id":"https:\/\/jacarandajewelry.com\/es\/producto\/precioso-anillo-con-zafiros-azules-hecho-en-oro-blanco-de-14-quilates\/#breadcrumb"},"inLanguage":"es","potentialAction":[{"@type":"ReadAction","target":["https:\/\/jacarandajewelry.com\/es\/producto\/precioso-anillo-con-zafiros-azules-hecho-en-oro-blanco-de-14-quilates\/"]}]},{"@type":"ImageObject","inLanguage":"es","@id":"https:\/\/jacarandajewelry.com\/es\/producto\/precioso-anillo-con-zafiros-azules-hecho-en-oro-blanco-de-14-quilates\/#primaryimage","url":"https:\/\/jacarandajewelry.com\/wp-content\/uploads\/2026\/02\/imgi_42_il_1588xN.6805146454_4hlv.jpg","contentUrl":"https:\/\/jacarandajewelry.com\/wp-content\/uploads\/2026\/02\/imgi_42_il_1588xN.6805146454_4hlv.jpg","width":1588,"height":2179},{"@type":"BreadcrumbList","@id":"https:\/\/jacarandajewelry.com\/es\/producto\/precioso-anillo-con-zafiros-azules-hecho-en-oro-blanco-de-14-quilates\/#breadcrumb","itemListElement":[{"@type":"ListItem","position":1,"name":"Portada","item":"https:\/\/jacarandajewelry.com\/es\/ecommerce-creative-home-page\/"},{"@type":"ListItem","position":2,"name":"Tienda","item":"https:\/\/jacarandajewelry.com\/es\/tienda\/"},{"@type":"ListItem","position":3,"name":"Precioso anillo con zafiros azules hecho en oro blanco de 14 quilates"}]},{"@type":"WebSite","@id":"https:\/\/jacarandajewelry.com\/es\/#website","url":"https:\/\/jacarandajewelry.com\/es\/","name":"Jacaranda Jewelry","description":"Tienda online de joyer\u00eda a medida y vintage","potentialAction":[{"@type":"SearchAction","target":{"@type":"EntryPoint","urlTemplate":"https:\/\/jacarandajewelry.com\/es\/?s={search_term_string}"},"query-input":{"@type":"PropertyValueSpecification","valueRequired":true,"valueName":"search_term_string"}}],"inLanguage":"es"}]}},"_links":{"self":[{"href":"https:\/\/jacarandajewelry.com\/es\/wp-json\/wp\/v2\/product\/6399","targetHints":{"allow":["GET"]}}],"collection":[{"href":"https:\/\/jacarandajewelry.com\/es\/wp-json\/wp\/v2\/product"}],"about":[{"href":"https:\/\/jacarandajewelry.com\/es\/wp-json\/wp\/v2\/types\/product"}],"replies":[{"embeddable":true,"href":"https:\/\/jacarandajewelry.com\/es\/wp-json\/wp\/v2\/comments?post=6399"}],"wp:featuredmedia":[{"embeddable":true,"href":"https:\/\/jacarandajewelry.com\/es\/wp-json\/wp\/v2\/media\/6400"}],"wp:attachment":[{"href":"https:\/\/jacarandajewelry.com\/es\/wp-json\/wp\/v2\/media?parent=6399"}],"wp:term":[{"taxonomy":"product_brand","embeddable":true,"href":"https:\/\/jacarandajewelry.com\/es\/wp-json\/wp\/v2\/product_brand?post=6399"},{"taxonomy":"product_cat","embeddable":true,"href":"https:\/\/jacarandajewelry.com\/es\/wp-json\/wp\/v2\/product_cat?post=6399"},{"taxonomy":"product_tag","embeddable":true,"href":"https:\/\/jacarandajewelry.com\/es\/wp-json\/wp\/v2\/product_tag?post=6399"}],"curies":[{"name":"wp","href":"https:\/\/api.w.org\/{rel}","templated":true}]}}