{"id":6434,"date":"2026-02-04T13:55:18","date_gmt":"2026-02-04T12:55:18","guid":{"rendered":"https:\/\/jacarandajewelry.com\/?post_type=product&#038;p=6434"},"modified":"2026-02-18T12:06:22","modified_gmt":"2026-02-18T11:06:22","slug":"preciosos-collares-hechos-con-esmeralda-zafiro-y-rubi-combinados-con-perla-natural-en-oro-de-18k","status":"publish","type":"product","link":"https:\/\/jacarandajewelry.com\/es\/producto\/preciosos-collares-hechos-con-esmeralda-zafiro-y-rubi-combinados-con-perla-natural-en-oro-de-18k\/","title":{"rendered":"Preciosos collares hechos con esmeralda, zafiro y rub\u00ed combinados con perla natural en oro de 18k"},"content":{"rendered":"<p>Estos bonitos y delicados collares a\u00f1aden el perfecto toque de color a cualquier escote, quedando preciosos en solitario y tambi\u00e9n combinados con tus cadenas y dem\u00e1s collares.<\/p>\n<p>Son finos y elegantes y est\u00e1n hechos en materiales de primera calidad; oro de 18 quilates y perlas con cuentas de esmeralda, rub\u00edes y zafiro azul natural, logrando unos tonos espectaculares. El engaste de las piedras est\u00e1 hecho a mano.<\/p>\n<p>El largo de los collares es aproximadamente:<\/p>\n<p>Esmeralda &#8211; 45\/46 cm.<br \/>\nRub\u00ed &#8211; 49 cm.<br \/>\nZafiro &#8211; 49 cm.<\/p>\n<p>El cierre es una reasa lo que los mantiene seguros.<\/p>\n","protected":false},"excerpt":{"rendered":"<p>Estos bonitos y delicados collares a\u00f1aden el perfecto toque de color a cualquier escote, quedando preciosos en solitario y tambi\u00e9n combinados con tus cadenas y dem\u00e1s collares.<\/p>\n","protected":false},"featured_media":6435,"comment_status":"open","ping_status":"closed","template":"","meta":[],"product_brand":[],"product_cat":[60,61],"product_tag":[],"class_list":{"0":"post-6434","1":"product","2":"type-product","3":"status-publish","4":"has-post-thumbnail","6":"product_cat-collares-es","7":"product_cat-collares-jacaranda","9":"first","10":"instock","11":"shipping-taxable","12":"purchasable","13":"product-type-variable"},"yoast_head":"<!-- This site is optimized with the Yoast SEO plugin v27.3 - https:\/\/yoast.com\/product\/yoast-seo-wordpress\/ -->\n<title>Preciosos collares hechos con esmeralda, zafiro y rub\u00ed combinados con perla natural en oro de 18k - Jacaranda Jewelry<\/title>\n<meta name=\"robots\" content=\"index, follow, max-snippet:-1, max-image-preview:large, max-video-preview:-1\" \/>\n<link rel=\"canonical\" href=\"https:\/\/jacarandajewelry.com\/es\/producto\/preciosos-collares-hechos-con-esmeralda-zafiro-y-rubi-combinados-con-perla-natural-en-oro-de-18k\/\" \/>\n<meta property=\"og:locale\" content=\"es_ES\" \/>\n<meta property=\"og:type\" content=\"article\" \/>\n<meta property=\"og:title\" content=\"Preciosos collares hechos con esmeralda, zafiro y rub\u00ed combinados con perla natural en oro de 18k - Jacaranda Jewelry\" \/>\n<meta property=\"og:description\" content=\"Estos bonitos y delicados collares a\u00f1aden el perfecto toque de color a cualquier escote, quedando preciosos en solitario y tambi\u00e9n combinados con tus cadenas y dem\u00e1s collares.\" \/>\n<meta property=\"og:url\" content=\"https:\/\/jacarandajewelry.com\/es\/producto\/preciosos-collares-hechos-con-esmeralda-zafiro-y-rubi-combinados-con-perla-natural-en-oro-de-18k\/\" \/>\n<meta property=\"og:site_name\" content=\"Jacaranda Jewelry\" \/>\n<meta property=\"article:modified_time\" content=\"2026-02-18T11:06:22+00:00\" \/>\n<meta property=\"og:image\" content=\"https:\/\/jacarandajewelry.com\/wp-content\/uploads\/2026\/02\/imgi_47_il_1588xN.6514681706_360x.jpg\" \/>\n\t<meta property=\"og:image:width\" content=\"1588\" \/>\n\t<meta property=\"og:image:height\" content=\"1985\" \/>\n\t<meta property=\"og:image:type\" content=\"image\/jpeg\" \/>\n<meta name=\"twitter:card\" content=\"summary_large_image\" \/>\n<meta name=\"twitter:label1\" content=\"Tiempo de lectura\" \/>\n\t<meta name=\"twitter:data1\" content=\"1 minuto\" \/>\n<script type=\"application\/ld+json\" class=\"yoast-schema-graph\">{\"@context\":\"https:\\\/\\\/schema.org\",\"@graph\":[{\"@type\":\"WebPage\",\"@id\":\"https:\\\/\\\/jacarandajewelry.com\\\/es\\\/producto\\\/preciosos-collares-hechos-con-esmeralda-zafiro-y-rubi-combinados-con-perla-natural-en-oro-de-18k\\\/\",\"url\":\"https:\\\/\\\/jacarandajewelry.com\\\/es\\\/producto\\\/preciosos-collares-hechos-con-esmeralda-zafiro-y-rubi-combinados-con-perla-natural-en-oro-de-18k\\\/\",\"name\":\"Preciosos collares hechos con esmeralda, zafiro y rub\u00ed combinados con perla natural en oro de 18k - Jacaranda Jewelry\",\"isPartOf\":{\"@id\":\"https:\\\/\\\/jacarandajewelry.com\\\/es\\\/#website\"},\"primaryImageOfPage\":{\"@id\":\"https:\\\/\\\/jacarandajewelry.com\\\/es\\\/producto\\\/preciosos-collares-hechos-con-esmeralda-zafiro-y-rubi-combinados-con-perla-natural-en-oro-de-18k\\\/#primaryimage\"},\"image\":{\"@id\":\"https:\\\/\\\/jacarandajewelry.com\\\/es\\\/producto\\\/preciosos-collares-hechos-con-esmeralda-zafiro-y-rubi-combinados-con-perla-natural-en-oro-de-18k\\\/#primaryimage\"},\"thumbnailUrl\":\"https:\\\/\\\/jacarandajewelry.com\\\/wp-content\\\/uploads\\\/2026\\\/02\\\/imgi_47_il_1588xN.6514681706_360x.jpg\",\"datePublished\":\"2026-02-04T12:55:18+00:00\",\"dateModified\":\"2026-02-18T11:06:22+00:00\",\"breadcrumb\":{\"@id\":\"https:\\\/\\\/jacarandajewelry.com\\\/es\\\/producto\\\/preciosos-collares-hechos-con-esmeralda-zafiro-y-rubi-combinados-con-perla-natural-en-oro-de-18k\\\/#breadcrumb\"},\"inLanguage\":\"es\",\"potentialAction\":[{\"@type\":\"ReadAction\",\"target\":[\"https:\\\/\\\/jacarandajewelry.com\\\/es\\\/producto\\\/preciosos-collares-hechos-con-esmeralda-zafiro-y-rubi-combinados-con-perla-natural-en-oro-de-18k\\\/\"]}]},{\"@type\":\"ImageObject\",\"inLanguage\":\"es\",\"@id\":\"https:\\\/\\\/jacarandajewelry.com\\\/es\\\/producto\\\/preciosos-collares-hechos-con-esmeralda-zafiro-y-rubi-combinados-con-perla-natural-en-oro-de-18k\\\/#primaryimage\",\"url\":\"https:\\\/\\\/jacarandajewelry.com\\\/wp-content\\\/uploads\\\/2026\\\/02\\\/imgi_47_il_1588xN.6514681706_360x.jpg\",\"contentUrl\":\"https:\\\/\\\/jacarandajewelry.com\\\/wp-content\\\/uploads\\\/2026\\\/02\\\/imgi_47_il_1588xN.6514681706_360x.jpg\",\"width\":1588,\"height\":1985},{\"@type\":\"BreadcrumbList\",\"@id\":\"https:\\\/\\\/jacarandajewelry.com\\\/es\\\/producto\\\/preciosos-collares-hechos-con-esmeralda-zafiro-y-rubi-combinados-con-perla-natural-en-oro-de-18k\\\/#breadcrumb\",\"itemListElement\":[{\"@type\":\"ListItem\",\"position\":1,\"name\":\"Portada\",\"item\":\"https:\\\/\\\/jacarandajewelry.com\\\/es\\\/ecommerce-creative-home-page\\\/\"},{\"@type\":\"ListItem\",\"position\":2,\"name\":\"Tienda\",\"item\":\"https:\\\/\\\/jacarandajewelry.com\\\/es\\\/tienda\\\/\"},{\"@type\":\"ListItem\",\"position\":3,\"name\":\"Preciosos collares hechos con esmeralda, zafiro y rub\u00ed combinados con perla natural en oro de 18k\"}]},{\"@type\":\"WebSite\",\"@id\":\"https:\\\/\\\/jacarandajewelry.com\\\/es\\\/#website\",\"url\":\"https:\\\/\\\/jacarandajewelry.com\\\/es\\\/\",\"name\":\"Jacaranda Jewelry\",\"description\":\"Tienda online de joyer\u00eda a medida y vintage\",\"potentialAction\":[{\"@type\":\"SearchAction\",\"target\":{\"@type\":\"EntryPoint\",\"urlTemplate\":\"https:\\\/\\\/jacarandajewelry.com\\\/es\\\/?s={search_term_string}\"},\"query-input\":{\"@type\":\"PropertyValueSpecification\",\"valueRequired\":true,\"valueName\":\"search_term_string\"}}],\"inLanguage\":\"es\"}]}<\/script>\n<!-- \/ Yoast SEO plugin. -->","yoast_head_json":{"title":"Preciosos collares hechos con esmeralda, zafiro y rub\u00ed combinados con perla natural en oro de 18k - Jacaranda Jewelry","robots":{"index":"index","follow":"follow","max-snippet":"max-snippet:-1","max-image-preview":"max-image-preview:large","max-video-preview":"max-video-preview:-1"},"canonical":"https:\/\/jacarandajewelry.com\/es\/producto\/preciosos-collares-hechos-con-esmeralda-zafiro-y-rubi-combinados-con-perla-natural-en-oro-de-18k\/","og_locale":"es_ES","og_type":"article","og_title":"Preciosos collares hechos con esmeralda, zafiro y rub\u00ed combinados con perla natural en oro de 18k - Jacaranda Jewelry","og_description":"Estos bonitos y delicados collares a\u00f1aden el perfecto toque de color a cualquier escote, quedando preciosos en solitario y tambi\u00e9n combinados con tus cadenas y dem\u00e1s collares.","og_url":"https:\/\/jacarandajewelry.com\/es\/producto\/preciosos-collares-hechos-con-esmeralda-zafiro-y-rubi-combinados-con-perla-natural-en-oro-de-18k\/","og_site_name":"Jacaranda Jewelry","article_modified_time":"2026-02-18T11:06:22+00:00","og_image":[{"width":1588,"height":1985,"url":"https:\/\/jacarandajewelry.com\/wp-content\/uploads\/2026\/02\/imgi_47_il_1588xN.6514681706_360x.jpg","type":"image\/jpeg"}],"twitter_card":"summary_large_image","twitter_misc":{"Tiempo de lectura":"1 minuto"},"schema":{"@context":"https:\/\/schema.org","@graph":[{"@type":"WebPage","@id":"https:\/\/jacarandajewelry.com\/es\/producto\/preciosos-collares-hechos-con-esmeralda-zafiro-y-rubi-combinados-con-perla-natural-en-oro-de-18k\/","url":"https:\/\/jacarandajewelry.com\/es\/producto\/preciosos-collares-hechos-con-esmeralda-zafiro-y-rubi-combinados-con-perla-natural-en-oro-de-18k\/","name":"Preciosos collares hechos con esmeralda, zafiro y rub\u00ed combinados con perla natural en oro de 18k - Jacaranda Jewelry","isPartOf":{"@id":"https:\/\/jacarandajewelry.com\/es\/#website"},"primaryImageOfPage":{"@id":"https:\/\/jacarandajewelry.com\/es\/producto\/preciosos-collares-hechos-con-esmeralda-zafiro-y-rubi-combinados-con-perla-natural-en-oro-de-18k\/#primaryimage"},"image":{"@id":"https:\/\/jacarandajewelry.com\/es\/producto\/preciosos-collares-hechos-con-esmeralda-zafiro-y-rubi-combinados-con-perla-natural-en-oro-de-18k\/#primaryimage"},"thumbnailUrl":"https:\/\/jacarandajewelry.com\/wp-content\/uploads\/2026\/02\/imgi_47_il_1588xN.6514681706_360x.jpg","datePublished":"2026-02-04T12:55:18+00:00","dateModified":"2026-02-18T11:06:22+00:00","breadcrumb":{"@id":"https:\/\/jacarandajewelry.com\/es\/producto\/preciosos-collares-hechos-con-esmeralda-zafiro-y-rubi-combinados-con-perla-natural-en-oro-de-18k\/#breadcrumb"},"inLanguage":"es","potentialAction":[{"@type":"ReadAction","target":["https:\/\/jacarandajewelry.com\/es\/producto\/preciosos-collares-hechos-con-esmeralda-zafiro-y-rubi-combinados-con-perla-natural-en-oro-de-18k\/"]}]},{"@type":"ImageObject","inLanguage":"es","@id":"https:\/\/jacarandajewelry.com\/es\/producto\/preciosos-collares-hechos-con-esmeralda-zafiro-y-rubi-combinados-con-perla-natural-en-oro-de-18k\/#primaryimage","url":"https:\/\/jacarandajewelry.com\/wp-content\/uploads\/2026\/02\/imgi_47_il_1588xN.6514681706_360x.jpg","contentUrl":"https:\/\/jacarandajewelry.com\/wp-content\/uploads\/2026\/02\/imgi_47_il_1588xN.6514681706_360x.jpg","width":1588,"height":1985},{"@type":"BreadcrumbList","@id":"https:\/\/jacarandajewelry.com\/es\/producto\/preciosos-collares-hechos-con-esmeralda-zafiro-y-rubi-combinados-con-perla-natural-en-oro-de-18k\/#breadcrumb","itemListElement":[{"@type":"ListItem","position":1,"name":"Portada","item":"https:\/\/jacarandajewelry.com\/es\/ecommerce-creative-home-page\/"},{"@type":"ListItem","position":2,"name":"Tienda","item":"https:\/\/jacarandajewelry.com\/es\/tienda\/"},{"@type":"ListItem","position":3,"name":"Preciosos collares hechos con esmeralda, zafiro y rub\u00ed combinados con perla natural en oro de 18k"}]},{"@type":"WebSite","@id":"https:\/\/jacarandajewelry.com\/es\/#website","url":"https:\/\/jacarandajewelry.com\/es\/","name":"Jacaranda Jewelry","description":"Tienda online de joyer\u00eda a medida y vintage","potentialAction":[{"@type":"SearchAction","target":{"@type":"EntryPoint","urlTemplate":"https:\/\/jacarandajewelry.com\/es\/?s={search_term_string}"},"query-input":{"@type":"PropertyValueSpecification","valueRequired":true,"valueName":"search_term_string"}}],"inLanguage":"es"}]}},"_links":{"self":[{"href":"https:\/\/jacarandajewelry.com\/es\/wp-json\/wp\/v2\/product\/6434","targetHints":{"allow":["GET"]}}],"collection":[{"href":"https:\/\/jacarandajewelry.com\/es\/wp-json\/wp\/v2\/product"}],"about":[{"href":"https:\/\/jacarandajewelry.com\/es\/wp-json\/wp\/v2\/types\/product"}],"replies":[{"embeddable":true,"href":"https:\/\/jacarandajewelry.com\/es\/wp-json\/wp\/v2\/comments?post=6434"}],"wp:featuredmedia":[{"embeddable":true,"href":"https:\/\/jacarandajewelry.com\/es\/wp-json\/wp\/v2\/media\/6435"}],"wp:attachment":[{"href":"https:\/\/jacarandajewelry.com\/es\/wp-json\/wp\/v2\/media?parent=6434"}],"wp:term":[{"taxonomy":"product_brand","embeddable":true,"href":"https:\/\/jacarandajewelry.com\/es\/wp-json\/wp\/v2\/product_brand?post=6434"},{"taxonomy":"product_cat","embeddable":true,"href":"https:\/\/jacarandajewelry.com\/es\/wp-json\/wp\/v2\/product_cat?post=6434"},{"taxonomy":"product_tag","embeddable":true,"href":"https:\/\/jacarandajewelry.com\/es\/wp-json\/wp\/v2\/product_tag?post=6434"}],"curies":[{"name":"wp","href":"https:\/\/api.w.org\/{rel}","templated":true}]}}