{"id":6455,"date":"2026-02-04T14:44:09","date_gmt":"2026-02-04T13:44:09","guid":{"rendered":"https:\/\/jacarandajewelry.com\/?post_type=product&#038;p=6455"},"modified":"2026-02-18T12:03:39","modified_gmt":"2026-02-18T11:03:39","slug":"colgante-pila-de-boton-con-piedra-natural-en-oro-o-plata","status":"publish","type":"product","link":"https:\/\/jacarandajewelry.com\/es\/producto\/colgante-pila-de-boton-con-piedra-natural-en-oro-o-plata\/","title":{"rendered":"Colgante pila de bot\u00f3n con piedra natural en oro o plata"},"content":{"rendered":"<p>El Gem Battery Pendant es un colgante peque\u00f1o, pero lleno de presencia, significado e intenci\u00f3n.<br \/>\nHecho a mano en Espa\u00f1a, est\u00e1 inspirado en la forma y tama\u00f1o de una pila de bot\u00f3n \u2014 pero en lugar de qu\u00edmicos, est\u00e1 cargado con la energ\u00eda de piedras naturales y la historia que t\u00fa decidas darle. Puedes elegir tu piedra por tu mes de nacimiento o la de alguien especial (perfecto como regalo ), o seg\u00fan la energ\u00eda que necesites en este momento.<br \/>\n\u00a1O simplemente porque es tu gema favorita!<\/p>\n<p>Cada piedra es natural, cuidadosamente seleccionada: tallada con precisi\u00f3n y engastada en oro macizo de 9k o plata de ley, seg\u00fan el modelo.<br \/>\nEl tama\u00f1o es perfecto como para destacar, pero lo bastante discreto para llevarlo cada d\u00eda.<\/p>\n<p>En esta edici\u00f3n limitada actual puedes encontrar:<\/p>\n<p>\u2022 Topacio London Blue \u2013 confianza, calma y comunicaci\u00f3n clara<br \/>\n\u2022 Granate : un tono \u00fanico de esta gema muy especial \u2013 arraigo, protecci\u00f3n y fuego interior<br \/>\n\u2022 Moissanita \u2013 brillo, motivaci\u00f3n y claridad mental<br \/>\n\u2022 Peridoto \u2013 abundancia, sanaci\u00f3n emocional y ligereza del alma<br \/>\n(Topacio Sky Blue \u2013 AGOTADO)<\/p>\n<p>Tama\u00f1o del colgante: aprox. 11 mm<\/p>\n<p>El reverso de cada colgante est\u00e1 grabado como una verdadera pila de bot\u00f3n\u2014 un detalle que aporta profundidad e intenci\u00f3n a la pieza.<\/p>\n<p>\u00bfBuscas otra piedra?<br \/>\nPuedes contactarnos para crear tu Gem Battery Pendant con la gema que m\u00e1s te guste \u2014 estaremos encantados de hacerlo personal para ti.<\/p>\n<p>Una joya que guarda m\u00e1s que belleza \u2014 guarda significado.<br \/>\nPeque\u00f1a pero poderosa. Hecha con cuidado. Una a una.<\/p>\n","protected":false},"excerpt":{"rendered":"<p>El Gem Battery Pendant es un colgante peque\u00f1o, pero lleno de presencia, significado e intenci\u00f3n.<\/p>\n","protected":false},"featured_media":6702,"comment_status":"open","ping_status":"closed","template":"","meta":[],"product_brand":[],"product_cat":[52,67],"product_tag":[],"class_list":{"0":"post-6455","1":"product","2":"type-product","3":"status-publish","4":"has-post-thumbnail","6":"product_cat-colgantes-y-conectores-es","7":"product_cat-colgantes-y-conectores-jacaranda","9":"first","10":"instock","11":"shipping-taxable","12":"purchasable","13":"product-type-variable"},"yoast_head":"<!-- This site is optimized with the Yoast SEO plugin v27.6 - https:\/\/yoast.com\/product\/yoast-seo-wordpress\/ -->\n<title>Colgante pila de bot\u00f3n con piedra natural en oro o plata - Jacaranda Jewelry<\/title>\n<meta name=\"robots\" content=\"index, follow, max-snippet:-1, max-image-preview:large, max-video-preview:-1\" \/>\n<link rel=\"canonical\" href=\"https:\/\/jacarandajewelry.com\/es\/producto\/colgante-pila-de-boton-con-piedra-natural-en-oro-o-plata\/\" \/>\n<meta property=\"og:locale\" content=\"es_ES\" \/>\n<meta property=\"og:type\" content=\"article\" \/>\n<meta property=\"og:title\" content=\"Colgante pila de bot\u00f3n con piedra natural en oro o plata - Jacaranda Jewelry\" \/>\n<meta property=\"og:description\" content=\"El Gem Battery Pendant es un colgante peque\u00f1o, pero lleno de presencia, significado e intenci\u00f3n.\" \/>\n<meta property=\"og:url\" content=\"https:\/\/jacarandajewelry.com\/es\/producto\/colgante-pila-de-boton-con-piedra-natural-en-oro-o-plata\/\" \/>\n<meta property=\"og:site_name\" content=\"Jacaranda Jewelry\" \/>\n<meta property=\"article:modified_time\" content=\"2026-02-18T11:03:39+00:00\" \/>\n<meta property=\"og:image\" content=\"https:\/\/jacarandajewelry.com\/wp-content\/uploads\/2026\/02\/il_1588xN.7665093000_fxik.jpg\" \/>\n\t<meta property=\"og:image:width\" content=\"1588\" \/>\n\t<meta property=\"og:image:height\" content=\"2490\" \/>\n\t<meta property=\"og:image:type\" content=\"image\/jpeg\" \/>\n<meta name=\"twitter:card\" content=\"summary_large_image\" \/>\n<meta name=\"twitter:label1\" content=\"Tiempo de lectura\" \/>\n\t<meta name=\"twitter:data1\" content=\"2 minutos\" \/>\n<script type=\"application\/ld+json\" class=\"yoast-schema-graph\">{\"@context\":\"https:\\\/\\\/schema.org\",\"@graph\":[{\"@type\":\"WebPage\",\"@id\":\"https:\\\/\\\/jacarandajewelry.com\\\/es\\\/producto\\\/colgante-pila-de-boton-con-piedra-natural-en-oro-o-plata\\\/\",\"url\":\"https:\\\/\\\/jacarandajewelry.com\\\/es\\\/producto\\\/colgante-pila-de-boton-con-piedra-natural-en-oro-o-plata\\\/\",\"name\":\"Colgante pila de bot\u00f3n con piedra natural en oro o plata - Jacaranda Jewelry\",\"isPartOf\":{\"@id\":\"https:\\\/\\\/jacarandajewelry.com\\\/es\\\/#website\"},\"primaryImageOfPage\":{\"@id\":\"https:\\\/\\\/jacarandajewelry.com\\\/es\\\/producto\\\/colgante-pila-de-boton-con-piedra-natural-en-oro-o-plata\\\/#primaryimage\"},\"image\":{\"@id\":\"https:\\\/\\\/jacarandajewelry.com\\\/es\\\/producto\\\/colgante-pila-de-boton-con-piedra-natural-en-oro-o-plata\\\/#primaryimage\"},\"thumbnailUrl\":\"https:\\\/\\\/jacarandajewelry.com\\\/wp-content\\\/uploads\\\/2026\\\/02\\\/il_1588xN.7665093000_fxik.jpg\",\"datePublished\":\"2026-02-04T13:44:09+00:00\",\"dateModified\":\"2026-02-18T11:03:39+00:00\",\"breadcrumb\":{\"@id\":\"https:\\\/\\\/jacarandajewelry.com\\\/es\\\/producto\\\/colgante-pila-de-boton-con-piedra-natural-en-oro-o-plata\\\/#breadcrumb\"},\"inLanguage\":\"es\",\"potentialAction\":[{\"@type\":\"ReadAction\",\"target\":[\"https:\\\/\\\/jacarandajewelry.com\\\/es\\\/producto\\\/colgante-pila-de-boton-con-piedra-natural-en-oro-o-plata\\\/\"]}]},{\"@type\":\"ImageObject\",\"inLanguage\":\"es\",\"@id\":\"https:\\\/\\\/jacarandajewelry.com\\\/es\\\/producto\\\/colgante-pila-de-boton-con-piedra-natural-en-oro-o-plata\\\/#primaryimage\",\"url\":\"https:\\\/\\\/jacarandajewelry.com\\\/wp-content\\\/uploads\\\/2026\\\/02\\\/il_1588xN.7665093000_fxik.jpg\",\"contentUrl\":\"https:\\\/\\\/jacarandajewelry.com\\\/wp-content\\\/uploads\\\/2026\\\/02\\\/il_1588xN.7665093000_fxik.jpg\",\"width\":1588,\"height\":2490},{\"@type\":\"BreadcrumbList\",\"@id\":\"https:\\\/\\\/jacarandajewelry.com\\\/es\\\/producto\\\/colgante-pila-de-boton-con-piedra-natural-en-oro-o-plata\\\/#breadcrumb\",\"itemListElement\":[{\"@type\":\"ListItem\",\"position\":1,\"name\":\"Portada\",\"item\":\"https:\\\/\\\/jacarandajewelry.com\\\/es\\\/ecommerce-creative-home-page\\\/\"},{\"@type\":\"ListItem\",\"position\":2,\"name\":\"Tienda\",\"item\":\"https:\\\/\\\/jacarandajewelry.com\\\/es\\\/tienda\\\/\"},{\"@type\":\"ListItem\",\"position\":3,\"name\":\"Colgante pila de bot\u00f3n con piedra natural en oro o plata\"}]},{\"@type\":\"WebSite\",\"@id\":\"https:\\\/\\\/jacarandajewelry.com\\\/es\\\/#website\",\"url\":\"https:\\\/\\\/jacarandajewelry.com\\\/es\\\/\",\"name\":\"Jacaranda Jewelry\",\"description\":\"Tienda online de joyer\u00eda a medida y vintage\",\"potentialAction\":[{\"@type\":\"SearchAction\",\"target\":{\"@type\":\"EntryPoint\",\"urlTemplate\":\"https:\\\/\\\/jacarandajewelry.com\\\/es\\\/?s={search_term_string}\"},\"query-input\":{\"@type\":\"PropertyValueSpecification\",\"valueRequired\":true,\"valueName\":\"search_term_string\"}}],\"inLanguage\":\"es\"}]}<\/script>\n<!-- \/ Yoast SEO plugin. -->","yoast_head_json":{"title":"Colgante pila de bot\u00f3n con piedra natural en oro o plata - Jacaranda Jewelry","robots":{"index":"index","follow":"follow","max-snippet":"max-snippet:-1","max-image-preview":"max-image-preview:large","max-video-preview":"max-video-preview:-1"},"canonical":"https:\/\/jacarandajewelry.com\/es\/producto\/colgante-pila-de-boton-con-piedra-natural-en-oro-o-plata\/","og_locale":"es_ES","og_type":"article","og_title":"Colgante pila de bot\u00f3n con piedra natural en oro o plata - Jacaranda Jewelry","og_description":"El Gem Battery Pendant es un colgante peque\u00f1o, pero lleno de presencia, significado e intenci\u00f3n.","og_url":"https:\/\/jacarandajewelry.com\/es\/producto\/colgante-pila-de-boton-con-piedra-natural-en-oro-o-plata\/","og_site_name":"Jacaranda Jewelry","article_modified_time":"2026-02-18T11:03:39+00:00","og_image":[{"width":1588,"height":2490,"url":"https:\/\/jacarandajewelry.com\/wp-content\/uploads\/2026\/02\/il_1588xN.7665093000_fxik.jpg","type":"image\/jpeg"}],"twitter_card":"summary_large_image","twitter_misc":{"Tiempo de lectura":"2 minutos"},"schema":{"@context":"https:\/\/schema.org","@graph":[{"@type":"WebPage","@id":"https:\/\/jacarandajewelry.com\/es\/producto\/colgante-pila-de-boton-con-piedra-natural-en-oro-o-plata\/","url":"https:\/\/jacarandajewelry.com\/es\/producto\/colgante-pila-de-boton-con-piedra-natural-en-oro-o-plata\/","name":"Colgante pila de bot\u00f3n con piedra natural en oro o plata - Jacaranda Jewelry","isPartOf":{"@id":"https:\/\/jacarandajewelry.com\/es\/#website"},"primaryImageOfPage":{"@id":"https:\/\/jacarandajewelry.com\/es\/producto\/colgante-pila-de-boton-con-piedra-natural-en-oro-o-plata\/#primaryimage"},"image":{"@id":"https:\/\/jacarandajewelry.com\/es\/producto\/colgante-pila-de-boton-con-piedra-natural-en-oro-o-plata\/#primaryimage"},"thumbnailUrl":"https:\/\/jacarandajewelry.com\/wp-content\/uploads\/2026\/02\/il_1588xN.7665093000_fxik.jpg","datePublished":"2026-02-04T13:44:09+00:00","dateModified":"2026-02-18T11:03:39+00:00","breadcrumb":{"@id":"https:\/\/jacarandajewelry.com\/es\/producto\/colgante-pila-de-boton-con-piedra-natural-en-oro-o-plata\/#breadcrumb"},"inLanguage":"es","potentialAction":[{"@type":"ReadAction","target":["https:\/\/jacarandajewelry.com\/es\/producto\/colgante-pila-de-boton-con-piedra-natural-en-oro-o-plata\/"]}]},{"@type":"ImageObject","inLanguage":"es","@id":"https:\/\/jacarandajewelry.com\/es\/producto\/colgante-pila-de-boton-con-piedra-natural-en-oro-o-plata\/#primaryimage","url":"https:\/\/jacarandajewelry.com\/wp-content\/uploads\/2026\/02\/il_1588xN.7665093000_fxik.jpg","contentUrl":"https:\/\/jacarandajewelry.com\/wp-content\/uploads\/2026\/02\/il_1588xN.7665093000_fxik.jpg","width":1588,"height":2490},{"@type":"BreadcrumbList","@id":"https:\/\/jacarandajewelry.com\/es\/producto\/colgante-pila-de-boton-con-piedra-natural-en-oro-o-plata\/#breadcrumb","itemListElement":[{"@type":"ListItem","position":1,"name":"Portada","item":"https:\/\/jacarandajewelry.com\/es\/ecommerce-creative-home-page\/"},{"@type":"ListItem","position":2,"name":"Tienda","item":"https:\/\/jacarandajewelry.com\/es\/tienda\/"},{"@type":"ListItem","position":3,"name":"Colgante pila de bot\u00f3n con piedra natural en oro o plata"}]},{"@type":"WebSite","@id":"https:\/\/jacarandajewelry.com\/es\/#website","url":"https:\/\/jacarandajewelry.com\/es\/","name":"Jacaranda Jewelry","description":"Tienda online de joyer\u00eda a medida y vintage","potentialAction":[{"@type":"SearchAction","target":{"@type":"EntryPoint","urlTemplate":"https:\/\/jacarandajewelry.com\/es\/?s={search_term_string}"},"query-input":{"@type":"PropertyValueSpecification","valueRequired":true,"valueName":"search_term_string"}}],"inLanguage":"es"}]}},"_links":{"self":[{"href":"https:\/\/jacarandajewelry.com\/es\/wp-json\/wp\/v2\/product\/6455","targetHints":{"allow":["GET"]}}],"collection":[{"href":"https:\/\/jacarandajewelry.com\/es\/wp-json\/wp\/v2\/product"}],"about":[{"href":"https:\/\/jacarandajewelry.com\/es\/wp-json\/wp\/v2\/types\/product"}],"replies":[{"embeddable":true,"href":"https:\/\/jacarandajewelry.com\/es\/wp-json\/wp\/v2\/comments?post=6455"}],"wp:featuredmedia":[{"embeddable":true,"href":"https:\/\/jacarandajewelry.com\/es\/wp-json\/wp\/v2\/media\/6702"}],"wp:attachment":[{"href":"https:\/\/jacarandajewelry.com\/es\/wp-json\/wp\/v2\/media?parent=6455"}],"wp:term":[{"taxonomy":"product_brand","embeddable":true,"href":"https:\/\/jacarandajewelry.com\/es\/wp-json\/wp\/v2\/product_brand?post=6455"},{"taxonomy":"product_cat","embeddable":true,"href":"https:\/\/jacarandajewelry.com\/es\/wp-json\/wp\/v2\/product_cat?post=6455"},{"taxonomy":"product_tag","embeddable":true,"href":"https:\/\/jacarandajewelry.com\/es\/wp-json\/wp\/v2\/product_tag?post=6455"}],"curies":[{"name":"wp","href":"https:\/\/api.w.org\/{rel}","templated":true}]}}