{"id":6498,"date":"2026-02-04T14:48:38","date_gmt":"2026-02-04T13:48:38","guid":{"rendered":"https:\/\/jacarandajewelry.com\/?post_type=product&#038;p=6498"},"modified":"2026-02-18T12:05:35","modified_gmt":"2026-02-18T11:05:35","slug":"collar-cuentas-naturales-multicolor","status":"publish","type":"product","link":"https:\/\/jacarandajewelry.com\/es\/producto\/collar-cuentas-naturales-multicolor\/","title":{"rendered":"Collar cuentas naturales multicolor"},"content":{"rendered":"<p>Collar enhilado a mano con cuentas naturales multicolor y cierre marinero chapado en oro. Super alegre y favorecedor para el verano.<br \/>\nEsta hecho principalmente de cuentas naturales como jade, crisoprasa, ojo de tigre, lapisl\u00e1zuli&#8230; algunas pueden ser de piedra natural te\u00f1ida y unas pocas sint\u00e9ticas.<\/p>\n<p>El collar mide 52 cm (20.4 pulgadas) de largo. Est\u00e1 enhilado a mano a la forma de los collares de perlas de un hilo azul claro para darle un toque de color. Este tipo de collar no debe mojarse, evitar ser perfume u productos fuertes, hacer deporte con \u00e9l puesto o golpearlo para evitar da\u00f1arlo.<\/p>\n<p>* Podemos personalizar estos collares por lo que si estas interesado\/a en alg\u00fan patr\u00f3n de colores o largo en concreto haznoslo saber!<\/p>\n","protected":false},"excerpt":{"rendered":"<p>Collar enhilado a mano con cuentas naturales multicolor y cierre marinero chapado en oro. Super alegre y favorecedor para el verano.<\/p>\n","protected":false},"featured_media":6501,"comment_status":"open","ping_status":"closed","template":"","meta":[],"product_brand":[],"product_cat":[60,61],"product_tag":[],"class_list":{"0":"post-6498","1":"product","2":"type-product","3":"status-publish","4":"has-post-thumbnail","6":"product_cat-collares-es","7":"product_cat-collares-jacaranda","9":"first","10":"instock","11":"shipping-taxable","12":"purchasable","13":"product-type-variable"},"yoast_head":"<!-- This site is optimized with the Yoast SEO plugin v27.3 - https:\/\/yoast.com\/product\/yoast-seo-wordpress\/ -->\n<title>Collar cuentas naturales multicolor - Jacaranda Jewelry<\/title>\n<meta name=\"robots\" content=\"index, follow, max-snippet:-1, max-image-preview:large, max-video-preview:-1\" \/>\n<link rel=\"canonical\" href=\"https:\/\/jacarandajewelry.com\/es\/producto\/collar-cuentas-naturales-multicolor\/\" \/>\n<meta property=\"og:locale\" content=\"es_ES\" \/>\n<meta property=\"og:type\" content=\"article\" \/>\n<meta property=\"og:title\" content=\"Collar cuentas naturales multicolor - Jacaranda Jewelry\" \/>\n<meta property=\"og:description\" content=\"Collar enhilado a mano con cuentas naturales multicolor y cierre marinero chapado en oro. Super alegre y favorecedor para el verano.\" \/>\n<meta property=\"og:url\" content=\"https:\/\/jacarandajewelry.com\/es\/producto\/collar-cuentas-naturales-multicolor\/\" \/>\n<meta property=\"og:site_name\" content=\"Jacaranda Jewelry\" \/>\n<meta property=\"article:modified_time\" content=\"2026-02-18T11:05:35+00:00\" \/>\n<meta property=\"og:image\" content=\"https:\/\/jacarandajewelry.com\/wp-content\/uploads\/2026\/02\/imgi_110_il_fullxfull.6226438863_ixzr.jpg\" \/>\n\t<meta property=\"og:image:width\" content=\"1600\" \/>\n\t<meta property=\"og:image:height\" content=\"2400\" \/>\n\t<meta property=\"og:image:type\" content=\"image\/jpeg\" \/>\n<meta name=\"twitter:card\" content=\"summary_large_image\" \/>\n<meta name=\"twitter:label1\" content=\"Tiempo de lectura\" \/>\n\t<meta name=\"twitter:data1\" content=\"1 minuto\" \/>\n<script type=\"application\/ld+json\" class=\"yoast-schema-graph\">{\"@context\":\"https:\\\/\\\/schema.org\",\"@graph\":[{\"@type\":\"WebPage\",\"@id\":\"https:\\\/\\\/jacarandajewelry.com\\\/es\\\/producto\\\/collar-cuentas-naturales-multicolor\\\/\",\"url\":\"https:\\\/\\\/jacarandajewelry.com\\\/es\\\/producto\\\/collar-cuentas-naturales-multicolor\\\/\",\"name\":\"Collar cuentas naturales multicolor - Jacaranda Jewelry\",\"isPartOf\":{\"@id\":\"https:\\\/\\\/jacarandajewelry.com\\\/es\\\/#website\"},\"primaryImageOfPage\":{\"@id\":\"https:\\\/\\\/jacarandajewelry.com\\\/es\\\/producto\\\/collar-cuentas-naturales-multicolor\\\/#primaryimage\"},\"image\":{\"@id\":\"https:\\\/\\\/jacarandajewelry.com\\\/es\\\/producto\\\/collar-cuentas-naturales-multicolor\\\/#primaryimage\"},\"thumbnailUrl\":\"https:\\\/\\\/jacarandajewelry.com\\\/wp-content\\\/uploads\\\/2026\\\/02\\\/imgi_110_il_fullxfull.6226438863_ixzr.jpg\",\"datePublished\":\"2026-02-04T13:48:38+00:00\",\"dateModified\":\"2026-02-18T11:05:35+00:00\",\"breadcrumb\":{\"@id\":\"https:\\\/\\\/jacarandajewelry.com\\\/es\\\/producto\\\/collar-cuentas-naturales-multicolor\\\/#breadcrumb\"},\"inLanguage\":\"es\",\"potentialAction\":[{\"@type\":\"ReadAction\",\"target\":[\"https:\\\/\\\/jacarandajewelry.com\\\/es\\\/producto\\\/collar-cuentas-naturales-multicolor\\\/\"]}]},{\"@type\":\"ImageObject\",\"inLanguage\":\"es\",\"@id\":\"https:\\\/\\\/jacarandajewelry.com\\\/es\\\/producto\\\/collar-cuentas-naturales-multicolor\\\/#primaryimage\",\"url\":\"https:\\\/\\\/jacarandajewelry.com\\\/wp-content\\\/uploads\\\/2026\\\/02\\\/imgi_110_il_fullxfull.6226438863_ixzr.jpg\",\"contentUrl\":\"https:\\\/\\\/jacarandajewelry.com\\\/wp-content\\\/uploads\\\/2026\\\/02\\\/imgi_110_il_fullxfull.6226438863_ixzr.jpg\",\"width\":1600,\"height\":2400},{\"@type\":\"BreadcrumbList\",\"@id\":\"https:\\\/\\\/jacarandajewelry.com\\\/es\\\/producto\\\/collar-cuentas-naturales-multicolor\\\/#breadcrumb\",\"itemListElement\":[{\"@type\":\"ListItem\",\"position\":1,\"name\":\"Portada\",\"item\":\"https:\\\/\\\/jacarandajewelry.com\\\/es\\\/ecommerce-creative-home-page\\\/\"},{\"@type\":\"ListItem\",\"position\":2,\"name\":\"Tienda\",\"item\":\"https:\\\/\\\/jacarandajewelry.com\\\/es\\\/tienda\\\/\"},{\"@type\":\"ListItem\",\"position\":3,\"name\":\"Collar cuentas naturales multicolor\"}]},{\"@type\":\"WebSite\",\"@id\":\"https:\\\/\\\/jacarandajewelry.com\\\/es\\\/#website\",\"url\":\"https:\\\/\\\/jacarandajewelry.com\\\/es\\\/\",\"name\":\"Jacaranda Jewelry\",\"description\":\"Tienda online de joyer\u00eda a medida y vintage\",\"potentialAction\":[{\"@type\":\"SearchAction\",\"target\":{\"@type\":\"EntryPoint\",\"urlTemplate\":\"https:\\\/\\\/jacarandajewelry.com\\\/es\\\/?s={search_term_string}\"},\"query-input\":{\"@type\":\"PropertyValueSpecification\",\"valueRequired\":true,\"valueName\":\"search_term_string\"}}],\"inLanguage\":\"es\"}]}<\/script>\n<!-- \/ Yoast SEO plugin. -->","yoast_head_json":{"title":"Collar cuentas naturales multicolor - Jacaranda Jewelry","robots":{"index":"index","follow":"follow","max-snippet":"max-snippet:-1","max-image-preview":"max-image-preview:large","max-video-preview":"max-video-preview:-1"},"canonical":"https:\/\/jacarandajewelry.com\/es\/producto\/collar-cuentas-naturales-multicolor\/","og_locale":"es_ES","og_type":"article","og_title":"Collar cuentas naturales multicolor - Jacaranda Jewelry","og_description":"Collar enhilado a mano con cuentas naturales multicolor y cierre marinero chapado en oro. Super alegre y favorecedor para el verano.","og_url":"https:\/\/jacarandajewelry.com\/es\/producto\/collar-cuentas-naturales-multicolor\/","og_site_name":"Jacaranda Jewelry","article_modified_time":"2026-02-18T11:05:35+00:00","og_image":[{"width":1600,"height":2400,"url":"https:\/\/jacarandajewelry.com\/wp-content\/uploads\/2026\/02\/imgi_110_il_fullxfull.6226438863_ixzr.jpg","type":"image\/jpeg"}],"twitter_card":"summary_large_image","twitter_misc":{"Tiempo de lectura":"1 minuto"},"schema":{"@context":"https:\/\/schema.org","@graph":[{"@type":"WebPage","@id":"https:\/\/jacarandajewelry.com\/es\/producto\/collar-cuentas-naturales-multicolor\/","url":"https:\/\/jacarandajewelry.com\/es\/producto\/collar-cuentas-naturales-multicolor\/","name":"Collar cuentas naturales multicolor - Jacaranda Jewelry","isPartOf":{"@id":"https:\/\/jacarandajewelry.com\/es\/#website"},"primaryImageOfPage":{"@id":"https:\/\/jacarandajewelry.com\/es\/producto\/collar-cuentas-naturales-multicolor\/#primaryimage"},"image":{"@id":"https:\/\/jacarandajewelry.com\/es\/producto\/collar-cuentas-naturales-multicolor\/#primaryimage"},"thumbnailUrl":"https:\/\/jacarandajewelry.com\/wp-content\/uploads\/2026\/02\/imgi_110_il_fullxfull.6226438863_ixzr.jpg","datePublished":"2026-02-04T13:48:38+00:00","dateModified":"2026-02-18T11:05:35+00:00","breadcrumb":{"@id":"https:\/\/jacarandajewelry.com\/es\/producto\/collar-cuentas-naturales-multicolor\/#breadcrumb"},"inLanguage":"es","potentialAction":[{"@type":"ReadAction","target":["https:\/\/jacarandajewelry.com\/es\/producto\/collar-cuentas-naturales-multicolor\/"]}]},{"@type":"ImageObject","inLanguage":"es","@id":"https:\/\/jacarandajewelry.com\/es\/producto\/collar-cuentas-naturales-multicolor\/#primaryimage","url":"https:\/\/jacarandajewelry.com\/wp-content\/uploads\/2026\/02\/imgi_110_il_fullxfull.6226438863_ixzr.jpg","contentUrl":"https:\/\/jacarandajewelry.com\/wp-content\/uploads\/2026\/02\/imgi_110_il_fullxfull.6226438863_ixzr.jpg","width":1600,"height":2400},{"@type":"BreadcrumbList","@id":"https:\/\/jacarandajewelry.com\/es\/producto\/collar-cuentas-naturales-multicolor\/#breadcrumb","itemListElement":[{"@type":"ListItem","position":1,"name":"Portada","item":"https:\/\/jacarandajewelry.com\/es\/ecommerce-creative-home-page\/"},{"@type":"ListItem","position":2,"name":"Tienda","item":"https:\/\/jacarandajewelry.com\/es\/tienda\/"},{"@type":"ListItem","position":3,"name":"Collar cuentas naturales multicolor"}]},{"@type":"WebSite","@id":"https:\/\/jacarandajewelry.com\/es\/#website","url":"https:\/\/jacarandajewelry.com\/es\/","name":"Jacaranda Jewelry","description":"Tienda online de joyer\u00eda a medida y vintage","potentialAction":[{"@type":"SearchAction","target":{"@type":"EntryPoint","urlTemplate":"https:\/\/jacarandajewelry.com\/es\/?s={search_term_string}"},"query-input":{"@type":"PropertyValueSpecification","valueRequired":true,"valueName":"search_term_string"}}],"inLanguage":"es"}]}},"_links":{"self":[{"href":"https:\/\/jacarandajewelry.com\/es\/wp-json\/wp\/v2\/product\/6498","targetHints":{"allow":["GET"]}}],"collection":[{"href":"https:\/\/jacarandajewelry.com\/es\/wp-json\/wp\/v2\/product"}],"about":[{"href":"https:\/\/jacarandajewelry.com\/es\/wp-json\/wp\/v2\/types\/product"}],"replies":[{"embeddable":true,"href":"https:\/\/jacarandajewelry.com\/es\/wp-json\/wp\/v2\/comments?post=6498"}],"wp:featuredmedia":[{"embeddable":true,"href":"https:\/\/jacarandajewelry.com\/es\/wp-json\/wp\/v2\/media\/6501"}],"wp:attachment":[{"href":"https:\/\/jacarandajewelry.com\/es\/wp-json\/wp\/v2\/media?parent=6498"}],"wp:term":[{"taxonomy":"product_brand","embeddable":true,"href":"https:\/\/jacarandajewelry.com\/es\/wp-json\/wp\/v2\/product_brand?post=6498"},{"taxonomy":"product_cat","embeddable":true,"href":"https:\/\/jacarandajewelry.com\/es\/wp-json\/wp\/v2\/product_cat?post=6498"},{"taxonomy":"product_tag","embeddable":true,"href":"https:\/\/jacarandajewelry.com\/es\/wp-json\/wp\/v2\/product_tag?post=6498"}],"curies":[{"name":"wp","href":"https:\/\/api.w.org\/{rel}","templated":true}]}}