{"id":6510,"date":"2026-02-04T14:51:58","date_gmt":"2026-02-04T13:51:58","guid":{"rendered":"https:\/\/jacarandajewelry.com\/?post_type=product&#038;p=6510"},"modified":"2026-02-18T12:05:50","modified_gmt":"2026-02-18T11:05:50","slug":"collar-cuentas-naturales-multicolor-arcoiris-enhilado-a-mano-con-cierre-marinero-de-plata","status":"publish","type":"product","link":"https:\/\/jacarandajewelry.com\/es\/producto\/collar-cuentas-naturales-multicolor-arcoiris-enhilado-a-mano-con-cierre-marinero-de-plata\/","title":{"rendered":"Collar cuentas naturales multicolor arco\u00edris enhilado a mano con cierre marinero de plata"},"content":{"rendered":"<p>Este precioso collar largo de cuentas es una pieza llamativa elaborada con piedras semipreciosas naturales dispuestas en un patr\u00f3n colorido y armonioso.<\/p>\n<p>El cierre, adem\u00e1s de ser bonito, es muy pr\u00e1ctico, ya que permite colgarle charms o colgantes. Collar con efecto ombr\u00e9 ideal para superponer. Joyer\u00eda boho chic.<\/p>\n<p>Est\u00e1 compuesto principalmente por piedras naturales como jade, crisoprasa, ojo de tigre, lapisl\u00e1zuli&#8230; Algunas pueden ser naturales pero te\u00f1idas, y ocasionalmente pueden ir mezcladas con sint\u00e9ticas.<\/p>\n<p>La longitud es de aproximadamente 60 cent\u00edmetros. Cada piedra ha sido cuidadosamente anudada a mano sobre un hilo blanco de nailon resistente, lo que facilita combinarlo con otros collares.<\/p>\n<p>Este tipo de collar no est\u00e1 pensado para mojarse. Se recomienda evitar el uso de perfume sobre \u00e9l, la exposici\u00f3n prolongada al sol o al calor, y actividades que puedan da\u00f1arlo. Por lo dem\u00e1s, el anudado es fuerte y est\u00e1 dise\u00f1ado para durar y disfrutarse.<\/p>\n<p>Este collar se puede personalizar completamente: longitud, color del hilo, tipo de cierre (cierre marinero, aros simples con conector&#8230;), plata, ba\u00f1o de oro, oro macizo\u2026 \u00a1Env\u00edanos un mensaje si tienes cualquier duda!<\/p>\n","protected":false},"excerpt":{"rendered":"<p>Este precioso collar largo de cuentas es una pieza llamativa elaborada con piedras semipreciosas naturales dispuestas en un patr\u00f3n colorido y armonioso.<\/p>\n","protected":false},"featured_media":6511,"comment_status":"open","ping_status":"closed","template":"","meta":[],"product_brand":[],"product_cat":[60,61],"product_tag":[],"class_list":{"0":"post-6510","1":"product","2":"type-product","3":"status-publish","4":"has-post-thumbnail","6":"product_cat-collares-es","7":"product_cat-collares-jacaranda","9":"first","10":"instock","11":"shipping-taxable","12":"purchasable","13":"product-type-simple"},"yoast_head":"<!-- This site is optimized with the Yoast SEO plugin v27.3 - https:\/\/yoast.com\/product\/yoast-seo-wordpress\/ -->\n<title>Collar cuentas naturales multicolor arco\u00edris enhilado a mano con cierre marinero de plata - Jacaranda Jewelry<\/title>\n<meta name=\"robots\" content=\"index, follow, max-snippet:-1, max-image-preview:large, max-video-preview:-1\" \/>\n<link rel=\"canonical\" href=\"https:\/\/jacarandajewelry.com\/es\/producto\/collar-cuentas-naturales-multicolor-arcoiris-enhilado-a-mano-con-cierre-marinero-de-plata\/\" \/>\n<meta property=\"og:locale\" content=\"es_ES\" \/>\n<meta property=\"og:type\" content=\"article\" \/>\n<meta property=\"og:title\" content=\"Collar cuentas naturales multicolor arco\u00edris enhilado a mano con cierre marinero de plata - Jacaranda Jewelry\" \/>\n<meta property=\"og:description\" content=\"Este precioso collar largo de cuentas es una pieza llamativa elaborada con piedras semipreciosas naturales dispuestas en un patr\u00f3n colorido y armonioso.\" \/>\n<meta property=\"og:url\" content=\"https:\/\/jacarandajewelry.com\/es\/producto\/collar-cuentas-naturales-multicolor-arcoiris-enhilado-a-mano-con-cierre-marinero-de-plata\/\" \/>\n<meta property=\"og:site_name\" content=\"Jacaranda Jewelry\" \/>\n<meta property=\"article:modified_time\" content=\"2026-02-18T11:05:50+00:00\" \/>\n<meta property=\"og:image\" content=\"https:\/\/jacarandajewelry.com\/wp-content\/uploads\/2026\/02\/imgi_166_il_fullxfull.6226568063_9rbo-scaled.jpg\" \/>\n\t<meta property=\"og:image:width\" content=\"1920\" \/>\n\t<meta property=\"og:image:height\" content=\"2560\" \/>\n\t<meta property=\"og:image:type\" content=\"image\/jpeg\" \/>\n<meta name=\"twitter:card\" content=\"summary_large_image\" \/>\n<meta name=\"twitter:label1\" content=\"Tiempo de lectura\" \/>\n\t<meta name=\"twitter:data1\" content=\"1 minuto\" \/>\n<script type=\"application\/ld+json\" class=\"yoast-schema-graph\">{\"@context\":\"https:\\\/\\\/schema.org\",\"@graph\":[{\"@type\":\"WebPage\",\"@id\":\"https:\\\/\\\/jacarandajewelry.com\\\/es\\\/producto\\\/collar-cuentas-naturales-multicolor-arcoiris-enhilado-a-mano-con-cierre-marinero-de-plata\\\/\",\"url\":\"https:\\\/\\\/jacarandajewelry.com\\\/es\\\/producto\\\/collar-cuentas-naturales-multicolor-arcoiris-enhilado-a-mano-con-cierre-marinero-de-plata\\\/\",\"name\":\"Collar cuentas naturales multicolor arco\u00edris enhilado a mano con cierre marinero de plata - Jacaranda Jewelry\",\"isPartOf\":{\"@id\":\"https:\\\/\\\/jacarandajewelry.com\\\/es\\\/#website\"},\"primaryImageOfPage\":{\"@id\":\"https:\\\/\\\/jacarandajewelry.com\\\/es\\\/producto\\\/collar-cuentas-naturales-multicolor-arcoiris-enhilado-a-mano-con-cierre-marinero-de-plata\\\/#primaryimage\"},\"image\":{\"@id\":\"https:\\\/\\\/jacarandajewelry.com\\\/es\\\/producto\\\/collar-cuentas-naturales-multicolor-arcoiris-enhilado-a-mano-con-cierre-marinero-de-plata\\\/#primaryimage\"},\"thumbnailUrl\":\"https:\\\/\\\/jacarandajewelry.com\\\/wp-content\\\/uploads\\\/2026\\\/02\\\/imgi_166_il_fullxfull.6226568063_9rbo-scaled.jpg\",\"datePublished\":\"2026-02-04T13:51:58+00:00\",\"dateModified\":\"2026-02-18T11:05:50+00:00\",\"breadcrumb\":{\"@id\":\"https:\\\/\\\/jacarandajewelry.com\\\/es\\\/producto\\\/collar-cuentas-naturales-multicolor-arcoiris-enhilado-a-mano-con-cierre-marinero-de-plata\\\/#breadcrumb\"},\"inLanguage\":\"es\",\"potentialAction\":[{\"@type\":\"ReadAction\",\"target\":[\"https:\\\/\\\/jacarandajewelry.com\\\/es\\\/producto\\\/collar-cuentas-naturales-multicolor-arcoiris-enhilado-a-mano-con-cierre-marinero-de-plata\\\/\"]}]},{\"@type\":\"ImageObject\",\"inLanguage\":\"es\",\"@id\":\"https:\\\/\\\/jacarandajewelry.com\\\/es\\\/producto\\\/collar-cuentas-naturales-multicolor-arcoiris-enhilado-a-mano-con-cierre-marinero-de-plata\\\/#primaryimage\",\"url\":\"https:\\\/\\\/jacarandajewelry.com\\\/wp-content\\\/uploads\\\/2026\\\/02\\\/imgi_166_il_fullxfull.6226568063_9rbo-scaled.jpg\",\"contentUrl\":\"https:\\\/\\\/jacarandajewelry.com\\\/wp-content\\\/uploads\\\/2026\\\/02\\\/imgi_166_il_fullxfull.6226568063_9rbo-scaled.jpg\",\"width\":1920,\"height\":2560},{\"@type\":\"BreadcrumbList\",\"@id\":\"https:\\\/\\\/jacarandajewelry.com\\\/es\\\/producto\\\/collar-cuentas-naturales-multicolor-arcoiris-enhilado-a-mano-con-cierre-marinero-de-plata\\\/#breadcrumb\",\"itemListElement\":[{\"@type\":\"ListItem\",\"position\":1,\"name\":\"Portada\",\"item\":\"https:\\\/\\\/jacarandajewelry.com\\\/es\\\/ecommerce-creative-home-page\\\/\"},{\"@type\":\"ListItem\",\"position\":2,\"name\":\"Tienda\",\"item\":\"https:\\\/\\\/jacarandajewelry.com\\\/es\\\/tienda\\\/\"},{\"@type\":\"ListItem\",\"position\":3,\"name\":\"Collar cuentas naturales multicolor arco\u00edris enhilado a mano con cierre marinero de plata\"}]},{\"@type\":\"WebSite\",\"@id\":\"https:\\\/\\\/jacarandajewelry.com\\\/es\\\/#website\",\"url\":\"https:\\\/\\\/jacarandajewelry.com\\\/es\\\/\",\"name\":\"Jacaranda Jewelry\",\"description\":\"Tienda online de joyer\u00eda a medida y vintage\",\"potentialAction\":[{\"@type\":\"SearchAction\",\"target\":{\"@type\":\"EntryPoint\",\"urlTemplate\":\"https:\\\/\\\/jacarandajewelry.com\\\/es\\\/?s={search_term_string}\"},\"query-input\":{\"@type\":\"PropertyValueSpecification\",\"valueRequired\":true,\"valueName\":\"search_term_string\"}}],\"inLanguage\":\"es\"}]}<\/script>\n<!-- \/ Yoast SEO plugin. -->","yoast_head_json":{"title":"Collar cuentas naturales multicolor arco\u00edris enhilado a mano con cierre marinero de plata - Jacaranda Jewelry","robots":{"index":"index","follow":"follow","max-snippet":"max-snippet:-1","max-image-preview":"max-image-preview:large","max-video-preview":"max-video-preview:-1"},"canonical":"https:\/\/jacarandajewelry.com\/es\/producto\/collar-cuentas-naturales-multicolor-arcoiris-enhilado-a-mano-con-cierre-marinero-de-plata\/","og_locale":"es_ES","og_type":"article","og_title":"Collar cuentas naturales multicolor arco\u00edris enhilado a mano con cierre marinero de plata - Jacaranda Jewelry","og_description":"Este precioso collar largo de cuentas es una pieza llamativa elaborada con piedras semipreciosas naturales dispuestas en un patr\u00f3n colorido y armonioso.","og_url":"https:\/\/jacarandajewelry.com\/es\/producto\/collar-cuentas-naturales-multicolor-arcoiris-enhilado-a-mano-con-cierre-marinero-de-plata\/","og_site_name":"Jacaranda Jewelry","article_modified_time":"2026-02-18T11:05:50+00:00","og_image":[{"width":1920,"height":2560,"url":"https:\/\/jacarandajewelry.com\/wp-content\/uploads\/2026\/02\/imgi_166_il_fullxfull.6226568063_9rbo-scaled.jpg","type":"image\/jpeg"}],"twitter_card":"summary_large_image","twitter_misc":{"Tiempo de lectura":"1 minuto"},"schema":{"@context":"https:\/\/schema.org","@graph":[{"@type":"WebPage","@id":"https:\/\/jacarandajewelry.com\/es\/producto\/collar-cuentas-naturales-multicolor-arcoiris-enhilado-a-mano-con-cierre-marinero-de-plata\/","url":"https:\/\/jacarandajewelry.com\/es\/producto\/collar-cuentas-naturales-multicolor-arcoiris-enhilado-a-mano-con-cierre-marinero-de-plata\/","name":"Collar cuentas naturales multicolor arco\u00edris enhilado a mano con cierre marinero de plata - Jacaranda Jewelry","isPartOf":{"@id":"https:\/\/jacarandajewelry.com\/es\/#website"},"primaryImageOfPage":{"@id":"https:\/\/jacarandajewelry.com\/es\/producto\/collar-cuentas-naturales-multicolor-arcoiris-enhilado-a-mano-con-cierre-marinero-de-plata\/#primaryimage"},"image":{"@id":"https:\/\/jacarandajewelry.com\/es\/producto\/collar-cuentas-naturales-multicolor-arcoiris-enhilado-a-mano-con-cierre-marinero-de-plata\/#primaryimage"},"thumbnailUrl":"https:\/\/jacarandajewelry.com\/wp-content\/uploads\/2026\/02\/imgi_166_il_fullxfull.6226568063_9rbo-scaled.jpg","datePublished":"2026-02-04T13:51:58+00:00","dateModified":"2026-02-18T11:05:50+00:00","breadcrumb":{"@id":"https:\/\/jacarandajewelry.com\/es\/producto\/collar-cuentas-naturales-multicolor-arcoiris-enhilado-a-mano-con-cierre-marinero-de-plata\/#breadcrumb"},"inLanguage":"es","potentialAction":[{"@type":"ReadAction","target":["https:\/\/jacarandajewelry.com\/es\/producto\/collar-cuentas-naturales-multicolor-arcoiris-enhilado-a-mano-con-cierre-marinero-de-plata\/"]}]},{"@type":"ImageObject","inLanguage":"es","@id":"https:\/\/jacarandajewelry.com\/es\/producto\/collar-cuentas-naturales-multicolor-arcoiris-enhilado-a-mano-con-cierre-marinero-de-plata\/#primaryimage","url":"https:\/\/jacarandajewelry.com\/wp-content\/uploads\/2026\/02\/imgi_166_il_fullxfull.6226568063_9rbo-scaled.jpg","contentUrl":"https:\/\/jacarandajewelry.com\/wp-content\/uploads\/2026\/02\/imgi_166_il_fullxfull.6226568063_9rbo-scaled.jpg","width":1920,"height":2560},{"@type":"BreadcrumbList","@id":"https:\/\/jacarandajewelry.com\/es\/producto\/collar-cuentas-naturales-multicolor-arcoiris-enhilado-a-mano-con-cierre-marinero-de-plata\/#breadcrumb","itemListElement":[{"@type":"ListItem","position":1,"name":"Portada","item":"https:\/\/jacarandajewelry.com\/es\/ecommerce-creative-home-page\/"},{"@type":"ListItem","position":2,"name":"Tienda","item":"https:\/\/jacarandajewelry.com\/es\/tienda\/"},{"@type":"ListItem","position":3,"name":"Collar cuentas naturales multicolor arco\u00edris enhilado a mano con cierre marinero de plata"}]},{"@type":"WebSite","@id":"https:\/\/jacarandajewelry.com\/es\/#website","url":"https:\/\/jacarandajewelry.com\/es\/","name":"Jacaranda Jewelry","description":"Tienda online de joyer\u00eda a medida y vintage","potentialAction":[{"@type":"SearchAction","target":{"@type":"EntryPoint","urlTemplate":"https:\/\/jacarandajewelry.com\/es\/?s={search_term_string}"},"query-input":{"@type":"PropertyValueSpecification","valueRequired":true,"valueName":"search_term_string"}}],"inLanguage":"es"}]}},"_links":{"self":[{"href":"https:\/\/jacarandajewelry.com\/es\/wp-json\/wp\/v2\/product\/6510","targetHints":{"allow":["GET"]}}],"collection":[{"href":"https:\/\/jacarandajewelry.com\/es\/wp-json\/wp\/v2\/product"}],"about":[{"href":"https:\/\/jacarandajewelry.com\/es\/wp-json\/wp\/v2\/types\/product"}],"replies":[{"embeddable":true,"href":"https:\/\/jacarandajewelry.com\/es\/wp-json\/wp\/v2\/comments?post=6510"}],"wp:featuredmedia":[{"embeddable":true,"href":"https:\/\/jacarandajewelry.com\/es\/wp-json\/wp\/v2\/media\/6511"}],"wp:attachment":[{"href":"https:\/\/jacarandajewelry.com\/es\/wp-json\/wp\/v2\/media?parent=6510"}],"wp:term":[{"taxonomy":"product_brand","embeddable":true,"href":"https:\/\/jacarandajewelry.com\/es\/wp-json\/wp\/v2\/product_brand?post=6510"},{"taxonomy":"product_cat","embeddable":true,"href":"https:\/\/jacarandajewelry.com\/es\/wp-json\/wp\/v2\/product_cat?post=6510"},{"taxonomy":"product_tag","embeddable":true,"href":"https:\/\/jacarandajewelry.com\/es\/wp-json\/wp\/v2\/product_tag?post=6510"}],"curies":[{"name":"wp","href":"https:\/\/api.w.org\/{rel}","templated":true}]}}