{"id":6555,"date":"2026-02-04T15:01:00","date_gmt":"2026-02-04T14:01:00","guid":{"rendered":"https:\/\/jacarandajewelry.com\/?post_type=product&#038;p=6555"},"modified":"2026-02-18T11:59:55","modified_gmt":"2026-02-18T10:59:55","slug":"anillo-espectacular-en-oro-blanco-de-18k-y-diamantes","status":"publish","type":"product","link":"https:\/\/jacarandajewelry.com\/es\/producto\/anillo-espectacular-en-oro-blanco-de-18k-y-diamantes\/","title":{"rendered":"Anillo espectacular en oro blanco de 18k y diamantes"},"content":{"rendered":"<p>Un anillo que brilla desde todos los \u00e1ngulos. Este anillo tipo pav\u00e9 est\u00e1 realizado en oro macizo de 18 quilates y engastado con unos 2 quilates de diamantes naturales, claros y brillantes, de aproximadamente 2 mm cada uno. Su dise\u00f1o ancho ofrece una cobertura espectacular y un efecto deslumbrante en el dedo. Dise\u00f1o ancho de gran cobertura. Comodidad y presencia<\/p>\n<p>Detalles:<br \/>\nOro macizo de 18 quilates<br \/>\nAprox. 2ct de diamantes naturales claros<br \/>\nDi\u00e1metro de cada diamante: ~2mm<\/p>\n<p>Una joya atemporal, pensada para brillar toda la vida. Perfecta para apilar con otros anillos o lucir en solitario como pieza protagonista.<\/p>\n","protected":false},"excerpt":{"rendered":"<p>Un anillo que brilla desde todos los \u00e1ngulos. Este anillo tipo pav\u00e9 est\u00e1 realizado en oro macizo de 18 quilates y engastado con unos 2 quilates de diamantes naturales, claros y brillantes, de aproximadamente 2 mm cada uno. Su dise\u00f1o ancho ofrece una cobertura espectacular y un efecto deslumbrante en el dedo. Dise\u00f1o ancho de gran cobertura. Comodidad y presencia<\/p>\n","protected":false},"featured_media":6560,"comment_status":"open","ping_status":"closed","template":"","meta":[],"product_brand":[],"product_cat":[54,66],"product_tag":[],"class_list":{"0":"post-6555","1":"product","2":"type-product","3":"status-publish","4":"has-post-thumbnail","6":"product_cat-anillos-es","7":"product_cat-anillos-vintage","9":"first","10":"instock","11":"shipping-taxable","12":"purchasable","13":"product-type-simple"},"yoast_head":"<!-- This site is optimized with the Yoast SEO plugin v27.3 - https:\/\/yoast.com\/product\/yoast-seo-wordpress\/ -->\n<title>Anillo espectacular en oro blanco de 18k y diamantes - Jacaranda Jewelry<\/title>\n<meta name=\"robots\" content=\"index, follow, max-snippet:-1, max-image-preview:large, max-video-preview:-1\" \/>\n<link rel=\"canonical\" href=\"https:\/\/jacarandajewelry.com\/es\/producto\/anillo-espectacular-en-oro-blanco-de-18k-y-diamantes\/\" \/>\n<meta property=\"og:locale\" content=\"es_ES\" \/>\n<meta property=\"og:type\" content=\"article\" \/>\n<meta property=\"og:title\" content=\"Anillo espectacular en oro blanco de 18k y diamantes - Jacaranda Jewelry\" \/>\n<meta property=\"og:description\" content=\"Un anillo que brilla desde todos los \u00e1ngulos. Este anillo tipo pav\u00e9 est\u00e1 realizado en oro macizo de 18 quilates y engastado con unos 2 quilates de diamantes naturales, claros y brillantes, de aproximadamente 2 mm cada uno. Su dise\u00f1o ancho ofrece una cobertura espectacular y un efecto deslumbrante en el dedo. Dise\u00f1o ancho de gran cobertura. Comodidad y presencia\" \/>\n<meta property=\"og:url\" content=\"https:\/\/jacarandajewelry.com\/es\/producto\/anillo-espectacular-en-oro-blanco-de-18k-y-diamantes\/\" \/>\n<meta property=\"og:site_name\" content=\"Jacaranda Jewelry\" \/>\n<meta property=\"article:modified_time\" content=\"2026-02-18T10:59:55+00:00\" \/>\n<meta property=\"og:image\" content=\"https:\/\/jacarandajewelry.com\/wp-content\/uploads\/2026\/02\/imgi_55_il_1588xN.7012326928_s34l-scaled.jpg\" \/>\n\t<meta property=\"og:image:width\" content=\"1433\" \/>\n\t<meta property=\"og:image:height\" content=\"2560\" \/>\n\t<meta property=\"og:image:type\" content=\"image\/jpeg\" \/>\n<meta name=\"twitter:card\" content=\"summary_large_image\" \/>\n<meta name=\"twitter:label1\" content=\"Tiempo de lectura\" \/>\n\t<meta name=\"twitter:data1\" content=\"1 minuto\" \/>\n<script type=\"application\/ld+json\" class=\"yoast-schema-graph\">{\"@context\":\"https:\\\/\\\/schema.org\",\"@graph\":[{\"@type\":\"WebPage\",\"@id\":\"https:\\\/\\\/jacarandajewelry.com\\\/es\\\/producto\\\/anillo-espectacular-en-oro-blanco-de-18k-y-diamantes\\\/\",\"url\":\"https:\\\/\\\/jacarandajewelry.com\\\/es\\\/producto\\\/anillo-espectacular-en-oro-blanco-de-18k-y-diamantes\\\/\",\"name\":\"Anillo espectacular en oro blanco de 18k y diamantes - Jacaranda Jewelry\",\"isPartOf\":{\"@id\":\"https:\\\/\\\/jacarandajewelry.com\\\/es\\\/#website\"},\"primaryImageOfPage\":{\"@id\":\"https:\\\/\\\/jacarandajewelry.com\\\/es\\\/producto\\\/anillo-espectacular-en-oro-blanco-de-18k-y-diamantes\\\/#primaryimage\"},\"image\":{\"@id\":\"https:\\\/\\\/jacarandajewelry.com\\\/es\\\/producto\\\/anillo-espectacular-en-oro-blanco-de-18k-y-diamantes\\\/#primaryimage\"},\"thumbnailUrl\":\"https:\\\/\\\/jacarandajewelry.com\\\/wp-content\\\/uploads\\\/2026\\\/02\\\/imgi_55_il_1588xN.7012326928_s34l-scaled.jpg\",\"datePublished\":\"2026-02-04T14:01:00+00:00\",\"dateModified\":\"2026-02-18T10:59:55+00:00\",\"breadcrumb\":{\"@id\":\"https:\\\/\\\/jacarandajewelry.com\\\/es\\\/producto\\\/anillo-espectacular-en-oro-blanco-de-18k-y-diamantes\\\/#breadcrumb\"},\"inLanguage\":\"es\",\"potentialAction\":[{\"@type\":\"ReadAction\",\"target\":[\"https:\\\/\\\/jacarandajewelry.com\\\/es\\\/producto\\\/anillo-espectacular-en-oro-blanco-de-18k-y-diamantes\\\/\"]}]},{\"@type\":\"ImageObject\",\"inLanguage\":\"es\",\"@id\":\"https:\\\/\\\/jacarandajewelry.com\\\/es\\\/producto\\\/anillo-espectacular-en-oro-blanco-de-18k-y-diamantes\\\/#primaryimage\",\"url\":\"https:\\\/\\\/jacarandajewelry.com\\\/wp-content\\\/uploads\\\/2026\\\/02\\\/imgi_55_il_1588xN.7012326928_s34l-scaled.jpg\",\"contentUrl\":\"https:\\\/\\\/jacarandajewelry.com\\\/wp-content\\\/uploads\\\/2026\\\/02\\\/imgi_55_il_1588xN.7012326928_s34l-scaled.jpg\",\"width\":1433,\"height\":2560},{\"@type\":\"BreadcrumbList\",\"@id\":\"https:\\\/\\\/jacarandajewelry.com\\\/es\\\/producto\\\/anillo-espectacular-en-oro-blanco-de-18k-y-diamantes\\\/#breadcrumb\",\"itemListElement\":[{\"@type\":\"ListItem\",\"position\":1,\"name\":\"Portada\",\"item\":\"https:\\\/\\\/jacarandajewelry.com\\\/es\\\/ecommerce-creative-home-page\\\/\"},{\"@type\":\"ListItem\",\"position\":2,\"name\":\"Tienda\",\"item\":\"https:\\\/\\\/jacarandajewelry.com\\\/es\\\/tienda\\\/\"},{\"@type\":\"ListItem\",\"position\":3,\"name\":\"Anillo espectacular en oro blanco de 18k y diamantes\"}]},{\"@type\":\"WebSite\",\"@id\":\"https:\\\/\\\/jacarandajewelry.com\\\/es\\\/#website\",\"url\":\"https:\\\/\\\/jacarandajewelry.com\\\/es\\\/\",\"name\":\"Jacaranda Jewelry\",\"description\":\"Tienda online de joyer\u00eda a medida y vintage\",\"potentialAction\":[{\"@type\":\"SearchAction\",\"target\":{\"@type\":\"EntryPoint\",\"urlTemplate\":\"https:\\\/\\\/jacarandajewelry.com\\\/es\\\/?s={search_term_string}\"},\"query-input\":{\"@type\":\"PropertyValueSpecification\",\"valueRequired\":true,\"valueName\":\"search_term_string\"}}],\"inLanguage\":\"es\"}]}<\/script>\n<!-- \/ Yoast SEO plugin. -->","yoast_head_json":{"title":"Anillo espectacular en oro blanco de 18k y diamantes - Jacaranda Jewelry","robots":{"index":"index","follow":"follow","max-snippet":"max-snippet:-1","max-image-preview":"max-image-preview:large","max-video-preview":"max-video-preview:-1"},"canonical":"https:\/\/jacarandajewelry.com\/es\/producto\/anillo-espectacular-en-oro-blanco-de-18k-y-diamantes\/","og_locale":"es_ES","og_type":"article","og_title":"Anillo espectacular en oro blanco de 18k y diamantes - Jacaranda Jewelry","og_description":"Un anillo que brilla desde todos los \u00e1ngulos. Este anillo tipo pav\u00e9 est\u00e1 realizado en oro macizo de 18 quilates y engastado con unos 2 quilates de diamantes naturales, claros y brillantes, de aproximadamente 2 mm cada uno. Su dise\u00f1o ancho ofrece una cobertura espectacular y un efecto deslumbrante en el dedo. Dise\u00f1o ancho de gran cobertura. Comodidad y presencia","og_url":"https:\/\/jacarandajewelry.com\/es\/producto\/anillo-espectacular-en-oro-blanco-de-18k-y-diamantes\/","og_site_name":"Jacaranda Jewelry","article_modified_time":"2026-02-18T10:59:55+00:00","og_image":[{"width":1433,"height":2560,"url":"https:\/\/jacarandajewelry.com\/wp-content\/uploads\/2026\/02\/imgi_55_il_1588xN.7012326928_s34l-scaled.jpg","type":"image\/jpeg"}],"twitter_card":"summary_large_image","twitter_misc":{"Tiempo de lectura":"1 minuto"},"schema":{"@context":"https:\/\/schema.org","@graph":[{"@type":"WebPage","@id":"https:\/\/jacarandajewelry.com\/es\/producto\/anillo-espectacular-en-oro-blanco-de-18k-y-diamantes\/","url":"https:\/\/jacarandajewelry.com\/es\/producto\/anillo-espectacular-en-oro-blanco-de-18k-y-diamantes\/","name":"Anillo espectacular en oro blanco de 18k y diamantes - Jacaranda Jewelry","isPartOf":{"@id":"https:\/\/jacarandajewelry.com\/es\/#website"},"primaryImageOfPage":{"@id":"https:\/\/jacarandajewelry.com\/es\/producto\/anillo-espectacular-en-oro-blanco-de-18k-y-diamantes\/#primaryimage"},"image":{"@id":"https:\/\/jacarandajewelry.com\/es\/producto\/anillo-espectacular-en-oro-blanco-de-18k-y-diamantes\/#primaryimage"},"thumbnailUrl":"https:\/\/jacarandajewelry.com\/wp-content\/uploads\/2026\/02\/imgi_55_il_1588xN.7012326928_s34l-scaled.jpg","datePublished":"2026-02-04T14:01:00+00:00","dateModified":"2026-02-18T10:59:55+00:00","breadcrumb":{"@id":"https:\/\/jacarandajewelry.com\/es\/producto\/anillo-espectacular-en-oro-blanco-de-18k-y-diamantes\/#breadcrumb"},"inLanguage":"es","potentialAction":[{"@type":"ReadAction","target":["https:\/\/jacarandajewelry.com\/es\/producto\/anillo-espectacular-en-oro-blanco-de-18k-y-diamantes\/"]}]},{"@type":"ImageObject","inLanguage":"es","@id":"https:\/\/jacarandajewelry.com\/es\/producto\/anillo-espectacular-en-oro-blanco-de-18k-y-diamantes\/#primaryimage","url":"https:\/\/jacarandajewelry.com\/wp-content\/uploads\/2026\/02\/imgi_55_il_1588xN.7012326928_s34l-scaled.jpg","contentUrl":"https:\/\/jacarandajewelry.com\/wp-content\/uploads\/2026\/02\/imgi_55_il_1588xN.7012326928_s34l-scaled.jpg","width":1433,"height":2560},{"@type":"BreadcrumbList","@id":"https:\/\/jacarandajewelry.com\/es\/producto\/anillo-espectacular-en-oro-blanco-de-18k-y-diamantes\/#breadcrumb","itemListElement":[{"@type":"ListItem","position":1,"name":"Portada","item":"https:\/\/jacarandajewelry.com\/es\/ecommerce-creative-home-page\/"},{"@type":"ListItem","position":2,"name":"Tienda","item":"https:\/\/jacarandajewelry.com\/es\/tienda\/"},{"@type":"ListItem","position":3,"name":"Anillo espectacular en oro blanco de 18k y diamantes"}]},{"@type":"WebSite","@id":"https:\/\/jacarandajewelry.com\/es\/#website","url":"https:\/\/jacarandajewelry.com\/es\/","name":"Jacaranda Jewelry","description":"Tienda online de joyer\u00eda a medida y vintage","potentialAction":[{"@type":"SearchAction","target":{"@type":"EntryPoint","urlTemplate":"https:\/\/jacarandajewelry.com\/es\/?s={search_term_string}"},"query-input":{"@type":"PropertyValueSpecification","valueRequired":true,"valueName":"search_term_string"}}],"inLanguage":"es"}]}},"_links":{"self":[{"href":"https:\/\/jacarandajewelry.com\/es\/wp-json\/wp\/v2\/product\/6555","targetHints":{"allow":["GET"]}}],"collection":[{"href":"https:\/\/jacarandajewelry.com\/es\/wp-json\/wp\/v2\/product"}],"about":[{"href":"https:\/\/jacarandajewelry.com\/es\/wp-json\/wp\/v2\/types\/product"}],"replies":[{"embeddable":true,"href":"https:\/\/jacarandajewelry.com\/es\/wp-json\/wp\/v2\/comments?post=6555"}],"wp:featuredmedia":[{"embeddable":true,"href":"https:\/\/jacarandajewelry.com\/es\/wp-json\/wp\/v2\/media\/6560"}],"wp:attachment":[{"href":"https:\/\/jacarandajewelry.com\/es\/wp-json\/wp\/v2\/media?parent=6555"}],"wp:term":[{"taxonomy":"product_brand","embeddable":true,"href":"https:\/\/jacarandajewelry.com\/es\/wp-json\/wp\/v2\/product_brand?post=6555"},{"taxonomy":"product_cat","embeddable":true,"href":"https:\/\/jacarandajewelry.com\/es\/wp-json\/wp\/v2\/product_cat?post=6555"},{"taxonomy":"product_tag","embeddable":true,"href":"https:\/\/jacarandajewelry.com\/es\/wp-json\/wp\/v2\/product_tag?post=6555"}],"curies":[{"name":"wp","href":"https:\/\/api.w.org\/{rel}","templated":true}]}}