{"id":6583,"date":"2026-02-04T15:08:37","date_gmt":"2026-02-04T14:08:37","guid":{"rendered":"https:\/\/jacarandajewelry.com\/?post_type=product&#038;p=6583"},"modified":"2026-02-18T12:05:30","modified_gmt":"2026-02-18T11:05:30","slug":"colgantes-italianos-de-mano-figa-hechos-en-coral-natural-y-malaquita-y-oro-de-14k","status":"publish","type":"product","link":"https:\/\/jacarandajewelry.com\/es\/producto\/colgantes-italianos-de-mano-figa-hechos-en-coral-natural-y-malaquita-y-oro-de-14k\/","title":{"rendered":"Colgantes italianos de mano \u00abfiga\u00bb hechos en coral natural y malaquita y oro de 14k"},"content":{"rendered":"<p>Un s\u00edmbolo cargado de historia y tradici\u00f3n, estos colgantes italianos de \u00abmano figa\u00bb han sido elaborados en Torre del Greco \u2014 la cuna del trabajo en coral y camafeo.<\/p>\n<p>Detalles<\/p>\n<p>Material: Oro amarillo de 14k, con opci\u00f3n de coral natural o pasta de malaquita<br \/>\nOrigen: Italia, Torre del Greco<br \/>\nSimbolismo: La mano figa se ha utilizado durante siglos como amuleto protector, asociado a la buena suerte y a la capacidad de alejar las energ\u00edas negativas.<\/p>\n<p>OPCI\u00d3N 1: Mano figa de coral con decoraci\u00f3n de dos estrellas en oro 14k \u2014 27 mm de alto con asa x 6 mm de ancho<br \/>\nOPCI\u00d3N 2: Mano figa de coral con brazalete en oro 14k y piedra azul oscuro \u2014 28 mm de alto x 8 mm de ancho<br \/>\nOPCI\u00d3N 3: Mano figa en pasta de malaquita con piedra turquesa en oro 14k \u2014 28 mm de alto x 5 mm de ancho<\/p>\n<p>Los tonos intensos del coral y el verde profundo de la malaquita crean un contraste \u00fanico con el brillo c\u00e1lido del oro. Se aprecia un estilo vintage, con apariencia de pieza de \u00e9poca y no de fabricaci\u00f3n reciente. Una pieza tanto para coleccionar como para lucir, que encierra tradici\u00f3n, historia y un toque de protecci\u00f3n.<\/p>\n<p>Ll\u00e9vala como talism\u00e1n, comb\u00ednala con otros colgantes o deja que brille por s\u00ed sola \u2014 un aut\u00e9ntico fragmento del patrimonio italiano.<\/p>\n","protected":false},"excerpt":{"rendered":"<p>Un s\u00edmbolo cargado de historia y tradici\u00f3n, estos colgantes italianos de \u00abmano figa\u00bb han sido elaborados en Torre del Greco \u2014 la cuna del trabajo en coral y camafeo.<\/p>\n","protected":false},"featured_media":6594,"comment_status":"open","ping_status":"closed","template":"","meta":[],"product_brand":[],"product_cat":[60,61],"product_tag":[],"class_list":{"0":"post-6583","1":"product","2":"type-product","3":"status-publish","4":"has-post-thumbnail","6":"product_cat-collares-es","7":"product_cat-collares-jacaranda","9":"first","10":"instock","11":"shipping-taxable","12":"purchasable","13":"product-type-variable"},"yoast_head":"<!-- This site is optimized with the Yoast SEO plugin v27.3 - https:\/\/yoast.com\/product\/yoast-seo-wordpress\/ -->\n<title>Colgantes italianos de mano &quot;figa&quot; hechos en coral natural y malaquita y oro de 14k - Jacaranda Jewelry<\/title>\n<meta name=\"robots\" content=\"index, follow, max-snippet:-1, max-image-preview:large, max-video-preview:-1\" \/>\n<link rel=\"canonical\" href=\"https:\/\/jacarandajewelry.com\/es\/producto\/colgantes-italianos-de-mano-figa-hechos-en-coral-natural-y-malaquita-y-oro-de-14k\/\" \/>\n<meta property=\"og:locale\" content=\"es_ES\" \/>\n<meta property=\"og:type\" content=\"article\" \/>\n<meta property=\"og:title\" content=\"Colgantes italianos de mano &quot;figa&quot; hechos en coral natural y malaquita y oro de 14k - Jacaranda Jewelry\" \/>\n<meta property=\"og:description\" content=\"Un s\u00edmbolo cargado de historia y tradici\u00f3n, estos colgantes italianos de &quot;mano figa&quot; han sido elaborados en Torre del Greco \u2014 la cuna del trabajo en coral y camafeo.\" \/>\n<meta property=\"og:url\" content=\"https:\/\/jacarandajewelry.com\/es\/producto\/colgantes-italianos-de-mano-figa-hechos-en-coral-natural-y-malaquita-y-oro-de-14k\/\" \/>\n<meta property=\"og:site_name\" content=\"Jacaranda Jewelry\" \/>\n<meta property=\"article:modified_time\" content=\"2026-02-18T11:05:30+00:00\" \/>\n<meta property=\"og:image\" content=\"https:\/\/jacarandajewelry.com\/wp-content\/uploads\/2026\/02\/imgi_43_il_1588xN.7242929972_nm36.jpg\" \/>\n\t<meta property=\"og:image:width\" content=\"1588\" \/>\n\t<meta property=\"og:image:height\" content=\"2117\" \/>\n\t<meta property=\"og:image:type\" content=\"image\/jpeg\" \/>\n<meta name=\"twitter:card\" content=\"summary_large_image\" \/>\n<meta name=\"twitter:label1\" content=\"Tiempo de lectura\" \/>\n\t<meta name=\"twitter:data1\" content=\"2 minutos\" \/>\n<script type=\"application\/ld+json\" class=\"yoast-schema-graph\">{\"@context\":\"https:\\\/\\\/schema.org\",\"@graph\":[{\"@type\":\"WebPage\",\"@id\":\"https:\\\/\\\/jacarandajewelry.com\\\/es\\\/producto\\\/colgantes-italianos-de-mano-figa-hechos-en-coral-natural-y-malaquita-y-oro-de-14k\\\/\",\"url\":\"https:\\\/\\\/jacarandajewelry.com\\\/es\\\/producto\\\/colgantes-italianos-de-mano-figa-hechos-en-coral-natural-y-malaquita-y-oro-de-14k\\\/\",\"name\":\"Colgantes italianos de mano \\\"figa\\\" hechos en coral natural y malaquita y oro de 14k - Jacaranda Jewelry\",\"isPartOf\":{\"@id\":\"https:\\\/\\\/jacarandajewelry.com\\\/es\\\/#website\"},\"primaryImageOfPage\":{\"@id\":\"https:\\\/\\\/jacarandajewelry.com\\\/es\\\/producto\\\/colgantes-italianos-de-mano-figa-hechos-en-coral-natural-y-malaquita-y-oro-de-14k\\\/#primaryimage\"},\"image\":{\"@id\":\"https:\\\/\\\/jacarandajewelry.com\\\/es\\\/producto\\\/colgantes-italianos-de-mano-figa-hechos-en-coral-natural-y-malaquita-y-oro-de-14k\\\/#primaryimage\"},\"thumbnailUrl\":\"https:\\\/\\\/jacarandajewelry.com\\\/wp-content\\\/uploads\\\/2026\\\/02\\\/imgi_43_il_1588xN.7242929972_nm36.jpg\",\"datePublished\":\"2026-02-04T14:08:37+00:00\",\"dateModified\":\"2026-02-18T11:05:30+00:00\",\"breadcrumb\":{\"@id\":\"https:\\\/\\\/jacarandajewelry.com\\\/es\\\/producto\\\/colgantes-italianos-de-mano-figa-hechos-en-coral-natural-y-malaquita-y-oro-de-14k\\\/#breadcrumb\"},\"inLanguage\":\"es\",\"potentialAction\":[{\"@type\":\"ReadAction\",\"target\":[\"https:\\\/\\\/jacarandajewelry.com\\\/es\\\/producto\\\/colgantes-italianos-de-mano-figa-hechos-en-coral-natural-y-malaquita-y-oro-de-14k\\\/\"]}]},{\"@type\":\"ImageObject\",\"inLanguage\":\"es\",\"@id\":\"https:\\\/\\\/jacarandajewelry.com\\\/es\\\/producto\\\/colgantes-italianos-de-mano-figa-hechos-en-coral-natural-y-malaquita-y-oro-de-14k\\\/#primaryimage\",\"url\":\"https:\\\/\\\/jacarandajewelry.com\\\/wp-content\\\/uploads\\\/2026\\\/02\\\/imgi_43_il_1588xN.7242929972_nm36.jpg\",\"contentUrl\":\"https:\\\/\\\/jacarandajewelry.com\\\/wp-content\\\/uploads\\\/2026\\\/02\\\/imgi_43_il_1588xN.7242929972_nm36.jpg\",\"width\":1588,\"height\":2117},{\"@type\":\"BreadcrumbList\",\"@id\":\"https:\\\/\\\/jacarandajewelry.com\\\/es\\\/producto\\\/colgantes-italianos-de-mano-figa-hechos-en-coral-natural-y-malaquita-y-oro-de-14k\\\/#breadcrumb\",\"itemListElement\":[{\"@type\":\"ListItem\",\"position\":1,\"name\":\"Portada\",\"item\":\"https:\\\/\\\/jacarandajewelry.com\\\/es\\\/ecommerce-creative-home-page\\\/\"},{\"@type\":\"ListItem\",\"position\":2,\"name\":\"Tienda\",\"item\":\"https:\\\/\\\/jacarandajewelry.com\\\/es\\\/tienda\\\/\"},{\"@type\":\"ListItem\",\"position\":3,\"name\":\"Colgantes italianos de mano &#8220;figa&#8221; hechos en coral natural y malaquita y oro de 14k\"}]},{\"@type\":\"WebSite\",\"@id\":\"https:\\\/\\\/jacarandajewelry.com\\\/es\\\/#website\",\"url\":\"https:\\\/\\\/jacarandajewelry.com\\\/es\\\/\",\"name\":\"Jacaranda Jewelry\",\"description\":\"Tienda online de joyer\u00eda a medida y vintage\",\"potentialAction\":[{\"@type\":\"SearchAction\",\"target\":{\"@type\":\"EntryPoint\",\"urlTemplate\":\"https:\\\/\\\/jacarandajewelry.com\\\/es\\\/?s={search_term_string}\"},\"query-input\":{\"@type\":\"PropertyValueSpecification\",\"valueRequired\":true,\"valueName\":\"search_term_string\"}}],\"inLanguage\":\"es\"}]}<\/script>\n<!-- \/ Yoast SEO plugin. -->","yoast_head_json":{"title":"Colgantes italianos de mano \"figa\" hechos en coral natural y malaquita y oro de 14k - Jacaranda Jewelry","robots":{"index":"index","follow":"follow","max-snippet":"max-snippet:-1","max-image-preview":"max-image-preview:large","max-video-preview":"max-video-preview:-1"},"canonical":"https:\/\/jacarandajewelry.com\/es\/producto\/colgantes-italianos-de-mano-figa-hechos-en-coral-natural-y-malaquita-y-oro-de-14k\/","og_locale":"es_ES","og_type":"article","og_title":"Colgantes italianos de mano \"figa\" hechos en coral natural y malaquita y oro de 14k - Jacaranda Jewelry","og_description":"Un s\u00edmbolo cargado de historia y tradici\u00f3n, estos colgantes italianos de \"mano figa\" han sido elaborados en Torre del Greco \u2014 la cuna del trabajo en coral y camafeo.","og_url":"https:\/\/jacarandajewelry.com\/es\/producto\/colgantes-italianos-de-mano-figa-hechos-en-coral-natural-y-malaquita-y-oro-de-14k\/","og_site_name":"Jacaranda Jewelry","article_modified_time":"2026-02-18T11:05:30+00:00","og_image":[{"width":1588,"height":2117,"url":"https:\/\/jacarandajewelry.com\/wp-content\/uploads\/2026\/02\/imgi_43_il_1588xN.7242929972_nm36.jpg","type":"image\/jpeg"}],"twitter_card":"summary_large_image","twitter_misc":{"Tiempo de lectura":"2 minutos"},"schema":{"@context":"https:\/\/schema.org","@graph":[{"@type":"WebPage","@id":"https:\/\/jacarandajewelry.com\/es\/producto\/colgantes-italianos-de-mano-figa-hechos-en-coral-natural-y-malaquita-y-oro-de-14k\/","url":"https:\/\/jacarandajewelry.com\/es\/producto\/colgantes-italianos-de-mano-figa-hechos-en-coral-natural-y-malaquita-y-oro-de-14k\/","name":"Colgantes italianos de mano \"figa\" hechos en coral natural y malaquita y oro de 14k - Jacaranda Jewelry","isPartOf":{"@id":"https:\/\/jacarandajewelry.com\/es\/#website"},"primaryImageOfPage":{"@id":"https:\/\/jacarandajewelry.com\/es\/producto\/colgantes-italianos-de-mano-figa-hechos-en-coral-natural-y-malaquita-y-oro-de-14k\/#primaryimage"},"image":{"@id":"https:\/\/jacarandajewelry.com\/es\/producto\/colgantes-italianos-de-mano-figa-hechos-en-coral-natural-y-malaquita-y-oro-de-14k\/#primaryimage"},"thumbnailUrl":"https:\/\/jacarandajewelry.com\/wp-content\/uploads\/2026\/02\/imgi_43_il_1588xN.7242929972_nm36.jpg","datePublished":"2026-02-04T14:08:37+00:00","dateModified":"2026-02-18T11:05:30+00:00","breadcrumb":{"@id":"https:\/\/jacarandajewelry.com\/es\/producto\/colgantes-italianos-de-mano-figa-hechos-en-coral-natural-y-malaquita-y-oro-de-14k\/#breadcrumb"},"inLanguage":"es","potentialAction":[{"@type":"ReadAction","target":["https:\/\/jacarandajewelry.com\/es\/producto\/colgantes-italianos-de-mano-figa-hechos-en-coral-natural-y-malaquita-y-oro-de-14k\/"]}]},{"@type":"ImageObject","inLanguage":"es","@id":"https:\/\/jacarandajewelry.com\/es\/producto\/colgantes-italianos-de-mano-figa-hechos-en-coral-natural-y-malaquita-y-oro-de-14k\/#primaryimage","url":"https:\/\/jacarandajewelry.com\/wp-content\/uploads\/2026\/02\/imgi_43_il_1588xN.7242929972_nm36.jpg","contentUrl":"https:\/\/jacarandajewelry.com\/wp-content\/uploads\/2026\/02\/imgi_43_il_1588xN.7242929972_nm36.jpg","width":1588,"height":2117},{"@type":"BreadcrumbList","@id":"https:\/\/jacarandajewelry.com\/es\/producto\/colgantes-italianos-de-mano-figa-hechos-en-coral-natural-y-malaquita-y-oro-de-14k\/#breadcrumb","itemListElement":[{"@type":"ListItem","position":1,"name":"Portada","item":"https:\/\/jacarandajewelry.com\/es\/ecommerce-creative-home-page\/"},{"@type":"ListItem","position":2,"name":"Tienda","item":"https:\/\/jacarandajewelry.com\/es\/tienda\/"},{"@type":"ListItem","position":3,"name":"Colgantes italianos de mano &#8220;figa&#8221; hechos en coral natural y malaquita y oro de 14k"}]},{"@type":"WebSite","@id":"https:\/\/jacarandajewelry.com\/es\/#website","url":"https:\/\/jacarandajewelry.com\/es\/","name":"Jacaranda Jewelry","description":"Tienda online de joyer\u00eda a medida y vintage","potentialAction":[{"@type":"SearchAction","target":{"@type":"EntryPoint","urlTemplate":"https:\/\/jacarandajewelry.com\/es\/?s={search_term_string}"},"query-input":{"@type":"PropertyValueSpecification","valueRequired":true,"valueName":"search_term_string"}}],"inLanguage":"es"}]}},"_links":{"self":[{"href":"https:\/\/jacarandajewelry.com\/es\/wp-json\/wp\/v2\/product\/6583","targetHints":{"allow":["GET"]}}],"collection":[{"href":"https:\/\/jacarandajewelry.com\/es\/wp-json\/wp\/v2\/product"}],"about":[{"href":"https:\/\/jacarandajewelry.com\/es\/wp-json\/wp\/v2\/types\/product"}],"replies":[{"embeddable":true,"href":"https:\/\/jacarandajewelry.com\/es\/wp-json\/wp\/v2\/comments?post=6583"}],"wp:featuredmedia":[{"embeddable":true,"href":"https:\/\/jacarandajewelry.com\/es\/wp-json\/wp\/v2\/media\/6594"}],"wp:attachment":[{"href":"https:\/\/jacarandajewelry.com\/es\/wp-json\/wp\/v2\/media?parent=6583"}],"wp:term":[{"taxonomy":"product_brand","embeddable":true,"href":"https:\/\/jacarandajewelry.com\/es\/wp-json\/wp\/v2\/product_brand?post=6583"},{"taxonomy":"product_cat","embeddable":true,"href":"https:\/\/jacarandajewelry.com\/es\/wp-json\/wp\/v2\/product_cat?post=6583"},{"taxonomy":"product_tag","embeddable":true,"href":"https:\/\/jacarandajewelry.com\/es\/wp-json\/wp\/v2\/product_tag?post=6583"}],"curies":[{"name":"wp","href":"https:\/\/api.w.org\/{rel}","templated":true}]}}