{"id":6635,"date":"2026-02-04T15:17:35","date_gmt":"2026-02-04T14:17:35","guid":{"rendered":"https:\/\/jacarandajewelry.com\/?post_type=product&#038;p=6635"},"modified":"2026-02-18T11:57:53","modified_gmt":"2026-02-18T10:57:53","slug":"collar-en-oro-de-18k-con-diamante-de-laboratorio-en-talla-oval-o-baguette","status":"publish","type":"product","link":"https:\/\/jacarandajewelry.com\/es\/producto\/collar-en-oro-de-18k-con-diamante-de-laboratorio-en-talla-oval-o-baguette\/","title":{"rendered":"Collar en oro de 18k con diamante de laboratorio en talla oval o baguette"},"content":{"rendered":"<p>Un detalle delicado para el d\u00eda a d\u00eda. Estas cadenas en oro de 18 quilates est\u00e1n adornadas con un \u00fanico diamante de laboratorio de calidad excepcional \u2014 un detalle sutil pero llamativo que aporta elegancia a cualquier look. Femenino, atemporal y dise\u00f1ado para perdurar.<\/p>\n<p>\u2728 Detalles:<br \/>\nMaterial: Oro amarillo s\u00f3lido de 18k<br \/>\nLargo: 45 cm<\/p>\n<p>Diamantes:<br \/>\n\u2022 Corte oval \u2014 0,32 ct<br \/>\n\u2022 Corte baguette \u2014 0,27 ct<\/p>\n<p>Calidad: Color DEF, pureza VS (brillo excelente, \u00e9ticamente creados en laboratorio)<br \/>\nEngaste: Garras minimalista para un acabado limpio y moderno<br \/>\nHecho a mano en Espa\u00f1a<\/p>\n<p>Un detalle precioso que combina sencillez y lujo. Ll\u00e9valo solo para un aire sofisticado y discreto, o comb\u00ednalo con otras cadenas para crear tu propio estilo de cada d\u00eda.<\/p>\n","protected":false},"excerpt":{"rendered":"<p>Un detalle delicado para el d\u00eda a d\u00eda. Estas cadenas en oro de 18 quilates est\u00e1n adornadas con un \u00fanico diamante de laboratorio de calidad excepcional \u2014 un detalle sutil pero llamativo que aporta elegancia a cualquier look. Femenino, atemporal y dise\u00f1ado para perdurar.<\/p>\n","protected":false},"featured_media":6636,"comment_status":"open","ping_status":"closed","template":"","meta":[],"product_brand":[],"product_cat":[60,61],"product_tag":[],"class_list":{"0":"post-6635","1":"product","2":"type-product","3":"status-publish","4":"has-post-thumbnail","6":"product_cat-collares-es","7":"product_cat-collares-jacaranda","9":"first","10":"instock","11":"shipping-taxable","12":"purchasable","13":"product-type-variable"},"yoast_head":"<!-- This site is optimized with the Yoast SEO plugin v27.3 - https:\/\/yoast.com\/product\/yoast-seo-wordpress\/ -->\n<title>Collar en oro de 18k con diamante de laboratorio en talla oval o baguette - Jacaranda Jewelry<\/title>\n<meta name=\"robots\" content=\"index, follow, max-snippet:-1, max-image-preview:large, max-video-preview:-1\" \/>\n<link rel=\"canonical\" href=\"https:\/\/jacarandajewelry.com\/es\/producto\/collar-en-oro-de-18k-con-diamante-de-laboratorio-en-talla-oval-o-baguette\/\" \/>\n<meta property=\"og:locale\" content=\"es_ES\" \/>\n<meta property=\"og:type\" content=\"article\" \/>\n<meta property=\"og:title\" content=\"Collar en oro de 18k con diamante de laboratorio en talla oval o baguette - Jacaranda Jewelry\" \/>\n<meta property=\"og:description\" content=\"Un detalle delicado para el d\u00eda a d\u00eda. Estas cadenas en oro de 18 quilates est\u00e1n adornadas con un \u00fanico diamante de laboratorio de calidad excepcional \u2014 un detalle sutil pero llamativo que aporta elegancia a cualquier look. Femenino, atemporal y dise\u00f1ado para perdurar.\" \/>\n<meta property=\"og:url\" content=\"https:\/\/jacarandajewelry.com\/es\/producto\/collar-en-oro-de-18k-con-diamante-de-laboratorio-en-talla-oval-o-baguette\/\" \/>\n<meta property=\"og:site_name\" content=\"Jacaranda Jewelry\" \/>\n<meta property=\"article:modified_time\" content=\"2026-02-18T10:57:53+00:00\" \/>\n<meta property=\"og:image\" content=\"https:\/\/jacarandajewelry.com\/wp-content\/uploads\/2026\/02\/imgi_44_il_1588xN.7314362137_9yuc-scaled.jpg\" \/>\n\t<meta property=\"og:image:width\" content=\"1433\" \/>\n\t<meta property=\"og:image:height\" content=\"2560\" \/>\n\t<meta property=\"og:image:type\" content=\"image\/jpeg\" \/>\n<meta name=\"twitter:card\" content=\"summary_large_image\" \/>\n<meta name=\"twitter:label1\" content=\"Tiempo de lectura\" \/>\n\t<meta name=\"twitter:data1\" content=\"1 minuto\" \/>\n<script type=\"application\/ld+json\" class=\"yoast-schema-graph\">{\"@context\":\"https:\\\/\\\/schema.org\",\"@graph\":[{\"@type\":\"WebPage\",\"@id\":\"https:\\\/\\\/jacarandajewelry.com\\\/es\\\/producto\\\/collar-en-oro-de-18k-con-diamante-de-laboratorio-en-talla-oval-o-baguette\\\/\",\"url\":\"https:\\\/\\\/jacarandajewelry.com\\\/es\\\/producto\\\/collar-en-oro-de-18k-con-diamante-de-laboratorio-en-talla-oval-o-baguette\\\/\",\"name\":\"Collar en oro de 18k con diamante de laboratorio en talla oval o baguette - Jacaranda Jewelry\",\"isPartOf\":{\"@id\":\"https:\\\/\\\/jacarandajewelry.com\\\/es\\\/#website\"},\"primaryImageOfPage\":{\"@id\":\"https:\\\/\\\/jacarandajewelry.com\\\/es\\\/producto\\\/collar-en-oro-de-18k-con-diamante-de-laboratorio-en-talla-oval-o-baguette\\\/#primaryimage\"},\"image\":{\"@id\":\"https:\\\/\\\/jacarandajewelry.com\\\/es\\\/producto\\\/collar-en-oro-de-18k-con-diamante-de-laboratorio-en-talla-oval-o-baguette\\\/#primaryimage\"},\"thumbnailUrl\":\"https:\\\/\\\/jacarandajewelry.com\\\/wp-content\\\/uploads\\\/2026\\\/02\\\/imgi_44_il_1588xN.7314362137_9yuc-scaled.jpg\",\"datePublished\":\"2026-02-04T14:17:35+00:00\",\"dateModified\":\"2026-02-18T10:57:53+00:00\",\"breadcrumb\":{\"@id\":\"https:\\\/\\\/jacarandajewelry.com\\\/es\\\/producto\\\/collar-en-oro-de-18k-con-diamante-de-laboratorio-en-talla-oval-o-baguette\\\/#breadcrumb\"},\"inLanguage\":\"es\",\"potentialAction\":[{\"@type\":\"ReadAction\",\"target\":[\"https:\\\/\\\/jacarandajewelry.com\\\/es\\\/producto\\\/collar-en-oro-de-18k-con-diamante-de-laboratorio-en-talla-oval-o-baguette\\\/\"]}]},{\"@type\":\"ImageObject\",\"inLanguage\":\"es\",\"@id\":\"https:\\\/\\\/jacarandajewelry.com\\\/es\\\/producto\\\/collar-en-oro-de-18k-con-diamante-de-laboratorio-en-talla-oval-o-baguette\\\/#primaryimage\",\"url\":\"https:\\\/\\\/jacarandajewelry.com\\\/wp-content\\\/uploads\\\/2026\\\/02\\\/imgi_44_il_1588xN.7314362137_9yuc-scaled.jpg\",\"contentUrl\":\"https:\\\/\\\/jacarandajewelry.com\\\/wp-content\\\/uploads\\\/2026\\\/02\\\/imgi_44_il_1588xN.7314362137_9yuc-scaled.jpg\",\"width\":1433,\"height\":2560},{\"@type\":\"BreadcrumbList\",\"@id\":\"https:\\\/\\\/jacarandajewelry.com\\\/es\\\/producto\\\/collar-en-oro-de-18k-con-diamante-de-laboratorio-en-talla-oval-o-baguette\\\/#breadcrumb\",\"itemListElement\":[{\"@type\":\"ListItem\",\"position\":1,\"name\":\"Portada\",\"item\":\"https:\\\/\\\/jacarandajewelry.com\\\/es\\\/ecommerce-creative-home-page\\\/\"},{\"@type\":\"ListItem\",\"position\":2,\"name\":\"Tienda\",\"item\":\"https:\\\/\\\/jacarandajewelry.com\\\/es\\\/tienda\\\/\"},{\"@type\":\"ListItem\",\"position\":3,\"name\":\"Collar en oro de 18k con diamante de laboratorio en talla oval o baguette\"}]},{\"@type\":\"WebSite\",\"@id\":\"https:\\\/\\\/jacarandajewelry.com\\\/es\\\/#website\",\"url\":\"https:\\\/\\\/jacarandajewelry.com\\\/es\\\/\",\"name\":\"Jacaranda Jewelry\",\"description\":\"Tienda online de joyer\u00eda a medida y vintage\",\"potentialAction\":[{\"@type\":\"SearchAction\",\"target\":{\"@type\":\"EntryPoint\",\"urlTemplate\":\"https:\\\/\\\/jacarandajewelry.com\\\/es\\\/?s={search_term_string}\"},\"query-input\":{\"@type\":\"PropertyValueSpecification\",\"valueRequired\":true,\"valueName\":\"search_term_string\"}}],\"inLanguage\":\"es\"}]}<\/script>\n<!-- \/ Yoast SEO plugin. -->","yoast_head_json":{"title":"Collar en oro de 18k con diamante de laboratorio en talla oval o baguette - Jacaranda Jewelry","robots":{"index":"index","follow":"follow","max-snippet":"max-snippet:-1","max-image-preview":"max-image-preview:large","max-video-preview":"max-video-preview:-1"},"canonical":"https:\/\/jacarandajewelry.com\/es\/producto\/collar-en-oro-de-18k-con-diamante-de-laboratorio-en-talla-oval-o-baguette\/","og_locale":"es_ES","og_type":"article","og_title":"Collar en oro de 18k con diamante de laboratorio en talla oval o baguette - Jacaranda Jewelry","og_description":"Un detalle delicado para el d\u00eda a d\u00eda. Estas cadenas en oro de 18 quilates est\u00e1n adornadas con un \u00fanico diamante de laboratorio de calidad excepcional \u2014 un detalle sutil pero llamativo que aporta elegancia a cualquier look. Femenino, atemporal y dise\u00f1ado para perdurar.","og_url":"https:\/\/jacarandajewelry.com\/es\/producto\/collar-en-oro-de-18k-con-diamante-de-laboratorio-en-talla-oval-o-baguette\/","og_site_name":"Jacaranda Jewelry","article_modified_time":"2026-02-18T10:57:53+00:00","og_image":[{"width":1433,"height":2560,"url":"https:\/\/jacarandajewelry.com\/wp-content\/uploads\/2026\/02\/imgi_44_il_1588xN.7314362137_9yuc-scaled.jpg","type":"image\/jpeg"}],"twitter_card":"summary_large_image","twitter_misc":{"Tiempo de lectura":"1 minuto"},"schema":{"@context":"https:\/\/schema.org","@graph":[{"@type":"WebPage","@id":"https:\/\/jacarandajewelry.com\/es\/producto\/collar-en-oro-de-18k-con-diamante-de-laboratorio-en-talla-oval-o-baguette\/","url":"https:\/\/jacarandajewelry.com\/es\/producto\/collar-en-oro-de-18k-con-diamante-de-laboratorio-en-talla-oval-o-baguette\/","name":"Collar en oro de 18k con diamante de laboratorio en talla oval o baguette - Jacaranda Jewelry","isPartOf":{"@id":"https:\/\/jacarandajewelry.com\/es\/#website"},"primaryImageOfPage":{"@id":"https:\/\/jacarandajewelry.com\/es\/producto\/collar-en-oro-de-18k-con-diamante-de-laboratorio-en-talla-oval-o-baguette\/#primaryimage"},"image":{"@id":"https:\/\/jacarandajewelry.com\/es\/producto\/collar-en-oro-de-18k-con-diamante-de-laboratorio-en-talla-oval-o-baguette\/#primaryimage"},"thumbnailUrl":"https:\/\/jacarandajewelry.com\/wp-content\/uploads\/2026\/02\/imgi_44_il_1588xN.7314362137_9yuc-scaled.jpg","datePublished":"2026-02-04T14:17:35+00:00","dateModified":"2026-02-18T10:57:53+00:00","breadcrumb":{"@id":"https:\/\/jacarandajewelry.com\/es\/producto\/collar-en-oro-de-18k-con-diamante-de-laboratorio-en-talla-oval-o-baguette\/#breadcrumb"},"inLanguage":"es","potentialAction":[{"@type":"ReadAction","target":["https:\/\/jacarandajewelry.com\/es\/producto\/collar-en-oro-de-18k-con-diamante-de-laboratorio-en-talla-oval-o-baguette\/"]}]},{"@type":"ImageObject","inLanguage":"es","@id":"https:\/\/jacarandajewelry.com\/es\/producto\/collar-en-oro-de-18k-con-diamante-de-laboratorio-en-talla-oval-o-baguette\/#primaryimage","url":"https:\/\/jacarandajewelry.com\/wp-content\/uploads\/2026\/02\/imgi_44_il_1588xN.7314362137_9yuc-scaled.jpg","contentUrl":"https:\/\/jacarandajewelry.com\/wp-content\/uploads\/2026\/02\/imgi_44_il_1588xN.7314362137_9yuc-scaled.jpg","width":1433,"height":2560},{"@type":"BreadcrumbList","@id":"https:\/\/jacarandajewelry.com\/es\/producto\/collar-en-oro-de-18k-con-diamante-de-laboratorio-en-talla-oval-o-baguette\/#breadcrumb","itemListElement":[{"@type":"ListItem","position":1,"name":"Portada","item":"https:\/\/jacarandajewelry.com\/es\/ecommerce-creative-home-page\/"},{"@type":"ListItem","position":2,"name":"Tienda","item":"https:\/\/jacarandajewelry.com\/es\/tienda\/"},{"@type":"ListItem","position":3,"name":"Collar en oro de 18k con diamante de laboratorio en talla oval o baguette"}]},{"@type":"WebSite","@id":"https:\/\/jacarandajewelry.com\/es\/#website","url":"https:\/\/jacarandajewelry.com\/es\/","name":"Jacaranda Jewelry","description":"Tienda online de joyer\u00eda a medida y vintage","potentialAction":[{"@type":"SearchAction","target":{"@type":"EntryPoint","urlTemplate":"https:\/\/jacarandajewelry.com\/es\/?s={search_term_string}"},"query-input":{"@type":"PropertyValueSpecification","valueRequired":true,"valueName":"search_term_string"}}],"inLanguage":"es"}]}},"_links":{"self":[{"href":"https:\/\/jacarandajewelry.com\/es\/wp-json\/wp\/v2\/product\/6635","targetHints":{"allow":["GET"]}}],"collection":[{"href":"https:\/\/jacarandajewelry.com\/es\/wp-json\/wp\/v2\/product"}],"about":[{"href":"https:\/\/jacarandajewelry.com\/es\/wp-json\/wp\/v2\/types\/product"}],"replies":[{"embeddable":true,"href":"https:\/\/jacarandajewelry.com\/es\/wp-json\/wp\/v2\/comments?post=6635"}],"wp:featuredmedia":[{"embeddable":true,"href":"https:\/\/jacarandajewelry.com\/es\/wp-json\/wp\/v2\/media\/6636"}],"wp:attachment":[{"href":"https:\/\/jacarandajewelry.com\/es\/wp-json\/wp\/v2\/media?parent=6635"}],"wp:term":[{"taxonomy":"product_brand","embeddable":true,"href":"https:\/\/jacarandajewelry.com\/es\/wp-json\/wp\/v2\/product_brand?post=6635"},{"taxonomy":"product_cat","embeddable":true,"href":"https:\/\/jacarandajewelry.com\/es\/wp-json\/wp\/v2\/product_cat?post=6635"},{"taxonomy":"product_tag","embeddable":true,"href":"https:\/\/jacarandajewelry.com\/es\/wp-json\/wp\/v2\/product_tag?post=6635"}],"curies":[{"name":"wp","href":"https:\/\/api.w.org\/{rel}","templated":true}]}}