{"id":8339,"date":"2024-07-02T12:04:23","date_gmt":"2024-07-02T10:04:23","guid":{"rendered":"https:\/\/jacarandajewelry.com\/producto\/anillos-rectangulares-planos-en-oro-y-plata-con-la-gema-de-tu-eleccion\/"},"modified":"2024-07-02T12:04:23","modified_gmt":"2024-07-02T10:04:23","slug":"anillos-rectangulares-planos-en-oro-y-plata-con-la-gema-de-tu-eleccion","status":"publish","type":"product","link":"https:\/\/jacarandajewelry.com\/es\/producto\/anillos-rectangulares-planos-en-oro-y-plata-con-la-gema-de-tu-eleccion\/","title":{"rendered":"Anillos rectangulares planos en oro y plata con la gema de tu elecci\u00f3n."},"content":{"rendered":"<p>Preciosos anillos geom\u00e9tricos, completamente macizos, elaborados con gemas naturales.<\/p>\n<p>Pueden encargarse en oro de 9 quilates, oro de 18 quilates, plata y plata con ba\u00f1o de oro. Llevan engastadas cinco piedras de talla cuadrada\/carr\u00e9 de primera calidad. Si deseas una gema espec\u00edfica que no hayamos enumerado, por favor ponte en contacto con nosotros.  <\/p>\n<p>Lucen absolutamente impresionantes tanto combinados como por s\u00ed solos. La parte superior tiene un ancho de 4.3 mm y aproximadamente 18.5 mm de largo. <\/p>\n<p>Por favor, env\u00edanos un mensaje si tienes alguna pregunta.<\/p>\n<p>&nbsp;<\/p>\n","protected":false},"excerpt":{"rendered":"<p>Preciosos anillos geom\u00e9tricos, completamente macizos, elaborados con gemas naturales.<\/p>\n<p>Pueden encargarse en oro de 9 quilates, oro de 18 quilates, plata y plata con ba\u00f1o de oro. Cuentan con cinco gemas de talla cuadrada\/carr\u00e9 de primera calidad. Si deseas una piedra preciosa espec\u00edfica que no hayamos enumerado, por favor ponte en contacto con nosotros. Medidas a continuaci\u00f3n:   <\/p>\n","protected":false},"featured_media":3880,"comment_status":"open","ping_status":"closed","template":"","meta":[],"product_brand":[],"product_cat":[54,56],"product_tag":[],"class_list":{"0":"post-8339","1":"product","2":"type-product","3":"status-publish","4":"has-post-thumbnail","6":"product_cat-anillos-es","7":"product_cat-anillos-jacaranda","9":"first","10":"instock","11":"shipping-taxable","12":"purchasable","13":"product-type-variable"},"yoast_head":"<!-- This site is optimized with the Yoast SEO plugin v27.4 - https:\/\/yoast.com\/product\/yoast-seo-wordpress\/ -->\n<title>Anillos rectangulares planos en oro y plata con la gema de tu elecci\u00f3n. - Jacaranda Jewelry<\/title>\n<meta name=\"robots\" content=\"index, follow, max-snippet:-1, max-image-preview:large, max-video-preview:-1\" \/>\n<link rel=\"canonical\" href=\"https:\/\/jacarandajewelry.com\/es\/producto\/anillos-rectangulares-planos-en-oro-y-plata-con-la-gema-de-tu-eleccion\/\" \/>\n<meta property=\"og:locale\" content=\"es_ES\" \/>\n<meta property=\"og:type\" content=\"article\" \/>\n<meta property=\"og:title\" content=\"Anillos rectangulares planos en oro y plata con la gema de tu elecci\u00f3n. - Jacaranda Jewelry\" \/>\n<meta property=\"og:description\" content=\"Preciosos anillos geom\u00e9tricos, completamente macizos, elaborados con gemas naturales. Pueden encargarse en oro de 9 quilates, oro de 18 quilates, plata y plata con ba\u00f1o de oro. Cuentan con cinco gemas de talla cuadrada\/carr\u00e9 de primera calidad. Si deseas una piedra preciosa espec\u00edfica que no hayamos enumerado, por favor ponte en contacto con nosotros. Medidas a continuaci\u00f3n:\" \/>\n<meta property=\"og:url\" content=\"https:\/\/jacarandajewelry.com\/es\/producto\/anillos-rectangulares-planos-en-oro-y-plata-con-la-gema-de-tu-eleccion\/\" \/>\n<meta property=\"og:site_name\" content=\"Jacaranda Jewelry\" \/>\n<meta property=\"og:image\" content=\"https:\/\/jacarandajewelry.com\/wp-content\/uploads\/2024\/07\/il_1140xN.5871782714_b458-e1728836645631.webp\" \/>\n\t<meta property=\"og:image:width\" content=\"1136\" \/>\n\t<meta property=\"og:image:height\" content=\"1598\" \/>\n\t<meta property=\"og:image:type\" content=\"image\/webp\" \/>\n<meta name=\"twitter:card\" content=\"summary_large_image\" \/>\n<script type=\"application\/ld+json\" class=\"yoast-schema-graph\">{\"@context\":\"https:\\\/\\\/schema.org\",\"@graph\":[{\"@type\":\"WebPage\",\"@id\":\"https:\\\/\\\/jacarandajewelry.com\\\/es\\\/producto\\\/anillos-rectangulares-planos-en-oro-y-plata-con-la-gema-de-tu-eleccion\\\/\",\"url\":\"https:\\\/\\\/jacarandajewelry.com\\\/es\\\/producto\\\/anillos-rectangulares-planos-en-oro-y-plata-con-la-gema-de-tu-eleccion\\\/\",\"name\":\"Anillos rectangulares planos en oro y plata con la gema de tu elecci\u00f3n. - Jacaranda Jewelry\",\"isPartOf\":{\"@id\":\"https:\\\/\\\/jacarandajewelry.com\\\/es\\\/#website\"},\"primaryImageOfPage\":{\"@id\":\"https:\\\/\\\/jacarandajewelry.com\\\/es\\\/producto\\\/anillos-rectangulares-planos-en-oro-y-plata-con-la-gema-de-tu-eleccion\\\/#primaryimage\"},\"image\":{\"@id\":\"https:\\\/\\\/jacarandajewelry.com\\\/es\\\/producto\\\/anillos-rectangulares-planos-en-oro-y-plata-con-la-gema-de-tu-eleccion\\\/#primaryimage\"},\"thumbnailUrl\":\"https:\\\/\\\/jacarandajewelry.com\\\/wp-content\\\/uploads\\\/2024\\\/07\\\/il_1140xN.5871782714_b458-e1728836645631.webp\",\"datePublished\":\"2024-07-02T10:04:23+00:00\",\"breadcrumb\":{\"@id\":\"https:\\\/\\\/jacarandajewelry.com\\\/es\\\/producto\\\/anillos-rectangulares-planos-en-oro-y-plata-con-la-gema-de-tu-eleccion\\\/#breadcrumb\"},\"inLanguage\":\"es\",\"potentialAction\":[{\"@type\":\"ReadAction\",\"target\":[\"https:\\\/\\\/jacarandajewelry.com\\\/es\\\/producto\\\/anillos-rectangulares-planos-en-oro-y-plata-con-la-gema-de-tu-eleccion\\\/\"]}]},{\"@type\":\"ImageObject\",\"inLanguage\":\"es\",\"@id\":\"https:\\\/\\\/jacarandajewelry.com\\\/es\\\/producto\\\/anillos-rectangulares-planos-en-oro-y-plata-con-la-gema-de-tu-eleccion\\\/#primaryimage\",\"url\":\"https:\\\/\\\/jacarandajewelry.com\\\/wp-content\\\/uploads\\\/2024\\\/07\\\/il_1140xN.5871782714_b458-e1728836645631.webp\",\"contentUrl\":\"https:\\\/\\\/jacarandajewelry.com\\\/wp-content\\\/uploads\\\/2024\\\/07\\\/il_1140xN.5871782714_b458-e1728836645631.webp\",\"width\":1136,\"height\":1598},{\"@type\":\"BreadcrumbList\",\"@id\":\"https:\\\/\\\/jacarandajewelry.com\\\/es\\\/producto\\\/anillos-rectangulares-planos-en-oro-y-plata-con-la-gema-de-tu-eleccion\\\/#breadcrumb\",\"itemListElement\":[{\"@type\":\"ListItem\",\"position\":1,\"name\":\"Portada\",\"item\":\"https:\\\/\\\/jacarandajewelry.com\\\/es\\\/ecommerce-creative-home-page\\\/\"},{\"@type\":\"ListItem\",\"position\":2,\"name\":\"Tienda\",\"item\":\"https:\\\/\\\/jacarandajewelry.com\\\/es\\\/tienda\\\/\"},{\"@type\":\"ListItem\",\"position\":3,\"name\":\"Anillos rectangulares planos en oro y plata con la gema de tu elecci\u00f3n.\"}]},{\"@type\":\"WebSite\",\"@id\":\"https:\\\/\\\/jacarandajewelry.com\\\/es\\\/#website\",\"url\":\"https:\\\/\\\/jacarandajewelry.com\\\/es\\\/\",\"name\":\"Jacaranda Jewelry\",\"description\":\"Tienda online de joyer\u00eda a medida y vintage\",\"potentialAction\":[{\"@type\":\"SearchAction\",\"target\":{\"@type\":\"EntryPoint\",\"urlTemplate\":\"https:\\\/\\\/jacarandajewelry.com\\\/es\\\/?s={search_term_string}\"},\"query-input\":{\"@type\":\"PropertyValueSpecification\",\"valueRequired\":true,\"valueName\":\"search_term_string\"}}],\"inLanguage\":\"es\"}]}<\/script>\n<!-- \/ Yoast SEO plugin. -->","yoast_head_json":{"title":"Anillos rectangulares planos en oro y plata con la gema de tu elecci\u00f3n. - Jacaranda Jewelry","robots":{"index":"index","follow":"follow","max-snippet":"max-snippet:-1","max-image-preview":"max-image-preview:large","max-video-preview":"max-video-preview:-1"},"canonical":"https:\/\/jacarandajewelry.com\/es\/producto\/anillos-rectangulares-planos-en-oro-y-plata-con-la-gema-de-tu-eleccion\/","og_locale":"es_ES","og_type":"article","og_title":"Anillos rectangulares planos en oro y plata con la gema de tu elecci\u00f3n. - Jacaranda Jewelry","og_description":"Preciosos anillos geom\u00e9tricos, completamente macizos, elaborados con gemas naturales. Pueden encargarse en oro de 9 quilates, oro de 18 quilates, plata y plata con ba\u00f1o de oro. Cuentan con cinco gemas de talla cuadrada\/carr\u00e9 de primera calidad. Si deseas una piedra preciosa espec\u00edfica que no hayamos enumerado, por favor ponte en contacto con nosotros. Medidas a continuaci\u00f3n:","og_url":"https:\/\/jacarandajewelry.com\/es\/producto\/anillos-rectangulares-planos-en-oro-y-plata-con-la-gema-de-tu-eleccion\/","og_site_name":"Jacaranda Jewelry","og_image":[{"width":1136,"height":1598,"url":"https:\/\/jacarandajewelry.com\/wp-content\/uploads\/2024\/07\/il_1140xN.5871782714_b458-e1728836645631.webp","type":"image\/webp"}],"twitter_card":"summary_large_image","schema":{"@context":"https:\/\/schema.org","@graph":[{"@type":"WebPage","@id":"https:\/\/jacarandajewelry.com\/es\/producto\/anillos-rectangulares-planos-en-oro-y-plata-con-la-gema-de-tu-eleccion\/","url":"https:\/\/jacarandajewelry.com\/es\/producto\/anillos-rectangulares-planos-en-oro-y-plata-con-la-gema-de-tu-eleccion\/","name":"Anillos rectangulares planos en oro y plata con la gema de tu elecci\u00f3n. - Jacaranda Jewelry","isPartOf":{"@id":"https:\/\/jacarandajewelry.com\/es\/#website"},"primaryImageOfPage":{"@id":"https:\/\/jacarandajewelry.com\/es\/producto\/anillos-rectangulares-planos-en-oro-y-plata-con-la-gema-de-tu-eleccion\/#primaryimage"},"image":{"@id":"https:\/\/jacarandajewelry.com\/es\/producto\/anillos-rectangulares-planos-en-oro-y-plata-con-la-gema-de-tu-eleccion\/#primaryimage"},"thumbnailUrl":"https:\/\/jacarandajewelry.com\/wp-content\/uploads\/2024\/07\/il_1140xN.5871782714_b458-e1728836645631.webp","datePublished":"2024-07-02T10:04:23+00:00","breadcrumb":{"@id":"https:\/\/jacarandajewelry.com\/es\/producto\/anillos-rectangulares-planos-en-oro-y-plata-con-la-gema-de-tu-eleccion\/#breadcrumb"},"inLanguage":"es","potentialAction":[{"@type":"ReadAction","target":["https:\/\/jacarandajewelry.com\/es\/producto\/anillos-rectangulares-planos-en-oro-y-plata-con-la-gema-de-tu-eleccion\/"]}]},{"@type":"ImageObject","inLanguage":"es","@id":"https:\/\/jacarandajewelry.com\/es\/producto\/anillos-rectangulares-planos-en-oro-y-plata-con-la-gema-de-tu-eleccion\/#primaryimage","url":"https:\/\/jacarandajewelry.com\/wp-content\/uploads\/2024\/07\/il_1140xN.5871782714_b458-e1728836645631.webp","contentUrl":"https:\/\/jacarandajewelry.com\/wp-content\/uploads\/2024\/07\/il_1140xN.5871782714_b458-e1728836645631.webp","width":1136,"height":1598},{"@type":"BreadcrumbList","@id":"https:\/\/jacarandajewelry.com\/es\/producto\/anillos-rectangulares-planos-en-oro-y-plata-con-la-gema-de-tu-eleccion\/#breadcrumb","itemListElement":[{"@type":"ListItem","position":1,"name":"Portada","item":"https:\/\/jacarandajewelry.com\/es\/ecommerce-creative-home-page\/"},{"@type":"ListItem","position":2,"name":"Tienda","item":"https:\/\/jacarandajewelry.com\/es\/tienda\/"},{"@type":"ListItem","position":3,"name":"Anillos rectangulares planos en oro y plata con la gema de tu elecci\u00f3n."}]},{"@type":"WebSite","@id":"https:\/\/jacarandajewelry.com\/es\/#website","url":"https:\/\/jacarandajewelry.com\/es\/","name":"Jacaranda Jewelry","description":"Tienda online de joyer\u00eda a medida y vintage","potentialAction":[{"@type":"SearchAction","target":{"@type":"EntryPoint","urlTemplate":"https:\/\/jacarandajewelry.com\/es\/?s={search_term_string}"},"query-input":{"@type":"PropertyValueSpecification","valueRequired":true,"valueName":"search_term_string"}}],"inLanguage":"es"}]}},"_links":{"self":[{"href":"https:\/\/jacarandajewelry.com\/es\/wp-json\/wp\/v2\/product\/8339","targetHints":{"allow":["GET"]}}],"collection":[{"href":"https:\/\/jacarandajewelry.com\/es\/wp-json\/wp\/v2\/product"}],"about":[{"href":"https:\/\/jacarandajewelry.com\/es\/wp-json\/wp\/v2\/types\/product"}],"replies":[{"embeddable":true,"href":"https:\/\/jacarandajewelry.com\/es\/wp-json\/wp\/v2\/comments?post=8339"}],"wp:featuredmedia":[{"embeddable":true,"href":"https:\/\/jacarandajewelry.com\/es\/wp-json\/wp\/v2\/media\/3880"}],"wp:attachment":[{"href":"https:\/\/jacarandajewelry.com\/es\/wp-json\/wp\/v2\/media?parent=8339"}],"wp:term":[{"taxonomy":"product_brand","embeddable":true,"href":"https:\/\/jacarandajewelry.com\/es\/wp-json\/wp\/v2\/product_brand?post=8339"},{"taxonomy":"product_cat","embeddable":true,"href":"https:\/\/jacarandajewelry.com\/es\/wp-json\/wp\/v2\/product_cat?post=8339"},{"taxonomy":"product_tag","embeddable":true,"href":"https:\/\/jacarandajewelry.com\/es\/wp-json\/wp\/v2\/product_tag?post=8339"}],"curies":[{"name":"wp","href":"https:\/\/api.w.org\/{rel}","templated":true}]}}